{"id":225,"date":"2014-02-09T08:50:51","date_gmt":"2014-02-09T08:50:51","guid":{"rendered":"http:\/\/centralbaku.com\/imm\/?page_id=225"},"modified":"2023-02-07T12:01:14","modified_gmt":"2023-02-07T08:01:14","slug":"hesablama-riyaziyyati-v%c9%99-informatika-sob%c9%99si","status":"publish","type":"page","link":"https:\/\/www.imm.az\/exp\/sob%c9%99l%c9%99r\/hesablama-riyaziyyati-v%c9%99-informatika-sob%c9%99si\/","title":{"rendered":"Hesablama riyaziyyati v\u0259 informatika \u015f\u00f6b\u0259si"},"content":{"rendered":"<p><img loading=\"lazy\" decoding=\"async\" class=\"alignleft size-full wp-image-3865\" src=\"https:\/\/www.imm.az\/exp\/wp-content\/uploads\/2014\/02\/Hesablama_riyaziyyati_ve_in.jpg\" alt=\"Hesablama_riyaziyyati_ve_in\" width=\"600\" height=\"400\" srcset=\"https:\/\/www.imm.az\/exp\/wp-content\/uploads\/2014\/02\/Hesablama_riyaziyyati_ve_in.jpg 600w, https:\/\/www.imm.az\/exp\/wp-content\/uploads\/2014\/02\/Hesablama_riyaziyyati_ve_in-300x200.jpg 300w\" sizes=\"(max-width: 600px) 100vw, 600px\" \/><\/p>\n<table style=\"border: none;\" border=\"0\" width=\"100%\" cellspacing=\"0\" cellpadding=\"0\">\n<tbody>\n<tr>\n<td valign=\"top\" width=\"193\"><strong>Struktur b\u00f6lm\u0259nin r\u0259hb\u0259ri:<\/strong><\/td>\n<td>Na\u011f\u0131yev H\u0259s\u0259n \u018fli o\u011flu<\/td>\n<\/tr>\n<tr>\n<td valign=\"top\"><\/td>\n<td>texnika elml\u0259ri namiz\u0259di, dosent<\/td>\n<\/tr>\n<tr>\n<td valign=\"top\"><strong>Tel:<\/strong><\/td>\n<td>(012) 539-50-97<\/td>\n<\/tr>\n<tr>\n<td valign=\"top\"><strong>E-mail:<\/strong><\/td>\n<td><a href=\"mailto:hasannagiev@gmail.com\">\u00a0hasannagiev@gmail.com<\/a><\/td>\n<\/tr>\n<tr>\n<td valign=\"top\"><strong>I\u015f\u00e7il\u0259rin \u00fcmumi say\u0131:<\/strong><\/td>\n<td>13<\/td>\n<\/tr>\n<tr>\n<td valign=\"top\"><\/td>\n<td><\/td>\n<\/tr>\n<tr>\n<td valign=\"top\"><strong>Struktur b\u00f6lm\u0259nin \u0259sas f\u0259aliyy\u0259t istiqam\u0259tl\u0259ri:<\/strong><\/td>\n<td style=\"text-align: justify;\">Riyazi modell\u0259\u015fdirm\u0259 v\u0259 idar\u0259etm\u0259: Kimy\u0259vi kinetika prinsipl\u0259ri \u0259sas\u0131nda riyazi modell\u0259\u015fdirilm\u0259, toplanm\u0131\u015f v\u0259 paylanm\u0131\u015f parametrli sisteml\u0259r. Qeyri-x\u0259tti dinamika v\u0259 computer simulyasiyas\u0131 il\u0259 keyfiyy\u0259t t\u0259hlili, \u00e7oxsayl\u0131 stasionar v\u0259ziyy\u0259tl\u0259r\u0259 malik sisteml\u0259rin faza d\u0259yi\u015f\u0259nl\u0259rinin geni\u015f oblast\u0131nda idar\u0259 edilm\u0259si.<br \/>\nQeyri qolonom mexanika: Variatorlu idar\u0259 olunan qeyri-qolonom sisteml\u0259rin riyazi modell\u0259\u015fdirilm\u0259si v\u0259 triboloji kriteri \u0259sas\u0131nda optimal idar\u0259 olunmas\u0131.<br \/>\nQeyri-stasionar siqnal m\u0259nb\u0259l\u0259rinin statistik t\u0259hlili: P\u0259nc\u0259r\u0259 funksiyal\u0131 inteqral \u00e7evrilm\u0259l\u0259ri \u0259sas\u0131nda obrazlar\u0131n tan\u0131nmas\u0131, veyvlet-analiz \u0259sas\u0131nda diaqnostika.<br \/>\nModell\u0259\u015fdirm\u0259d\u0259 fraktallar konsepsiyas\u0131: Xaotik d\u00fcz\u00fcl\u00fc\u015fl\u00fc m\u00fchitl\u0259rd\u0259 fraktal ekvivalentl\u0259r sintezi probleml\u0259ri, modell\u0259\u015fdirm\u0259y\u0259 t\u0259tbiqi.Polinomial h\u0259ll\u0259 malik sonlu f\u0259rq t\u0259nlikl\u0259ri: Kvant ossilyatoru v\u0259 spin z\u0259ncirl\u0259rinin d\u0259qiq h\u0259ll olunan modell\u0259ri, kubit informasiyan\u0131n ideal \u00f6t\u00fcr\u00fclm\u0259si modell\u0259ri.<\/td>\n<\/tr>\n<tr>\n<td valign=\"top\"><\/td>\n<td><\/td>\n<\/tr>\n<tr>\n<td valign=\"top\"><strong>Struktur b\u00f6lm\u0259nin \u0259sas elmi n\u0259tic\u0259l\u0259ri:<\/strong><\/td>\n<td style=\"text-align: justify;\">Riyazi modell\u0259\u015fdirm\u0259 v\u0259 idar\u0259etm\u0259: Neftin krekinqi prosesi reaktor-regenerator sisteml\u0259rinin \u00fc\u00e7 s\u0259rb\u0259stlik d\u0259r\u0259c\u0259sin\u0259 malik kinetik modeli qurulmu\u015f, parametrik identifikasiya edilmi\u015f, faza f\u0259zas\u0131nda komp\u00fcter hesablama eksperimenti \u0259sas\u0131nda topoloji t\u0259hlili h\u0259yata ke\u00e7irilmi\u015fdir. Bu n\u0259ic\u0259l\u0259r \u0259sas\u0131nda \u201cinsan-ma\u015f\u0131n sisteml\u0259ri\u201d prinsipi \u00fczr\u0259 faza d\u0259yi\u015f\u0259nl\u0259rinin geni\u015f diapazonunda vizual idar\u0259etm\u0259 alqoritml\u0259ri yarad\u0131lm\u0131\u015fd\u0131r.<br \/>\nQeyri qolonom mexanika: Idar\u0259 olunan friksion \u00f6t\u00fcrm\u0259li sisteml\u0259rin qeyri qolonomluq g\u0259tir\u0259n amill\u0259ri t\u0259hlil edilmi\u015f, komp\u00fcter simulyasiya imkanlar\u0131na istinad ed\u0259n model yarad\u0131lm\u0131\u015f v\u0259 dinamik h\u0259y\u0259canland\u0131r\u0131c\u0131 t\u0259sirl\u0259r \u015f\u0259raitind\u0259 i\u015f\u00e7i xarakteristikalar\u0131 s\u0131naqdan \u00e7\u0131xar\u0131lm\u0131\u015fd\u0131r.<br \/>\nQeyri-stasionar siqnal m\u0259nb\u0259l\u0259rinin statistik t\u0259hlili: Siqnal m\u0259nb\u0259l\u0259rin\u0259 xas olan qeyri-stasionarl\u0131q vaxt\u0131 v\u0259 kafi statistik d\u0259lill\u0259r h\u0259cmi dilemmas\u0131n\u0131 \u00f6z\u00fcnd\u0259 da\u015f\u0131yan model yarad\u0131lm\u0131\u015fd\u0131r. T\u0259sad\u00fcfi ard\u0131c\u0131ll\u0131qlar\u0131n realizasiyalar\u0131 \u0259sas\u0131nda siqnal m\u0259nb\u0259l\u0131rinin tan\u0131nmas\u0131 v\u0259 parametrik dreyfin a\u015fkar edilm\u0259si \u00f6z h\u0259llini tapa bilmi\u015fir.<br \/>\nModell\u0259\u015fdirm\u0259d\u0259 fraktallar konsepsiyas\u0131: M\u0259sam\u0259li material (b\u0259rk katalizator) v\u0259 dig\u0259r \u015fax\u0259l\u0259nmi\u015f v\u0259 xaotik kanallar sistemi il\u0259 xarakteriz\u0259 olunan b\u0259rk madd\u0259 m\u00fchitinin riyazi yaz\u0131l\u0131\u015f\u0131 \u00fc\u00e7\u00fcn t\u0259klif edilmi\u015f Dendrit fraktal\u0131 \u0259sas\u0131nda mator yaqacaqlar\u0131n\u0131n hidrot\u0259mizl\u0259nm\u0259 prosesinin t\u0259kmill\u0259\u015fdirilmi\u015f riyazi modeli i\u015fl\u0259nmi\u015fdir.<\/td>\n<\/tr>\n<\/tbody>\n<\/table>\n<ul>\n<li><strong><a href=\"https:\/\/www.imm.az\/exp\/n%C9%99srl%C9%99r-2021\/\">N\u0259\u015frl\u0259r &#8211; 2021<\/a><\/strong><\/li>\n<li><strong><a href=\"https:\/\/www.imm.az\/exp\/n%c9%99srl%c9%99r-2020\/\">N\u0259\u015frl\u0259r &#8211; 2020<\/a><\/strong><\/li>\n<li><strong><a href=\"https:\/\/www.imm.az\/exp\/n%C9%99srl%C9%99r-2019\/\">N\u0259\u015frl\u0259r &#8211; 2019<\/a><\/strong><\/li>\n<li><strong><a href=\"https:\/\/www.imm.az\/exp\/n%C9%99srl%C9%99r-2018\/\">N\u0259\u015frl\u0259r &#8211; 2018<\/a><\/strong><\/li>\n<li><a href=\"\/exp\/?page_id=15700\"><strong>N\u0259\u015frl\u0259r \u2013 2017<\/strong><\/a><\/li>\n<li><a href=\"\/exp\/?page_id=9642\"><strong>N\u0259\u015frl\u0259r \u2013 2016<\/strong><\/a><\/li>\n<li><a href=\"\/exp\/?page_id=4830\"><strong>N\u0259\u015frl\u0259r \u2013 2015<\/strong><\/a><\/li>\n<li><a href=\"\/exp\/?page_id=4420\"><strong>N\u0259\u015frl\u0259r \u2013 2014<\/strong><\/a><\/li>\n<\/ul>\n","protected":false},"excerpt":{"rendered":"<p>Struktur b\u00f6lm\u0259nin r\u0259hb\u0259ri: Na\u011f\u0131yev H\u0259s\u0259n \u018fli o\u011flu texnika elml\u0259ri namiz\u0259di, dosent Tel: (012) 539-50-97 E-mail: \u00a0hasannagiev@gmail.com I\u015f\u00e7il\u0259rin \u00fcmumi say\u0131: 13 Struktur b\u00f6lm\u0259nin \u0259sas f\u0259aliyy\u0259t istiqam\u0259tl\u0259ri: Riyazi modell\u0259\u015fdirm\u0259 v\u0259 idar\u0259etm\u0259: Kimy\u0259vi kinetika prinsipl\u0259ri \u0259sas\u0131nda riyazi modell\u0259\u015fdirilm\u0259, toplanm\u0131\u015f v\u0259 paylanm\u0131\u015f parametrli sisteml\u0259r. Qeyri-x\u0259tti dinamika v\u0259 computer simulyasiyas\u0131 il\u0259 keyfiyy\u0259t t\u0259hlili, \u00e7oxsayl\u0131 stasionar v\u0259ziyy\u0259tl\u0259r\u0259 malik sisteml\u0259rin faza d\u0259yi\u015f\u0259nl\u0259rinin [&hellip;]<\/p>\n","protected":false},"author":6,"featured_media":0,"parent":203,"menu_order":0,"comment_status":"open","ping_status":"open","template":"","meta":{"footnotes":""},"_links":{"self":[{"href":"https:\/\/www.imm.az\/exp\/wp-json\/wp\/v2\/pages\/225"}],"collection":[{"href":"https:\/\/www.imm.az\/exp\/wp-json\/wp\/v2\/pages"}],"about":[{"href":"https:\/\/www.imm.az\/exp\/wp-json\/wp\/v2\/types\/page"}],"author":[{"embeddable":true,"href":"https:\/\/www.imm.az\/exp\/wp-json\/wp\/v2\/users\/6"}],"replies":[{"embeddable":true,"href":"https:\/\/www.imm.az\/exp\/wp-json\/wp\/v2\/comments?post=225"}],"version-history":[{"count":5,"href":"https:\/\/www.imm.az\/exp\/wp-json\/wp\/v2\/pages\/225\/revisions"}],"predecessor-version":[{"id":43057,"href":"https:\/\/www.imm.az\/exp\/wp-json\/wp\/v2\/pages\/225\/revisions\/43057"}],"up":[{"embeddable":true,"href":"https:\/\/www.imm.az\/exp\/wp-json\/wp\/v2\/pages\/203"}],"wp:attachment":[{"href":"https:\/\/www.imm.az\/exp\/wp-json\/wp\/v2\/media?parent=225"}],"curies":[{"name":"wp","href":"https:\/\/api.w.org\/{rel}","templated":true}]}}