{"id":229,"date":"2014-02-09T08:51:42","date_gmt":"2014-02-09T08:51:42","guid":{"rendered":"http:\/\/centralbaku.com\/imm\/?page_id=229"},"modified":"2023-04-26T14:28:51","modified_gmt":"2023-04-26T10:28:51","slug":"t%c9%99tbiqi-riyaziyyat-sob%c9%99si","status":"publish","type":"page","link":"https:\/\/www.imm.az\/exp\/sob%c9%99l%c9%99r\/t%c9%99tbiqi-riyaziyyat-sob%c9%99si\/","title":{"rendered":"T\u0259tbiqi Riyaziyyat \u015f\u00f6b\u0259si"},"content":{"rendered":"<p><img loading=\"lazy\" decoding=\"async\" class=\"alignleft size-full wp-image-3874\" src=\"https:\/\/www.imm.az\/exp\/wp-content\/uploads\/2014\/02\/Tetbiqi_riyaziyyat.jpg\" alt=\"Tetbiqi_riyaziyyat\" width=\"600\" height=\"400\" srcset=\"https:\/\/www.imm.az\/exp\/wp-content\/uploads\/2014\/02\/Tetbiqi_riyaziyyat.jpg 600w, https:\/\/www.imm.az\/exp\/wp-content\/uploads\/2014\/02\/Tetbiqi_riyaziyyat-300x200.jpg 300w\" sizes=\"(max-width: 600px) 100vw, 600px\" \/><\/p>\n<table style=\"border: none; height: 3346px; max-width: 100%;\" border=\"0\" cellspacing=\"0\" cellpadding=\"0\">\n<tbody>\n<tr>\n<td valign=\"top\" width=\"193\"><strong>Struktur b\u00f6lm\u0259nin r\u0259hb\u0259ri:<\/strong><\/td>\n<td>Elxan M\u0259cid oqlu Abbasov<br \/>\nmexanika elml\u0259ri doktoru<\/td>\n<\/tr>\n<tr>\n<td valign=\"top\"><\/td>\n<td><\/td>\n<\/tr>\n<tr>\n<td valign=\"top\"><strong>Tel.:<\/strong><\/td>\n<td>(012) 502-25-63<\/td>\n<\/tr>\n<tr>\n<td valign=\"top\"><strong>E-mail:<\/strong><\/td>\n<td>aelhan@mail.ru<\/td>\n<\/tr>\n<tr>\n<td valign=\"top\"><strong>\u0130\u015f\u00e7il\u0259rin \u00fcmumi sayi:<\/strong><\/td>\n<td>7<\/td>\n<\/tr>\n<tr>\n<td valign=\"top\"><\/td>\n<td><\/td>\n<\/tr>\n<tr>\n<td valign=\"top\"><strong>Struktur b\u00f6lm\u0259nin \u0259sas f\u0259aliyy\u0259t istiqam\u0259tl\u0259ri:<\/strong><\/td>\n<td style=\"text-align: justify; word-wrap: break-word;\">Qaz\u0131n, mayenin, maye-qaz qar\u0131\u015f\u0131\u011f\u0131n\u0131n lay-quyu sistemind\u0259 h\u0259r\u0259k\u0259tinin modell\u0259\u015fdirilm\u0259si. Lay-quyu sistemind\u0259 mayenin, qaz\u0131n divar\u0131 m\u0259sam\u0259li boru k\u0259m\u0259rind\u0259 h\u0259r\u0259k\u0259t dinamikas\u0131. Maye-qum qar\u0131\u015f\u0131\u011f\u0131n\u0131n borularda h\u0259r\u0259k\u0259t dinamikas\u0131.<br \/>\nQeyri-bircins konstruksiya elementl\u0259rinin deformasiyas\u0131, dayan\u0131ql\u0131\u011f\u0131 v\u0259 kompozit materiallar\u0131n t\u0259tbiqi m\u0259s\u0259l\u0259l\u0259ri. Material\u0131n\u0131n fiziki-mexanika x\u00fcsusiyy\u0259tl\u0259rinin d\u0259yi\u015fm\u0259sini n\u0259z\u0259r\u0259 alaraq elastik t\u0259b\u0259q\u0259 il\u0259 m\u00f6hk\u0259ml\u0259ndirilmi\u015f layl\u0131 polimer borunun dinamikas\u0131.<\/td>\n<\/tr>\n<tr>\n<td valign=\"top\"><\/td>\n<td><\/td>\n<\/tr>\n<tr>\n<td valign=\"top\"><strong>Struktur b\u00f6lm\u0259nin \u0259sas elmi n\u0259tic\u0259l\u0259ri:<\/strong><\/td>\n<td>\n<p style=\"text-align: justify;\">Boru k\u0259m\u0259rinin ist\u0259nil\u0259n en k\u0259siyind\u0259 t\u0259zyiqin dinamikas\u0131n\u0131 v\u0259 mayenin ax\u0131n s\u00fcr\u0259tini t\u0259yin etm\u0259y\u0259 imkan ver\u0259n analitik ifad\u0259l\u0259r al\u0131n\u0131r, s\u0259rh\u0259d m\u0259s\u0259l\u0259si h\u0259ll edilir ki, bu da b\u00f6y\u00fck praktiki \u0259h\u0259miyy\u0259t k\u0259sb edir.Qaz\u0131n lay-quyu sistemind\u0259 qeyri-stasionar h\u0259r\u0259k\u0259t prosesinin qaz\u0131n boruda ax\u0131n seli il\u0259 \u0259traf m\u00fchit aras\u0131ndak\u0131 istilik m\u00fcbadil\u0259si n\u0259z\u0259r\u0259 al\u0131naraq modeli qurulmu\u015f v\u0259 s\u0259rh\u0259d m\u0259s\u0259l\u0259l\u0259ri h\u0259ll edilmi\u015f, birinci yax\u0131nla\u015fmada qaz\u0131n reoloji x\u00fcsusiyy\u0259tl\u0259rinin temperaturdan as\u0131l\u0131 olaraq d\u0259yi\u015fm\u0259sinin onun h\u0259r\u0259k\u0259t dinamikas\u0131na t\u0259siri \u00f6yr\u0259nilmi\u015fdir v\u0259 sistemin parametrl\u0259rind\u0259n as\u0131l\u0131 olaraq qaz\u0131n boruda t\u0259zyiq sah\u0259sini t\u0259yin ed\u0259n analitik ifad\u0259l\u0259r al\u0131nm\u0131\u015fd\u0131r.<\/p>\n<p style=\"text-align: justify;\">Polimer borularda qatlar\u0131n fiziki-kimy\u0259vi x\u00fcsusiyy\u0259tl\u0259rinin d\u0259yi\u015film\u0259sini n\u0259z\u0259r\u0259 alaraq deformasiya v\u0259 kontakt g\u0259rginlikl\u0259r t\u0259yin edilmi\u015fdir. Al\u0131nan n\u0259tic\u0259l\u0259r aqressiv m\u00fchitd\u0259 i\u015fl\u0259dil\u0259n borular\u0131n dayan\u0131ql\u0131 i\u015fl\u0259m\u0259si \u00fc\u00e7\u00fcn parametrl\u0259rin t\u0259yin edilm\u0259sin\u0259 imkan ver\u0259c\u0259kdir.<\/p>\n<\/td>\n<\/tr>\n<tr>\n<td><\/td>\n<td><\/td>\n<\/tr>\n<tr>\n<td valign=\"top\"><strong>Probleml\u0259r\u0259 uy\u011fun \u00e7apdan \u00e7\u0131xm\u0131\u015f \u0259s\u0259rl\u0259r:<\/strong><\/td>\n<td>\n<ul>\n<li><a href=\"\/exp\/?page_id=15700\"><strong>N\u0259\u015frl\u0259r \u2013 2017<\/strong><\/a><\/li>\n<li><a href=\"\/exp\/?page_id=9642\"><strong>N\u0259\u015frl\u0259r \u2013 2016<\/strong><\/a><\/li>\n<li><a href=\"\/exp\/?page_id=4830\"><strong>N\u0259\u015frl\u0259r \u2013 2015<\/strong><\/a><\/li>\n<li><a href=\"\/exp\/?page_id=4420\"><strong>N\u0259\u015frl\u0259r \u2013 2014<\/strong><\/a><\/li>\n<\/ul>\n<ol>\n<li>Elkhan M. Abbasov, Kaklik O. Rustamova, Aynur O. Darishova Contact Pressure between the Outside Surface of the Sealer and Cylinder Wall \/\/ Journal of Applied Mathematics and Physics, Vol.8 No.2, February 2020 pp. 349-366 DOI: 10.4236\/jamp.2020.82027 <strong>h-index = 20<\/strong> (data October 2020, based on the Google Scholar Citations)<\/li>\n<li>E. M. Abbasov, N. A. Agaeva, and S. A. Imamaliev Modeling of Hydrodynamics of Liquid Motion in Complex Profile Pipeline \/\/ Journal of Engineering Thermophysics, Vol. 29, No. 3, 2020,pp 105-115 (Web of Science) Impact factor (2020)<strong> 1.402; Q2<\/strong><\/li>\n<li>\u0410\u0431\u0431\u0430\u0441\u043e\u0432 \u042d.\u041c., \u041a\u0435\u043d\u0433\u0435\u0440\u043b\u0438 \u0422.\u0421., \u0410\u0431\u0434\u0443\u043b\u043b\u0430\u0435\u0432\u0430 \u041d.\u0420. \u041c\u043e\u0434\u0435\u043b\u0438\u0440\u043e\u0432\u0430\u043d\u0438\u0435 \u0444\u0438\u043b\u044c\u0442\u0440\u0430\u0446\u0438\u0438 \u0433\u0430\u0437\u043e\u0436\u0438\u0434\u043a\u043e\u0441\u0442\u043d\u043e\u0439 \u0441\u043c\u0435\u0441\u0438 \u0432 \u0441\u043e\u043f\u0440\u044f\u0436\u0435\u043d\u043d\u043e\u0439 \u0441\u0438\u0441\u0442\u0435\u043c\u0435 \u043f\u043b\u0430\u0441\u0442-\u0441\u043a\u0432\u0430\u0436\u0438\u043d\u0430 \/\/ \u0418\u043d\u0436\u0435\u043d\u0435\u0440\u043d\u043e-\u0444\u0438\u0437\u0438\u0447\u0435\u0441\u043a\u0438\u0439 \u0436\u0443\u0440\u043d\u0430\u043b (\u0418\u0424\u0416), 2020, \u0422\u043e\u043c 93, \u2116 5.c\u0442\u0440.1010-1019 (Web of Science), <strong>Q1<\/strong><\/li>\n<li>E. M. Abbasov, N. A. Agaeva Mathematical modeling fluid dynamics inReservoir-flowline production system \/\/ The 7 th International Conference on Control and Optimization with Industrial Applications, 26-28 August,2020 \u0410\u0437\u0435\u0440\u0431\u0430\u0439\u0434\u0436\u0430\u043d, \u0433\u043e\u0440\u043e\u0434 \u0411\u0430\u043a\u0443.(Web of Science)<\/li>\n<li>\u0410\u0431\u0431\u0430\u0441\u043e\u0432 \u042d.\u041c. A\u0433\u0430\u0435\u0432\u0430 \u041d.\u0410. \u041c\u043e\u0434\u0435\u043b\u0438\u0440\u043e\u0432\u0430\u043d\u0438\u0435 \u043f\u0440\u043e\u0446\u0435\u0441\u0441\u0430 \u0442\u0435\u0447\u0435\u043d\u0438\u044f \u0436\u0438\u0434\u043a\u043e\u0441\u0442\u0438 \u0432 \u0441\u0438\u0441\u0442\u0435\u043c\u0435 \u043f\u043b\u0430\u0441\u0442 \u2013 \u0442\u0440\u0443\u0431\u043e\u043f\u0440\u043e\u0432\u043e\u0434 \/\/ \u041d\u0430\u0446\u0438\u043e\u043d\u0430\u043b\u044c\u043d\u0430\u044f \u0410\u043a\u0430\u0434\u0435\u043c\u0438\u044f \u041d\u0430\u0443\u043a \u0411\u0435\u043b\u0430\u0440\u0443\u0441\u0438 \u0418\u043d\u0441\u0442\u0438\u0442\u0443\u0442 \u0422\u0435\u043f\u043b\u043e \u0438 \u041c\u0430\u0441\u0441\u043e\u043e\u0431\u043c\u0435\u043d\u0430 \u0438\u043c. \u0410.\u0412.\u041b\u044b\u043a\u043e\u0432\u0430 \u0418\u043d\u0436\u0435\u043d\u0435\u0440\u043d\u043e-\u0424\u0438\u0437\u0438\u0447\u0435\u0441\u043a\u0438\u0439 \u0416\u0443\u0440\u043d\u0430\u043b (\u0418\u0424\u0416) 2021. \u0422\u041e\u041c 94, \u2116 3 (\u043c\u0430\u0439\u2013\u0438\u044e\u043d\u044c), c.578-590(Thomson Reuters). Q1<\/li>\n<li>Abbasov E. M. Agayeva N.A. Hydrodynamics of Instant Emptying of High-Pressure Liquid from Pipeline. \/\/ ISSN 1810-2328, Journal of Engineering Thermophysics 2021 Vol. 30, No. 3, pp. 515\u2013525. (Thomson Reuters). (Web of Science) Impact factor (2020) 1.402; Q2<\/li>\n<li>Elkhan M. Abbasov, Kaklik O. Rustamova, Aynur O. Darishova \u0130nfluence of viscous-elastic properties of a cylindrical sealing element on its sealing ability\/\/ Journal of theoretical and applied mechanics 59, 3, pp. 481-492, Warsaw 2021\u00a0 (Web of Science) Impact factor (2020) 0.927; Q3<\/li>\n<li>\u0410.\u0410.\u0410\u0431\u0431\u0430\u0441\u043e\u0432,\u042d.\u041c.\u0410\u0431\u0431\u0430\u0441\u043e\u0432,\u0428.\u0417.\u0418\u0441\u043c\u0430\u0439\u043b\u043e\u0432, \u0410.\u0410.\u0421\u0443\u043b\u0435\u0439\u043c\u0430\u043d\u043e\u0432 \u201c\u041e\u0446\u0435\u043d\u043a\u0430 \u044d\u0444\u0444\u0435\u043a\u0442\u0438\u0432\u043d\u043e\u0441\u0442\u0438 \u043f\u0440\u043e\u0446\u0435\u0441\u0441\u0430 \u0437\u0430\u0432\u043e\u0434\u043d\u0435\u043d\u0438\u044f \u043d\u0435\u0444\u0442\u044f\u043d\u044b\u0445 \u043f\u043b\u0430\u0441\u0442\u043e\u0432 \u043d\u0430 \u043e\u0441\u043d\u043e\u0432\u0435 \u0435\u043c\u043a\u043e\u0441\u0442\u043d\u043e-\u0440\u0435\u0437\u0438\u0441\u0442\u0438\u0432\u043d\u043e\u0439 \u043c\u043e\u0434\u0435\u043b\u0438 \u0441 \u043d\u0435\u043b\u0438\u043d\u0435\u0439\u043d\u044b\u043c \u043a\u043e\u044d\u0444\u0444\u0438\u0446\u0438\u0435\u043d\u0442\u043e\u043c \u043f\u0440\u043e\u0434\u0443\u043a\u0442\u0438\u0432\u043d\u043e\u0441\u0442\u0438\u201d \/\/SOCAR Proceedings No.3 (2021) 45-53 \u0441. (SCOPUS, Russian Scientific Citation Index)<\/li>\n<li>X.I.Musayev, F.S. H\u00fcseynov \u201cYum\u015faq pnevmatik \u00f6rt\u00fcy\u00fcn q\u00fcvv\u0259 komponentl\u0259rinin ara\u015fd\u0131r\u0131lmas\u0131.\u201d\/\/ Az\u0259rbaycan Ali Texniki M\u0259kt\u0259bl\u0259rinin X\u0259b\u0259rl\u0259ri, cild 05, burax\u0131l\u0131\u015f 01, 2021il, s\u0259h 65-70.<\/li>\n<li>\u041a\u0435\u0440\u0438\u043c\u043e\u0432\u0430 \u0428.\u0410. \u201c\u041a\u043b\u0430\u0441\u0441\u0438\u0444\u0438\u043a\u0430\u0446\u0438\u044f \u0432\u043e\u0437\u043c\u043e\u0436\u043d\u044b\u0445 \u0437\u0430\u0434\u0430\u0447 \u0434\u043b\u044f \u0438\u0441\u0441\u043b\u0435\u0434\u043e\u0432\u0430\u043d\u0438\u044f \u043d\u0435\u043b\u0438\u043d\u0435\u0439\u043d\u044b\u0445 \u0432\u043e\u043b\u043d \u0432 \u043d\u0430\u0441\u044b\u0449\u0435\u043d\u043d\u044b\u0445 \u043f\u043e\u0440\u0438\u0441\u0442\u044b\u0445 \u0441\u0440\u0435\u0434\u0430\u0445\u201d \/\/ \u00ab\u041d\u0430\u0443\u0447\u043d\u044b\u0439 \u0436\u0443\u0440\u043d\u0430\u043b \u0410\u0440\u0445\u0438\u0432\u0430\u0440\u0438\u0443\u0441\u00bb \u041a\u0438\u0435\u0432 \u0422.7 \u2116 3 (57)\/2021, s\u0259h. 34-40 burax\u0131l\u0131\u015f\u0131nda \u00e7ap olunub.<\/li>\n<li>Kerimova Sh.A. \u201cStudy of well pressure and dynamics of oil production growth in pulsating cases of initial pressure values\u201d\/\/ East European Scientific Journal, 2021 (Vol. 2 No. 7(71) 2021 \u2013 ISSN: 2782-1994, \u0421\u0430\u043d\u043a\u0442-\u041f\u0435\u0442\u0435\u0440\u0431\u0443\u0440\u0433, \u0420\u043e\u0441\u0441\u0438\u044f, \u041f\u043e\u043b\u044c\u0448\u0430 \u0441. 43-51 burax\u0131l\u0131\u015f\u0131nda \u00e7ap olunub.<\/li>\n<li>Kerimova Sh.A. \u201cSimulation of Fluid Movement in the Reservoir-Well Gas Lift System\u201d\/\/ Journal of Contemporary Applied Mathematics V. 11, No 2, 2021, December ISSN 2222-5498, p. 71-80. burax\u0131l\u0131\u015f\u0131nda \u00e7ap olunub.<\/li>\n<li>Sh.A.Kerimova \u201cHydrodynamic model of unsteady movement of oil and gas in the reservoir-well system\u201d \/\/\u201cScience and innovations 2021: development directions and priorities International scientific conference\u201d Melbourne, Australia, 21 April, p.128-136 burax\u0131l\u0131\u015f\u0131nda \u00e7ap olunub.<\/li>\n<li>Sh.A.Kerimova \u201cStudy of well pressure at pulsating values of initial pressure\u201d \/\/ Scientific research of the sco countries: synergy and integration, Proceedings of the International Conference, Beijing, PRC 4 August, 2021 (Pekin) p. 189-196. ISBN 978-0-6451949-7-5.<\/li>\n<li>A.H.M\u00f6vs\u00fcmova \u201c\u041a\u043e\u043b\u0435\u0431\u0430\u043d\u0438\u044f \u043f\u043e\u0434\u043a\u0440\u0435\u043f\u043b\u0435\u043d\u043d\u044b\u0435 \u043f\u0440\u043e\u0434\u043e\u043b\u044c\u043d\u044b\u043c\u0438 \u0440\u0435\u0431\u0440\u0430\u043c\u0438 \u043d\u0435\u043e\u0434\u043d\u043e\u0440\u043e\u0434\u043d\u043e\u0439 \u043e\u0440\u0442\u043e\u0442\u0440\u043e\u043f\u043d\u043e\u0439 \u0446\u0438\u043b\u0438\u043d\u0434\u0440\u0438\u0447\u0435\u0441\u043a\u043e\u0439 \u043f\u0430\u043d\u0435\u043b\u0438 \u043f\u0440\u0438 \u0432\u0437\u0430\u0438\u043c\u043e\u0434\u0435\u0439\u0441\u0442\u0432\u0438\u0438 \u0441 \u0432\u044f\u0437\u043a\u043e-\u0443\u043f\u0440\u0443\u0433\u043e\u0439 \u0441\u0440\u0435\u0434\u043e\u0439\/\/ \u0406V \u041c\u0435\u0436\u0434\u0443\u043d\u0430\u0440\u043e\u0434\u043d\u043e\u0439 \u0443\u043a\u0440\u0430\u0438\u043d\u0441\u043a\u043e-\u0430\u0437\u0435\u0440\u0431\u0430\u0439\u0434\u0436\u0430\u043d\u0441\u043a\u043e\u0439 \u043d\u0430\u0443\u0447\u043d\u043e-\u043f\u0440\u0430\u043a\u0442\u0438\u0447\u0435\u0441\u043a\u043e\u0439 \u043a\u043e\u043d\u0444\u0435\u0440\u0435\u043d\u0446\u0438\u0438 \u00abBU\u0406LD\u0406NG INNOVAT\u0406ONS \u2013 2021\u00bb, \u0423\u043a\u0440\u0430\u0438\u043d\u0430, c.58-62.<\/li>\n<li>E.M. Abbasov, G.R.Agayeva, T.S.Kengerli , N.R. AbdullayevaSimulation of the Inference of Filter Operation Process on Oil and Gas Production Indicators \/\/ Journal of Contemporary Applied Mathematics \u2013 ISSN: 2222-5498, p. 83-97 , Volume 12, Issue 1, 2022.<\/li>\n<li>E. M.Abbasov \u201cGas Motion in Reservoir-Well System Subject to Heat Transfer\u201d, Journal of Engineering Thermophysics, 2022, vol. 31, \u2116. 2, pp 283-298 ; (Thomson Reuters); Q2<\/li>\n<li>\u0415.\u041c.\u0410\u0431\u0431\u0430\u0441\u043e\u0432, \u041d.\u0410.\u0410\u0433\u0430\u0435\u0432\u0430 \u00ab\u041c\u043e\u0434\u0435\u043b\u0438\u0440\u043e\u0432\u0430\u043d\u0438\u0435 \u0434\u0432\u0438\u0436\u0435\u043d\u0438\u044f \u0433\u0430\u0437\u0430 \u0432 \u0441\u0438\u0441\u0442\u0435\u043c\u0435 \u043f\u043b\u0430\u0441\u0442-\u0442\u0440\u0443\u0431\u043e\u043f\u0440\u043e\u0432\u043e\u0434\u00bb, \u041d\u0430\u0446\u0438\u043e\u043d\u0430\u043b\u044c\u043d\u0430\u044f \u0410\u043a\u0430\u0434\u0435\u043c\u0438\u044f \u041d\u0430\u0443\u043a \u0411\u0435\u043b\u0430\u0440\u0443\u0441\u0438 \u0418\u043d\u0441\u0442\u0438\u0442\u0443\u0442 \u0422\u0435\u043f\u043b\u043e-\u0438 \u041c\u0430\u0441\u0441\u043e\u043e\u0431\u043c\u0435\u043d\u0430 \u0438\u043c. \u0410.\u0412.\u041b\u044b\u043a\u043e\u0432\u0430 \u0418\u043d\u0436\u0435\u043d\u0435\u0440\u043d\u043e-\u0424\u0438\u0437\u0438\u0447\u0435\u0441\u043a\u0438\u0439 \u0416\u0443\u0440\u043d\u0430\u043b (\u0418\u0424\u0416) 2022, iyul-avqust, \u0442\u043e\u043c. 95, \u2116. 4, \u0441. 894-904; (Thomson Reuters) ; Q2<\/li>\n<li>\u0415.\u041c.\u0410\u0431\u0431\u0430\u0441\u043e\u0432, \u0413.\u0420.\u0410\u0433\u0430\u0435\u0432\u0430, \u0422.\u0421.\u041a\u0435\u043d\u0433\u0435\u0440\u043b\u0438, \u0410.\u041e.\u0414\u0430\u0440\u0438\u0448\u043e\u0432\u0430 \u00ab\u041c\u043e\u0434\u0435\u043b\u0438\u0440\u043e\u0432\u0430\u043d\u0438\u0435 \u0442\u0435\u043f\u043b\u043e\u043e\u0431\u043c\u0435\u043d\u043d\u043e\u0433\u043e \u043f\u0440\u043e\u0446\u0435\u0441\u0441\u0430 \u0432\u044b\u0442\u0435\u0441\u043d\u0435\u043d\u0438\u044f \u043d\u0435\u0444\u0442\u0438 \u0433\u043e\u0440\u044f\u0447\u0435\u0439 \u0432\u043e\u0434\u043e\u0439 \u0432 \u0441\u043e\u043f\u0440\u044f\u0436\u0435\u043d\u043d\u043e\u0439 \u0441\u0438\u0441\u0442\u0435\u043c\u0435 \u043f\u043b\u0430\u0441\u0442-\u0441\u043a\u0432\u0430\u0436\u0438\u043d\u0430\u00bb, \u0418\u043d\u0436\u0435\u043d\u0435\u0440\u043d\u043e-\u0424\u0438\u0437\u0438\u0447\u0435\u0441\u043a\u0438\u0439 \u0416\u0443\u0440\u043d\u0430\u043b (\u0418\u0424\u0416) 2022, sentyabr-oktyabr, \u0442\u043e\u043c. 95, \u2116. 5, \u0441. 1183-1189; (Thomson Reuters) ; Q2<\/li>\n<li>E.M. Abbasov \u00ab\u041c\u043e\u0434\u0435\u043b\u0438\u0440\u043e\u0432\u0430\u043d\u0438\u0435 \u0442\u0435\u043f\u043b\u043e\u043e\u0431\u043c\u0435\u043d\u043d\u043e\u0433\u043e \u043f\u0440\u043e\u0446\u0435\u0441\u0441\u0430 \u0432\u044b\u0442\u0435\u0441\u043d\u0435\u043d\u0438\u044f \u043d\u0435\u0444\u0442\u0438 \u0433\u043e\u0440\u044f\u0447\u0435\u0439 \u0432\u043e\u0434\u043e\u0439 \u0432 \u0441\u043e\u043f\u0440\u044f\u0436\u0435\u043d\u043d\u043e\u0439 \u0441\u0438\u0441\u0442\u0435\u043c\u0435 \u043f\u043b\u0430\u0441\u0442-\u0441\u043a\u0432\u0430\u0436\u0438\u043d\u0430\u00bb, \u201cIstilikke\u00e7irm\u0259 v\u0259 k\u00fctl\u0259 m\u00fcbadil\u0259si \u00fczr\u0259 XVI Minsk Beyn\u0259lxalq Forum\u201du, 16 may &#8211; 19 may 2022-ci il, Minsk \u015f\u0259h\u0259ri (\u201c\u0418\u043d\u0441\u0442\u0438\u0442\u0443\u0442 \u0442\u0435\u043f\u043b\u043e \u0438 \u043c\u0430\u0441\u0441\u043e\u043e\u0431\u043c\u0435\u043d\u0430\u201d \u0438\u043c\u0435\u043d\u0438 \u0410.\u0412.\u041b\u044b\u043a\u043e\u0432\u0430 \u041d\u0410\u041d \u0411\u0435\u043b\u0430\u0440\u0443\u0441\u0438)<\/li>\n<li>E.M. Abbasov G.R.Agayeva N.R.Abdullaeva \u201cModel of non-stationary movement of gas-liquid mixture in the reservoir-well system, taking into account the heat exchange process\u201d, Proseedings of the 8 th International Conference on Control and Optimization with Industrial Applications BAKU, Azerbaijan, June, 2022 (Web of Science)<\/li>\n<li>E.M. Abbasov N.A.Agayeva \u201cMovement of the gas-liquid mixture in the system of the reservoir-pipeline when connecting to the main line of the new source\u201d, Akademik \u0130brahim \u0130brahimovun 110\u2013illiyin\u0259 h\u0259sr olunmu\u015f \u201cRiyaziyyat v\u0259 Mexanikan\u0131n M\u00fcasir Probleml\u0259ri\u201d adl\u0131 Beyn\u0259lxalq konfrans. 29 iyun-01 iyul, 2022- ci il, Bak\u0131 \u015f\u0259h\u0259ri<\/li>\n<li>Sh.A.Kerimova, \u201cAnalysis of changes in well pressure at different moments of time in pulsating cases of wellhead pressure values\u201d \/\/International Scientific Conference \u00abProcess Management and Scientific Developments\u00bb, (Birmingham, United Kingdom). April 6, 2022, p.131-141<\/li>\n<li>Aliyev G.G., Aliyev A.G. \u201cStrength of multilayer polymer pipe taking into account change in physical and mechanical properties of the material\u201d, EESJ-East European Science Journal, vol2-\u2116 11(75), december, 2021, (Poland-Warsaw), ISSN 2468-5380, Impact Factor \u2013 1.572, p.68-77<\/li>\n<\/ol>\n<\/td>\n<\/tr>\n<\/tbody>\n<\/table>\n","protected":false},"excerpt":{"rendered":"<p>Struktur b\u00f6lm\u0259nin r\u0259hb\u0259ri: Elxan M\u0259cid oqlu Abbasov mexanika elml\u0259ri doktoru Tel.: (012) 502-25-63 E-mail: aelhan@mail.ru \u0130\u015f\u00e7il\u0259rin \u00fcmumi sayi: 7 Struktur b\u00f6lm\u0259nin \u0259sas f\u0259aliyy\u0259t istiqam\u0259tl\u0259ri: Qaz\u0131n, mayenin, maye-qaz qar\u0131\u015f\u0131\u011f\u0131n\u0131n lay-quyu sistemind\u0259 h\u0259r\u0259k\u0259tinin modell\u0259\u015fdirilm\u0259si. Lay-quyu sistemind\u0259 mayenin, qaz\u0131n divar\u0131 m\u0259sam\u0259li boru k\u0259m\u0259rind\u0259 h\u0259r\u0259k\u0259t dinamikas\u0131. Maye-qum qar\u0131\u015f\u0131\u011f\u0131n\u0131n borularda h\u0259r\u0259k\u0259t dinamikas\u0131. Qeyri-bircins konstruksiya elementl\u0259rinin deformasiyas\u0131, dayan\u0131ql\u0131\u011f\u0131 v\u0259 kompozit materiallar\u0131n [&hellip;]<\/p>\n","protected":false},"author":6,"featured_media":0,"parent":203,"menu_order":0,"comment_status":"open","ping_status":"open","template":"","meta":{"footnotes":""},"_links":{"self":[{"href":"https:\/\/www.imm.az\/exp\/wp-json\/wp\/v2\/pages\/229"}],"collection":[{"href":"https:\/\/www.imm.az\/exp\/wp-json\/wp\/v2\/pages"}],"about":[{"href":"https:\/\/www.imm.az\/exp\/wp-json\/wp\/v2\/types\/page"}],"author":[{"embeddable":true,"href":"https:\/\/www.imm.az\/exp\/wp-json\/wp\/v2\/users\/6"}],"replies":[{"embeddable":true,"href":"https:\/\/www.imm.az\/exp\/wp-json\/wp\/v2\/comments?post=229"}],"version-history":[{"count":5,"href":"https:\/\/www.imm.az\/exp\/wp-json\/wp\/v2\/pages\/229\/revisions"}],"predecessor-version":[{"id":44023,"href":"https:\/\/www.imm.az\/exp\/wp-json\/wp\/v2\/pages\/229\/revisions\/44023"}],"up":[{"embeddable":true,"href":"https:\/\/www.imm.az\/exp\/wp-json\/wp\/v2\/pages\/203"}],"wp:attachment":[{"href":"https:\/\/www.imm.az\/exp\/wp-json\/wp\/v2\/media?parent=229"}],"curies":[{"name":"wp","href":"https:\/\/api.w.org\/{rel}","templated":true}]}}