{"id":234,"date":"2014-02-09T08:53:26","date_gmt":"2014-02-09T08:53:26","guid":{"rendered":"http:\/\/centralbaku.com\/imm\/?page_id=234"},"modified":"2014-04-08T12:53:07","modified_gmt":"2014-04-08T07:53:07","slug":"amea-nin-x%c9%99b%c9%99rl%c9%99ri-v%c9%99-rmi-nin-%c9%99s%c9%99rl%c9%99ri-jurnallarinin-redaksiyasi","status":"publish","type":"page","link":"https:\/\/www.imm.az\/exp\/sob%c9%99l%c9%99r\/amea-nin-x%c9%99b%c9%99rl%c9%99ri-v%c9%99-rmi-nin-%c9%99s%c9%99rl%c9%99ri-jurnallarinin-redaksiyasi\/","title":{"rendered":"AMEA-nin \u201cX\u0259b\u0259rl\u0259ri\u201d v\u0259 RM\u0130 \u2013nin \u201c\u018fs\u0259rl\u0259ri\u201d jurnallar\u0131n\u0131n redaksiyas\u0131"},"content":{"rendered":"<table width=\"100%\" style=\"border:none;\" border=\"0\" cellspacing=\"0\" cellpadding=\"0\">\n<tbody>\n<tr>\n<td valign=\"top\" width=\"193\"><strong>Struktur b\u00f6lm\u0259nin r\u0259hb\u0259ri:<\/strong><\/td>\n<td>Esmira T\u0259l\u0259t q\u0131z\u0131 \u018fliyeva<\/td>\n<\/tr>\n<tr>\n<td valign=\"top\"><\/td>\n<td><\/td>\n<\/tr>\n<tr>\n<td valign=\"top\"><strong>Tel:<\/strong><\/td>\n<td>(012) 539 &#8211; 47 -20<\/td>\n<\/tr>\n<tr>\n<td valign=\"top\"><strong>E-mail:<\/strong><\/td>\n<td><a href=\"mailto:esmira_aliyeva_1956@mail.ru\">esmira_aliyeva_1956@mail.ru<\/a><\/td>\n<\/tr>\n<tr>\n<td valign=\"top\"><strong>\u0130\u015f\u00e7il\u0259rin \u00fcmumi sayi:<\/strong><\/td>\n<td>5<\/td>\n<\/tr>\n<tr>\n<td valign=\"top\"><\/td>\n<td><\/td>\n<\/tr>\n<tr>\n<td valign=\"top\"><strong>Struktur b\u00f6lm\u0259nin \u0259sas f\u0259aliyy\u0259t istiqam\u0259tl\u0259ri:<\/strong><\/td>\n<td>AMEA-nin \u201cX\u0259b\u0259rl\u0259ri\u201d v\u0259\u00a0 RM\u0130 \u2013nin \u201c\u018fs\u0259rl\u0259ri\u201d jurnallar\u0131n\u0131n\u00a0 redaksiyas\u0131 \u00f6z f\u0259aliyy\u0259tin\u0259 1997 ci ild\u0259n\u00a0 ba\u015flam\u0131\u015fd\u0131r. Redaksiyda jurnallarda \u00e7ap olunacaq m\u0259qal\u0259l\u0259r rus v\u0259 az\u0259rbaycan dilind\u0259n ingilis dilin\u0259 t\u0259rcum\u0259 edilir, \u00e7ap olunur, m\u00fc\u0259yy\u0259n d\u00fcz\u0259li\u015fl\u0259r apar\u0131l\u0131r.<br \/>\nRedaksiyada h\u0259m\u00e7inin instituta laz\u0131m olan s\u0259n\u0259dl\u0259r t\u0259r\u00e7um\u0259 edilir.<\/td>\n<\/tr>\n<\/tbody>\n<\/table>\n","protected":false},"excerpt":{"rendered":"<p>Struktur b\u00f6lm\u0259nin r\u0259hb\u0259ri: Esmira T\u0259l\u0259t q\u0131z\u0131 \u018fliyeva Tel: (012) 539 &#8211; 47 -20 E-mail: esmira_aliyeva_1956@mail.ru \u0130\u015f\u00e7il\u0259rin \u00fcmumi sayi: 5 Struktur b\u00f6lm\u0259nin \u0259sas f\u0259aliyy\u0259t istiqam\u0259tl\u0259ri: AMEA-nin \u201cX\u0259b\u0259rl\u0259ri\u201d v\u0259\u00a0 RM\u0130 \u2013nin \u201c\u018fs\u0259rl\u0259ri\u201d jurnallar\u0131n\u0131n\u00a0 redaksiyas\u0131 \u00f6z f\u0259aliyy\u0259tin\u0259 1997 ci ild\u0259n\u00a0 ba\u015flam\u0131\u015fd\u0131r. Redaksiyda jurnallarda \u00e7ap olunacaq m\u0259qal\u0259l\u0259r rus v\u0259 az\u0259rbaycan dilind\u0259n ingilis dilin\u0259 t\u0259rcum\u0259 edilir, \u00e7ap olunur, m\u00fc\u0259yy\u0259n d\u00fcz\u0259li\u015fl\u0259r [&hellip;]<\/p>\n","protected":false},"author":6,"featured_media":0,"parent":203,"menu_order":0,"comment_status":"open","ping_status":"open","template":"","meta":{"footnotes":""},"_links":{"self":[{"href":"https:\/\/www.imm.az\/exp\/wp-json\/wp\/v2\/pages\/234"}],"collection":[{"href":"https:\/\/www.imm.az\/exp\/wp-json\/wp\/v2\/pages"}],"about":[{"href":"https:\/\/www.imm.az\/exp\/wp-json\/wp\/v2\/types\/page"}],"author":[{"embeddable":true,"href":"https:\/\/www.imm.az\/exp\/wp-json\/wp\/v2\/users\/6"}],"replies":[{"embeddable":true,"href":"https:\/\/www.imm.az\/exp\/wp-json\/wp\/v2\/comments?post=234"}],"version-history":[{"count":2,"href":"https:\/\/www.imm.az\/exp\/wp-json\/wp\/v2\/pages\/234\/revisions"}],"predecessor-version":[{"id":1293,"href":"https:\/\/www.imm.az\/exp\/wp-json\/wp\/v2\/pages\/234\/revisions\/1293"}],"up":[{"embeddable":true,"href":"https:\/\/www.imm.az\/exp\/wp-json\/wp\/v2\/pages\/203"}],"wp:attachment":[{"href":"https:\/\/www.imm.az\/exp\/wp-json\/wp\/v2\/media?parent=234"}],"curies":[{"name":"wp","href":"https:\/\/api.w.org\/{rel}","templated":true}]}}