{"id":23570,"date":"2019-02-18T14:57:41","date_gmt":"2019-02-18T10:57:41","guid":{"rendered":"http:\/\/www.imm.az\/exp\/?page_id=23570"},"modified":"2019-05-22T14:44:21","modified_gmt":"2019-05-22T10:44:21","slug":"funksional-analiz-sob%c9%99si-xarici-ezamiyy%c9%99tl%c9%99r","status":"publish","type":"page","link":"https:\/\/www.imm.az\/exp\/xarici-ezamiyy%c9%99tl%c9%99r\/funksional-analiz-sob%c9%99si-xarici-ezamiyy%c9%99tl%c9%99r\/","title":{"rendered":"Funksional analiz \u015f\u00f6b\u0259si \u2013 xarici ezamiyy\u0259tl\u0259r"},"content":{"rendered":"<ol>\n<li><a href=\"\/exp\/?p=24850\">Az\u0259rbaycanl\u0131 alim akademik Viktor Antonovi\u00e7 Sadovni\u00e7inin 80 illiyin\u0259 h\u0259sr olunmu\u015f beyn\u0259lxalq elmi konfransda i\u015ftirak edib<\/a><\/li>\n<li><a href=\"\/exp\/?p=23535\">Az\u0259rbaycan alimi Misir \u018fr\u0259b Respublikas\u0131nda beyn\u0259lxalq konfransda i\u015ftirak edib<\/a><\/li>\n<\/ol>\n","protected":false},"excerpt":{"rendered":"<p>Az\u0259rbaycanl\u0131 alim akademik Viktor Antonovi\u00e7 Sadovni\u00e7inin 80 illiyin\u0259 h\u0259sr olunmu\u015f beyn\u0259lxalq elmi konfransda i\u015ftirak edib Az\u0259rbaycan alimi Misir \u018fr\u0259b Respublikas\u0131nda beyn\u0259lxalq konfransda i\u015ftirak edib<\/p>\n","protected":false},"author":6,"featured_media":0,"parent":2895,"menu_order":0,"comment_status":"closed","ping_status":"closed","template":"","meta":{"footnotes":""},"_links":{"self":[{"href":"https:\/\/www.imm.az\/exp\/wp-json\/wp\/v2\/pages\/23570"}],"collection":[{"href":"https:\/\/www.imm.az\/exp\/wp-json\/wp\/v2\/pages"}],"about":[{"href":"https:\/\/www.imm.az\/exp\/wp-json\/wp\/v2\/types\/page"}],"author":[{"embeddable":true,"href":"https:\/\/www.imm.az\/exp\/wp-json\/wp\/v2\/users\/6"}],"replies":[{"embeddable":true,"href":"https:\/\/www.imm.az\/exp\/wp-json\/wp\/v2\/comments?post=23570"}],"version-history":[{"count":2,"href":"https:\/\/www.imm.az\/exp\/wp-json\/wp\/v2\/pages\/23570\/revisions"}],"predecessor-version":[{"id":24896,"href":"https:\/\/www.imm.az\/exp\/wp-json\/wp\/v2\/pages\/23570\/revisions\/24896"}],"up":[{"embeddable":true,"href":"https:\/\/www.imm.az\/exp\/wp-json\/wp\/v2\/pages\/2895"}],"wp:attachment":[{"href":"https:\/\/www.imm.az\/exp\/wp-json\/wp\/v2\/media?parent=23570"}],"curies":[{"name":"wp","href":"https:\/\/api.w.org\/{rel}","templated":true}]}}