{"id":23599,"date":"2019-02-20T10:27:37","date_gmt":"2019-02-20T06:27:37","guid":{"rendered":"http:\/\/www.imm.az\/exp\/?page_id=23599"},"modified":"2019-02-20T10:27:37","modified_gmt":"2019-02-20T06:27:37","slug":"n%c9%99c%c9%99fov-alik-malik-oglu","status":"publish","type":"page","link":"https:\/\/www.imm.az\/exp\/%c9%99m%c9%99kdaslar\/n%c9%99c%c9%99fov-alik-malik-oglu\/","title":{"rendered":"N\u0259c\u0259fov Alik Malik o\u011flu"},"content":{"rendered":"<p><strong>\u018fsas elmi nailiyy\u0259tl\u0259ri<\/strong><\/p>\n<p style=\"text-align: justify;\">Yeni Morri tipli funksional f\u0259zalar ail\u0259si qurulur. Bu f\u0259zalar\u0131n bir s\u0131ra xass\u0259l\u0259ri \u00f6yr\u0259nilir. Bu f\u0259zalarda h\u0259m daxilolma, h\u0259m d\u0259 interpolyasiya tipli teoreml\u0259r isbat olunur, ba\u015fqa s\u00f6zl\u0259, bu f\u0259zalardan olan funksiyalar\u0131n h\u0259m diferensial, h\u0259m d\u0259 diferensial-f\u0259rq xass\u0259l\u0259ri \u00f6yr\u0259nilir. H\u0259m\u00e7inin grand Sobolev-Morri, grand grand Sobolev-Morri v\u0259 small small Sobolev-Morri f\u0259zalar ail\u0259si qurulur. Bu f\u0259zalardan olan funksiyalar \u00fc\u00e7\u00fcn Sobolev tipli b\u0259rab\u0259riszlikl\u0259r v\u0259 bu funksiyalar\u0131n H\u00f6lder sinfin\u0259 daxil olunmas\u0131 isbat olunur. Al\u0131nm\u0131\u015f n\u0259tic\u0259l\u0259r bir sinif y\u00fcks\u0259k t\u0259rtib x\u00fcsusi t\u00f6r\u0259m\u0259li diferensial t\u0259nlikl\u0259rin ara\u015fd\u0131r\u0131lmas\u0131na t\u0259tbiq olunur.<\/p>\n<p><strong>Elmi \u0259s\u0259rl\u0259rinin adlar\u0131<\/strong><\/p>\n<ol>\n<li style=\"text-align: justify;\">A.M. Najafov, A.T. Orujova On properties of functions from generalized Besov- Morrey spaces, Proceedings of institute of mathematics and mechanics. 2013, vol. XXXIX (XLVII).<\/li>\n<li style=\"text-align: justify;\">A.M. Najafov The Differential Properties of Functions from Sobolev-Morrey Type Spaces of Fractional Order, Journal of Mathematics Research; Vol. 7, No. 3, pp.149-158; 2015.<\/li>\n<li style=\"text-align: justify;\">A.M. Najafov, Ali Akbulut, Ahmet Eroglu Some embedding theorems on the Nikolskii-Morrey type spaces, Advances in Analysis. Vol. 1, No. 1, July 2016, pp. 18-26<\/li>\n<li style=\"text-align: justify;\">A.M. Najafov The embedding theorems for Besov-Morrey spaces of many groups of variables, Georgian Mathematics Jour.<\/li>\n<li style=\"text-align: justify;\">Najafov Alik Malik, Orujova Aygun Tofik, On the solution of a class of partial differential equations, Electron. J. Qual. Theory Differ. Equ. 2017, No. 44, 1-9. https:\/\/doi.org\/10.14232\/ejqtde.2017.1.44 (Thomson Reuters SCIE)<\/li>\n<li style=\"text-align: justify;\">A.M. Najafov, N.R. Rustamova, On some properties of functions from a Besov\u2013Morrey type spaces, Afrika Matematika. Volume 29, Issue 7\u20138, pp 1007\u20131017, https:\/\/doi.org\/10.1007\/s13370- 018-0598-9<\/li>\n<li style=\"text-align: justify;\">Alik M. Najafov, Nilufer R. Rustamova, Some properties of grand SobolevMorrey type spaces. Transactions of A. Razmadze Mathematical Institute Volume 172, Issue 1, April 2018, Pages 82-89, https:\/\/doi.org\/10.1016\/j.trmi.2017.10.001 (Thomson Reuters ESCI)<\/li>\n<\/ol>\n","protected":false},"excerpt":{"rendered":"<p>\u018fsas elmi nailiyy\u0259tl\u0259ri Yeni Morri tipli funksional f\u0259zalar ail\u0259si qurulur. Bu f\u0259zalar\u0131n bir s\u0131ra xass\u0259l\u0259ri \u00f6yr\u0259nilir. Bu f\u0259zalarda h\u0259m daxilolma, h\u0259m d\u0259 interpolyasiya tipli teoreml\u0259r isbat olunur, ba\u015fqa s\u00f6zl\u0259, bu f\u0259zalardan olan funksiyalar\u0131n h\u0259m diferensial, h\u0259m d\u0259 diferensial-f\u0259rq xass\u0259l\u0259ri \u00f6yr\u0259nilir. H\u0259m\u00e7inin grand Sobolev-Morri, grand grand Sobolev-Morri v\u0259 small small Sobolev-Morri f\u0259zalar ail\u0259si qurulur. Bu f\u0259zalardan [&hellip;]<\/p>\n","protected":false},"author":6,"featured_media":0,"parent":260,"menu_order":0,"comment_status":"closed","ping_status":"closed","template":"","meta":{"footnotes":""},"_links":{"self":[{"href":"https:\/\/www.imm.az\/exp\/wp-json\/wp\/v2\/pages\/23599"}],"collection":[{"href":"https:\/\/www.imm.az\/exp\/wp-json\/wp\/v2\/pages"}],"about":[{"href":"https:\/\/www.imm.az\/exp\/wp-json\/wp\/v2\/types\/page"}],"author":[{"embeddable":true,"href":"https:\/\/www.imm.az\/exp\/wp-json\/wp\/v2\/users\/6"}],"replies":[{"embeddable":true,"href":"https:\/\/www.imm.az\/exp\/wp-json\/wp\/v2\/comments?post=23599"}],"version-history":[{"count":1,"href":"https:\/\/www.imm.az\/exp\/wp-json\/wp\/v2\/pages\/23599\/revisions"}],"predecessor-version":[{"id":23600,"href":"https:\/\/www.imm.az\/exp\/wp-json\/wp\/v2\/pages\/23599\/revisions\/23600"}],"up":[{"embeddable":true,"href":"https:\/\/www.imm.az\/exp\/wp-json\/wp\/v2\/pages\/260"}],"wp:attachment":[{"href":"https:\/\/www.imm.az\/exp\/wp-json\/wp\/v2\/media?parent=23599"}],"curies":[{"name":"wp","href":"https:\/\/api.w.org\/{rel}","templated":true}]}}