{"id":23606,"date":"2019-02-20T11:17:22","date_gmt":"2019-02-20T07:17:22","guid":{"rendered":"http:\/\/www.imm.az\/exp\/?page_id=23606"},"modified":"2019-02-20T11:17:22","modified_gmt":"2019-02-20T07:17:22","slug":"babayev-arzu-m%c9%99lik-baxis-oglu","status":"publish","type":"page","link":"https:\/\/www.imm.az\/exp\/%c9%99m%c9%99kdaslar\/babayev-arzu-m%c9%99lik-baxis-oglu\/","title":{"rendered":"<p>Babayev Arzu M\u0259lik-Bax\u0131\u015f o\u011flu<\/p>"},"content":{"rendered":"<p><strong>\u018fsas elmi nailiyy\u0259tl\u0259ri<\/strong><\/p>\n<p style=\"text-align: justify;\">Lp f\u0259zas\u0131nda d\u0259yi\u015f\u0259nl\u0259rinin say\u0131 az olan funksiyalar\u0131n kombinasiyalar\u0131 il\u0259 \u0259n yax\u015f\u0131 yax\u0131nla\u015fma m\u0259s\u0259l\u0259l\u0259ri. Professor<br \/>\nM-B.\u018f.Babayev t\u0259r\u0259find\u0259n ilk d\u0259f\u0259 verilmi\u015f d\u0259qiq annulyator anlay\u0131\u015f\u0131n\u0131n k\u00f6m\u0259yi il\u0259 \u0259n yax\u015f\u0131 yax\u0131nla\u015fman\u0131n qiym\u0259tl\u0259ndiril- m\u0259si. H\u0259qiqi oblastda ridge funksiyalarla yax\u0131nla\u015fma m\u0259s\u0259l\u0259l\u0259ri.<\/p>\n<p><strong>Son be\u015f ild\u0259 \u00e7ap olunmu\u015f \u0259sas elmi i\u015fl\u0259rinin siyah\u0131s\u0131<\/strong><\/p>\n<ol>\n<li style=\"text-align: justify;\">Finding the best approximation order bu the quasipolinomials in a mixed norm space, Trans. of NASA, 2006,v.XXYI, \u21167, p.33-40<\/li>\n<li style=\"text-align: justify;\">On bilateral estimates of uniform approximation by the products of fewer number variables functions, Trans. Of NASA, 2007, v.XXVII, \u21167,p. 45-52<\/li>\n<li style=\"text-align: justify;\">On formulas for mixed derivatives, Journal Mathematic sof Intern. Ecoenergy Academy, 2008, \u21166, p. 3-11<\/li>\n<li style=\"text-align: justify;\">On properties of formulas for higher order derivative from superposition of functions, X Inter. Congress on Ecoenergi, Baku 2009, pp. 8-18<\/li>\n<li style=\"text-align: justify;\">On relation between the norm and the quasinorm of the sumof polinomialsdependent on different variables, AMEA-n\u0131n X\u0259b\u0259rl\u0259r jurnal\u0131, t.XXXII, \u21161, Bak\u0131-2012, s\u0259h. 25-30<\/li>\n<li style=\"text-align: justify;\">Best approximation of Lipscthitz class function, AMEA-n\u0131n X\u0259b\u0259rl\u0259r jurnal\u0131, t.XXXIII, \u21161, Bak\u0131-2013, s\u0259h. 9-12<\/li>\n<li style=\"text-align: justify;\">Approximation of periodic functions of two variables bu trigonometric polinomials, AMEA-n\u0131n X\u0259b\u0259rl\u0259r jurnal\u0131, t.XXXIV, \u21161, Bak\u0131-2014, s\u0259h. 21-28<\/li>\n<li style=\"text-align: justify;\">Constructing extremal elements in approxima tion by sums of univariate functions, Proceedings of IMM, vol.41,\u21161,Baku-2015, pp.39-43<\/li>\n<li style=\"text-align: justify;\">On the error of approximation by ridge functions with two fixed directions Tbilisi Mathematical Journal, 10(2), 2017, pp. 111-120<\/li>\n<li style=\"text-align: justify;\">On the error error of approximation by radial basis functions with fixed centers AMEA-n\u0131n X\u0259b\u0259rl\u0259r jurnal\u0131, t. XXXIII,\u21161, Bak\u0131-2018, s\u0259h. 22-29<\/li>\n<\/ol>\n","protected":false},"excerpt":{"rendered":"<p>\u018fsas elmi nailiyy\u0259tl\u0259ri Lp f\u0259zas\u0131nda d\u0259yi\u015f\u0259nl\u0259rinin say\u0131 az olan funksiyalar\u0131n kombinasiyalar\u0131 il\u0259 \u0259n yax\u015f\u0131 yax\u0131nla\u015fma m\u0259s\u0259l\u0259l\u0259ri. Professor M-B.\u018f.Babayev t\u0259r\u0259find\u0259n ilk d\u0259f\u0259 verilmi\u015f d\u0259qiq annulyator anlay\u0131\u015f\u0131n\u0131n k\u00f6m\u0259yi il\u0259 \u0259n yax\u015f\u0131 yax\u0131nla\u015fman\u0131n qiym\u0259tl\u0259ndiril- m\u0259si. H\u0259qiqi oblastda ridge funksiyalarla yax\u0131nla\u015fma m\u0259s\u0259l\u0259l\u0259ri. Son be\u015f ild\u0259 \u00e7ap olunmu\u015f \u0259sas elmi i\u015fl\u0259rinin siyah\u0131s\u0131 Finding the best approximation order bu the quasipolinomials [&hellip;]<\/p>\n","protected":false},"author":6,"featured_media":0,"parent":260,"menu_order":0,"comment_status":"closed","ping_status":"closed","template":"","meta":{"footnotes":""},"_links":{"self":[{"href":"https:\/\/www.imm.az\/exp\/wp-json\/wp\/v2\/pages\/23606"}],"collection":[{"href":"https:\/\/www.imm.az\/exp\/wp-json\/wp\/v2\/pages"}],"about":[{"href":"https:\/\/www.imm.az\/exp\/wp-json\/wp\/v2\/types\/page"}],"author":[{"embeddable":true,"href":"https:\/\/www.imm.az\/exp\/wp-json\/wp\/v2\/users\/6"}],"replies":[{"embeddable":true,"href":"https:\/\/www.imm.az\/exp\/wp-json\/wp\/v2\/comments?post=23606"}],"version-history":[{"count":1,"href":"https:\/\/www.imm.az\/exp\/wp-json\/wp\/v2\/pages\/23606\/revisions"}],"predecessor-version":[{"id":23607,"href":"https:\/\/www.imm.az\/exp\/wp-json\/wp\/v2\/pages\/23606\/revisions\/23607"}],"up":[{"embeddable":true,"href":"https:\/\/www.imm.az\/exp\/wp-json\/wp\/v2\/pages\/260"}],"wp:attachment":[{"href":"https:\/\/www.imm.az\/exp\/wp-json\/wp\/v2\/media?parent=23606"}],"curies":[{"name":"wp","href":"https:\/\/api.w.org\/{rel}","templated":true}]}}