{"id":23612,"date":"2019-02-20T11:44:59","date_gmt":"2019-02-20T07:44:59","guid":{"rendered":"http:\/\/www.imm.az\/exp\/?page_id=23612"},"modified":"2019-02-20T11:47:01","modified_gmt":"2019-02-20T07:47:01","slug":"m%c9%99h%c9%99rov-ibrahim-kamran-oglu","status":"publish","type":"page","link":"https:\/\/www.imm.az\/exp\/%c9%99m%c9%99kdaslar\/m%c9%99h%c9%99rov-ibrahim-kamran-oglu\/","title":{"rendered":"M\u0259h\u0259rov \u0130brahim Kamran o\u011flu"},"content":{"rendered":"<p><strong>\u018fsas elmi nailiyy\u0259tl\u0259ri<\/strong><\/p>\n<p style=\"text-align: justify;\">\u00c7oxd\u0259yi\u015f\u0259nli funksiyalar\u0131n bird\u0259yi\u015f\u0259nli funksiyalarin c\u0259mi il\u0259 yaxinla\u015fd\u0131r\u0131lmas\u0131nda ekstremal element qurulmu\u015f, alternans alqo-ritminin y\u0131\u011f\u0131lmas\u0131 isbat edilmi\u015fdir, ridge funksiyalar\u0131n\u0131n x\u0259tti kombinasiyalar\u0131 il\u0259 yaxinla\u015fmas\u0131 m\u0259s\u0259l\u0259sin\u0259 baxilmi\u015fdir.<\/p>\n<p><strong>Son be\u015f ild\u0259 \u00e7ap olunmu\u015f \u0259sas elmi i\u015fl\u0259rinin siyah\u0131s\u0131<\/strong><\/p>\n<ol>\n<li style=\"text-align: justify;\">Kenquru olimpiada m\u0259s\u0259l\u0259l\u0259ri, Bak\u0131, Radius- 2014,. 312 s\u0259h.<\/li>\n<li style=\"text-align: justify;\">\u0130smay\u0131lov V.E., \u0130.K.Maharov On the alternating algorithm for the appox. by linear superpositions, Riyaziyyat v\u0259 mexanika insti-tunun 55 illiyin\u0259 h\u0259sr olunmu\u015f Beyn.Konfrans\u0131n materiallar\u0131,Bak\u0131-2014, s.194<\/li>\n<li style=\"text-align: justify;\">Arzu M.-B. Babayev, \u0130.K.Maharov Constructing extremal elements in approximation by sums of univa-riate functions, NAS Azerbaijan Procee dings of the \u0130nstitute of Matematics and Mechanics, vol 41, \u2116 1, 2015, pp.39-43<\/li>\n<li style=\"text-align: justify;\">Ismailov V.E.,\u0130.K.Maharov Representation by conti nuous ridge functions, Internatinal Conference Matematical Analysis, Dif ferential Equations and the ir Applications, Abstracts, Sept.8-13,2015,Baku<\/li>\n<li style=\"text-align: justify;\">A.Kh., Asgarova A.M-B.Babayev,\u0130.K.Maharov On the error of approximation by ridge functions with two fixed directions. Tbilisi Mathematical`Journal, 10(2), 2017, pp. 111-120<\/li>\n<li style=\"text-align: justify;\">Asgarova A. Kh.,Babayev A.M-B.,\u0130.K.Maharov On the er-ror of approximation by ridge functions with two fixed direc-tions, Trans.Nath.Acad.Sci.Azerb.Ser.Phys.Tech. Math. Sci. vol.38, 1, 22-29,(2018)<\/li>\n<\/ol>\n","protected":false},"excerpt":{"rendered":"<p>\u018fsas elmi nailiyy\u0259tl\u0259ri \u00c7oxd\u0259yi\u015f\u0259nli funksiyalar\u0131n bird\u0259yi\u015f\u0259nli funksiyalarin c\u0259mi il\u0259 yaxinla\u015fd\u0131r\u0131lmas\u0131nda ekstremal element qurulmu\u015f, alternans alqo-ritminin y\u0131\u011f\u0131lmas\u0131 isbat edilmi\u015fdir, ridge funksiyalar\u0131n\u0131n x\u0259tti kombinasiyalar\u0131 il\u0259 yaxinla\u015fmas\u0131 m\u0259s\u0259l\u0259sin\u0259 baxilmi\u015fdir. Son be\u015f ild\u0259 \u00e7ap olunmu\u015f \u0259sas elmi i\u015fl\u0259rinin siyah\u0131s\u0131 Kenquru olimpiada m\u0259s\u0259l\u0259l\u0259ri, Bak\u0131, Radius- 2014,. 312 s\u0259h. \u0130smay\u0131lov V.E., \u0130.K.Maharov On the alternating algorithm for the appox. by linear [&hellip;]<\/p>\n","protected":false},"author":6,"featured_media":0,"parent":260,"menu_order":0,"comment_status":"closed","ping_status":"closed","template":"","meta":{"footnotes":""},"_links":{"self":[{"href":"https:\/\/www.imm.az\/exp\/wp-json\/wp\/v2\/pages\/23612"}],"collection":[{"href":"https:\/\/www.imm.az\/exp\/wp-json\/wp\/v2\/pages"}],"about":[{"href":"https:\/\/www.imm.az\/exp\/wp-json\/wp\/v2\/types\/page"}],"author":[{"embeddable":true,"href":"https:\/\/www.imm.az\/exp\/wp-json\/wp\/v2\/users\/6"}],"replies":[{"embeddable":true,"href":"https:\/\/www.imm.az\/exp\/wp-json\/wp\/v2\/comments?post=23612"}],"version-history":[{"count":2,"href":"https:\/\/www.imm.az\/exp\/wp-json\/wp\/v2\/pages\/23612\/revisions"}],"predecessor-version":[{"id":23614,"href":"https:\/\/www.imm.az\/exp\/wp-json\/wp\/v2\/pages\/23612\/revisions\/23614"}],"up":[{"embeddable":true,"href":"https:\/\/www.imm.az\/exp\/wp-json\/wp\/v2\/pages\/260"}],"wp:attachment":[{"href":"https:\/\/www.imm.az\/exp\/wp-json\/wp\/v2\/media?parent=23612"}],"curies":[{"name":"wp","href":"https:\/\/api.w.org\/{rel}","templated":true}]}}