{"id":23615,"date":"2019-02-20T11:48:44","date_gmt":"2019-02-20T07:48:44","guid":{"rendered":"http:\/\/www.imm.az\/exp\/?page_id=23615"},"modified":"2019-02-20T11:48:44","modified_gmt":"2019-02-20T07:48:44","slug":"%d0%bc%d0%b0%d1%85%d0%b0%d1%80%d0%be%d0%b2-%d0%b8%d0%b1%d1%80%d0%b0%d0%b3%d0%b8%d0%bc-%d0%ba%d0%b0%d0%bc%d1%80%d0%b0%d0%bd-%d0%be%d0%b3%d0%bb%d1%8b","status":"publish","type":"page","link":"https:\/\/www.imm.az\/exp\/%d1%81%d0%be%d1%82%d1%80%d1%83%d0%b4%d0%bd%d0%b8%d0%ba%d0%b8\/%d0%bc%d0%b0%d1%85%d0%b0%d1%80%d0%be%d0%b2-%d0%b8%d0%b1%d1%80%d0%b0%d0%b3%d0%b8%d0%bc-%d0%ba%d0%b0%d0%bc%d1%80%d0%b0%d0%bd-%d0%be%d0%b3%d0%bb%d1%8b\/","title":{"rendered":"\u041c\u0430\u0445\u0430\u0440\u043e\u0432 \u0418\u0431\u0440\u0430\u0433\u0438\u043c \u041a\u0430\u043c\u0440\u0430\u043d \u043e\u0433\u043b\u044b"},"content":{"rendered":"<p><strong>\u041e\u0441\u043d\u043e\u0432\u043d\u044b\u0435 \u043d\u0430\u0443\u0447\u043d\u044b\u0435 \u0434\u043e\u0441\u0442\u0438\u0436\u0435\u043d\u0438\u044f<\/strong><\/p>\n<p style=\"text-align: justify;\">\u041f\u043e\u0441\u0442\u0440\u043e\u0435\u043d \u044d\u043a\u0441\u0442\u0440\u0435\u043c\u0430\u043b\u044c\u043d\u044b\u0439 \u044d\u043b\u0435\u043c\u0435\u043d\u0442 \u043f\u0440\u0438 \u043f\u0440\u0438\u0431\u043b\u0438\u0436\u0435\u043d\u0438\u0438 \u0444\u0443\u043d\u043a\u0446\u0438\u0439 \u043c\u043d\u043e\u0433\u0438\u0445 \u043f\u0435\u0440\u0435\u043c\u0435\u043d\u043d\u044b\u0445 \u0441\u0443\u043c\u043c\u0430\u043c\u0438 \u0444\u0443\u043d\u043a\u0446\u0438\u0439 \u043e\u0434\u043d\u043e\u0439 \u043f\u0435\u0440\u0435\u043c\u0435\u043d\u043d\u043e\u0439, \u0434\u043e\u043a\u0430\u0437\u0430\u043d \u0441\u0445\u043e\u0434\u0438\u043c\u043e\u0441\u0442\u044c \u0430\u043b\u0442\u0435\u0440\u043d\u0430\u043d\u0441-\u0430\u043b\u0433\u043e\u0440\u0438\u0442\u043c\u0430, \u0440\u0430\u0441\u0441\u043c\u043e\u0442\u0440\u0435\u043d \u0437\u0430\u0434\u0430\u0447\u0430 \u043f\u0440\u0438\u0431\u043b\u0438\u0436\u0435\u043d\u0438\u0435 \u043b\u0438\u043d\u0435\u0439\u043d\u044b\u043c\u0438 \u0441\u0443\u043f\u0435\u0440\u043f\u043e\u0437\u0438\u0446\u0438\u044f\u043c\u0438 \u0440\u0438\u0434\u0436 \u0444\u0443\u043d\u043a\u0446\u0438\u0438.<\/p>\n<p><strong>\u0421\u043f\u0438\u0441\u043e\u043a \u043e\u0441\u043d\u043e\u0432\u043d\u044b\u0445 \u043d\u0430\u0443\u0447\u043d\u044b\u0445 \u0440\u0430\u0431\u043e\u0442 \u0437\u0430 \u043f\u043e\u0441\u043b\u0435\u0434\u043d\u0438\u0435 \u043f\u044f\u0442\u044c \u043b\u0435\u0442<\/strong><\/p>\n<ol>\n<li style=\"text-align: justify;\">Kenquru olimpiada m\u0259s\u0259l\u0259l\u0259ri, Bak\u0131, Radius- 2014,. 312 s\u0259h.<\/li>\n<li style=\"text-align: justify;\">\u0130smay\u0131lov V.E., \u0130.K.Maharov On the alternating algorithm for the appox. by linear superpositions, Riyaziyyat v\u0259 mexanika insti-tunun 55 illiyin\u0259 h\u0259sr olunmu\u015f Beyn.Konfrans\u0131n materiallar\u0131,Bak\u0131-2014, s.194<\/li>\n<li style=\"text-align: justify;\">Arzu M.-B. Babayev, \u0130.K.Maharov Constructing extremal elements in approximation by sums of univa-riate functions, NAS Azerbaijan Procee dings of the \u0130nstitute of Matematics and Mechanics, vol 41, \u2116 1, 2015, pp.39-43<\/li>\n<li style=\"text-align: justify;\">Ismailov V.E.,\u0130.K.Maharov Representation by conti nuous ridge functions, Internatinal Conference Matematical Analysis, Dif ferential Equations and the ir Applications, Abstracts, Sept.8-13,2015,Baku<\/li>\n<li style=\"text-align: justify;\">A.Kh., Asgarova A.M-B.Babayev,\u0130.K.Maharov On the error of approximation by ridge functions with two fixed directions. Tbilisi Mathematical`Journal, 10(2), 2017, pp. 111-120<\/li>\n<li style=\"text-align: justify;\">Asgarova A. Kh.,Babayev A.M-B.,\u0130.K.Maharov On the er-ror of approximation by ridge functions with two fixed direc-tions, Trans.Nath.Acad.Sci.Azerb.Ser.Phys.Tech. Math. Sci. vol.38, 1, 22-29,(2018)<\/li>\n<\/ol>\n","protected":false},"excerpt":{"rendered":"<p>\u041e\u0441\u043d\u043e\u0432\u043d\u044b\u0435 \u043d\u0430\u0443\u0447\u043d\u044b\u0435 \u0434\u043e\u0441\u0442\u0438\u0436\u0435\u043d\u0438\u044f \u041f\u043e\u0441\u0442\u0440\u043e\u0435\u043d \u044d\u043a\u0441\u0442\u0440\u0435\u043c\u0430\u043b\u044c\u043d\u044b\u0439 \u044d\u043b\u0435\u043c\u0435\u043d\u0442 \u043f\u0440\u0438 \u043f\u0440\u0438\u0431\u043b\u0438\u0436\u0435\u043d\u0438\u0438 \u0444\u0443\u043d\u043a\u0446\u0438\u0439 \u043c\u043d\u043e\u0433\u0438\u0445 \u043f\u0435\u0440\u0435\u043c\u0435\u043d\u043d\u044b\u0445 \u0441\u0443\u043c\u043c\u0430\u043c\u0438 \u0444\u0443\u043d\u043a\u0446\u0438\u0439 \u043e\u0434\u043d\u043e\u0439 \u043f\u0435\u0440\u0435\u043c\u0435\u043d\u043d\u043e\u0439, \u0434\u043e\u043a\u0430\u0437\u0430\u043d \u0441\u0445\u043e\u0434\u0438\u043c\u043e\u0441\u0442\u044c \u0430\u043b\u0442\u0435\u0440\u043d\u0430\u043d\u0441-\u0430\u043b\u0433\u043e\u0440\u0438\u0442\u043c\u0430, \u0440\u0430\u0441\u0441\u043c\u043e\u0442\u0440\u0435\u043d \u0437\u0430\u0434\u0430\u0447\u0430 \u043f\u0440\u0438\u0431\u043b\u0438\u0436\u0435\u043d\u0438\u0435 \u043b\u0438\u043d\u0435\u0439\u043d\u044b\u043c\u0438 \u0441\u0443\u043f\u0435\u0440\u043f\u043e\u0437\u0438\u0446\u0438\u044f\u043c\u0438 \u0440\u0438\u0434\u0436 \u0444\u0443\u043d\u043a\u0446\u0438\u0438. \u0421\u043f\u0438\u0441\u043e\u043a \u043e\u0441\u043d\u043e\u0432\u043d\u044b\u0445 \u043d\u0430\u0443\u0447\u043d\u044b\u0445 \u0440\u0430\u0431\u043e\u0442 \u0437\u0430 \u043f\u043e\u0441\u043b\u0435\u0434\u043d\u0438\u0435 \u043f\u044f\u0442\u044c \u043b\u0435\u0442 Kenquru olimpiada m\u0259s\u0259l\u0259l\u0259ri, Bak\u0131, Radius- 2014,. 312 s\u0259h. \u0130smay\u0131lov V.E., \u0130.K.Maharov On the alternating algorithm for the appox. by linear superpositions, Riyaziyyat [&hellip;]<\/p>\n","protected":false},"author":6,"featured_media":0,"parent":2339,"menu_order":0,"comment_status":"closed","ping_status":"closed","template":"","meta":{"footnotes":""},"_links":{"self":[{"href":"https:\/\/www.imm.az\/exp\/wp-json\/wp\/v2\/pages\/23615"}],"collection":[{"href":"https:\/\/www.imm.az\/exp\/wp-json\/wp\/v2\/pages"}],"about":[{"href":"https:\/\/www.imm.az\/exp\/wp-json\/wp\/v2\/types\/page"}],"author":[{"embeddable":true,"href":"https:\/\/www.imm.az\/exp\/wp-json\/wp\/v2\/users\/6"}],"replies":[{"embeddable":true,"href":"https:\/\/www.imm.az\/exp\/wp-json\/wp\/v2\/comments?post=23615"}],"version-history":[{"count":1,"href":"https:\/\/www.imm.az\/exp\/wp-json\/wp\/v2\/pages\/23615\/revisions"}],"predecessor-version":[{"id":23616,"href":"https:\/\/www.imm.az\/exp\/wp-json\/wp\/v2\/pages\/23615\/revisions\/23616"}],"up":[{"embeddable":true,"href":"https:\/\/www.imm.az\/exp\/wp-json\/wp\/v2\/pages\/2339"}],"wp:attachment":[{"href":"https:\/\/www.imm.az\/exp\/wp-json\/wp\/v2\/media?parent=23615"}],"curies":[{"name":"wp","href":"https:\/\/api.w.org\/{rel}","templated":true}]}}