{"id":23626,"date":"2019-02-20T14:44:39","date_gmt":"2019-02-20T10:44:39","guid":{"rendered":"http:\/\/www.imm.az\/exp\/?page_id=23626"},"modified":"2019-02-20T14:44:39","modified_gmt":"2019-02-20T10:44:39","slug":"maharov-ibrahim-kamran","status":"publish","type":"page","link":"https:\/\/www.imm.az\/exp\/personnel\/maharov-ibrahim-kamran\/","title":{"rendered":"Maharov Ibrahim Kamran"},"content":{"rendered":"<p><strong>Basic scientific achievements<\/strong><\/p>\n<p style=\"text-align: justify;\">Constructed extremal elements in approximation by sums of univariate functions, proving the convergence of alternating algorithm.<\/p>\n<p><strong>The list of publications at the 5 years published<\/strong><\/p>\n<ol>\n<li style=\"text-align: justify;\">Kenquru olimpiada m\u0259s\u0259l\u0259l\u0259ri, Bak\u0131, Radius- 2014,. 312 s\u0259h.<\/li>\n<li style=\"text-align: justify;\">\u0130smay\u0131lov V.E., \u0130.K.Maharov On the alternating algorithm for the appox. by linear superpositions, Riyaziyyat v\u0259 mexanika insti-tunun 55 illiyin\u0259 h\u0259sr olunmu\u015f Beyn.Konfrans\u0131n materiallar\u0131,Bak\u0131-2014, s.194<\/li>\n<li style=\"text-align: justify;\">Arzu M.-B. Babayev, \u0130.K.Maharov Constructing extremal elements in approximation by sums of univa-riate functions, NAS Azerbaijan Procee dings of the \u0130nstitute of Matematics and Mechanics, vol 41, \u2116 1, 2015, pp.39-43<\/li>\n<li style=\"text-align: justify;\">Ismailov V.E.,\u0130.K.Maharov Representation by conti nuous ridge functions, Internatinal Conference Matematical Analysis, Dif ferential Equations and the ir Applications, Abstracts, Sept.8-13,2015,Baku<\/li>\n<li style=\"text-align: justify;\">A.Kh., Asgarova A.M-B.Babayev,\u0130.K.Maharov On the error of approximation by ridge functions with two fixed directions. Tbilisi Mathematical`Journal, 10(2), 2017, pp. 111-120<\/li>\n<li style=\"text-align: justify;\">Asgarova A. Kh.,Babayev A.M-B.,\u0130.K.Maharov On the er-ror of approximation by ridge functions with two fixed direc-tions, Trans.Nath.Acad.Sci.Azerb.Ser.Phys.Tech. Math. Sci. vol.38, 1, 22-29,(2018)<\/li>\n<\/ol>\n","protected":false},"excerpt":{"rendered":"<p>Basic scientific achievements Constructed extremal elements in approximation by sums of univariate functions, proving the convergence of alternating algorithm. The list of publications at the 5 years published Kenquru olimpiada m\u0259s\u0259l\u0259l\u0259ri, Bak\u0131, Radius- 2014,. 312 s\u0259h. \u0130smay\u0131lov V.E., \u0130.K.Maharov On the alternating algorithm for the appox. by linear superpositions, Riyaziyyat v\u0259 mexanika insti-tunun 55 illiyin\u0259 [&hellip;]<\/p>\n","protected":false},"author":6,"featured_media":0,"parent":2350,"menu_order":0,"comment_status":"closed","ping_status":"closed","template":"","meta":{"footnotes":""},"_links":{"self":[{"href":"https:\/\/www.imm.az\/exp\/wp-json\/wp\/v2\/pages\/23626"}],"collection":[{"href":"https:\/\/www.imm.az\/exp\/wp-json\/wp\/v2\/pages"}],"about":[{"href":"https:\/\/www.imm.az\/exp\/wp-json\/wp\/v2\/types\/page"}],"author":[{"embeddable":true,"href":"https:\/\/www.imm.az\/exp\/wp-json\/wp\/v2\/users\/6"}],"replies":[{"embeddable":true,"href":"https:\/\/www.imm.az\/exp\/wp-json\/wp\/v2\/comments?post=23626"}],"version-history":[{"count":1,"href":"https:\/\/www.imm.az\/exp\/wp-json\/wp\/v2\/pages\/23626\/revisions"}],"predecessor-version":[{"id":23627,"href":"https:\/\/www.imm.az\/exp\/wp-json\/wp\/v2\/pages\/23626\/revisions\/23627"}],"up":[{"embeddable":true,"href":"https:\/\/www.imm.az\/exp\/wp-json\/wp\/v2\/pages\/2350"}],"wp:attachment":[{"href":"https:\/\/www.imm.az\/exp\/wp-json\/wp\/v2\/media?parent=23626"}],"curies":[{"name":"wp","href":"https:\/\/api.w.org\/{rel}","templated":true}]}}