{"id":23754,"date":"2019-03-01T14:56:16","date_gmt":"2019-03-01T10:56:16","guid":{"rendered":"http:\/\/www.imm.az\/exp\/?page_id=23754"},"modified":"2019-03-01T14:57:34","modified_gmt":"2019-03-01T10:57:34","slug":"%c9%99liyev-r%c9%99sid-%c9%99v%c9%99zaga-oglu","status":"publish","type":"page","link":"https:\/\/www.imm.az\/exp\/%c9%99m%c9%99kdaslar\/%c9%99liyev-r%c9%99sid-%c9%99v%c9%99zaga-oglu\/","title":{"rendered":"\u018fliyev R\u0259\u015fid \u018fv\u0259za\u011fa o\u011flu"},"content":{"rendered":"<p><strong>\u018fsas elmi nailiyy\u0259tl\u0259ri<\/strong><\/p>\n<p style=\"text-align: justify;\">Sinqulyar inteqral t\u0259nlikl\u0259rin h\u0259lli \u00fc\u00e7\u00fcn yeni konstruktiv h\u0259ll \u00fcsulu qurulub v\u0259 \u0259sasland\u0131r\u0131lm\u0131\u015fd\u0131r.<br \/>\nSonlu kompleks \u00f6l\u00e7\u00fcn\u00fcn Ko\u015fi tipli inteqrallar\u0131n\u0131n \u00f6z s\u0259rh\u0259d qiym\u0259tl\u0259ri vasit\u0259sil\u0259 ifad\u0259 olunmas\u0131 \u00fc\u00e7\u00fcn yeni N-inteqral anlay\u0131\u015f\u0131 daxil edil\u0259r\u0259k g\u00f6st\u0259rilib ki, sonlu kompleks \u00f6l\u00e7\u00fcn\u00fcn Ko\u015fi tipli inteqral\u0131 \u00f6z s\u0259rh\u0259d qiym\u0259tl\u0259rinin Ko\u015fi inteqral\u0131d\u0131r.<\/p>\n<p><strong>Son be\u015f ild\u0259 \u00e7ap olunmu\u015f \u0259sas elmi i\u015fl\u0259rinin siyah\u0131s\u0131<\/strong><\/p>\n<ol>\n<li style=\"text-align: justify;\">\u0420.\u0410.\u0410\u043b\u0438\u0435\u0432, \u041e \u043f\u0440\u0435\u0434\u0441\u0442\u0430\u0432\u0438\u043c\u043e\u0441\u0442\u0438 \u0430\u043d\u0430\u043b\u0438\u0442\u0438\u0447\u0435\u0441\u043a\u0438\u0445 \u0444\u0443\u043d\u043a\u0446\u0438\u0439 \u043f\u043e \u0441\u0432\u043e\u0438\u043c \u0433\u0440\u0430\u043d\u0438\u0447\u043d\u044b\u043c \u0437\u043d\u0430\u0447\u0435\u043d\u0438\u044f\u043c, \u041c\u0430\u0442. \u0437\u0430\u043c\u0435\u0442\u043a\u0438, 73:1 (2003), 8-21.<\/li>\n<li style=\"text-align: justify;\">\u0420.\u0410.\u0410\u043b\u0438\u0435\u0432, \u041d\u043e\u0432\u044b\u0439 \u043a\u043e\u043d\u0441\u0442\u0440\u0443\u043a\u0442\u0438\u0432\u043d\u044b\u0439 \u043c\u0435\u0442\u043e\u0434 \u0440\u0435\u0448\u0435\u043d\u0438\u044f \u0441\u0438\u043d\u0433\u0443\u043b\u044f\u0440\u043d\u044b\u0445 \u0438\u043d\u0442\u0435\u0433\u0440\u0430\u043b\u044c\u043d\u044b\u0445 \u0443\u0440\u0430\u0432\u043d\u0435\u043d\u0438\u0439, \u041c\u0430\u0442. \u0437\u0430\u043c\u0435\u0442\u043a\u0438, 79:6 (2006), 803-824.<\/li>\n<li style=\"text-align: justify;\">R.A.Aliev, Existence of angular boundary values and Cauchy-Green formula, Journal of Mathematical Physics, Analysis, Geometry, 7:1 (2011), 3-18.<\/li>\n<li style=\"text-align: justify;\">\u0420.\u0410.\u0410\u043b\u0438\u0435\u0432, -\u0438\u043d\u0442\u0435\u0433\u0440\u0430\u043b\u044b \u0438 \u0433\u0440\u0430\u043d\u0438\u0447\u043d\u044b\u0435 \u0437\u043d\u0430\u0447\u0435\u043d\u0438\u044f \u0438\u043d\u0442\u0435\u0433\u0440\u0430\u043b\u043e\u0432 \u0442\u0438\u043f\u0430 \u041a\u043e\u0448\u0438 \u043a\u043e\u043d\u0435\u0447\u043d\u044b\u0445 \u043c\u0435\u0440, \u041c\u0430\u0442\u0435\u043c. \u0441\u0431\u043e\u0440\u043d\u0438\u043a, 205:7 (2014), 3-24.<\/li>\n<li style=\"text-align: justify;\">A.D.Gadjiev, R.A.Aliev, Approximation of analytical functions by -positive linear operators in the closed domain, Positivity, 18:3 (2014), 439-447.<\/li>\n<li style=\"text-align: justify;\">R.A.Aliev, On Taylor coefficients of Cauchy type integrals of finite complex measures, Complex Variables and Elliptic Equations, 60:12 (2015), 1727-1738.<\/li>\n<li style=\"text-align: justify;\">A.D.Gadjiev, R.A.Aliev, Approximation of analytic functions in annulus by linear operators, Appl. Math. and Comp., 252 (2015), 438-445.<\/li>\n<li style=\"text-align: justify;\">R.A.Aliev, On properties of Hilbert transform of finite complex measures, Complex Analysis and Operator Theory, 10:1 (2016), 171-185.<\/li>\n<li style=\"text-align: justify;\">R.A.Aliev, V.E.Ismailov, On a smoothness problem in ridge function representation, Advances in Applied Mathematics, 73 (2016), 154-169.<\/li>\n<li style=\"text-align: justify;\">R.A.Aliev, Ch.A.Gadjieva, Approximation of Hypersingular Integral Operators With Cauchy Kernel, Numerical Functional Analysis and Optimization, 37:9 (2016), 1055-1065.<\/li>\n<li style=\"text-align: justify;\">Akif D. Gadjiev, Rashid A. Aliev, Korovkin type theorem for linear -positive operators in a polydisc of analytical functions, Math. Slovaca, 66:5 (2016), 1179-1186.<\/li>\n<li style=\"text-align: justify;\">Rashid A. Aliev, Representability of Cauchy-type integrals of finite complex measures on the real axis in terms of their boundary values, Complex Variables and Elliptic Equations, 62:4 (2017), 536-553.<\/li>\n<li style=\"text-align: justify;\">Rashid A. Aliev, Khanim I. Nebiyeva, The A-integral and restricted Ahlfors\u2013Beurling transform, Integral Transforms and Special Functions, 29:10 (2018), 820-830.<\/li>\n<li style=\"text-align: justify;\">Rashid A. Aliev, Aysel A. Asgarova, Vugar E. Ismailov, A note on continuous sums of ridge functions, Journal of Approximation Theory, 237 (2019), 210\u2013221.<\/li>\n<\/ol>\n","protected":false},"excerpt":{"rendered":"<p>\u018fsas elmi nailiyy\u0259tl\u0259ri Sinqulyar inteqral t\u0259nlikl\u0259rin h\u0259lli \u00fc\u00e7\u00fcn yeni konstruktiv h\u0259ll \u00fcsulu qurulub v\u0259 \u0259sasland\u0131r\u0131lm\u0131\u015fd\u0131r. Sonlu kompleks \u00f6l\u00e7\u00fcn\u00fcn Ko\u015fi tipli inteqrallar\u0131n\u0131n \u00f6z s\u0259rh\u0259d qiym\u0259tl\u0259ri vasit\u0259sil\u0259 ifad\u0259 olunmas\u0131 \u00fc\u00e7\u00fcn yeni N-inteqral anlay\u0131\u015f\u0131 daxil edil\u0259r\u0259k g\u00f6st\u0259rilib ki, sonlu kompleks \u00f6l\u00e7\u00fcn\u00fcn Ko\u015fi tipli inteqral\u0131 \u00f6z s\u0259rh\u0259d qiym\u0259tl\u0259rinin Ko\u015fi inteqral\u0131d\u0131r. Son be\u015f ild\u0259 \u00e7ap olunmu\u015f \u0259sas elmi i\u015fl\u0259rinin siyah\u0131s\u0131 [&hellip;]<\/p>\n","protected":false},"author":6,"featured_media":0,"parent":260,"menu_order":0,"comment_status":"closed","ping_status":"closed","template":"","meta":{"footnotes":""},"_links":{"self":[{"href":"https:\/\/www.imm.az\/exp\/wp-json\/wp\/v2\/pages\/23754"}],"collection":[{"href":"https:\/\/www.imm.az\/exp\/wp-json\/wp\/v2\/pages"}],"about":[{"href":"https:\/\/www.imm.az\/exp\/wp-json\/wp\/v2\/types\/page"}],"author":[{"embeddable":true,"href":"https:\/\/www.imm.az\/exp\/wp-json\/wp\/v2\/users\/6"}],"replies":[{"embeddable":true,"href":"https:\/\/www.imm.az\/exp\/wp-json\/wp\/v2\/comments?post=23754"}],"version-history":[{"count":2,"href":"https:\/\/www.imm.az\/exp\/wp-json\/wp\/v2\/pages\/23754\/revisions"}],"predecessor-version":[{"id":23756,"href":"https:\/\/www.imm.az\/exp\/wp-json\/wp\/v2\/pages\/23754\/revisions\/23756"}],"up":[{"embeddable":true,"href":"https:\/\/www.imm.az\/exp\/wp-json\/wp\/v2\/pages\/260"}],"wp:attachment":[{"href":"https:\/\/www.imm.az\/exp\/wp-json\/wp\/v2\/media?parent=23754"}],"curies":[{"name":"wp","href":"https:\/\/api.w.org\/{rel}","templated":true}]}}