{"id":2396,"date":"2014-05-08T14:34:55","date_gmt":"2014-05-08T09:34:55","guid":{"rendered":"http:\/\/www.imm.az\/exp\/%d1%81%d0%be%d1%82%d1%80%d1%83%d0%b4%d0%bd%d0%b8%d0%ba%d0%b8\/babayev-%c9%99li-%c9%99v%c9%99z\/"},"modified":"2014-06-18T17:03:00","modified_gmt":"2014-06-18T12:03:00","slug":"%d0%b1%d0%b0%d0%b1%d0%b0%d0%b5%d0%b2-%d0%b0%d0%bb%d0%b8-%d0%b0%d0%b2%d0%b0%d0%b7","status":"publish","type":"page","link":"https:\/\/www.imm.az\/exp\/%d1%81%d0%be%d1%82%d1%80%d1%83%d0%b4%d0%bd%d0%b8%d0%ba%d0%b8\/%d0%b1%d0%b0%d0%b1%d0%b0%d0%b5%d0%b2-%d0%b0%d0%bb%d0%b8-%d0%b0%d0%b2%d0%b0%d0%b7\/","title":{"rendered":"\u0411\u0430\u0431\u0430\u0435\u0432 \u0410\u043b\u0438 \u0410\u0432\u0430\u0437"},"content":{"rendered":"<p><strong>\u0421\u043f\u0438\u0441\u043e\u043a \u043e\u0441\u043d\u043e\u0432\u043d\u044b\u0445 \u043d\u0430\u0443\u0447\u043d\u044b\u0445 \u0440\u0430\u0431\u043e\u0442 \u0437\u0430 \u043f\u043e\u0441\u043b\u0435\u0434\u043d\u0438\u0435 \u043f\u044f\u0442\u044c \u043b\u0435\u0442<\/strong><\/p>\n<ol>\n<li>Essence of geometrical notions of N.Tusi. \u00a0News of Baku Un-ty. Ser. of phys.-math. Sci. 2009, \u21161, p.36-43<\/li>\n<li>\u00a0\u041d.\u0422\u0443\u0441\u0438\u043d\u0438\u043d \u201c\u0422\u044f\u0436\u0440\u0438\u0434 \u044f\u043b-\u043c\u044f\u043d\u0442\u0438\u0433\u201d \u044f\u0441\u044f\u0440\u0438\u043d\u0434\u044f \u0441\u0438\u043b\u043b\u043e\u0433\u0438\u0437\u043c\u043b\u044f\u0440 \u0449\u0430\u0433\u0433\u044b\u043d\u0434\u0430. \u0411\u0430\u043a\u044b \u0423\u043d\u0438\u0432\u0435\u0440\u0441\u0438\u0442\u0435\u0442\u0438\u043d\u0438\u043d \u0425\u044f\u0431\u044f\u0440\u043b\u044f\u0440\u0438, \u0444\u0438\u0437\u0438\u043a\u0430-\u0440\u0438\u0439\u0430\u0437\u0438\u0439\u0439\u0430\u0442 \u0435\u043b\u043c\u043b\u044f\u0440 \u0441\u0435\u0440\u0438\u0439\u0430\u0441\u044b, \u0411\u0430\u043a\u044b, 2009, \u21164.<\/li>\n<li>\u00a0\u0417\u0430\u043c\u0435\u0447\u0430\u043d\u0438\u0435 \u041d\u0430\u0441\u0438\u0440 \u0430\u0434-\u0414\u0438\u043d\u0430 \u0430\u0442-\u0422\u0443\u0441\u0438 \u043e \u201c\u043c\u0435\u0440\u0438\u043b\u0430\u0445\u201d \u0432 \u0442\u0440\u0430\u043a\u0442\u0430\u0442\u0435 \u201c\u0421\u0431\u043e\u0440\u043d\u0438\u043a \u043f\u043e \u0430\u0440\u0438\u0444\u043c\u0435\u0442\u0438\u043a\u0435 \u0441 \u043f\u043e\u043c\u043e\u0449\u044c\u044e \u0434\u043e\u0441\u043a\u0438\u00a0 \u0438 \u043f\u044b\u043b\u0438\u201d.\u041c\u0435\u0436\u0434\u0443\u043d\u0430\u0440\u043e\u0434\u043d\u0430\u044f \u043d\u0430\u0443\u0447\u043d\u043e-\u043e\u0431\u0440\u0430\u0437\u043e\u0432\u0432\u0442\u0435\u043b\u044c\u043d\u0430\u044f \u043a\u043e\u043d\u0444\u0435\u0440\u0435\u043d\u0446\u0438\u044f\u041d\u0430\u0443\u043a\u0430 \u0432 \u0432\u0443\u0437\u0430\u0445: \u043c\u0430\u0442\u0435\u043c\u0430\u0442\u0438\u043a\u0430, \u0444\u0438\u0437\u0438\u043a\u0430, \u0438\u043d\u0444\u043e\u0440\u043c\u0430\u0442\u0438\u043a\u0430. \u041f\u0440\u043e\u0431\u043b\u0435\u043c\u044b \u0432\u044b\u0441\u0448\u0435\u0433\u043e \u0438 \u0441\u0440\u0435\u0434\u043d\u0435\u0433\u043e \u043f\u0440\u043e\u0444\u0435\u0441\u0441\u0438\u043e\u043d\u0430\u043b\u044c\u043d\u043e\u0433\u043e \u043e\u0431\u0440\u0430\u0437\u043e\u0432\u0430\u043d\u0438\u044f \u041c\u043e\u0441\u043a\u0432\u043023 \u2013 27 \u043c\u0430\u0440\u0442\u0430 2009 \u0433\u043e\u0434\u0430.<\/li>\n<li>\u00a0About concept of number in Toosi\u2019s philosophical treatise \u201cTajrid al-etiqad\u201d. Reports National Academy of sciences of Azerbaijan, 2010. \u21162. p.24-27.<\/li>\n<li>\u00a0Truth tables for solitary statement in Nasireddin Tousi\u2019s treatise \u201cAsas al-iktibas\u201d. News of pedaqogical University, Baku 2010, \u21165, p.3-6<\/li>\n<li>\u00a0N.Tusinin \u201c\u018fsas\u00fcl-iqtibas\u201d \u0259s\u0259rind\u0259 qeyri-m\u00fc\u0259yy\u0259n t\u0259klifl\u0259r \u00fc\u00e7\u00fcn do\u011fruluq c\u0259dv\u0259li. F\u0259ls\u0259f\u0259, sosial v\u0259 h\u00fcquq \u0130nstitutu, \u201cElmi \u0259s\u0259rl\u0259r\u201d, Beyn\u0259lxalq Elmi n\u0259z\u0259ri jurnal, Bak\u0131, 2011, \u21161(16), \u0441.76-79.<\/li>\n<li>\u00a0\u0412\u0435\u043b\u0438\u043a\u0438\u0439 \u043c\u0430\u0442\u0435\u043c\u0430\u0442\u0438\u043a. N.Tusinin 810 illik yubileyin\u0259 h\u0259sr olunmu\u015f \u201cD\u0430hi ensiklopedik alim\u201d beyn\u0259lxalq konfrans\u0131n\u0131n materiallar\u0131, Bak\u0131, 2011,\u00a0 \u0441.87-97<\/li>\n<li>\u0422\u0440\u0443\u0434\u044b \u041d.\u0422\u0443\u0441\u0438 \u043a\u0430\u043a \u0438\u0441\u0442\u043e\u0447\u043d\u0438\u043a \u0430\u0440\u0433\u0443\u043c\u0435\u043d\u0442\u0430\u0446\u0438\u0438 \u0432 \u0434\u0438\u0441\u043a\u0443\u0441\u0441\u0438\u0438 \u043f\u043e \u043f\u043e\u0432\u043e\u0434\u0443 \u00ab\u0433\u0435\u043e\u043c\u0435\u0442\u0440\u0438\u0447\u0435\u0441\u043a\u043e\u0439 \u0430\u043b\u0433\u0435\u0431\u0440\u044b\u00bb. N.Tusinin 810 illik yubileyin\u0259 h\u0259sr olunmu\u015f \u201cD\u0430hi ensiklopedik alim\u201d beyn\u0259lxalq konfrans\u0131n\u0131n materiallar\u0131, Bak\u0131, 2011,\u00a0 \u0441.98-103<\/li>\n<li>\u00a0\u041e\u0431 \u043e\u0434\u043d\u043e\u043c \u043f\u0440\u0438\u043c\u0435\u043d\u0435\u043d\u0438\u0438 \u043a\u0440\u0438\u0442\u0435\u0440\u0438\u044f \u0434\u0435\u043b\u0438\u043c\u043e\u0441\u0442\u0438 \u043d\u0430 \u043f\u0440\u043e\u0441\u0442\u043e\u0439 \u0438\u0434\u0435\u0430\u043b. \u041c\u0430\u0442\u0435\u0440\u0438\u0430\u043b\u044b \u041c\u0435\u0436\u0434\u0443\u043d\u0430\u0440\u043e\u0434\u043d\u043e\u0439 \u043a\u043e\u043d\u0444\u0435\u0440\u0435\u043d\u0446\u0438\u0438 \u043c\u0430\u0442\u0435\u043c\u0430\u0442\u0438\u0447\u0435\u0441\u043a\u0438\u0435 \u0442\u0435\u043e\u0440\u0438\u0438, \u043f\u0440\u043e\u0431\u043b\u0435\u043c\u044b \u0438\u0445 \u043f\u0440\u0438\u043c\u0435\u043d\u0435\u043d\u0438\u044f \u0438 \u043e\u0431\u0443\u0447\u0435\u043d\u0438\u044f, \u0413\u044f\u043d\u0434\u0436\u044f, 2011, \u0441.118-120<\/li>\n<li>\u00a0\u041e \u043b\u043e\u0433\u0438\u0447\u0435\u0441\u043a\u0438\u0445 \u0442\u0430\u0431\u043b\u0438\u0446\u0430\u0445 \u0432 \u0442\u0440\u0430\u043a\u0442\u0430\u0442\u0435 \u041d\u0430\u0441\u0438\u0440\u0435\u0434\u0434\u0438\u043d\u0430 \u0422\u0443\u0441\u0438 \u00ab\u0410\u0441\u0430\u0441 \u0430\u043b-\u0438\u043a\u0442\u0438\u0431\u0430\u0441\u00bb. \u041b\u043e\u0433\u0438\u043a\u0430, \u044f\u0437\u044b\u043a \u0438 \u0444\u043e\u0440\u043c\u0430\u043b\u044c\u043d\u044b\u0435 \u043c\u043e\u0434\u0435\u043b\u0438. \u0421\u0430\u043d\u043a\u0442-\u041f\u0435\u0442\u0435\u0440\u0431\u0443\u0440\u0433, 2012, \u0441.87-96.<\/li>\n<li>\u00a0Tusi-Pa\u015f v\u0259 Tusi-Lejandr postulatlar\u0131 haqq\u0131nda. Pedaqoji Universitet x\u0259b\u0259rl\u0259ri, Bak\u0131-\u21164-2012, s\u0259h. 3-6.<\/li>\n<li>\u00a0New Results In The Research On Some Mathematical Works Of Nasir Al-Din Al-Tusi. MuslimHeritage.com<\/li>\n<li>\u00a0\u042d\u0432\u043e\u043b\u044e\u0446\u0438\u044f \u043b\u043e\u0433\u0438\u0447\u0435\u0441\u043a\u043e\u0439 \u0441\u0442\u0440\u043e\u0433\u043e\u0441\u0442\u0438 \u043c\u0430\u0442\u0435\u043c\u0430\u0442\u0438\u0447\u0435\u0441\u043a\u043e\u0433\u043e \u0434\u043e\u043a\u0430\u0437\u0430\u0442\u0435\u043b\u044c\u0441\u0442\u0432\u0430 \u0432 \u0442\u0440\u0443\u0434\u0435 \u041d.\u0422\u0443\u0441\u0438 \u00ab\u0422\u0430\u0445\u0438\u0440\u0438\u0440\u0438 \u0423\u043a\u043b\u0438\u0434\u0438\u0441\u00bb (\u00ab\u0418\u0437\u043b\u043e\u0436\u0435\u043d\u0438\u044f \u0415\u0432\u043a\u043b\u0438\u0434\u0430\u00bb). \u0412\u043e\u0441\u044c\u043c\u044b\u0435 \u0441\u043c\u0438\u0440\u043d\u043e\u0432\u0441\u043a\u0438\u0435 \u0447\u0442\u0435\u043d\u0438\u044f \u043f\u043e \u043b\u043e\u0433\u0438\u043a\u0435.<br \/>\n\u041c\u0430\u0442\u0435\u0440\u0438\u0430\u043b\u044b \u043c\u0435\u0436\u0434\u0443\u043d\u0430\u0440\u043e\u0434\u043d\u043e\u0439 \u043d\u0430\u0443\u0447\u043d\u043e\u0439 \u043a\u043e\u043d\u0444\u0435\u0440\u0435\u043d\u0446\u0438\u0438 19-21 \u0438\u044e\u043d\u044f 2013 \u0433\u043e\u0434\u0430 \u041c\u043e\u0441\u043a\u0432\u0430 \u0441.93-94<\/li>\n<\/ol>\n","protected":false},"excerpt":{"rendered":"<p>\u0421\u043f\u0438\u0441\u043e\u043a \u043e\u0441\u043d\u043e\u0432\u043d\u044b\u0445 \u043d\u0430\u0443\u0447\u043d\u044b\u0445 \u0440\u0430\u0431\u043e\u0442 \u0437\u0430 \u043f\u043e\u0441\u043b\u0435\u0434\u043d\u0438\u0435 \u043f\u044f\u0442\u044c \u043b\u0435\u0442 Essence of geometrical notions of N.Tusi. \u00a0News of Baku Un-ty. Ser. of phys.-math. Sci. 2009, \u21161, p.36-43 \u00a0\u041d.\u0422\u0443\u0441\u0438\u043d\u0438\u043d \u201c\u0422\u044f\u0436\u0440\u0438\u0434 \u044f\u043b-\u043c\u044f\u043d\u0442\u0438\u0433\u201d \u044f\u0441\u044f\u0440\u0438\u043d\u0434\u044f \u0441\u0438\u043b\u043b\u043e\u0433\u0438\u0437\u043c\u043b\u044f\u0440 \u0449\u0430\u0433\u0433\u044b\u043d\u0434\u0430. \u0411\u0430\u043a\u044b \u0423\u043d\u0438\u0432\u0435\u0440\u0441\u0438\u0442\u0435\u0442\u0438\u043d\u0438\u043d \u0425\u044f\u0431\u044f\u0440\u043b\u044f\u0440\u0438, \u0444\u0438\u0437\u0438\u043a\u0430-\u0440\u0438\u0439\u0430\u0437\u0438\u0439\u0439\u0430\u0442 \u0435\u043b\u043c\u043b\u044f\u0440 \u0441\u0435\u0440\u0438\u0439\u0430\u0441\u044b, \u0411\u0430\u043a\u044b, 2009, \u21164. \u00a0\u0417\u0430\u043c\u0435\u0447\u0430\u043d\u0438\u0435 \u041d\u0430\u0441\u0438\u0440 \u0430\u0434-\u0414\u0438\u043d\u0430 \u0430\u0442-\u0422\u0443\u0441\u0438 \u043e \u201c\u043c\u0435\u0440\u0438\u043b\u0430\u0445\u201d \u0432 \u0442\u0440\u0430\u043a\u0442\u0430\u0442\u0435 \u201c\u0421\u0431\u043e\u0440\u043d\u0438\u043a \u043f\u043e \u0430\u0440\u0438\u0444\u043c\u0435\u0442\u0438\u043a\u0435 \u0441 \u043f\u043e\u043c\u043e\u0449\u044c\u044e \u0434\u043e\u0441\u043a\u0438\u00a0 \u0438 [&hellip;]<\/p>\n","protected":false},"author":6,"featured_media":0,"parent":2339,"menu_order":0,"comment_status":"open","ping_status":"open","template":"","meta":{"footnotes":""},"_links":{"self":[{"href":"https:\/\/www.imm.az\/exp\/wp-json\/wp\/v2\/pages\/2396"}],"collection":[{"href":"https:\/\/www.imm.az\/exp\/wp-json\/wp\/v2\/pages"}],"about":[{"href":"https:\/\/www.imm.az\/exp\/wp-json\/wp\/v2\/types\/page"}],"author":[{"embeddable":true,"href":"https:\/\/www.imm.az\/exp\/wp-json\/wp\/v2\/users\/6"}],"replies":[{"embeddable":true,"href":"https:\/\/www.imm.az\/exp\/wp-json\/wp\/v2\/comments?post=2396"}],"version-history":[{"count":2,"href":"https:\/\/www.imm.az\/exp\/wp-json\/wp\/v2\/pages\/2396\/revisions"}],"predecessor-version":[{"id":2400,"href":"https:\/\/www.imm.az\/exp\/wp-json\/wp\/v2\/pages\/2396\/revisions\/2400"}],"up":[{"embeddable":true,"href":"https:\/\/www.imm.az\/exp\/wp-json\/wp\/v2\/pages\/2339"}],"wp:attachment":[{"href":"https:\/\/www.imm.az\/exp\/wp-json\/wp\/v2\/media?parent=2396"}],"curies":[{"name":"wp","href":"https:\/\/api.w.org\/{rel}","templated":true}]}}