{"id":2402,"date":"2014-05-08T15:38:07","date_gmt":"2014-05-08T10:38:07","guid":{"rendered":"http:\/\/www.imm.az\/exp\/%d1%81%d0%be%d1%82%d1%80%d1%83%d0%b4%d0%bd%d0%b8%d0%ba%d0%b8\/babayeva-r%c9%99na-q%c9%99dir\/"},"modified":"2014-06-18T17:06:32","modified_gmt":"2014-06-18T12:06:32","slug":"%d0%b1%d0%b0%d0%b1%d0%b0%d0%b5%d0%b2%d0%b0-%d1%80%d0%b5%d0%bd%d0%b0-%d0%b3%d0%b0%d0%b4%d0%b8%d1%80","status":"publish","type":"page","link":"https:\/\/www.imm.az\/exp\/%d1%81%d0%be%d1%82%d1%80%d1%83%d0%b4%d0%bd%d0%b8%d0%ba%d0%b8\/%d0%b1%d0%b0%d0%b1%d0%b0%d0%b5%d0%b2%d0%b0-%d1%80%d0%b5%d0%bd%d0%b0-%d0%b3%d0%b0%d0%b4%d0%b8%d1%80\/","title":{"rendered":"\u0411\u0430\u0431\u0430\u0435\u0432\u0430 \u0420\u0435\u043d\u0430 \u0413\u0430\u0434\u0438\u0440"},"content":{"rendered":"<p><strong>\u0421\u043f\u0438\u0441\u043e\u043a \u043e\u0441\u043d\u043e\u0432\u043d\u044b\u0445 \u043d\u0430\u0443\u0447\u043d\u044b\u0445 \u0440\u0430\u0431\u043e\u0442 \u0437\u0430 \u043f\u043e\u0441\u043b\u0435\u0434\u043d\u0438\u0435 \u043f\u044f\u0442\u044c \u043b\u0435\u0442<\/strong><\/p>\n<ol>\n<li>\u041e \u0432\u043b\u043e\u0436\u0435\u043d\u0438\u044f \u0447\u0430\u0441\u0442\u0438\u0447\u043d\u043e \u0443\u043f\u043e\u0440\u044f\u0434\u043e\u0447\u0435\u043d\u043d\u044b\u0445 \u043c\u043d\u043e\u0436\u0435\u0441\u0442\u0432 \u0432 \u0440\u0435\u0448\u0435\u0442\u043a\u0443\u00a0 \u043a\u043b\u043e\u043d\u043e\u0432 \u043d\u0430 \u0431\u0435\u0441\u043a\u043e\u043d\u0435\u0447\u043d\u043e\u043c \u043c\u043d\u043e\u0436\u0435\u0441\u0442\u0432\u0435. Proc. Of Ontern. Astronomy year Conference. Naxchivan, 2009, p.40<\/li>\n<li>\u201cTozlu l\u00f6vh\u0259nin k\u00f6m\u0259yi il\u0259 hesab toplusu\u201d \u0259s\u0259rind\u0259 altm\u0131\u015fl\u0131q say sistemind\u0259\u00a0 vurma v\u0259 b\u00f6lm\u0259 \u0259m\u0259ll\u0259rinin yerin\u0259 yetirilm\u0259si. AMEA Riyaziyyat v\u0259 mexanika \u0130nstitutunun 50 illiyin\u0259 h\u0259sr olunmu\u015f riyaziyyat v\u0259 mexanika \u00fczr\u0259 Beyn\u0259lxalq konfrans\u0131n tezisl\u0259ri. Bak\u0131, 2009, s\u0259h.85-86<\/li>\n<li>N.Tusinin \u201cTozlu l\u00f6vh\u0259nin k\u00f6m\u0259yi il\u0259 hesab toplusu\u201d \u0259s\u0259rind\u0259 c\u00fcmm\u0259l hesab\u0131 il\u0259 kvadrat k\u00f6kalma. Spektral n\u0259z\u0259riy\u0259 v\u0259 onun t\u0259tbiql\u0259ri. Akad. F.Q.Maqsudovun 80 illik yubileyin\u0259 h\u0259sr olunmu\u015f Beyn\u0259lxalq konfrans\u0131n tezisl\u0259ri. Bak\u0131, 2010, c.108.<\/li>\n<li>\u041e \u0445\u0430\u0439\u0434\u0430\u0440\u0430\u0431\u0430\u0434\u0441\u043a\u043e\u043c \u0438\u0437\u0434\u0430\u043d\u0438\u0438 \u201c\u041a\u043d\u0438\u0433\u0438 \u043f\u0440\u0435\u0434\u043f\u043e\u043b\u043e\u0436\u0435\u043d\u0438\u0439\u201d \u0421\u0430\u0431\u0438\u0442\u0430 \u0438\u0431\u043d \u041a\u043e\u0440\u0440\u044b. \u0422\u0435\u0437\u0438\u0441\u044b XXXII \u043c\u0435\u0436\u0434\u0443\u043d\u0430\u0440\u043e\u0434\u043d\u043e\u0439 \u043a\u043e\u043d\u0444\u0435\u0440\u0435\u043d\u0446\u0438\u0438 \u0421\u0430\u043d\u043a\u0442-\u041f\u0435\u0442\u0435\u0440\u0431\u0443\u0440\u0433\u0441\u043a\u043e\u0433\u043e \u043e\u0442\u0434\u0435\u043b\u0435\u043d\u0438\u044f \u043f\u043e \u0438\u0441\u0442\u043e\u0440\u0438\u0438 \u0438 \u0444\u0438\u043b\u043e\u0441\u043e\u0444\u0438\u0438 \u043d\u0430\u0443\u043a\u0438 \u0438 \u0442\u0435\u0445\u043d\u0438\u043a\u0438 \u0420\u0410\u041d, \u0421\u0430\u043d\u043a\u0442-\u041f\u0435\u0442\u0435\u0440\u0431\u0443\u0440\u0433, 2010<\/li>\n<li>N.Tusinin \u201cF\u0259rziyy\u0259l\u0259r kitab\u0131na \u015f\u0259rh\u201d \u0259s\u0259ri haqq\u0131nda. Pedaqoji Universitet x\u0259b\u0259rl\u0259ri, Bak\u0131, \u21165, 2010, c.290-292<\/li>\n<li>\u0414\u0432\u0435 \u0437\u0430\u0434\u0430\u0447\u0438 \u0438\u0437 \u0442\u0440\u0430\u043a\u0442\u0430\u0442\u0430 \u041d.\u0422\u0443\u0441\u0438 \u00ab\u0418\u0437\u043b\u043e\u0436\u0435\u043d\u0438\u0435 \u043a\u043d\u0438\u0433\u0438 \u00ab\u041f\u0440\u0435\u0434\u043f\u043e\u043b\u043e\u0436\u0435\u043d\u0438\u0439\u00bb\u00bb. \u041c\u0435\u0436\u0434\u0443\u043d\u0430\u0440\u043e\u0434\u043d\u0430\u044f \u043a\u043e\u043d\u0444\u0435\u0440\u0435\u043d\u0446\u0438\u044f \u043f\u043e\u0441\u0432. 810-\u043b\u0435\u0442\u0438\u044e \u041c\u0443\u0445\u0430\u043c\u043c\u0430\u0434\u0430 \u041d\u0430\u0441\u0438\u0440\u0435\u0434\u0434\u0438\u043d\u0430 \u0422\u0443\u0441\u0438, \u0411\u0430\u043a\u0443, 2011, \u0441.109-111<\/li>\n<li>N.Tusinin \u201cB\u0259ni Musanin \u201cM\u00fcst\u0259vi v\u0259 sferik fiqurlarin \u00f6l\u00e7\u00fclm\u0259si kitabi\u201dna \u015f\u0259rh\u201d \u0259s\u0259rin\u0259 qeydl\u0259ri\u00a0 haqqinda. \u0418\u0437\u0432\u0435\u0441\u0442\u0438\u044f \u041f\u0435\u0434\u0430\u0433\u043e\u0433\u0438\u0447\u0435\u0441\u043a\u043e\u0433\u043e \u0423\u043d\u0438\u0432\u0435\u0440\u0441\u0438\u0442\u0435\u0442\u0430, \u21163, 2013<\/li>\n<\/ol>\n","protected":false},"excerpt":{"rendered":"<p>\u0421\u043f\u0438\u0441\u043e\u043a \u043e\u0441\u043d\u043e\u0432\u043d\u044b\u0445 \u043d\u0430\u0443\u0447\u043d\u044b\u0445 \u0440\u0430\u0431\u043e\u0442 \u0437\u0430 \u043f\u043e\u0441\u043b\u0435\u0434\u043d\u0438\u0435 \u043f\u044f\u0442\u044c \u043b\u0435\u0442 \u041e \u0432\u043b\u043e\u0436\u0435\u043d\u0438\u044f \u0447\u0430\u0441\u0442\u0438\u0447\u043d\u043e \u0443\u043f\u043e\u0440\u044f\u0434\u043e\u0447\u0435\u043d\u043d\u044b\u0445 \u043c\u043d\u043e\u0436\u0435\u0441\u0442\u0432 \u0432 \u0440\u0435\u0448\u0435\u0442\u043a\u0443\u00a0 \u043a\u043b\u043e\u043d\u043e\u0432 \u043d\u0430 \u0431\u0435\u0441\u043a\u043e\u043d\u0435\u0447\u043d\u043e\u043c \u043c\u043d\u043e\u0436\u0435\u0441\u0442\u0432\u0435. Proc. Of Ontern. Astronomy year Conference. Naxchivan, 2009, p.40 \u201cTozlu l\u00f6vh\u0259nin k\u00f6m\u0259yi il\u0259 hesab toplusu\u201d \u0259s\u0259rind\u0259 altm\u0131\u015fl\u0131q say sistemind\u0259\u00a0 vurma v\u0259 b\u00f6lm\u0259 \u0259m\u0259ll\u0259rinin yerin\u0259 yetirilm\u0259si. AMEA Riyaziyyat v\u0259 mexanika \u0130nstitutunun 50 illiyin\u0259 h\u0259sr olunmu\u015f riyaziyyat v\u0259 [&hellip;]<\/p>\n","protected":false},"author":6,"featured_media":0,"parent":2339,"menu_order":0,"comment_status":"open","ping_status":"open","template":"","meta":{"footnotes":""},"_links":{"self":[{"href":"https:\/\/www.imm.az\/exp\/wp-json\/wp\/v2\/pages\/2402"}],"collection":[{"href":"https:\/\/www.imm.az\/exp\/wp-json\/wp\/v2\/pages"}],"about":[{"href":"https:\/\/www.imm.az\/exp\/wp-json\/wp\/v2\/types\/page"}],"author":[{"embeddable":true,"href":"https:\/\/www.imm.az\/exp\/wp-json\/wp\/v2\/users\/6"}],"replies":[{"embeddable":true,"href":"https:\/\/www.imm.az\/exp\/wp-json\/wp\/v2\/comments?post=2402"}],"version-history":[{"count":1,"href":"https:\/\/www.imm.az\/exp\/wp-json\/wp\/v2\/pages\/2402\/revisions"}],"predecessor-version":[{"id":2403,"href":"https:\/\/www.imm.az\/exp\/wp-json\/wp\/v2\/pages\/2402\/revisions\/2403"}],"up":[{"embeddable":true,"href":"https:\/\/www.imm.az\/exp\/wp-json\/wp\/v2\/pages\/2339"}],"wp:attachment":[{"href":"https:\/\/www.imm.az\/exp\/wp-json\/wp\/v2\/media?parent=2402"}],"curies":[{"name":"wp","href":"https:\/\/api.w.org\/{rel}","templated":true}]}}