{"id":2463,"date":"2014-06-20T12:33:02","date_gmt":"2014-06-20T07:33:02","guid":{"rendered":"http:\/\/www.imm.az\/exp\/?page_id=2463"},"modified":"2014-06-20T12:33:02","modified_gmt":"2014-06-20T07:33:02","slug":"%d0%b0%d0%bb%d0%b8%d0%b5%d0%b2-%d0%b8%d0%bb%d1%8c%d0%b3%d0%b0%d1%80-%d1%8f%d1%85%d1%8c%d1%8f","status":"publish","type":"page","link":"https:\/\/www.imm.az\/exp\/%d1%81%d0%be%d1%82%d1%80%d1%83%d0%b4%d0%bd%d0%b8%d0%ba%d0%b8\/%d0%b0%d0%bb%d0%b8%d0%b5%d0%b2-%d0%b8%d0%bb%d1%8c%d0%b3%d0%b0%d1%80-%d1%8f%d1%85%d1%8c%d1%8f\/","title":{"rendered":"\u0410\u043b\u0438\u0435\u0432 \u0418\u043b\u044c\u0433\u0430\u0440 \u042f\u0445\u044c\u044f"},"content":{"rendered":"<p><strong>\u0421\u043f\u0438\u0441\u043e\u043a \u043e\u0441\u043d\u043e\u0432\u043d\u044b\u0445 \u043d\u0430\u0443\u0447\u043d\u044b\u0445 \u0440\u0430\u0431\u043e\u0442 \u0437\u0430 \u043f\u043e\u0441\u043b\u0435\u0434\u043d\u0438\u0435 \u043f\u044f\u0442\u044c \u043b\u0435\u0442<\/strong><\/p>\n<ol>\n<li>\u018fliyev \u0130.Y., Musayev X.\u0130., Calalov M.C. Yat\u0131q \u00f6rt\u00fckl\u00fc konstruksiyalarda bir elementin hesabat\u0131. Odlar Yurdu Universiteti,Elmi v\u0259 pedoqoji x\u0259b\u0259rl\u0259ri,\u211624, Bak\u0131-2008.<\/li>\n<li>\u018fliyev \u0130.Y., Musayev X.\u0130., Calalov M.C. Silindrik \u00f6rt\u00fckl\u0259r n\u0259z\u0259riyy\u0259sind\u0259ki fiziki t\u0259nlikl\u0259rin ara\u015fd\u0131r\u0131lmas\u0131 Az\u0259rbaycan Ali Texniki m\u0259kt\u0259bl\u0259rinin x\u0259b\u0259rl\u0259ri. 2011, s\u0259h 80-83<\/li>\n<\/ol>\n","protected":false},"excerpt":{"rendered":"<p>\u0421\u043f\u0438\u0441\u043e\u043a \u043e\u0441\u043d\u043e\u0432\u043d\u044b\u0445 \u043d\u0430\u0443\u0447\u043d\u044b\u0445 \u0440\u0430\u0431\u043e\u0442 \u0437\u0430 \u043f\u043e\u0441\u043b\u0435\u0434\u043d\u0438\u0435 \u043f\u044f\u0442\u044c \u043b\u0435\u0442 \u018fliyev \u0130.Y., Musayev X.\u0130., Calalov M.C. Yat\u0131q \u00f6rt\u00fckl\u00fc konstruksiyalarda bir elementin hesabat\u0131. Odlar Yurdu Universiteti,Elmi v\u0259 pedoqoji x\u0259b\u0259rl\u0259ri,\u211624, Bak\u0131-2008. \u018fliyev \u0130.Y., Musayev X.\u0130., Calalov M.C. Silindrik \u00f6rt\u00fckl\u0259r n\u0259z\u0259riyy\u0259sind\u0259ki fiziki t\u0259nlikl\u0259rin ara\u015fd\u0131r\u0131lmas\u0131 Az\u0259rbaycan Ali Texniki m\u0259kt\u0259bl\u0259rinin x\u0259b\u0259rl\u0259ri. 2011, s\u0259h 80-83<\/p>\n","protected":false},"author":6,"featured_media":0,"parent":2339,"menu_order":0,"comment_status":"open","ping_status":"open","template":"","meta":{"footnotes":""},"_links":{"self":[{"href":"https:\/\/www.imm.az\/exp\/wp-json\/wp\/v2\/pages\/2463"}],"collection":[{"href":"https:\/\/www.imm.az\/exp\/wp-json\/wp\/v2\/pages"}],"about":[{"href":"https:\/\/www.imm.az\/exp\/wp-json\/wp\/v2\/types\/page"}],"author":[{"embeddable":true,"href":"https:\/\/www.imm.az\/exp\/wp-json\/wp\/v2\/users\/6"}],"replies":[{"embeddable":true,"href":"https:\/\/www.imm.az\/exp\/wp-json\/wp\/v2\/comments?post=2463"}],"version-history":[{"count":1,"href":"https:\/\/www.imm.az\/exp\/wp-json\/wp\/v2\/pages\/2463\/revisions"}],"predecessor-version":[{"id":2464,"href":"https:\/\/www.imm.az\/exp\/wp-json\/wp\/v2\/pages\/2463\/revisions\/2464"}],"up":[{"embeddable":true,"href":"https:\/\/www.imm.az\/exp\/wp-json\/wp\/v2\/pages\/2339"}],"wp:attachment":[{"href":"https:\/\/www.imm.az\/exp\/wp-json\/wp\/v2\/media?parent=2463"}],"curies":[{"name":"wp","href":"https:\/\/api.w.org\/{rel}","templated":true}]}}