{"id":2493,"date":"2014-06-20T13:38:54","date_gmt":"2014-06-20T08:38:54","guid":{"rendered":"http:\/\/www.imm.az\/exp\/?page_id=2493"},"modified":"2014-06-20T13:38:54","modified_gmt":"2014-06-20T08:38:54","slug":"%d0%b3%d0%b0%d0%b4%d0%b6%d0%b8%d0%b9%d0%b5%d0%b2-%d0%b2%d0%b0%d0%b3%d0%b8%d1%84-%d0%b4%d0%b6%d0%b0%d0%bc%d0%b0%d0%bb-%d0%be%d0%b3%d0%bb%d1%8b","status":"publish","type":"page","link":"https:\/\/www.imm.az\/exp\/%d1%81%d0%be%d1%82%d1%80%d1%83%d0%b4%d0%bd%d0%b8%d0%ba%d0%b8\/%d0%b3%d0%b0%d0%b4%d0%b6%d0%b8%d0%b9%d0%b5%d0%b2-%d0%b2%d0%b0%d0%b3%d0%b8%d1%84-%d0%b4%d0%b6%d0%b0%d0%bc%d0%b0%d0%bb-%d0%be%d0%b3%d0%bb%d1%8b\/","title":{"rendered":"\u0413\u0430\u0434\u0436\u0438\u0439\u0435\u0432 \u0412\u0430\u0433\u0438\u0444 \u0414\u0436\u0430\u043c\u0430\u043b \u043e\u0433\u043b\u044b"},"content":{"rendered":"<p><strong>\u0421\u043f\u0438\u0441\u043e\u043a \u043e\u0441\u043d\u043e\u0432\u043d\u044b\u0445 \u043d\u0430\u0443\u0447\u043d\u044b\u0445 \u0440\u0430\u0431\u043e\u0442 \u0437\u0430 \u043f\u043e\u0441\u043b\u0435\u0434\u043d\u0438\u0435 \u043f\u044f\u0442\u044c \u043b\u0435\u0442<\/strong><\/p>\n<ol>\n<li>Gadjiev V.C., A\u011famalyev N.C., Mirzoev B.D. Stability of continuously nonhomogeneous orthotropic rectangular plate under in plane compressions. International simposium on engineering and architectural sciences of Balkan, Caucasus and Turk Republics, 2009 Turkey, p.74.<\/li>\n<li>Hac\u0131yev V.C., \u015eahsev\u0259r V. Ortotrop qeyri bircins\u00a0 l\u00f6vh\u0259nin dayan\u0131ql\u0131\u011f\u0131. N\u0259z\u0259ri v\u0259 t\u0259tbiqi mexanika, Bak\u0131, 2010, \u21164. s.32<\/li>\n<li>Hac\u0131yev V.C., X\u0259lilm\u0259rd H. Ortotrop l\u00f6vh\u0259l\u0259rin s\u0259rb\u0259st r\u0259qsl\u0259ri haqq\u0131nda. N\u0259z\u0259ri v\u0259 t\u0259tbiqi mexanika, Bak\u0131, 2010, \u21164. s.25<\/li>\n<li>\u0413\u0430\u0434\u0436\u0438\u0435\u0432 \u0412.\u0414., \u0413\u0430\u0441\u044b\u043c\u043e\u0432 \u0413.\u041c. \u041e \u043f\u043e\u0442\u0435\u0440\u0438 \u0443\u0441\u0442\u043e\u0439\u0447\u0438\u0432\u043e\u0441\u0442\u0438 \u0438 \u0441\u043e\u0431\u0441\u0442\u0432\u0435\u043d\u043d\u043e\u0439 \u043a\u043e\u043b\u0435\u0431\u0430\u043d\u0438\u0438 \u043d\u0435\u043e\u0434\u043d\u043e\u0440\u043e\u0434\u043d\u043e\u0439 \u0446\u0438\u043b\u0438\u043d\u0434\u0440\u0438\u0447\u0435\u0441\u043a\u043e\u0439 \u043e\u0431\u043e\u043b\u043e\u0447\u043a\u0438 \u043a\u0440\u0443\u0433\u043e\u0432\u043e\u0433\u043e \u043f\u043e\u043f\u0435\u0440\u0435\u0447\u043d\u043e\u0433\u043e \u0441\u0435\u0447\u0435\u043d\u0438\u044f. \u0418\u0437\u0432\u0435\u0441\u0442\u0438\u044f \u041d\u0410\u041d\u0410, 2011, \u21161<\/li>\n<li>Sofiyev A.H., Schack E., Haciyev V.C., Kurdoglu N. Effect of the two parameter elastic foundation on the critical parameters of non-homogeneous orthotropic shells. International Journal of Structural Stability and Dynamics, Vol.12, \u21165, 2012<\/li>\n<li>\u0413\u0430\u0434\u0436\u0438\u0435\u0432 \u0412.\u0414., \u041c\u0430\u043c\u0435\u0434\u043e\u0432 \u0428.\u041c., \u0414\u0436\u0430\u0444\u0430\u0440\u043e\u0432 \u0425.\u0413. \u041e \u043a\u043e\u043b\u0435\u0431\u0430\u043d\u0438\u0438 \u043f\u043e\u0434 \u0434\u0435\u0439\u0441\u0442\u0432\u0438\u0435\u043c \u043f\u043e\u0434\u0432\u0438\u0436\u043d\u043e\u0433\u043e \u0433\u0440\u0443\u0437\u0430 \u0432 \u043d\u0435\u043e\u0434\u043d\u043e\u0440\u043e\u0434\u043d\u043e\u0439 \u0431\u0430\u043b\u043a\u0435 \u0441 \u0443\u0447\u0435\u0442\u043e\u043c \u043d\u0435\u043e\u0434\u043d\u043e\u0440\u043e\u0434\u043d\u043e \u0432\u044f\u0437\u043a\u043e\u0443\u043f\u0440\u0443\u0433\u043e\u0433\u043e \u0441\u043e\u043f\u0440\u043e\u0442\u0438\u0432\u043b\u0435\u043d\u0438\u044f. \u0422\u0438\u041f \u2013\u043c\u0435\u0445\u0430\u043d\u0438\u043a\u0430, \u0411\u0430\u043a\u0443, 2012, \u0441\u0442\u0440. 104-109<\/li>\n<li>\u0413\u0430\u0434\u0436\u0438\u0435\u0432 \u0412.\u0414., \u041c\u0443\u0441\u0430\u0435\u0432 \u0418.\u0423., \u0414\u0436\u0430\u0444\u0430\u0440\u043e\u0432 \u0425.\u0413. \u041a\u043e\u043b\u0435\u0431\u0430\u043d\u0438\u0435 \u043d\u0435\u043e\u0434\u043d\u043e\u0440\u043e\u0434\u043d\u043e \u043f\u0440\u044f\u043c\u043e\u0443\u0433\u043e\u043b\u044c\u043d\u043e\u0439 \u043f\u043b\u0430\u0441\u0442\u0438\u043d\u043a\u0438 \u043b\u0435\u0436\u0430\u0449\u0435\u0439 \u043d\u0430 \u043d\u0435\u043e\u0434\u043d\u043e\u0440\u043e\u0434\u043d\u043e-\u0432\u044f\u0437\u043a\u043e\u0443\u043f\u0440\u0443\u0433\u043e\u043c \u043e\u0441\u043d\u043e\u0432\u0430\u043d\u0438\u0438. \u0422\u0438\u041f \u2013\u043c\u0435\u0445\u0430\u043d\u0438\u043a\u0430 \u21162, \u0411\u0430\u043a\u0443, 2012, \u0441\u0442\u0440. 139-143<\/li>\n<li>\u0413\u0430\u0434\u0436\u0438\u0435\u0432 \u0412.\u0414., \u0414\u0436\u0430\u0444\u0430\u0440\u043e\u0432 \u0425.\u0413. \u041e\u0431 \u0443\u0441\u0442\u043e\u0439\u0447\u0438\u0432\u043e\u0441\u0442\u0438 \u043d\u0435\u043e\u0434\u043d\u043e\u0440\u043e\u0434\u043d\u044b\u0445 \u043f\u043e\u0434\u0437\u0435\u043c\u043d\u044b\u0445 \u0442\u0440\u0443\u0431\u043e\u043f\u0440\u043e\u0432\u043e\u0434\u043e\u0432. 2012.<\/li>\n<li>\u0413\u0430\u0434\u0436\u0438\u0435\u0432 \u0412.\u0414., \u0420\u0437\u0430\u0435\u0432 \u041d.\u0421. \u041a\u043e\u043b\u0435\u0431\u0430\u043d\u0438\u0435 \u043e\u0442 \u0434\u0430\u0432\u043b\u0435\u043d\u0438\u044f \u0433\u0440\u0443\u0437\u0430 \u043d\u0430 \u043d\u0435\u043e\u0434\u043d\u043e\u0440\u043e\u0434\u043d\u043e\u0439 \u0431\u0430\u043b\u043a\u0435 \u0438\u0437 \u043d\u0435\u043e\u0434\u043d\u043e\u0440\u043e\u0434\u043d\u043e \u0440\u0430\u0437\u043d\u043e \u043c\u043e\u0434\u0443\u043b\u044c\u043d\u043e\u0433\u043e \u043c\u0430\u0442\u0435\u0440\u0438\u0430\u043b\u0430. 2013.<\/li>\n<li>\u0413\u0430\u0434\u0436\u0438\u0435\u0432 \u0412.\u0414., \u041c\u0443\u0441\u0430\u0435\u0432 \u0418.\u0423., \u0414\u0436\u0430\u0444\u0430\u0440\u043e\u0432 \u0425.\u0413. \u041e \u043d\u0430\u043f\u0440\u044f\u0436\u0435\u043d\u043d\u043e\u043c \u0441\u043e\u0441\u0442\u043e\u044f\u043d\u0438\u0438 \u043f\u043e\u0434\u0432\u043e\u0434\u043d\u044b\u0445 \u0442\u0440\u0443\u0431\u043e\u043f\u0440\u043e\u0432\u043e\u0434\u043e\u0432. 2013.<\/li>\n<\/ol>\n","protected":false},"excerpt":{"rendered":"<p>\u0421\u043f\u0438\u0441\u043e\u043a \u043e\u0441\u043d\u043e\u0432\u043d\u044b\u0445 \u043d\u0430\u0443\u0447\u043d\u044b\u0445 \u0440\u0430\u0431\u043e\u0442 \u0437\u0430 \u043f\u043e\u0441\u043b\u0435\u0434\u043d\u0438\u0435 \u043f\u044f\u0442\u044c \u043b\u0435\u0442 Gadjiev V.C., A\u011famalyev N.C., Mirzoev B.D. Stability of continuously nonhomogeneous orthotropic rectangular plate under in plane compressions. International simposium on engineering and architectural sciences of Balkan, Caucasus and Turk Republics, 2009 Turkey, p.74. Hac\u0131yev V.C., \u015eahsev\u0259r V. Ortotrop qeyri bircins\u00a0 l\u00f6vh\u0259nin dayan\u0131ql\u0131\u011f\u0131. N\u0259z\u0259ri v\u0259 t\u0259tbiqi mexanika, Bak\u0131, [&hellip;]<\/p>\n","protected":false},"author":6,"featured_media":0,"parent":2339,"menu_order":0,"comment_status":"open","ping_status":"open","template":"","meta":{"footnotes":""},"_links":{"self":[{"href":"https:\/\/www.imm.az\/exp\/wp-json\/wp\/v2\/pages\/2493"}],"collection":[{"href":"https:\/\/www.imm.az\/exp\/wp-json\/wp\/v2\/pages"}],"about":[{"href":"https:\/\/www.imm.az\/exp\/wp-json\/wp\/v2\/types\/page"}],"author":[{"embeddable":true,"href":"https:\/\/www.imm.az\/exp\/wp-json\/wp\/v2\/users\/6"}],"replies":[{"embeddable":true,"href":"https:\/\/www.imm.az\/exp\/wp-json\/wp\/v2\/comments?post=2493"}],"version-history":[{"count":1,"href":"https:\/\/www.imm.az\/exp\/wp-json\/wp\/v2\/pages\/2493\/revisions"}],"predecessor-version":[{"id":2494,"href":"https:\/\/www.imm.az\/exp\/wp-json\/wp\/v2\/pages\/2493\/revisions\/2494"}],"up":[{"embeddable":true,"href":"https:\/\/www.imm.az\/exp\/wp-json\/wp\/v2\/pages\/2339"}],"wp:attachment":[{"href":"https:\/\/www.imm.az\/exp\/wp-json\/wp\/v2\/media?parent=2493"}],"curies":[{"name":"wp","href":"https:\/\/api.w.org\/{rel}","templated":true}]}}