{"id":2547,"date":"2014-04-29T15:13:10","date_gmt":"2014-04-29T10:13:10","guid":{"rendered":"http:\/\/www.imm.az\/exp\/personnel\/gasymov-husamaddin-muhammed\/"},"modified":"2014-06-24T17:44:56","modified_gmt":"2014-06-24T12:44:56","slug":"gasymov-husamaddin-muhammed","status":"publish","type":"page","link":"https:\/\/www.imm.az\/exp\/personnel\/gasymov-husamaddin-muhammed\/","title":{"rendered":"Gasymov Husamaddin Muhammed"},"content":{"rendered":"<p><strong>The list of publications at the 5 years published<\/strong><\/p>\n<ol>\n<li>Axisymmetrik form of stability loss of an inhomogeneous cylindrical shell of annular cross section. Transactions of NASA, issue math. and mech. series of physical-technical, math. sc. 2008, XXVIII, \u21164 p.127-132<\/li>\n<li>\u041a \u0443\u0441\u0442\u043e\u0439\u0447\u0438\u0432\u043e\u0441\u0442\u0438 \u043d\u0435\u043e\u0434\u043d\u043e\u0440\u043e\u0434\u043d\u043e\u0439 \u0446\u0438\u043b\u0438\u043d\u0434\u0440\u0438\u0447\u0435\u0441\u043a\u043e\u0439 \u043e\u0431\u043e\u043b\u043e\u0447\u043a\u0438 \u043a\u0440\u0443\u0433\u043e\u0432\u043e\u0433\u043e \u043f\u043e\u043f\u0435\u0440\u0435\u0447\u043d\u043e\u0433\u043e \u0441\u0435\u0447\u0435\u043d\u0438\u044f.\u0422\u0435\u0437\u0438\u0441\u044b \u043c\u0435\u0436\u0434. \u043a\u043e\u043d\u0444. \u043f\u043e \u0444\u0438\u0437\u0438\u0447., \u043c\u0430\u0442\u0435\u043c. \u0438 \u0442\u0435\u0445\u043d. \u043d\u0430\u0443\u043a\u0430\u043c. Nax\u00e7\u0131van, 2008, \u0441.47.<\/li>\n<li>Qeyri-bircins \u0259sas \u00fcz\u0259rind\u0259 yerl\u0259\u015f\u0259n ortotrop d\u00fczbucaql\u0131 l\u00f6vh\u0259nin dayan\u0131ql\u0131\u011f\u0131. \u00abMexanika \u041ca\u015f\u0131nqay\u0131rma\u00bb, 2009, \u21163, \u0441.4-7.<\/li>\n<li>\u041e\u0431 \u0443\u0441\u0442\u043e\u0439\u0447\u0438\u0432\u043e\u0441\u0442\u0438 \u0438 \u0441\u043e\u0431\u0441\u0442\u0432\u0435\u043d\u043d\u043e\u0439 \u043a\u043e\u043b\u0435\u0431\u0430\u043d\u0438\u0438 \u043d\u0435\u043e\u0434\u043d\u043e\u0440\u043e\u0434\u043d\u044b\u0445 \u0446\u0438\u043b\u0438\u043d\u0434\u0440\u0438\u0447\u0435\u0441\u043a\u0438\u0445 \u043e\u0431\u043e\u043b\u043e\u0447\u0435\u043a \u0438 \u043f\u0440\u044f\u043c\u043e\u0443\u0433\u043e\u043b\u044c\u043d\u044b\u0445 \u043f\u043b\u0430\u0441\u0442\u0438\u043d. \u0421\u043f\u0435\u043a\u0442\u0440\u0430\u043b\u044c\u043d\u0430\u044f \u0442\u0435\u043e\u0440\u0438\u044f \u0438 \u0435\u0435 \u043f\u0440\u0438\u043b\u043e\u0436\u0435\u043d\u0438\u044f. \u0422\u0435\u0437\u0438\u0441\u044b \u043c\u0435\u0436\u0434. \u043a\u043e\u043d\u0444., \u043f\u043e\u0441\u0432. 80-\u043b\u0435\u0442\u043d\u0435\u043c\u0443 \u044e\u0431\u0438\u043b\u0435\u044e \u0430\u043a\u0430\u0434. \u0424.\u0413.\u041c\u0430\u043a\u0441\u0443\u0434\u043e\u0432\u0430. 2010, \u0441.115-116.<\/li>\n<li>\u041e\u0431 \u0443\u0441\u0442\u043e\u0439\u0447\u0438\u0432\u043e\u0441\u0442\u0438 \u043f\u0440\u044f\u043c\u043e\u0443\u0433\u043e\u043b\u044c\u043d\u043e\u0439 \u043f\u043b\u0430\u0441\u0442\u0438\u043d\u043a\u0438 \u043f\u0440\u0438 \u0441\u0434\u0432\u0438\u0433\u0435. \u201c\u0422\u0435\u043e\u0440\u0435\u0442\u0438\u0447\u0435\u0441\u043a\u0430\u044f \u0438 \u043f\u0440\u0438\u043a\u043b\u0430\u0434\u043d\u0430\u044f \u043c\u0435\u0445\u0430\u043d\u0438\u043a\u0430\u201d, \u041c\u0435\u0436\u0432\u0443\u0437\u043e\u0432. \u043d\u0430\u0443\u0447\u043d\u043e-\u0442\u0435\u0445\u043d\u0438\u0447\u0435\u0441\u043a\u0438\u0439 \u0436\u0443\u0440\u043d\u0430\u043b. \u21164, 2010, \u0441.69-70.<\/li>\n<li>Loss of stability and Eigen oscillation of annular cross section inhomogeneous cylindrical shell.\u00a0 Transactions of NASA, issue math. and mech. series of phys.-tech., math. sc. 2010, XXX, \u21167, p.85- 90.<\/li>\n<li>\u041e\u0431 \u043e\u0441\u0435\u0441\u0438\u043c\u043c\u0435\u0442\u0440\u0438\u0447\u043d\u043e\u0439 \u0444\u043e\u0440\u043c\u044b \u043f\u043e\u0442\u0435\u0440\u0438 \u0443\u0441\u0442\u043e\u0439\u0447\u0438\u0432\u043e\u0441\u0442\u0438 \u043d\u0435\u043e\u0434\u043d\u043e\u0440\u043e\u0434\u043d\u043e\u0439 \u0446\u0438\u043b\u0438\u043d\u0434\u0440\u0438\u0447\u0435\u0441\u043a\u043e\u0439 \u043e\u0431\u043e\u043b\u043e\u0447\u043a\u0438,\u00a0 \u043b\u0435\u0436\u0430\u0449\u0435\u0439 \u043d\u0430 \u043d\u0435\u043e\u0434\u043d\u043e\u0440\u043e\u0434\u043d\u043e \u0432\u044f\u0437\u043a\u043e\u0443\u043f\u0440\u0443\u0433\u043e\u043c \u043e\u0441\u043d\u043e\u0432\u0430\u043d\u0438\u0438. \u201c\u0422\u0435\u043e\u0440\u0435\u0442\u0438\u0447\u0435\u0441\u043a\u0430\u044f \u0438 \u043f\u0440\u0438\u043a\u043b\u0430\u0434\u043d\u0430\u044f \u043c\u0435\u0445\u0430\u043d\u0438\u043a\u0430\u201d, \u041c\u0435\u0436\u0432\u0443\u0437. \u043d\u0430\u0443\u0447\u043d\u043e-\u0442\u0435\u0445\u043d\u0438\u0447\u0435\u0441\u043a\u0438\u0439 \u0436\u0443\u0440\u043d\u0430\u043b. \u21162, 2012, \u0441.121-124.<\/li>\n<\/ol>\n","protected":false},"excerpt":{"rendered":"<p>The list of publications at the 5 years published Axisymmetrik form of stability loss of an inhomogeneous cylindrical shell of annular cross section. Transactions of NASA, issue math. and mech. series of physical-technical, math. sc. 2008, XXVIII, \u21164 p.127-132 \u041a \u0443\u0441\u0442\u043e\u0439\u0447\u0438\u0432\u043e\u0441\u0442\u0438 \u043d\u0435\u043e\u0434\u043d\u043e\u0440\u043e\u0434\u043d\u043e\u0439 \u0446\u0438\u043b\u0438\u043d\u0434\u0440\u0438\u0447\u0435\u0441\u043a\u043e\u0439 \u043e\u0431\u043e\u043b\u043e\u0447\u043a\u0438 \u043a\u0440\u0443\u0433\u043e\u0432\u043e\u0433\u043e \u043f\u043e\u043f\u0435\u0440\u0435\u0447\u043d\u043e\u0433\u043e \u0441\u0435\u0447\u0435\u043d\u0438\u044f.\u0422\u0435\u0437\u0438\u0441\u044b \u043c\u0435\u0436\u0434. \u043a\u043e\u043d\u0444. \u043f\u043e \u0444\u0438\u0437\u0438\u0447., \u043c\u0430\u0442\u0435\u043c. \u0438 \u0442\u0435\u0445\u043d. \u043d\u0430\u0443\u043a\u0430\u043c. [&hellip;]<\/p>\n","protected":false},"author":6,"featured_media":0,"parent":2350,"menu_order":0,"comment_status":"open","ping_status":"open","template":"","meta":{"footnotes":""},"_links":{"self":[{"href":"https:\/\/www.imm.az\/exp\/wp-json\/wp\/v2\/pages\/2547"}],"collection":[{"href":"https:\/\/www.imm.az\/exp\/wp-json\/wp\/v2\/pages"}],"about":[{"href":"https:\/\/www.imm.az\/exp\/wp-json\/wp\/v2\/types\/page"}],"author":[{"embeddable":true,"href":"https:\/\/www.imm.az\/exp\/wp-json\/wp\/v2\/users\/6"}],"replies":[{"embeddable":true,"href":"https:\/\/www.imm.az\/exp\/wp-json\/wp\/v2\/comments?post=2547"}],"version-history":[{"count":1,"href":"https:\/\/www.imm.az\/exp\/wp-json\/wp\/v2\/pages\/2547\/revisions"}],"predecessor-version":[{"id":2548,"href":"https:\/\/www.imm.az\/exp\/wp-json\/wp\/v2\/pages\/2547\/revisions\/2548"}],"up":[{"embeddable":true,"href":"https:\/\/www.imm.az\/exp\/wp-json\/wp\/v2\/pages\/2350"}],"wp:attachment":[{"href":"https:\/\/www.imm.az\/exp\/wp-json\/wp\/v2\/media?parent=2547"}],"curies":[{"name":"wp","href":"https:\/\/api.w.org\/{rel}","templated":true}]}}