{"id":2573,"date":"2014-06-25T13:15:39","date_gmt":"2014-06-25T08:15:39","guid":{"rendered":"http:\/\/www.imm.az\/exp\/?page_id=2573"},"modified":"2014-06-25T13:15:39","modified_gmt":"2014-06-25T08:15:39","slug":"%d0%ba%d0%b0%d1%81%d0%b8%d0%bc%d0%be%d0%b2-%d0%b7%d0%b0%d1%83%d1%80-%d0%b0%d0%bb%d0%b8%d1%8f%d1%80","status":"publish","type":"page","link":"https:\/\/www.imm.az\/exp\/%d1%81%d0%be%d1%82%d1%80%d1%83%d0%b4%d0%bd%d0%b8%d0%ba%d0%b8\/%d0%ba%d0%b0%d1%81%d0%b8%d0%bc%d0%be%d0%b2-%d0%b7%d0%b0%d1%83%d1%80-%d0%b0%d0%bb%d0%b8%d1%8f%d1%80\/","title":{"rendered":"\u041a\u0430\u0441\u0438\u043c\u043e\u0432 \u0417\u0430\u0443\u0440 \u0410\u043b\u0438\u044f\u0440"},"content":{"rendered":"<p><strong>\u0421\u043f\u0438\u0441\u043e\u043a \u043e\u0441\u043d\u043e\u0432\u043d\u044b\u0445 \u043d\u0430\u0443\u0447\u043d\u044b\u0445 \u0440\u0430\u0431\u043e\u0442 \u0437\u0430 \u043f\u043e\u0441\u043b\u0435\u0434\u043d\u0438\u0435 \u043f\u044f\u0442\u044c \u043b\u0435\u0442<\/strong><\/p>\n<ol>\n<li>\u0415\u043c\u0438\u043d\u043e\u0432 \u041c.\u0421., \u041a\u0430\u0441\u0438\u043c\u043e\u0432 \u0417.\u0410.\u00a0 \u041e \u0431\u0430\u0437\u0438\u0441\u043d\u043e\u0441\u0442\u0438 \u0420\u0438\u0441\u0441\u0430 \u0438\u0437 \u044d\u043a\u0441\u043f\u043e\u043d\u0435\u043d\u0442 \u0432 \u0432\u0435\u0441\u043e\u0432\u044b\u0445 \u043f\u0440\u043e\u0441\u0442\u0440\u0430\u043d\u0441\u0442\u0432\u0430\u0445 . \u0422\u0435\u0437. \u043c\u0435\u0436\u0434. \u043a\u043e\u043d\u0444. \u043f\u043e\u0441\u0432\u044f\u0449. 70 \u043b. \u0430\u043a\u0430\u0434. \u0410.\u0414\u0436.\u0413\u0430\u0434\u0436\u0438\u0435\u0432\u0443, 21-23 \u043d\u043e\u044f\u0431\u0440\u044c, 2007, \u0411\u0430\u043a\u0443.<\/li>\n<li>\u041a\u0430\u0441\u0438\u043c\u043e\u0432 \u0417.\u0410.\u00a0\u00a0 \u0411\u0430\u0437\u0438\u0441\u043d\u043e\u0441\u0442\u044c \u043e\u0434\u043d\u043e\u0439 \u0441\u0438\u0441\u0442\u0435\u043c\u044b \u044d\u043a\u0441\u043f\u043e\u043d\u0435\u043d\u0442 \u0432 \u0432\u0435\u0441\u043e\u0432\u043e\u043c \u043f\u0440\u043e\u0441\u0442\u0440\u0430\u043d\u0441\u0442\u0432\u0435 \u041b\u0435\u0431\u0435\u0433\u0430 . \u0415\u0441\u0442\u0435\u0441\u0442\u0432\u0435\u043d\u043d\u044b\u0435 \u0438 \u0442\u0435\u0445\u043d\u0438\u0447\u0435\u0441\u043a\u0438\u0435 \u043d\u0430\u0443\u043a\u0438, \u041c\u043e\u0441\u043a\u0432\u0430, 2010 \u0433., \u21166(50), 35-41.<\/li>\n<li>Kasumov Z.A. On the basis of system of exponential functions with unit in weight space. VISNYK LVIV UNIV., Ser. Mech-Mat., 2010, v. 73,\u00a0\u00a0\u00a0\u00a0\u00a0 p. 77-84.<\/li>\n<li>\u041a\u0430\u0441\u0438\u043c\u043e\u0432 \u0417.\u0410.\u00a0\u00a0 \u00a0\u0411\u0430\u0437\u0438\u0441\u043d\u043e\u0441\u0442\u044c \u043e\u0434\u043d\u043e\u0439 \u0441\u0438\u0441\u0442\u0435\u043c\u044b \u044d\u043a\u0441\u043f\u043e\u043d\u0435\u043d\u0442 \u0432 \u0432\u0435\u0441\u043e\u0432\u043e\u043c \u043f\u0440\u043e\u0441\u0442\u0440\u0430\u043d\u0441\u0442\u0432\u0435 \u041b\u0435\u0431\u0435\u0433\u0430. \u041c\u0430\u0442\u0435\u0440\u0438\u0430\u043b\u044b \u041c\u0435\u0436\u0434\u0443\u043d\u0430\u0440\u043e\u0434\u043d\u043e\u0439 \u043a\u043e\u043d\u0444\u0435\u0440\u0435\u043d\u0446\u0438\u0438, \u043f\u043e\u0441\u0432\u044f\u0449\u0435\u043d\u043d\u043e\u0439 100-\u043b\u0435\u0442\u0438\u044e \u0430\u043a\u0430\u0434. \u0417.\u0418.\u0425\u0430\u043b\u0438\u043b\u043e\u0432\u0430, \u0411\u0430\u043a\u0443, 2011<\/li>\n<li>\u041a\u0430\u0441\u0438\u043c\u043e\u0432 \u0417.\u0410.\u00a0\u00a0 \u00a0\u00a0\u0411\u0430\u0437\u0438\u0441\u043d\u043e\u0441\u0442\u044c \u043d\u0435\u043a\u043e\u0442\u043e\u0440\u044b\u0445 \u0441\u0438\u0441\u0442\u0435\u043c \u044d\u043a\u0441\u043f\u043e\u043d\u0435\u043d\u0442 \u0432 \u0432\u0435\u0441\u043e\u0432\u044b\u0445\u00a0 \u043f\u0440\u043e\u0441\u0442\u0440\u0430\u043d\u0441\u0442\u0432\u0430\u0445. Riyaziyyat\u00a0 \u00fczr\u0259 f\u0259ls\u0259f\u0259 doktoru elmi d\u0259r\u0259c\u0259si almaq \u00fc\u00e7\u00fcn t\u0259qdim olunmu\u015f dissertasiya, Bak\u0131, Az\u0259rbaycan, 2011, 24 s\u0259h (avtoreferat)<\/li>\n<li>Kasumov Z.A., Quliyeva A.A. \u00a0On basicity of exponential systems in Morrey type spaces. International Conference on Actual Problems of Mathematics and Informatics, 29-31 May, 2013,\u00a0 Baku, Azerbaijan, p. 60<\/li>\n<\/ol>\n","protected":false},"excerpt":{"rendered":"<p>\u0421\u043f\u0438\u0441\u043e\u043a \u043e\u0441\u043d\u043e\u0432\u043d\u044b\u0445 \u043d\u0430\u0443\u0447\u043d\u044b\u0445 \u0440\u0430\u0431\u043e\u0442 \u0437\u0430 \u043f\u043e\u0441\u043b\u0435\u0434\u043d\u0438\u0435 \u043f\u044f\u0442\u044c \u043b\u0435\u0442 \u0415\u043c\u0438\u043d\u043e\u0432 \u041c.\u0421., \u041a\u0430\u0441\u0438\u043c\u043e\u0432 \u0417.\u0410.\u00a0 \u041e \u0431\u0430\u0437\u0438\u0441\u043d\u043e\u0441\u0442\u0438 \u0420\u0438\u0441\u0441\u0430 \u0438\u0437 \u044d\u043a\u0441\u043f\u043e\u043d\u0435\u043d\u0442 \u0432 \u0432\u0435\u0441\u043e\u0432\u044b\u0445 \u043f\u0440\u043e\u0441\u0442\u0440\u0430\u043d\u0441\u0442\u0432\u0430\u0445 . \u0422\u0435\u0437. \u043c\u0435\u0436\u0434. \u043a\u043e\u043d\u0444. \u043f\u043e\u0441\u0432\u044f\u0449. 70 \u043b. \u0430\u043a\u0430\u0434. \u0410.\u0414\u0436.\u0413\u0430\u0434\u0436\u0438\u0435\u0432\u0443, 21-23 \u043d\u043e\u044f\u0431\u0440\u044c, 2007, \u0411\u0430\u043a\u0443. \u041a\u0430\u0441\u0438\u043c\u043e\u0432 \u0417.\u0410.\u00a0\u00a0 \u0411\u0430\u0437\u0438\u0441\u043d\u043e\u0441\u0442\u044c \u043e\u0434\u043d\u043e\u0439 \u0441\u0438\u0441\u0442\u0435\u043c\u044b \u044d\u043a\u0441\u043f\u043e\u043d\u0435\u043d\u0442 \u0432 \u0432\u0435\u0441\u043e\u0432\u043e\u043c \u043f\u0440\u043e\u0441\u0442\u0440\u0430\u043d\u0441\u0442\u0432\u0435 \u041b\u0435\u0431\u0435\u0433\u0430 . \u0415\u0441\u0442\u0435\u0441\u0442\u0432\u0435\u043d\u043d\u044b\u0435 \u0438 \u0442\u0435\u0445\u043d\u0438\u0447\u0435\u0441\u043a\u0438\u0435 \u043d\u0430\u0443\u043a\u0438, \u041c\u043e\u0441\u043a\u0432\u0430, 2010 \u0433., \u21166(50), 35-41. Kasumov Z.A. [&hellip;]<\/p>\n","protected":false},"author":6,"featured_media":0,"parent":2339,"menu_order":0,"comment_status":"open","ping_status":"open","template":"","meta":{"footnotes":""},"_links":{"self":[{"href":"https:\/\/www.imm.az\/exp\/wp-json\/wp\/v2\/pages\/2573"}],"collection":[{"href":"https:\/\/www.imm.az\/exp\/wp-json\/wp\/v2\/pages"}],"about":[{"href":"https:\/\/www.imm.az\/exp\/wp-json\/wp\/v2\/types\/page"}],"author":[{"embeddable":true,"href":"https:\/\/www.imm.az\/exp\/wp-json\/wp\/v2\/users\/6"}],"replies":[{"embeddable":true,"href":"https:\/\/www.imm.az\/exp\/wp-json\/wp\/v2\/comments?post=2573"}],"version-history":[{"count":1,"href":"https:\/\/www.imm.az\/exp\/wp-json\/wp\/v2\/pages\/2573\/revisions"}],"predecessor-version":[{"id":2574,"href":"https:\/\/www.imm.az\/exp\/wp-json\/wp\/v2\/pages\/2573\/revisions\/2574"}],"up":[{"embeddable":true,"href":"https:\/\/www.imm.az\/exp\/wp-json\/wp\/v2\/pages\/2339"}],"wp:attachment":[{"href":"https:\/\/www.imm.az\/exp\/wp-json\/wp\/v2\/media?parent=2573"}],"curies":[{"name":"wp","href":"https:\/\/api.w.org\/{rel}","templated":true}]}}