{"id":2595,"date":"2014-06-27T10:45:38","date_gmt":"2014-06-27T05:45:38","guid":{"rendered":"http:\/\/www.imm.az\/exp\/?page_id=2595"},"modified":"2019-03-11T16:51:50","modified_gmt":"2019-03-11T12:51:50","slug":"talibli-l%c9%99tif-x%c9%99lil-oglu","status":"publish","type":"page","link":"https:\/\/www.imm.az\/exp\/%c9%99m%c9%99kdaslar\/talibli-l%c9%99tif-x%c9%99lil-oglu\/","title":{"rendered":"Tal\u0131bl\u0131 L\u0259tif X\u0259lil o\u011flu"},"content":{"rendered":"<p><strong>\u018fsas elmi nailiyy\u0259tl\u0259ri<\/strong><strong>\u00a0\u00a0\u00a0\u00a0\u00a0\u00a0\u00a0\u00a0\u00a0\u00a0\u00a0\u00a0\u00a0\u00a0\u00a0 <\/strong><\/p>\n<ol>\n<li>X\u0259tti v\u0259 qeyri-x\u0259tti \u00f6zl\u00fc elastiklik n\u0259z\u0259riyy\u0259sinin \u00fcmumi kvazistatik m\u0259s\u0259l\u0259l\u0259rinin s\u0259m\u0259r\u0259li h\u0259lli \u00fcsullar\u0131 verilmi\u015fdir;<\/li>\n<li>\u0130xtiyari h\u0259nd\u0259si \u00f6l\u00e7\u00fcl\u00fc cisml\u0259rin aqressiv m\u00fchitd\u0259 korroziyadan da\u011f\u0131lma vaxt\u0131n\u0131 proqnozla\u015fd\u0131ran n\u0259z\u0259ri eksperimental \u00fcsul haz\u0131rlanm\u0131\u015fd\u0131r.<\/li>\n<li>A.A.\u0130lyu\u015finin aproksimasiya metodunda istifad\u0259 olunan eksperimental \u00a0v\u0259<\/li>\n<li>funksiyalar\u0131n\u0131n d\u0259qiq analitik istifad\u0259l\u0259ri tap\u0131lm\u0131\u015fd\u0131r.<\/li>\n<li>B\u0259rk yanacaqla i\u015fl\u0259y\u0259n raketl\u0259rin temperaturun dinamik t\u0259siri alt\u0131nda t\u0259hl\u00fck\u0259siz i\u015fl\u0259m\u0259sinin \u015f\u0259rtl\u0259ri \u00e7\u0131xar\u0131lm\u0131\u015fd\u0131r.<\/li>\n<li>\u0130rsi elastik materiallar\u0131n mexaniki xass\u0259l\u0259rin\u0259 temperaturun t\u0259sirini n\u0259z\u0259r\u0259 alan keyfiyy\u0259tc\u0259 yeni \u00fcsul t\u0259klif edilmi\u015fdir ki, bu da qeyri izotermik m\u0259s\u0259l\u0259l\u0259rin h\u0259llini uy\u011fun izotermik m\u0259s\u0259l\u0259nin h\u0259llin\u0259 g\u0259tir\u0259n teorem isbat etm\u0259y\u0259 imkan vermi\u015fdir.<\/li>\n<li>\u0130rsi elastiki plastik xass\u0259li materiallardan haz\u0131rlanm\u0131\u015f konstruksiyalar\u0131n ixtiyari q\u00fcvv\u0259 v\u0259 temperatur y\u00fckl\u0259nm\u0259l\u0259rind\u0259 deformasiyas\u0131n\u0131n v\u0259 da\u011f\u0131lmas\u0131n\u0131n s\u0259m\u0259r\u0259li n\u0259z\u0259riyy\u0259l\u0259ri haz\u0131rlanm\u0131\u015fd\u0131r.<\/li>\n<li>Natur konstruksiyalar\u0131n uzunm\u00fcdd\u0131tli da\u011f\u0131lma prosesini model konstruksiyalar \u00fcz\u0259rind\u0259 modell\u0259\u015fdirm\u0259y\u0259 imkan ver\u0259n \u00fcsul verilmi\u015fdir.<\/li>\n<li>Laplas, Laplas-Karson, Furye t\u0259svirl\u0259ri (\u00e7evirm\u0259l\u0259ri) veril\u0259n funksiyan\u0131n \u00f6z\u00fcn\u00fcn (orijinal-funksiyan\u0131n) tap\u0131lmas\u0131n\u0131n sad\u0259 t\u0259qribi analitik \u00fcsulu verilmi\u015fdir.<\/li>\n<li>Qeyri requlyar (t\u0259sad\u00fcfi) dal\u011falar\u0131n s\u0259m\u0259r\u0259li spektral n\u0259z\u0259riyy\u0259si haz\u0131rlanm\u0131\u015fd\u0131r ki, bu da d\u0259niz dal\u011falar\u0131n\u0131n ist\u0259nil\u0259n d\u0259rinlikd\u0259 t\u0259zyiqini v\u0259 dig\u0259r parametrl\u0259rini tapmaq imkan\u0131 verilmi\u015fdir.<\/li>\n<li>\u0130stismar zaman\u0131 t\u0259sad\u00fcfi y\u00fckl\u0259m\u0259l\u0259r\u0259 m\u0259ruz qalan d\u0259niz v\u0259 quru qur\u011fular\u0131n\u0131n xidm\u0259t m\u00fcdd\u0259tini proqnozla\u015fd\u0131rma\u011fa imkan ver\u0259n formullar verilmi\u015fdir.<\/li>\n<li>\u0130rsi (\u00f6zl\u00fc) elastiki cisiml\u0259rin uzunm\u00fcdd\u0259tli m\u00f6hk\u0259mlik v\u0259 elastikiplastik cisiml\u0259rin yor\u011funluq m\u00f6hk\u0259mliyinin s\u0259m\u0259r\u0259li n\u0259z\u0259riyy\u0259l\u0259ri haz\u0131rlanm\u0131\u015fd\u0131r.<\/li>\n<\/ol>\n<p>12. U\u00e7an aparatlar\u0131n u\u00e7u\u015f zaman\u0131 s\u0259thl\u0259rind\u0259 ba\u015f ver\u0259n buzla\u015fma prosesinin riyazi modeli qurulmu\u015fdur.<\/p>\n<p>&nbsp;<\/p>\n<p><strong>Son be\u015f ild\u0259 \u00e7ap olunmu\u015f \u0259sas elmi i\u015fl\u0259rinin siyah\u0131s\u0131<\/strong><\/p>\n<ol>\n<li>\u00a0Nonlinear theory of thermal stresses in viscoelastic bodies \/\/ Mechanics of Composite Materials. 1983. Vol.19. \u21164, p.419-425;<br \/>\n2. 2. Deformation of a viscoelastic cylinder fastened to a housing under non-isothermal dynamic loading \/\/ PMM Journal of Applied Mathematics and Mechanics \u2013 Engl.Tr. Vol. 54, \u2116 1. pp.74-82. 1990;<br \/>\n3. 3. \u041a \u0432\u043e\u043f\u0440\u043e\u0441\u0443 \u0434\u0435\u0444\u043e\u0440\u043c\u0438\u0440\u043e\u0432\u0430\u043d\u0438\u044f \u0438 \u0440\u0430\u0437\u0440\u0443\u0448\u0435\u043d\u0438\u044f \u0432\u044f\u0437\u043a\u043e\u0443\u043f\u0440\u0443\u0433\u0438\u0445 \u0442\u0435\u043b \u043f\u0440\u0438 \u043d\u0430\u043b\u0438\u0447\u0438\u0438 \u0442\u0435\u043c\u043f\u0435\u0440\u0430\u0442\u0443\u0440\u043d\u043e\u0433\u043e \u043f\u043e\u043b\u044f \/\/ \u0418\u0437\u0432. \u0410\u041d \u0421\u0421\u0421\u0420. \u041c\u0435\u0445\u0430\u043d\u0438\u043a\u0430 \u0422\u0432\u0435\u0440\u0434\u043e\u0433\u043e \u0422\u0435\u043b\u0430, 1990, \u21162. \u0421.127-139;<br \/>\n4. 4. Modeling of fatique fracture under stationary stochastic loading conditions \/\/ Applied Mathematics and Computation, 2007, vol. 184. p.874-879;<br \/>\n5. 5. Boussinesq`s viscoelastic problem on normal concentrated force on a half-space surface \/\/ Mechanics of Time &#8211; Depend Materials, 2010, vol.14 \u2116 3 p.253-259.<\/li>\n<\/ol>\n","protected":false},"excerpt":{"rendered":"<p>\u018fsas elmi nailiyy\u0259tl\u0259ri\u00a0\u00a0\u00a0\u00a0\u00a0\u00a0\u00a0\u00a0\u00a0\u00a0\u00a0\u00a0\u00a0\u00a0\u00a0 X\u0259tti v\u0259 qeyri-x\u0259tti \u00f6zl\u00fc elastiklik n\u0259z\u0259riyy\u0259sinin \u00fcmumi kvazistatik m\u0259s\u0259l\u0259l\u0259rinin s\u0259m\u0259r\u0259li h\u0259lli \u00fcsullar\u0131 verilmi\u015fdir; \u0130xtiyari h\u0259nd\u0259si \u00f6l\u00e7\u00fcl\u00fc cisml\u0259rin aqressiv m\u00fchitd\u0259 korroziyadan da\u011f\u0131lma vaxt\u0131n\u0131 proqnozla\u015fd\u0131ran n\u0259z\u0259ri eksperimental \u00fcsul haz\u0131rlanm\u0131\u015fd\u0131r. A.A.\u0130lyu\u015finin aproksimasiya metodunda istifad\u0259 olunan eksperimental \u00a0v\u0259 funksiyalar\u0131n\u0131n d\u0259qiq analitik istifad\u0259l\u0259ri tap\u0131lm\u0131\u015fd\u0131r. B\u0259rk yanacaqla i\u015fl\u0259y\u0259n raketl\u0259rin temperaturun dinamik t\u0259siri alt\u0131nda t\u0259hl\u00fck\u0259siz i\u015fl\u0259m\u0259sinin \u015f\u0259rtl\u0259ri \u00e7\u0131xar\u0131lm\u0131\u015fd\u0131r. \u0130rsi [&hellip;]<\/p>\n","protected":false},"author":6,"featured_media":0,"parent":260,"menu_order":0,"comment_status":"open","ping_status":"open","template":"","meta":{"footnotes":""},"_links":{"self":[{"href":"https:\/\/www.imm.az\/exp\/wp-json\/wp\/v2\/pages\/2595"}],"collection":[{"href":"https:\/\/www.imm.az\/exp\/wp-json\/wp\/v2\/pages"}],"about":[{"href":"https:\/\/www.imm.az\/exp\/wp-json\/wp\/v2\/types\/page"}],"author":[{"embeddable":true,"href":"https:\/\/www.imm.az\/exp\/wp-json\/wp\/v2\/users\/6"}],"replies":[{"embeddable":true,"href":"https:\/\/www.imm.az\/exp\/wp-json\/wp\/v2\/comments?post=2595"}],"version-history":[{"count":3,"href":"https:\/\/www.imm.az\/exp\/wp-json\/wp\/v2\/pages\/2595\/revisions"}],"predecessor-version":[{"id":23898,"href":"https:\/\/www.imm.az\/exp\/wp-json\/wp\/v2\/pages\/2595\/revisions\/23898"}],"up":[{"embeddable":true,"href":"https:\/\/www.imm.az\/exp\/wp-json\/wp\/v2\/pages\/260"}],"wp:attachment":[{"href":"https:\/\/www.imm.az\/exp\/wp-json\/wp\/v2\/media?parent=2595"}],"curies":[{"name":"wp","href":"https:\/\/api.w.org\/{rel}","templated":true}]}}