{"id":2610,"date":"2014-06-27T11:03:48","date_gmt":"2014-06-27T06:03:48","guid":{"rendered":"http:\/\/www.imm.az\/exp\/?page_id=2610"},"modified":"2014-06-27T11:03:48","modified_gmt":"2014-06-27T06:03:48","slug":"%d0%bc%d0%b0%d0%bc%d0%b5%d0%b4%d0%be%d0%b2-%d0%b5%d0%bc%d0%b8%d0%bd%d0%b0%d0%b3%d0%b0-%d0%bc%d0%b8%d1%80%d0%b7%d0%b5%d0%b0%d0%b3%d0%b0","status":"publish","type":"page","link":"https:\/\/www.imm.az\/exp\/%d1%81%d0%be%d1%82%d1%80%d1%83%d0%b4%d0%bd%d0%b8%d0%ba%d0%b8\/%d0%bc%d0%b0%d0%bc%d0%b5%d0%b4%d0%be%d0%b2-%d0%b5%d0%bc%d0%b8%d0%bd%d0%b0%d0%b3%d0%b0-%d0%bc%d0%b8%d1%80%d0%b7%d0%b5%d0%b0%d0%b3%d0%b0\/","title":{"rendered":"\u041c\u0430\u043c\u0435\u0434\u043e\u0432 \u0415\u043c\u0438\u043d\u0430\u0433\u0430 \u041c\u0438\u0440\u0437\u0435\u0430\u0433\u0430"},"content":{"rendered":"<p><strong>\u0421\u043f\u0438\u0441\u043e\u043a \u043e\u0441\u043d\u043e\u0432\u043d\u044b\u0445 \u043d\u0430\u0443\u0447\u043d\u044b\u0445 \u0440\u0430\u0431\u043e\u0442 \u0437\u0430 \u043f\u043e\u0441\u043b\u0435\u0434\u043d\u0438\u0435 \u043f\u044f\u0442\u044c \u043b\u0435\u0442<\/strong><\/p>\n<ol>\n<li>\u041e \u0441\u0443\u0449\u043d\u043e\u0441\u0442\u0438 \u0433\u0435\u043e\u043c\u0435\u0442\u0440\u0438\u0447\u0435\u0441\u043a\u0438\u0445 \u043f\u043e\u043d\u044f\u0442\u0438\u0438 \u0443 \u041d. \u0422\u0443\u0441\u0438. \u0412\u0435\u0441\u0442\u043d\u0438\u043a \u0411\u0430\u043a\u0438\u043d\u0441\u043a\u043e\u0433\u043e \u0443\u043d\u0438\u0432\u0435\u0440\u0441\u0438\u0442\u0435\u0442\u0430. 2009. \u21161, 36-43.<\/li>\n<li>Elementar riyaziyyat\u0131n \u0259lav\u0259 f\u0259sill\u0259ri v\u0259 olimpiadalar. I kitab. Bak\u0131 \u201cT\u0259hsil\u201d 2009. 2010<\/li>\n<li>N.Tusinin kainatla ba\u011fl\u0131 bax\u0131\u015flar\u0131. Nax\u00e7\u0131van m\u00fc\u0259lliml\u0259r institunun x\u0259b\u0259rl\u0259ri, s\u0259h.68-72, n.4 (20), 2009.<\/li>\n<li>N.Tusinin \u201cHesab v\u0259 c\u0259brd\u0259n\u00a0 risal\u0259\u201d traktat\u0131n\u0131n t\u0259rc\u00fcm\u0259si v\u0259 \u015f\u0259rhl\u0259r. Fizika, riyaziyyat v\u0259 informatika t\u0259drisi., s\u0259h.14-22., n.4(186), 2009.<\/li>\n<li>N.Tusinin f\u0259za, h\u0259r\u0259k\u0259t v\u0259 zamana bax\u0131\u015flar\u0131. Pedaqoji Universitetin X\u0259b\u0259rl\u0259ri.s\u0259h.16-21, n.1, 2010.<\/li>\n<li>\u041e\u0431 \u0430\u043a\u0441\u0438\u043e\u043c\u0430\u0442\u0438\u0447\u0435\u0441\u043a\u043e\u043c \u043f\u043e\u0441\u0442\u0440\u043e\u0435\u043d\u0438\u0438 \u0433\u0435\u043e\u043c\u0435\u0442\u0440\u0438\u0438 \u0443 \u041d\u0430\u0441\u0438\u0440\u0435\u0434\u0434\u0438\u043d\u0430 \u0430\u0442-\u0422\u0443\u0441\u0438. \u041c\u0430\u0442\u0435\u0440\u0438\u0430\u043b\u044b 4-\u043e\u0439 \u043c\u0435\u0436\u0434. \u043d\u0430\u0443\u0447\u043d\u043e-\u043f\u0440\u0430\u043a\u0442\u0438\u0447\u0435\u0441\u043a\u043e\u0439 \u043a\u043e\u043d\u0444-\u0446\u0438\u0438 \u00ab\u0418\u043d\u043d\u043e\u0432\u0430\u0446\u0438\u043e\u043d\u043d\u044b\u0435 \u0442\u0435\u0445\u043d\u043e\u043b\u043e\u0433\u0438\u0438 \u0432 \u043e\u0431\u0443\u0447\u0435\u043d\u0438\u0438 \u0438 \u0432\u043e\u0441\u043f\u0438\u0442\u0430\u043d\u0438\u0438 \u0448\u043a\u043e\u043b\u044c\u043d\u0438\u043a\u043e\u0432\u00bb.\u0427\u0435\u0440\u043a\u0435\u0441\u0441\u043a\u0438\u0439 \u0433\u043e\u0441. \u0423\u043d\u0438\u0432\u0435\u0440\u0441\u0438\u0442\u0435\u0442 \u0438\u043c. \u0423.\u0414.\u0410\u043b\u0438\u0435\u0432\u0430. 2010. \u0427\u0430\u0441\u0442\u044c 1. 173-183<\/li>\n<li>\u041f\u043e\u043d\u043d\u044f\u0442\u0438\u0435 \u043a\u043e\u043b-\u0441\u0442\u0432\u0430 \u0412 \u043f\u0440\u043e\u0438\u0437\u0432\u0435\u0434\u0435\u043d\u0438\u044f\u0445 \u041d\u0430\u0441\u0438\u0440\u0435\u0434\u0434\u0438\u043d\u0430 \u0430\u0442-\u0422\u0443\u0441\u0438. \u041c\u0430\u0442\u0435\u0440\u0438\u0430\u043b\u044b 2-\u043e\u0439 \u043c\u0435\u0436\u0434. \u043d\u0430\u0443\u0447\u043d\u043e-\u043f\u0440\u0430\u043a\u0442\u0438\u0447\u0435\u0441\u043a\u043e\u0439 \u043a\u043e\u043d\u0444-\u0446\u0438\u0438. \u00ab\u041c\u043e\u0434\u0435\u0440\u043d\u0438\u0437\u0430\u0446\u0438\u044f \u0441\u0438\u0441\u0442\u0435\u043c\u044b \u043d\u0435\u043f\u0440\u0435\u0440\u044b\u0432\u043d\u043e\u0433\u043e \u043e\u0431\u0440\u0430\u0437\u043e\u0432\u0430\u043d\u0438\u044f.\u00a0 \u0414\u0435\u0440\u0431\u0435\u043d\u0442-2010. \u0441\u0442\u0440. 391-395.<\/li>\n<li>N\u0259sir\u0259ddin Tusinin \u201cT\u0259crid \u0259l-M\u0259ntiq \u0259s\u0259rind\u0259 silloqizml\u0259r haqq\u0131nda . Bak\u0131 Universititinin X\u0259b\u0259rl\u0259ri., 2010, 4. s 40-45.<\/li>\n<li>About consept\u00a0 of number in Toosi\u2019s philosophical treatise \u201cTajrid al-Etiqad\u201d . AMEA M\u0259ruz\u0259l\u0259r.\u00a0 LXVI cild. N 2. 2010. s\u0259h. 24-27<\/li>\n<li>Elementar riyaziyyat\u0131n \u0259lav\u0259 f\u0259sill\u0259ri v\u0259 olimpiadalar. II kitab. Bak\u0131. \u201cT\u0259hsil\u201d\u00a0 2010<\/li>\n<li>\u041e\u0441\u043d\u043e\u0432\u043d\u044b\u0435\u00a0 \u043f\u043e\u043b\u043e\u0436\u0435\u043d\u0438\u044f \u043b\u043e\u0433\u0438\u0447\u0435\u0441\u043a\u043e\u0433\u043e \u0442\u0440\u0430\u043a\u0442\u0430\u0442\u0430 \u041d. \u0422\u0443\u0441\u0438 \u00ab\u0422\u0430\u0434\u0436\u0440\u0438\u0434 \u0430\u043b-\u043c\u0430\u043d\u0442\u0438\u043a\u00bb. M\u0259h\u0259mm\u0259d N\u0259sir\u0259ddin Tusinin 810 illiyin\u0259 h\u0259sr edilmi\u015f beyn\u0259lxalq konfrans\u0131n materiallar\u0131 2011, s\u0259h 214-222.<\/li>\n<li>N\u0259sir\u0259ddin Tusi. Hesab, c\u0259br v\u0259 m\u00fcqabil\u0259d\u0259n risal\u0259. Bak\u0131, 2011.<\/li>\n<li>\u041d\u0430\u0441\u0438\u0440\u0435\u0434\u0434\u0438\u043d \u0422\u0443\u0441\u0438. \u0421\u0431\u043e\u0440\u043d\u0438\u043a \u043f\u043e \u0430\u0440\u0438\u0444\u043c\u0435\u0442\u0438\u043a\u0435 \u0441 \u043f\u043e\u043c\u043e\u0449\u044c\u044e \u0434\u043e\u0441\u043a\u0438 \u0438 \u043f\u044b\u043b\u0438. \u041f\u0435\u0440\u0435\u0432\u043e\u0434 3-\u0439 \u0447\u0430\u0441\u0442\u0438 \u0438 \u043a\u043e\u043c\u043c\u0435\u043d\u0442\u0430\u0440\u0438\u0438 \u043a \u043d\u0438\u043c \u0441\u0442\u0440.108-147, 156-162 . 2011. Bak\u0131, 2011.<\/li>\n<li>Xac\u0259 N\u0259sir\u0259ddin Tusi \u201cT\u0259crid \u0259l-m\u0259ntiq\u201d. Bak\u0131. \u201cAraz\u201d n\u0259\u015friyyat\u0131-2012<\/li>\n<li>\u041e \u0437\u043d\u0430\u0447\u0435\u043d\u0438\u0438 \u043b\u043e\u0433\u0438\u0447\u0435\u0441\u043a\u043e\u0433\u043e \u0442\u0440\u0443\u0434\u0430 \u00ab\u0422\u0430\u0434\u0436\u0440\u0438\u0434 \u0430\u043b-\u043c\u0430\u043d\u0442\u0438\u043a\u00bb \u041d\u0430\u0441\u0438\u0440\u0435\u0434\u0434\u0438\u043d\u0430 \u0430\u0442_\u0422\u0443\u0441\u0438 \u0432 \u0438\u0437\u0443\u0447\u0435\u043d\u0438\u0438 \u0435\u0433\u043e \u043c\u0430\u0442\u0435\u043c\u0430\u0442\u0438\u0447\u0435\u0441\u043a\u043e\u0433\u043e \u043d\u0430\u0441\u043b\u0435\u0434\u0438\u044f. \u0415\u0441\u0442\u0435\u0441\u0442\u0432\u0435\u043d\u043d\u044b\u0435 \u0438 \u0442\u0435\u0445\u043d\u0438\u0447\u0435\u0441\u043a\u0438\u0435 \u043d\u0430\u0443\u043a\u0438. 2013, \u21166, 626-623<\/li>\n<\/ol>\n","protected":false},"excerpt":{"rendered":"<p>\u0421\u043f\u0438\u0441\u043e\u043a \u043e\u0441\u043d\u043e\u0432\u043d\u044b\u0445 \u043d\u0430\u0443\u0447\u043d\u044b\u0445 \u0440\u0430\u0431\u043e\u0442 \u0437\u0430 \u043f\u043e\u0441\u043b\u0435\u0434\u043d\u0438\u0435 \u043f\u044f\u0442\u044c \u043b\u0435\u0442 \u041e \u0441\u0443\u0449\u043d\u043e\u0441\u0442\u0438 \u0433\u0435\u043e\u043c\u0435\u0442\u0440\u0438\u0447\u0435\u0441\u043a\u0438\u0445 \u043f\u043e\u043d\u044f\u0442\u0438\u0438 \u0443 \u041d. \u0422\u0443\u0441\u0438. \u0412\u0435\u0441\u0442\u043d\u0438\u043a \u0411\u0430\u043a\u0438\u043d\u0441\u043a\u043e\u0433\u043e \u0443\u043d\u0438\u0432\u0435\u0440\u0441\u0438\u0442\u0435\u0442\u0430. 2009. \u21161, 36-43. Elementar riyaziyyat\u0131n \u0259lav\u0259 f\u0259sill\u0259ri v\u0259 olimpiadalar. I kitab. Bak\u0131 \u201cT\u0259hsil\u201d 2009. 2010 N.Tusinin kainatla ba\u011fl\u0131 bax\u0131\u015flar\u0131. Nax\u00e7\u0131van m\u00fc\u0259lliml\u0259r institunun x\u0259b\u0259rl\u0259ri, s\u0259h.68-72, n.4 (20), 2009. N.Tusinin \u201cHesab v\u0259 c\u0259brd\u0259n\u00a0 risal\u0259\u201d traktat\u0131n\u0131n t\u0259rc\u00fcm\u0259si v\u0259 \u015f\u0259rhl\u0259r. Fizika, [&hellip;]<\/p>\n","protected":false},"author":6,"featured_media":0,"parent":2339,"menu_order":0,"comment_status":"open","ping_status":"open","template":"","meta":{"footnotes":""},"_links":{"self":[{"href":"https:\/\/www.imm.az\/exp\/wp-json\/wp\/v2\/pages\/2610"}],"collection":[{"href":"https:\/\/www.imm.az\/exp\/wp-json\/wp\/v2\/pages"}],"about":[{"href":"https:\/\/www.imm.az\/exp\/wp-json\/wp\/v2\/types\/page"}],"author":[{"embeddable":true,"href":"https:\/\/www.imm.az\/exp\/wp-json\/wp\/v2\/users\/6"}],"replies":[{"embeddable":true,"href":"https:\/\/www.imm.az\/exp\/wp-json\/wp\/v2\/comments?post=2610"}],"version-history":[{"count":1,"href":"https:\/\/www.imm.az\/exp\/wp-json\/wp\/v2\/pages\/2610\/revisions"}],"predecessor-version":[{"id":2611,"href":"https:\/\/www.imm.az\/exp\/wp-json\/wp\/v2\/pages\/2610\/revisions\/2611"}],"up":[{"embeddable":true,"href":"https:\/\/www.imm.az\/exp\/wp-json\/wp\/v2\/pages\/2339"}],"wp:attachment":[{"href":"https:\/\/www.imm.az\/exp\/wp-json\/wp\/v2\/media?parent=2610"}],"curies":[{"name":"wp","href":"https:\/\/api.w.org\/{rel}","templated":true}]}}