{"id":2618,"date":"2014-06-27T11:09:47","date_gmt":"2014-06-27T06:09:47","guid":{"rendered":"http:\/\/www.imm.az\/exp\/?page_id=2618"},"modified":"2014-06-27T11:09:47","modified_gmt":"2014-06-27T06:09:47","slug":"%d0%bc%d0%b0%d0%bc%d0%b5%d0%b4%d0%be%d0%b2-%d1%84%d0%b0%d1%80%d0%bc%d0%b0%d0%bd-%d0%b8%d0%bc%d1%80%d0%b0%d0%bd","status":"publish","type":"page","link":"https:\/\/www.imm.az\/exp\/%d1%81%d0%be%d1%82%d1%80%d1%83%d0%b4%d0%bd%d0%b8%d0%ba%d0%b8\/%d0%bc%d0%b0%d0%bc%d0%b5%d0%b4%d0%be%d0%b2-%d1%84%d0%b0%d1%80%d0%bc%d0%b0%d0%bd-%d0%b8%d0%bc%d1%80%d0%b0%d0%bd\/","title":{"rendered":"\u041c\u0430\u043c\u0435\u0434\u043e\u0432 \u0424\u0430\u0440\u043c\u0430\u043d \u0418\u043c\u0440\u0430\u043d"},"content":{"rendered":"<p><strong>\u0421\u043f\u0438\u0441\u043e\u043a \u043e\u0441\u043d\u043e\u0432\u043d\u044b\u0445 \u043d\u0430\u0443\u0447\u043d\u044b\u0445 \u0440\u0430\u0431\u043e\u0442 \u0437\u0430 \u043f\u043e\u0441\u043b\u0435\u0434\u043d\u0438\u0435 \u043f\u044f\u0442\u044c \u043b\u0435\u0442<\/strong><\/p>\n<ol>\n<li>Mamedov F.I. and Mamedova M.M. A Hardy type general inequality in <em>L<sup> p(.)<\/sup><\/em> with decreasing exponent Transactions of NAS of Azerbaijan, 33(1), pp. 45-50. (2013)<\/li>\n<li>Mamedov F.I. and Mamedova M.M. A necessary and sufficient condition for Hardy\u2019s operator in <em>L<sup> p(.)<\/sup><\/em> (0,1), Mathematische Nachrichten, doi: 10.1002\/mana.201200291, (2013)<\/li>\n<li>Mamedov F.I. On Hardy inequality in variable exponent Lebesgue spaces <em>L<sup> p(.)<\/sup><\/em> (Azerbaijan Journal of Mathematics, 2(1), 96\u2013106 (2012).<\/li>\n<li>Mamedov F.I. and Amanov R.A. On the removable singularity of the solutions of nonlinear elliptic equations. Proceedings of IMM of NAS of Azerbaijan, 37(1), pp. 95-110 (2012)<\/li>\n<li>D. Cruz-Uribe and Mamedov F.I. On a general weighted Hardy type inequality in the variable exponent Lebesgue spaces. Revisto Mathematica Complutence, 25 (2), 335-367 (2012).<\/li>\n<li>Mamedov F.I. and Zeren Y. On equivalent conditions for the general weightede Hardy type inequality in the space <em>L<sup> p(.)<\/sup><\/em> , Zeitschrift f\u00fcr Analysis und ihre Anwendungen 31(1), 55\u201374 (2012), doi: 10.4171\/zaa\/1448.<\/li>\n<li>Mamedov F.I., Quliyev A. and Mirheydarli M. On Carlson\u2019s type removability test for the degenerate quasilinear elliptic equation, International Journal of Differential Equations, 2011, 23 pages, doi:10.1155\/2011\/198606 (2011).<\/li>\n<li>Mamedov F.I.and Ibragimov T., A mean value theorem approuchto the removable sets of parabolic equations, Transactions of NAS of Azerbaijan, 31(4), 103-120 (2011)<\/li>\n<li>Mamedov F.I. and Zeren Y. On a two-weighted estimation of maximal operator in the Lebesgue space with variable exponent, Journal of Mathematical Sciences. 173 (6), 701-717 (2011).<\/li>\n<li>Mamedov F.I. and Harman A., On a Hardy type general weighted inequality in spaces <em>L<sup> p(.)<\/sup><\/em> Integral Equations and Operator Theory. 66 (4), 565-592 (2010).<\/li>\n<li>Mamedov F.I.and Ibragimov T, On the behavior of some nonlinear degenerating ellliptic inequalities, Differential Equations, 46 (5), 707-717 (2010).<\/li>\n<li>Mamedov F.I. and Harman A., On boundedness of weighted Hardy operator in <em>L<sup> p(.)<\/sup><\/em> and regularity condition, Journal Inequal. and Appl.,Volume 2010, Article ID 37951, 14 pages<br \/>\nDOI:10.1155\/2010\/837951<\/li>\n<li>Mamedov F.I. and Zeren Y., On a two weighted estimation of maximal operator in the Lebesgue spaces with variable exponent, Anali di Mathematica Pure ed Applicata., 190 (2), 263-275 (2011).<\/li>\n<li>Mamedov F.I. and Harman A On the removability of isolated singular points for degenerating nonlinear elliptic equation, Nonlinear Analysis: Theory, Methods &amp; Applications, 71 (12),<br \/>\n6290-6298 (2009).<\/li>\n<li>Mamedov F.I. and Harman A, On a weighted inequality of Hardy type in spaces, Journal Mathematical Analyzes and Application, 353 (2), 521-530 (2009).<\/li>\n<li>Mamedov F.I. and Amanov R.A., On some nonun\u0131form cases of the we\u0131ghted Sobolev and Po\u0131ncare \u0131nequal\u0131t\u0131es, St. Petersburg Matematical Journal (Algebra &amp; Analize), 20 (3), 447-463 (2009).<\/li>\n<\/ol>\n","protected":false},"excerpt":{"rendered":"<p>\u0421\u043f\u0438\u0441\u043e\u043a \u043e\u0441\u043d\u043e\u0432\u043d\u044b\u0445 \u043d\u0430\u0443\u0447\u043d\u044b\u0445 \u0440\u0430\u0431\u043e\u0442 \u0437\u0430 \u043f\u043e\u0441\u043b\u0435\u0434\u043d\u0438\u0435 \u043f\u044f\u0442\u044c \u043b\u0435\u0442 Mamedov F.I. and Mamedova M.M. A Hardy type general inequality in L p(.) with decreasing exponent Transactions of NAS of Azerbaijan, 33(1), pp. 45-50. (2013) Mamedov F.I. and Mamedova M.M. A necessary and sufficient condition for Hardy\u2019s operator in L p(.) (0,1), Mathematische Nachrichten, doi: 10.1002\/mana.201200291, (2013) [&hellip;]<\/p>\n","protected":false},"author":6,"featured_media":0,"parent":2339,"menu_order":0,"comment_status":"open","ping_status":"open","template":"","meta":{"footnotes":""},"_links":{"self":[{"href":"https:\/\/www.imm.az\/exp\/wp-json\/wp\/v2\/pages\/2618"}],"collection":[{"href":"https:\/\/www.imm.az\/exp\/wp-json\/wp\/v2\/pages"}],"about":[{"href":"https:\/\/www.imm.az\/exp\/wp-json\/wp\/v2\/types\/page"}],"author":[{"embeddable":true,"href":"https:\/\/www.imm.az\/exp\/wp-json\/wp\/v2\/users\/6"}],"replies":[{"embeddable":true,"href":"https:\/\/www.imm.az\/exp\/wp-json\/wp\/v2\/comments?post=2618"}],"version-history":[{"count":1,"href":"https:\/\/www.imm.az\/exp\/wp-json\/wp\/v2\/pages\/2618\/revisions"}],"predecessor-version":[{"id":2619,"href":"https:\/\/www.imm.az\/exp\/wp-json\/wp\/v2\/pages\/2618\/revisions\/2619"}],"up":[{"embeddable":true,"href":"https:\/\/www.imm.az\/exp\/wp-json\/wp\/v2\/pages\/2339"}],"wp:attachment":[{"href":"https:\/\/www.imm.az\/exp\/wp-json\/wp\/v2\/media?parent=2618"}],"curies":[{"name":"wp","href":"https:\/\/api.w.org\/{rel}","templated":true}]}}