{"id":263,"date":"2014-02-09T19:06:20","date_gmt":"2014-02-09T19:06:20","guid":{"rendered":"http:\/\/centralbaku.com\/imm\/?page_id=263"},"modified":"2022-02-26T15:43:19","modified_gmt":"2022-02-26T11:43:19","slug":"konfranslar-2","status":"publish","type":"page","link":"https:\/\/www.imm.az\/exp\/konfranslar-2\/","title":{"rendered":"Konfranslar"},"content":{"rendered":"<table style=\"border: none;\" border=\"0\" cellspacing=\"0\" cellpadding=\"0\">\n<tbody>\n<tr>\n<td style=\"text-align: justify;\" height=\"30\"><a href=\"https:\/\/mpmm.imm.az\/\"><strong>2022-ci il &#8211; 61. <\/strong> AMEA Riyaziyyat v\u0259 Mexanika \u0130nstitutu v\u0259 Az\u0259rbaycan D\u00f6vl\u0259t Pedaqoji Universitetinin birg\u0259 t\u0259\u015fkilat\u00e7\u0131l\u0131\u011f\u0131 il\u0259 Akademik \u0130brahim \u0130brahimovun 110\u2013illiyin\u0259 h\u0259sr olunmu\u015f \u201cRiyaziyyat v\u0259 Mexanikan\u0131n m\u00fcasir probleml\u0259ri\u201d adl\u0131 beyn\u0259lxalq konfrans 29 iyun-01 iyul 2022-ci il, Bak\u0131 \u2013 Az\u0259rbaycan<\/a><\/td>\n<\/tr>\n<tr>\n<td style=\"text-align: justify;\" height=\"30\"><a href=\"https:\/\/imm60.imm.az\/\"><strong>2019-cu il &#8211; 60. <\/strong>AMEA Riyaziyyat v\u0259 Mexanika \u0130nstitutunun 60 illik yubileyin\u0259 h\u0259sr olunmu\u015f \u201cRiyaziyyat v\u0259 Mexanikan\u0131n m\u00fcasir probleml\u0259ri\u201d m\u00f6vzusunda beyn\u0259lxalq elmi konfrans 23-25 oktyabr 2019-cu il, Bak\u0131 \u2013 Az\u0259rbaycan<\/a><\/td>\n<\/tr>\n<tr>\n<td style=\"text-align: justify;\" height=\"30\"><a href=\"http:\/\/mirabbas-gasymov-80.azjhpc.org\"><strong>2019-cu il &#8211; 59. <\/strong>G\u00f6rk\u0259mli riyaziyyat\u00e7\u0131, akademik Mirabbas Qas\u0131movun 80-illiyin\u0259 h\u0259sr olunmu\u015f \u201cSpektral n\u0259z\u0259riyy\u0259 v\u0259 onun t\u0259tbiql\u0259ri\u201d adl\u0131 Beyn\u0259lxalq seminar 7-8 iyun 2019-cu il, Bak\u0131 \u2013 Az\u0259rbaycan<\/a><\/td>\n<\/tr>\n<tr>\n<td style=\"text-align: justify;\" height=\"30\"><strong>2018-ci il &#8211; 58. <\/strong>Azad Mirz\u0259canzad\u0259nin 90 illik yubileyin\u0259 h\u0259sr olunmu\u015f &#8220;Neftqaz\u00e7\u0131xarmada innovativ texnologiyalar\u0131n v\u0259 t\u0259tbiqi riyaziyyat\u0131n m\u00fcasir probleml\u0259ri&#8221; adl\u0131 Beyn\u0259lxalq konfrans. 13-14 dekabr 2018-ci il, Bak\u0131 \u2013 Az\u0259rbaycan<\/td>\n<\/tr>\n<tr>\n<td style=\"text-align: justify;\" height=\"30\"><a href=\"\/exp\/?page_id=14365\"><strong>2017-ci il &#8211; 57. <\/strong> Akademik Akif Hac\u0131yevin 80-illik yubileyin\u0259 h\u0259sr olunmu\u015f \u201cRiyaziyyat v\u0259 Mexanikan\u0131n m\u00fcasir probleml\u0259ri\u201d adl\u0131 beyn\u0259lxalq konfrans. 6-8 dekabr 2017-ci il, Bak\u0131 \u2013 Az\u0259rbaycan<\/a><\/td>\n<\/tr>\n<tr>\n<td height=\"30\"><a href=\"http:\/\/nhado2016.azjm.org\"><strong>2016-ci il &#8211;\u00a056. <\/strong> \u201cQeyri-harmonik analiz v\u0259 diferensial operatorlar\u201d adl\u0131 Beyn\u0259lxalq Seminar. 25-27 may 2016-c\u0131, Bak\u0131 \u2013 Az\u0259rbaycan<\/a><\/td>\n<\/tr>\n<tr>\n<td style=\"text-align: justify;\" height=\"30\"><a href=\"http:\/\/madea2015.imm.az\/\" target=\"_blank\" rel=\"noopener noreferrer\"><strong>2015-ci il &#8211;\u00a055. <\/strong>&#8220;Riyazi Analiz, Diferensial T\u0259nlikl\u0259r v\u0259 onlar\u0131n T\u0259tbiql\u0259ri RADTT-7&#8221; \u00fczr\u0259 VII Beyn\u0259lxalq Konfrans. 08-13 Sentyabr, 2015, Bak\u0131 \u2013 Az\u0259rbaycan<\/a><\/td>\n<\/tr>\n<tr>\n<td style=\"text-align: justify;\" height=\"30\"><a href=\"\/exp\/?p=2829\"><strong>2014-c\u00fc il &#8211;\u00a054. <\/strong>AMEA Riyaziyyat v\u0259 Mexanika \u0130nstitutu g\u00f6rk\u0259mli riyaziyyat\u00e7\u0131 akademik Mirabbas Qas\u0131movun 75-illiyin\u0259 h\u0259sr olunmu\u015f konfrans t\u0259\u015fkil edir. Konfrans 8-10 dekabr 2014-c\u00fc il Bak\u0131 \u015f\u0259h\u0259rind\u0259 ke\u00e7iril\u0259c\u0259kdir.<\/a><\/td>\n<\/tr>\n<tr>\n<td style=\"text-align: justify;\" height=\"30\"><a href=\"\/exp\/?p=1648\"><strong>2014-c\u00fc il &#8211;\u00a053. <\/strong>N\u0259sir\u0259ddin Tusinin xatir\u0259sin\u0259 h\u0259sr olunmu\u015f \u201cRiyaziyyat\u0131n v\u0259 Astronomiyan\u0131n Tarixi, M\u00f6vcud Durumu v\u0259 G\u0259l\u0259c\u0259y\u0259 Baxi\u015f\u201d m\u00f6vzusunda beyn\u0259lxalq konfrans. 10-12 sentyabr, 2014, Bak\u0131, Az\u0259rbaycan.<\/a><\/td>\n<\/tr>\n<tr>\n<td style=\"text-align: justify;\" height=\"30\"><a href=\"\/exp\/?p=1544\"><strong>2014-c\u00fc il &#8211;\u00a052. <\/strong>AMEA-n\u0131n Riyaziyyat v\u0259 Mexanika \u0130nstitutunda institutun yaranmas\u0131n\u0131n 55 illik yubileyin\u0259 h\u0259sr olunacaq \u201cRiyaziyyat v\u0259 Mexanikan\u0131n aktual probleml\u0259ri\u201d m\u00f6zusunda Beyn\u0259lxalq Konfrans, 15-16 may 2014-c\u00fc il, AMEA-n\u0131n Riyaziyyat v\u0259 Mexanika \u0130nstitutu.<\/a><\/td>\n<\/tr>\n<tr>\n<td style=\"text-align: justify;\" height=\"30\"><strong>2013-c\u00fc il &#8211;\u00a051.<\/strong>\u00a0Neftqaz sah\u0259sind\u0259 qeyri-Nyuton sisteml\u0259r akademik Azad X\u0259lil o\u011flu Mirz\u0259canzad\u0259nin 85-illik yubleyin\u0259 h\u0259sr olunmu\u015f Beyn\u0259lxalq elmi Konfrans\u0131n materiallar\u0131, 21-22 noyabr 2013.<\/td>\n<\/tr>\n<tr>\n<td style=\"text-align: justify;\" width=\"1700\" height=\"30\"><strong>2013-c\u00fc il &#8211;\u00a050.<\/strong>\u00a0Riyaziyyat v\u0259 informatikan\u0131n aktual probleml\u0259ri\u00a0Heyd\u0259r \u018fliyevin anadan olmas\u0131n\u0131n 90 illik yubileyin\u0259 h\u0259sr olunmu\u015f Beyn\u0259lxalq konfrans\u0131n\u0131n tezisl\u0259ri.<\/td>\n<\/tr>\n<tr style=\"text-align: justify;\">\n<td height=\"30\"><strong>2012-ci il \u2013\u00a049.<\/strong>\u00a0Funksiyalar n\u0259z\u0259riyy\u0259si v\u0259 harmonik analizin probleml\u0259ri Akademik \u0130.\u0130. \u0130brahimovun\u00a0100- illik yubileyin\u0259 h\u0259sr olunmu\u015f Beyn\u0259lxalq konfrans\u0131n Materiallar\u0131<\/td>\n<\/tr>\n<tr style=\"text-align: justify;\">\n<td height=\"30\"><strong>2011-ci il \u2013\u00a046.<\/strong>\u00a0Funksional analiz v\u0259 onun t\u0259tbiql\u0259ri Akademik Z.\u0130. X\u0259lilovun 100- illik yubileyin\u0259 h\u0259sr olunmu\u015f Beyn\u0259lxalq konfrans\u0131n materiallar\u0131.<\/td>\n<\/tr>\n<tr style=\"text-align: justify;\">\n<td height=\"30\"><strong>2011-ci il &#8211; 48.<\/strong>\u00a0Dahi Ensiklopedik Alim M\u0259h\u0259mm\u0259d N\u0259sir\u0259ddin Tusinin 810 illiyin\u0259 h\u0259sr edilmi\u015f beyn\u0259lxalq konfrans\u0131n materiallar\u0131<\/td>\n<\/tr>\n<tr style=\"text-align: justify;\">\n<td height=\"30\"><strong>2011-ci il &#8211; 47.<\/strong>\u00a0Book of Abstracts IV CONGRESS of the TURKIC WORLD\u00a0MATHEMATICAL SOCIETY.<\/td>\n<\/tr>\n<tr style=\"text-align: justify;\">\n<td height=\"30\"><strong>2010-cu il \u2013 45.<\/strong>\u00a0Spektral n\u0259z\u0259riyy\u0259 v\u0259 onun t\u0259tbiql\u0259ri Akademik F.Q. Maqsudovun 80-illik yubileyin\u0259 h\u0259sr olunmu\u015f Beyn\u0259lxalq konfrans\u0131n tezisl\u0259ri.<\/td>\n<\/tr>\n<tr style=\"text-align: justify;\">\n<td height=\"30\"><strong>2009-cu il &#8211; 44.<\/strong>\u00a0AMEA Riyaziyyat v\u0259 Mexanika \u0130nstitutunun 50- illiyin\u0259 h\u0259sr olunmu\u015f riyyaziyyat v\u0259 mexanika \u00fczr\u0259 Beyn\u0259lxalq konfrans\u0131n tezisl\u0259ri.<\/td>\n<\/tr>\n<tr style=\"text-align: justify;\">\n<td height=\"30\"><strong>2008-ci il \u2013 43.<\/strong>\u00a0\u00abFizika, riyaziyyat v\u0259 texnika elml\u0259ri\u00bb \u00fczr\u0259 beyn\u0259lxalq konfrans (Nax\u00e7\u0131van \u015f. AMEA RM\u0130, NDU, Nax\u00e7. M\u00fc\u0259lliml\u0259r \u0130nst., AMEA Nax\u00e7\u0131van B\u00f6lm\u0259si il\u0259 birlikd\u0259).<\/td>\n<\/tr>\n<tr style=\"text-align: justify;\">\n<td height=\"30\"><strong>2008-ci il \u2013 42.<\/strong>\u00a0\u00abRiyazi n\u0259z\u0259riyy\u0259l\u0259r, onlar\u0131n t\u0259tbiql\u0259ri v\u0259 t\u0259drisi sah\u0259sind\u0259 olan probleml\u0259r\u00bb \u00fczr\u0259 beyn\u0259lxalq konfrans (G\u0259nc\u0259, AMEA RM\u0130 v\u0259 G\u0259nc\u0259 DU birg\u0259).<\/td>\n<\/tr>\n<tr style=\"text-align: justify;\">\n<td height=\"30\"><strong>2008-ci il \u2013 41.<\/strong>\u00a0Mecdunarodn\u0131y Rossiska-Azerbaydcanskiy simpozium \u00abUravneni\u0259 sme\u015fannoqo tipa i rodstvenn\u0131e problem\u0131 analiza i informatiki\u00bb (q.Gl\u011fbrus, Kabardino-Balkari\u0259 N\u0130\u0130 prikladnoy matematiki i avtomatiza\u00fcii KBN\u00dc RAN, \u0130nstitut Matematiki i Mexaniki NANA).<\/td>\n<\/tr>\n<tr style=\"text-align: justify;\">\n<td height=\"30\"><strong>2007-ci il \u2013 40.<\/strong>\u00a0AMEA Riyaziyyat v\u0259 Mexanika \u0130nstitutu, Nax\u00e7\u0131van D\u00f6vl\u0259t Universiteti v\u0259 Nax\u00e7\u0131van M\u00fc\u0259lliml\u0259r \u0130nstitutu il\u0259 birlikd\u0259 Nax\u00e7\u0131avn \u015f\u0259h\u0259rind\u0259 \u00abRiyaziyyat, mexanika v\u0259 informatikan\u0131n m\u00fcasir probleml\u0259ri\u00bb \u00fczr\u0259\u00a0Beyn\u0259lxalq simpozium.<\/td>\n<\/tr>\n<tr style=\"text-align: justify;\">\n<td height=\"30\"><strong>2007-ci il \u2013 39.<\/strong>\u00a0Akad. A.C.Hac\u0131yevin anadan olmas\u0131n\u0131n 70 illiyin\u0259 h\u0259sr olunmu\u015f Riyaziyyat v\u0259 Mexanika \u00fczr\u0259 XIII beyn\u0259lxalq konfrans.<\/td>\n<\/tr>\n<tr style=\"text-align: justify;\">\n<td height=\"30\"><strong>2006-ci il \u2013 38.<\/strong>\u00a0AMEA-n\u0131n m\u00fcxbir \u00fczv\u00fc, prof. B.A.\u0130sg\u0259nd\u0259rovun anadan olmas\u0131n\u0131n 70-illiyin\u0259 h\u0259sr olunmu\u015f XII-ci beyn\u0259lxalq konfrans.<\/td>\n<\/tr>\n<tr style=\"text-align: justify;\">\n<td height=\"30\"><strong>2005-ci il \u2013 37.<\/strong>\u00a0AMEA Fizika Riyaziyyat v\u0259 Texnika Elml\u0259ri B\u00f6lm\u0259si il\u0259 birlikd\u0259 \u0259m\u0259kdar elm xadimi, akad. F.Q.Maqsudovun anadan olmas\u0131n\u0131n 75 illiyin\u0259 h\u0259sr olunmu\u015f elmi sessiya.<\/td>\n<\/tr>\n<tr style=\"text-align: justify;\">\n<td height=\"30\"><strong>2005-ci il \u2013 36.<\/strong>\u00a0AMEA-n\u0131n m\u00fcxbir \u00fczv\u00fc \u0130.T.M\u0259mm\u0259dovun anadan olmas\u0131n\u0131n 50-illiyin\u0259 h\u0259sr edilmi\u015f riyaziyyat v\u0259 mexanika \u00fczr\u0259 XI-ci beyn\u0259lxalq konfrans.<\/td>\n<\/tr>\n<tr style=\"text-align: justify;\">\n<td height=\"30\"><strong>2004-ci il \u2013 35.\u00a0<\/strong>AMEA Fizika Riyaziyyat v\u0259 Texnika Elml\u0259ri B\u00f6lm\u0259si il\u0259 birlikd\u0259 \u0259m\u0259kdar elm xadimi, prof. AMEA-n\u0131n m\u00fcxbir \u00fczv\u00fc A.\u018f.babayevin 70 illiyin\u0259 h\u0259sr olunmu\u015f elmi sessiya.<\/td>\n<\/tr>\n<tr style=\"text-align: justify;\">\n<td height=\"30\"><strong>2004-ci il \u2013 34.<\/strong>\u00a0AMEA Riyaziyyat v\u0259 Mexanika \u0130nstitutunun yaranmas\u0131n\u0131n 45 illiyin\u0259 h\u0259sr olunmu\u015f\u00a0riyaziyyat v\u0259 mexanika \u00fczr\u0259 X beyn\u0259lxalq konfrans.<\/td>\n<\/tr>\n<tr style=\"text-align: justify;\">\n<td height=\"30\"><strong>2003-c\u00fc il \u2013 33.<\/strong>\u00a0Riyaziyyat v\u0259 mexanikan\u0131n t\u0259tbiqi m\u0259s\u0259l\u0259l\u0259ri \u00fczr\u0259 VII Respublika konfrans\u0131.<\/td>\n<\/tr>\n<tr style=\"text-align: justify;\">\n<td height=\"30\"><strong>2003-ci il \u2013 32.\u00a0<\/strong>Az\u0259rb. Resp. Prezidenti H.\u018f.\u018fliyevin anadan olmas\u0131n\u0131n 80 illiyin\u0259 h\u0259sr olunmu\u015f riyaziyyat v\u0259 mexanika \u00fczr\u0259 IX beyn\u0259lxalq konfrans.<\/td>\n<\/tr>\n<tr style=\"text-align: justify;\">\n<td height=\"30\"><strong>2002-ci il \u2013 31.<\/strong>\u00a0Riyaziyyat v\u0259 Mexanika \u00fczr\u0259 VIII Respublika konfrans\u0131.<\/td>\n<\/tr>\n<tr style=\"text-align: justify;\">\n<td height=\"30\"><strong>2002-ci il \u2013 30.<\/strong>\u00a0Akademik \u0130.\u0130.\u0130brahimovun 90 illiyin\u0259 h\u0259sr olunmu\u015f riyaziyyat v\u0259 mexanikan\u0131n t\u0259tbiqi m\u0259s\u0259l\u0259l\u0259ri \u00fczr\u0259 VI Respublika konfrans\u0131.<\/td>\n<\/tr>\n<tr style=\"text-align: justify;\">\n<td height=\"30\"><strong>2001-ci il \u2013 29.<\/strong>\u00a0Akad. Z.\u0130.X\u0259lilovun 90 illiyin\u0259 h\u0259sr olunmu\u015f riyaziyyat v\u0259 mexanika \u00fczr\u0259 konfrans.<\/td>\n<\/tr>\n<tr style=\"text-align: justify;\">\n<td height=\"30\"><strong>2000-ci il \u2013 28.\u00a0<\/strong>F.Q.Maqsudovun 70 illiyin\u0259 h\u0259sr olunmu\u015f fizika riyaziyyat elml\u0259ri \u00fczr\u0259 beyn\u0259lxalq simpozium.<\/td>\n<\/tr>\n<tr style=\"text-align: justify;\">\n<td height=\"30\"><strong>1997-ci il \u2013 27.\u00a0<\/strong>Az\u0259rb. Resp. Prezidenti H.\u018f.\u018fliyevin 75-illiyin\u0259 h\u0259sr olunmu\u015f I-ci Qeyri x\u0259tti analiz, riyazi iqtisadiyyat v\u0259 informatika \u00fczr\u0259 I-ci beyn\u0259lxalq konfrans.<\/td>\n<\/tr>\n<tr style=\"text-align: justify;\">\n<td height=\"30\"><strong>1995-ci il \u2013 26.\u00a0<\/strong>Az\u0259rb. EA-n\u0131n 50 illiyin\u0259 h\u0259sr olunmu\u015f riyaziyyat v\u0259 mexanika \u00fczr\u0259 I Respublika konfrans\u0131.<\/td>\n<\/tr>\n<tr style=\"text-align: justify;\">\n<td height=\"30\"><strong>1994-c\u00fc il \u2013 25.\u00a0<\/strong>Riyaziyyat v\u0259 mexanika \u00fczr\u0259 g\u0259nc aliml\u0259rin XI Respublika konfrans\u0131.<\/td>\n<\/tr>\n<tr style=\"text-align: justify;\">\n<td height=\"30\"><strong>1993-c\u00fc il \u2013 24.<\/strong>\u00a0prof. K.A.K\u0259rimovun yubileyin\u0259 h\u0259sr olunmu\u015f riyaziyyat v\u0259 mexanika \u00fczr\u0259 elmi konfrans.<\/td>\n<\/tr>\n<tr style=\"text-align: justify;\">\n<td height=\"30\"><strong>1991-ci il \u2013 23.\u00a0<\/strong>Qeyri x\u0259tti analiz v\u0259 onun riyazi iqtisadiyyata t\u0259tbiqi \u00fcmumittifaq konfrans\u0131.<\/td>\n<\/tr>\n<tr style=\"text-align: justify;\">\n<td height=\"30\"><strong>1991-ci il \u2013 22.<\/strong>\u00a0akad. Z.\u0130.X\u0259lilovun xatir\u0259sin\u0259 h\u0259sr olunmu\u015f funksional analiz v\u0259 onun t\u0259tbiqi \u00fczr\u0259 seminar.<\/td>\n<\/tr>\n<tr style=\"text-align: justify;\">\n<td height=\"30\"><strong>1990-c\u0131 il \u2013\u00a021.\u00a0<\/strong>Diferensial t\u0259nlikl\u0259r v\u0259 riyazi fizika \u00fczr\u0259 seminar.<\/td>\n<\/tr>\n<tr style=\"text-align: justify;\">\n<td height=\"30\"><strong>1990-c\u0131 il \u2013 20.<\/strong>\u00a0Riyaziyyat v\u0259 mexanika \u00fczr\u0259 g\u0259nc aliml\u0259rin X Respublika konfrans\u0131.<\/td>\n<\/tr>\n<tr style=\"text-align: justify;\">\n<td height=\"30\"><strong>1988-ci il \u2013 19.\u00a0<\/strong>IX \u0420\u0435\u0441\u043f\u0443\u0431\u043b\u0438\u043a\u0430\u043d\u0441\u043a\u0430\u044f \u043a\u043e\u043d\u0444\u0435\u0440\u0435\u043d\u0446\u0438\u044f \u043c\u043e\u043b\u043e\u0434\u044b\u0445 \u0443\u0447\u0435\u043d\u044b\u0445 \u043f\u043e \u043c\u0430\u0442\u0435\u043c\u0430\u0442\u0438\u043a\u0435 \u0438 \u043c\u0435\u0445\u0430\u043d\u0438\u043a\u0435.<\/td>\n<\/tr>\n<tr style=\"text-align: justify;\">\n<td height=\"30\"><strong>1987-ci il \u2013 18.<\/strong>\u00a0VIII \u0420\u0435\u0441\u043f\u0443\u0431\u043b\u0438\u043a\u0430\u043d\u0441\u043a\u0430\u044f \u043a\u043e\u043d\u0444\u0435\u0440\u0435\u043d\u0446\u0438\u044f \u043c\u043e\u043b\u043e\u0434\u044b\u0445 \u0443\u0447\u0435\u043d\u044b\u0445 \u043f\u043e \u043c\u0430\u0442\u0435\u043c\u0430\u0442\u0438\u043a\u0435 \u0438 \u043c\u0435\u0445\u0430\u043d\u0438\u043a\u0435.<\/td>\n<\/tr>\n<tr style=\"text-align: justify;\">\n<td height=\"30\"><strong>1987-ci il \u2013 17.<\/strong>\u00a0\u0411\u0430\u043a\u0438\u043d\u0441\u043a\u0430\u044f \u043c\u0435\u0436\u0434\u0443\u043d\u0430\u0440\u043e\u0434\u043d\u0430\u044f \u0442\u043e\u043f\u043e\u043b\u043e\u0433\u0438\u0447\u0435\u0441\u043a\u0430\u044f \u043a\u043e\u043d\u0444\u0435\u0440\u0435\u043d\u0446\u0438\u044f.<\/td>\n<\/tr>\n<tr style=\"text-align: justify;\">\n<td height=\"30\"><strong>1986-c\u0131 il \u2013 16.\u00a0<\/strong>VII \u0420\u0435\u0441\u043f\u0443\u0431\u043b\u0438\u043a\u0430\u043d\u0441\u043a\u0430\u044f \u043a\u043e\u043d\u0444\u0435\u0440\u0435\u043d\u0446\u0438\u044f \u043c\u043e\u043b\u043e\u0434\u044b\u0445 \u0443\u0447\u0435\u043d\u044b\u0445 \u043f\u043e \u043c\u0430\u0442\u0435\u043c\u0430\u0442\u0438\u043a\u0435 \u0438 \u043c\u0435\u0445\u0430\u043d\u0438\u043a\u0435.<\/td>\n<\/tr>\n<tr style=\"text-align: justify;\">\n<td height=\"30\"><strong>1985-ci il \u2013 15.<\/strong>\u00a0VI \u0420\u0435\u0441\u043f\u0443\u0431\u043b\u0438\u043a\u0430\u043d\u0441\u043a\u0430\u044f \u043a\u043e\u043d\u0444\u0435\u0440\u0435\u043d\u0446\u0438\u044f \u043c\u043e\u043b\u043e\u0434\u044b\u0445 \u0443\u0447\u0435\u043d\u044b\u0445 \u043f\u043e \u043c\u0430\u0442\u0435\u043c\u0430\u0442\u0438\u043a\u0435 \u0438 \u043c\u0435\u0445\u0430\u043d\u0438\u043a\u0435, \u043f\u043e\u0441\u0432. 40-\u043b\u0435\u0442\u0438\u044e \u041f\u043e\u0431\u0435\u0434\u044b.<\/td>\n<\/tr>\n<tr style=\"text-align: justify;\">\n<td height=\"30\"><strong>1984-c\u00fc il \u2013 14.<\/strong>\u00a0\u041a\u043e\u043d\u0444\u0435\u0440\u0435\u043d\u0446\u0438\u044f \u043f\u043e \u043f\u0440\u0438\u043a\u043b\u0430\u0434\u043d\u043e\u0439 \u043c\u0430\u0442\u0435\u043c\u0430\u0442\u0438\u043a\u0435 \u0438 \u043c\u0435\u0445\u0430\u043d\u0438\u043a\u0435, \u043f\u043e\u0441\u0432. 25-\u043b\u0435\u0442\u0438\u044e \u0418\u043d\u0441\u0442\u0438\u0442\u0443\u0442\u0430 \u043c\u0430\u0442\u0435\u043c\u0430\u0442\u0438\u043a\u0435 \u0438 \u043c\u0435\u0445\u0430\u043d\u0438\u043a\u0435 \u0410\u041d \u0410\u0437\u0435\u0440\u0431.<\/td>\n<\/tr>\n<tr style=\"text-align: justify;\">\n<td height=\"30\"><strong>1984-c\u00fc il \u2013 13.<\/strong>\u00a0V \u0420\u0435\u0441\u043f\u0443\u0431\u043b\u0438\u043a\u0430\u043d\u0441\u043a\u0430\u044f \u043a\u043e\u043d\u0444\u0435\u0440\u0435\u043d\u0446\u0438\u044f \u043c\u043e\u043b\u043e\u0434\u044b\u0445 \u0443\u0447\u0435\u043d\u044b\u0445 \u043f\u043e \u043c\u0430\u0442\u0435\u043c\u0430\u0442\u0438\u043a\u0435 \u0438 \u043c\u0435\u0445\u0430\u043d\u0438\u043a\u0435, \u043f\u043e\u0441\u0432. 25-\u043b\u0435\u0442\u0438\u044e \u043e\u0431\u0440\u0430\u0437\u043e\u0432\u0430\u043d\u0438\u044f \u0418\u041c\u041c \u0410\u041d \u0410\u0437\u0435\u0440\u0431. \u0421\u0421\u0420.<\/td>\n<\/tr>\n<tr style=\"text-align: justify;\">\n<td height=\"30\"><strong>1982-ci il\u2013 12.<\/strong>\u00a0IV \u0420\u0435\u0441\u043f\u0443\u0431\u043b\u0438\u043a\u0430\u043d\u0441\u043a\u0430\u044f \u043a\u043e\u043d\u0444\u0435\u0440\u0435\u043d\u0446\u0438\u044f \u043c\u043e\u043b\u043e\u0434\u044b\u0445 \u0443\u0447\u0435\u043d\u044b\u0445 \u043f\u043e \u043c\u0430\u0442\u0435\u043c\u0430\u0442\u0438\u043a\u0435 \u0438 \u043c\u0435\u0445\u0430\u043d\u0438\u043a\u0435, \u043f\u043e\u0441\u0432. 60-\u043b\u0435\u0442\u0438\u044e \u043e\u0431\u0440\u0430\u0437\u043e\u0432\u0430\u043d\u0438\u044f \u0421\u0421\u0421\u0420<\/td>\n<\/tr>\n<tr style=\"text-align: justify;\">\n<td height=\"30\"><strong>1980-ci il \u2013 11.<\/strong>\u00a0III \u0420\u0435\u0441\u043f\u0443\u0431\u043b\u0438\u043a\u0430\u043d\u0441\u043a\u0430\u044f \u043a\u043e\u043d\u0444\u0435\u0440\u0435\u043d\u0446\u0438\u044f \u043c\u043e\u043b\u043e\u0434\u044b\u0445 \u0443\u0447\u0435\u043d\u044b\u0445 \u043f\u043e \u043c\u0430\u0442\u0435\u043c\u0430\u0442\u0438\u043a\u0435 \u0438 \u043c\u0435\u0445\u0430\u043d\u0438\u043a\u0435.<\/td>\n<\/tr>\n<tr style=\"text-align: justify;\">\n<td height=\"30\"><strong>1979-cu il \u2013 10.<\/strong>\u00a0\u0421\u0435\u043c\u0438\u043d\u0430\u0440 \u00ab\u0423\u043d\u0438\u0432\u0435\u0440\u0441\u0430\u043b\u044c\u043d\u0430\u044f \u0430\u043b\u0433\u0435\u0431\u0440\u0430\u00bb.<\/td>\n<\/tr>\n<tr style=\"text-align: justify;\">\n<td height=\"30\"><strong>1976-c\u0131 il \u2013 9.<\/strong>\u00a0\u0420\u0435\u0441\u043f\u0443\u0431\u043b\u0438\u043a\u0430\u043d\u0441\u043a\u0430\u044f \u043a\u043e\u043d\u0444\u0435\u0440\u0435\u043d\u0446\u0438\u044f \u043c\u043e\u043b\u043e\u0434\u044b\u0445 \u0443\u0447\u0435\u043d\u044b\u0445 \u043f\u043e \u043c\u0430\u0442\u0435\u043c\u0430\u0442\u0438\u043a\u0435 \u0438 \u043c\u0435\u0445\u0430\u043d\u0438\u043a\u0435.<\/td>\n<\/tr>\n<tr style=\"text-align: justify;\">\n<td height=\"30\"><strong>1975-ci il \u2013 8.<\/strong>\u00a0II \u0412\u0441\u0435\u0441\u043e\u044e\u0437\u043d\u0430\u044f \u043b\u0435\u0442\u043d\u044f\u044f \u043c\u0430\u0442\u0435\u043c\u0430\u0442\u0438\u0447\u0435\u0441\u043a\u0430\u044f \u0448\u043a\u043e\u043b\u0430 \u043f\u043e \u0441\u043f\u0435\u043a\u0442\u0440\u0430\u043b\u044c\u043d\u043e\u0439 \u0442\u0435\u043e\u0440\u0438\u0438 \u043e\u043f\u0435\u0440\u0430\u0442\u043e\u0440\u043e\u0432.<\/td>\n<\/tr>\n<tr style=\"text-align: justify;\">\n<td height=\"30\"><strong>1971-ci il \u2013 7.<\/strong>\u00a0\u0420\u0435\u0441\u043f\u0443\u0431\u043b\u0438\u043a\u0430\u043d\u0441\u043a\u0430\u044f \u043d\u0430\u0443\u0447\u043d\u0430\u044f \u043a\u043e\u043d\u0444\u0435\u0440\u0435\u043d\u0446\u0438\u044f \u043f\u043e \u043c\u0430\u0442\u0435\u043c\u0430\u0442\u0438\u043a\u0435 \u0438 \u043c\u0435\u0445\u0430\u043d\u0438\u043a\u0435, \u043f\u043e\u0441\u0432\u044f\u0449. XXIV \u0441\u044a\u0435\u0437\u0434\u0443 \u041a\u041f\u0421\u0421.<\/td>\n<\/tr>\n<tr style=\"text-align: justify;\">\n<td height=\"30\"><strong>1970-ci il \u2013 6.<\/strong>\u00a0\u041d\u0430\u0443\u0447\u043d\u0430\u044f \u043a\u043e\u043d\u0444\u0435\u0440\u0435\u043d\u0446\u0438\u044f, \u043f\u043e\u0441\u0432\u044f\u0449\u0435\u043d\u043d\u0430\u044f 50-\u043b\u0435\u0442\u0438\u044e \u0443\u0441\u0442\u0430\u043d\u043e\u0432\u043b\u0435\u043d\u0438\u044f \u0421\u043e\u0432\u0435\u0442-\u0441\u043a\u043e\u0439 \u0432\u043b\u0430\u0441\u0442\u0438 \u0432 \u0410\u0437\u0435\u0440\u0431\u0430\u0439\u0434\u0436\u0430\u043d\u0435 \u0438 50-\u043b\u0435\u0442\u0438\u044e \u041a\u041f \u0410\u0437\u0435\u0440\u0431\u0430\u0439\u0434\u0436\u0430\u043d\u0430.<\/td>\n<\/tr>\n<tr style=\"text-align: justify;\">\n<td height=\"30\"><strong>1968-ci il \u2013 5.\u00a0<\/strong>\u041b\u0435\u0442\u043d\u044f\u044f \u0448\u043a\u043e\u043b\u0430 \u043f\u043e \u0441\u043f\u0435\u043a\u0442\u0440\u0430\u043b\u044c\u043d\u043e\u0439 \u0442\u0435\u043e\u0440\u0438\u0438 \u043e\u043f\u0435\u0440\u0430\u0442\u043e\u0440\u043e\u0432 \u0438 \u0442\u0435\u043e\u0440\u0438\u0438 \u043f\u0440\u0435\u0434-\u0441\u0442\u0430\u0432\u043b\u0435\u043d\u0438\u044f \u0433\u0440\u0443\u043f\u043f.<\/td>\n<\/tr>\n<tr style=\"text-align: justify;\">\n<td height=\"30\"><strong>1966-c\u0131 il \u2013\u00a04.\u00a0<\/strong>\u0421\u0438\u043c\u043f\u043e\u0437\u0438\u0443\u043c \u043f\u043e \u0442\u0435\u043e\u0440\u0435\u043c\u0430\u043c \u0432\u043b\u043e\u0436\u0435\u043d\u0438\u044f.<\/td>\n<\/tr>\n<tr style=\"text-align: justify;\">\n<td height=\"30\"><strong>1964-c\u00fc il \u2013 3.<\/strong>\u00a0\u0412\u0441\u0435\u0441\u043e\u044e\u0437\u043d\u0430\u044f \u0441\u0438\u043c\u043f\u043e\u0437\u0438\u0443\u043c \u043f\u043e \u0440\u0430\u0441\u043f\u0440\u043e\u0441\u0442\u0440\u0430\u043d\u0435\u043d\u0438\u044e \u0443\u043f\u0440\u0443\u0433\u043e\u043f\u043b\u0430\u0441\u0442\u0438\u0447\u0435\u0441\u043a\u0438\u0445 \u0432\u043e\u043b\u043d \u0432 \u0441\u043f\u043b\u043e\u0448\u043d\u044b\u0445 \u0441\u0440\u0435\u0434\u0430\u0445.<\/td>\n<\/tr>\n<tr style=\"text-align: justify;\">\n<td height=\"30\"><strong>1962-ci il \u2013 2.<\/strong>\u00a0II \u0412\u0441\u0435\u0441\u043e\u044e\u0437\u043d\u0430\u044f \u043a\u043e\u043d\u0444\u0435\u0440\u0435\u043d\u0446\u0438\u044f \u043f\u043e \u043a\u043e\u043d\u0441\u0442\u0440\u0443\u043a\u0442\u0438\u0432\u043d\u043e\u0439 \u0442\u0435\u043e\u0440\u0438\u0438 \u0444\u0443\u043d\u043a\u0446\u0438\u0439.<\/td>\n<\/tr>\n<tr>\n<td style=\"text-align: justify;\" height=\"30\"><strong>1959-cu il \u2013 1.<\/strong>\u00a0I \u0412\u0441\u0435\u0441\u043e\u044e\u0437\u043d\u0430\u044f \u043a\u043e\u043d\u0444\u0435\u0440\u0435\u043d\u0446\u0438\u044f \u043f\u043e \u0444\u0443\u043d\u043a\u0446\u0438\u043e\u043d\u0430\u043b\u044c\u043d\u043e\u043c\u0443 \u0430\u043d\u0430\u043b\u0438\u0437\u0443.<\/td>\n<\/tr>\n<\/tbody>\n<\/table>\n","protected":false},"excerpt":{"rendered":"<p>2022-ci il &#8211; 61. AMEA Riyaziyyat v\u0259 Mexanika \u0130nstitutu v\u0259 Az\u0259rbaycan D\u00f6vl\u0259t Pedaqoji Universitetinin birg\u0259 t\u0259\u015fkilat\u00e7\u0131l\u0131\u011f\u0131 il\u0259 Akademik \u0130brahim \u0130brahimovun 110\u2013illiyin\u0259 h\u0259sr olunmu\u015f \u201cRiyaziyyat v\u0259 Mexanikan\u0131n m\u00fcasir probleml\u0259ri\u201d adl\u0131 beyn\u0259lxalq konfrans 29 iyun-01 iyul 2022-ci il, Bak\u0131 \u2013 Az\u0259rbaycan 2019-cu il &#8211; 60. AMEA Riyaziyyat v\u0259 Mexanika \u0130nstitutunun 60 illik yubileyin\u0259 h\u0259sr olunmu\u015f \u201cRiyaziyyat v\u0259 [&hellip;]<\/p>\n","protected":false},"author":6,"featured_media":0,"parent":0,"menu_order":0,"comment_status":"closed","ping_status":"closed","template":"","meta":{"footnotes":""},"_links":{"self":[{"href":"https:\/\/www.imm.az\/exp\/wp-json\/wp\/v2\/pages\/263"}],"collection":[{"href":"https:\/\/www.imm.az\/exp\/wp-json\/wp\/v2\/pages"}],"about":[{"href":"https:\/\/www.imm.az\/exp\/wp-json\/wp\/v2\/types\/page"}],"author":[{"embeddable":true,"href":"https:\/\/www.imm.az\/exp\/wp-json\/wp\/v2\/users\/6"}],"replies":[{"embeddable":true,"href":"https:\/\/www.imm.az\/exp\/wp-json\/wp\/v2\/comments?post=263"}],"version-history":[{"count":5,"href":"https:\/\/www.imm.az\/exp\/wp-json\/wp\/v2\/pages\/263\/revisions"}],"predecessor-version":[{"id":39742,"href":"https:\/\/www.imm.az\/exp\/wp-json\/wp\/v2\/pages\/263\/revisions\/39742"}],"wp:attachment":[{"href":"https:\/\/www.imm.az\/exp\/wp-json\/wp\/v2\/media?parent=263"}],"curies":[{"name":"wp","href":"https:\/\/api.w.org\/{rel}","templated":true}]}}