{"id":2649,"date":"2014-06-27T16:19:42","date_gmt":"2014-06-27T11:19:42","guid":{"rendered":"http:\/\/www.imm.az\/exp\/?page_id=2649"},"modified":"2019-03-11T17:01:46","modified_gmt":"2019-03-11T13:01:46","slug":"mir-s%c9%99lim-zad%c9%99-mun%c9%99vv%c9%99r-vaqif-qizi","status":"publish","type":"page","link":"https:\/\/www.imm.az\/exp\/%c9%99m%c9%99kdaslar\/mir-s%c9%99lim-zad%c9%99-mun%c9%99vv%c9%99r-vaqif-qizi\/","title":{"rendered":"Mir-S\u0259lim-zad\u0259 M\u00fcn\u0259vv\u0259r Vaqif q\u0131z\u0131"},"content":{"rendered":"<p><strong>\u018fsas elmi nailiyy\u0259tl\u0259ri<\/strong><\/p>\n<p style=\"text-align: justify;\">Stringerl\u0259r il\u0259 m\u00f6hk\u0259ml\u0259ndirilmi\u015f l\u00f6vh\u0259l\u0259rin g\u0259rginlikli-deformasiya v\u0259ziyy\u0259tini, qal\u0131q m\u00f6hk\u0259mliyini v\u0259 da\u011f\u0131lmas\u0131 \u00fc\u00e7un effektiv hesablanma \u00fcsullar\u0131 v\u0259 qiym\u0259tl\u0259ndirilm\u0259 alqoritml\u0259ri i\u015fl\u0259yib haz\u0131rlanm\u0131\u015fd\u0131r.<\/p>\n<p><strong>Son be\u015f ild\u0259 \u00e7ap olunmu\u015f \u0259sas elmi i\u015fl\u0259rinin siyah\u0131s\u0131<\/strong><\/p>\n<ol>\n<li>\u041f\u0435\u0440\u0438\u043e\u0434\u0438\u0447\u0435\u0441\u043a\u0430\u044f \u043a\u043e\u043d\u0442\u0430\u043a\u0442\u043d\u0430\u044f \u0437\u0430\u0434\u0430\u0447\u0430 \u0434\u043b\u044f \u0441\u0442\u0440\u0438\u043d\u0433\u0435\u0440\u043d\u043e\u0439 \u043f\u043b\u0430\u0441\u0442\u0438\u043d\u044b \/\/ \u0422\u044f\u0436\u0435\u043b\u043e\u0435 \u043c\u0430\u0448\u0438\u043d\u043e\u0441\u0442\u0440\u043e\u0435\u043d\u0438\u0435. 2015, \u21166, c. 37-42<\/li>\n<li><em>Partial Contact of the Faces of a Slot of Variable Width in a Plate Reinforced by Stringers \/\/ Materials Science. 2016, vol. 52, pp 323\u2013329<\/em><\/li>\n<li><em>Contact problem for a stringer plate weakened by a periodic system of variable width slots \/\/ Structural Engineering and Mechanics. 2017, vol. 62, no. 6, p. 719-724<\/em><\/li>\n<li><em>\u0427\u0430\u0441\u0442\u0438\u0447\u043d\u043e\u0435 \u0437\u0430\u043a\u0440\u044b\u0442\u0438\u0435 \u043f\u0440\u044f\u043c\u043e\u043b\u0438\u043d\u0435\u0439\u043d\u043e\u0439 \u0442\u0440\u0435\u0449\u0438\u043d\u044b, \u0438\u0441\u0445\u043e\u0434\u044f\u0449\u0435\u0439 \u0438\u0437 \u043a\u043e\u043d\u0442\u0443\u0440\u0430 \u043a\u0440\u0443\u0433\u043e\u0432\u043e\u0433\u043e \u043e\u0442\u0432\u0435\u0440\u0441\u0442\u0438\u044f \u0432 \u0441\u0442\u0440\u0438\u043d\u0433\u0435\u0440\u043d\u043e\u0439 \u043f\u043b\u0430\u0441\u0442\u0438\u043d\u0435 \/\/ \u0421\u0442\u0440\u043e\u0438\u0442\u0435\u043b\u044c\u043d\u0430\u044f \u043c\u0435\u0445\u0430\u043d\u0438\u043a\u0430 \u0438\u043d\u0436\u0435\u043d\u0435\u0440\u043d\u044b\u0445 \u043a\u043e\u043d\u0441\u0442\u0440\u0443\u043a\u0446\u0438\u0439 \u0438 \u0441\u043e\u043e\u0440\u0443\u0436\u0435\u043d\u0438\u0439. 2018, \u0442. 14, \u2116 4, c. 313\u2013322<\/em><\/li>\n<li><em>Slit system partial closure simulation in a stringer reinforced perforated isotropic medium \/\/ Journal of Mechanical Engineering. 2018, vol. 21, no. 3, p. 65-74<\/em><\/li>\n<\/ol>\n","protected":false},"excerpt":{"rendered":"<p>\u018fsas elmi nailiyy\u0259tl\u0259ri Stringerl\u0259r il\u0259 m\u00f6hk\u0259ml\u0259ndirilmi\u015f l\u00f6vh\u0259l\u0259rin g\u0259rginlikli-deformasiya v\u0259ziyy\u0259tini, qal\u0131q m\u00f6hk\u0259mliyini v\u0259 da\u011f\u0131lmas\u0131 \u00fc\u00e7un effektiv hesablanma \u00fcsullar\u0131 v\u0259 qiym\u0259tl\u0259ndirilm\u0259 alqoritml\u0259ri i\u015fl\u0259yib haz\u0131rlanm\u0131\u015fd\u0131r. Son be\u015f ild\u0259 \u00e7ap olunmu\u015f \u0259sas elmi i\u015fl\u0259rinin siyah\u0131s\u0131 \u041f\u0435\u0440\u0438\u043e\u0434\u0438\u0447\u0435\u0441\u043a\u0430\u044f \u043a\u043e\u043d\u0442\u0430\u043a\u0442\u043d\u0430\u044f \u0437\u0430\u0434\u0430\u0447\u0430 \u0434\u043b\u044f \u0441\u0442\u0440\u0438\u043d\u0433\u0435\u0440\u043d\u043e\u0439 \u043f\u043b\u0430\u0441\u0442\u0438\u043d\u044b \/\/ \u0422\u044f\u0436\u0435\u043b\u043e\u0435 \u043c\u0430\u0448\u0438\u043d\u043e\u0441\u0442\u0440\u043e\u0435\u043d\u0438\u0435. 2015, \u21166, c. 37-42 Partial Contact of the Faces of a Slot of Variable Width [&hellip;]<\/p>\n","protected":false},"author":6,"featured_media":0,"parent":260,"menu_order":0,"comment_status":"open","ping_status":"open","template":"","meta":{"footnotes":""},"_links":{"self":[{"href":"https:\/\/www.imm.az\/exp\/wp-json\/wp\/v2\/pages\/2649"}],"collection":[{"href":"https:\/\/www.imm.az\/exp\/wp-json\/wp\/v2\/pages"}],"about":[{"href":"https:\/\/www.imm.az\/exp\/wp-json\/wp\/v2\/types\/page"}],"author":[{"embeddable":true,"href":"https:\/\/www.imm.az\/exp\/wp-json\/wp\/v2\/users\/6"}],"replies":[{"embeddable":true,"href":"https:\/\/www.imm.az\/exp\/wp-json\/wp\/v2\/comments?post=2649"}],"version-history":[{"count":3,"href":"https:\/\/www.imm.az\/exp\/wp-json\/wp\/v2\/pages\/2649\/revisions"}],"predecessor-version":[{"id":23907,"href":"https:\/\/www.imm.az\/exp\/wp-json\/wp\/v2\/pages\/2649\/revisions\/23907"}],"up":[{"embeddable":true,"href":"https:\/\/www.imm.az\/exp\/wp-json\/wp\/v2\/pages\/260"}],"wp:attachment":[{"href":"https:\/\/www.imm.az\/exp\/wp-json\/wp\/v2\/media?parent=2649"}],"curies":[{"name":"wp","href":"https:\/\/api.w.org\/{rel}","templated":true}]}}