{"id":26492,"date":"2019-10-14T11:50:00","date_gmt":"2019-10-14T07:50:00","guid":{"rendered":"http:\/\/www.imm.az\/exp\/?page_id=26492"},"modified":"2021-01-08T11:26:47","modified_gmt":"2021-01-08T07:26:47","slug":"sob%c9%99l%c9%99rin-illik-hesabati-2019","status":"publish","type":"page","link":"https:\/\/www.imm.az\/exp\/sob%c9%99l%c9%99rin-illik-hesabati-2019\/","title":{"rendered":"\u015e\u00f6b\u0259l\u0259rin illik hesabat\u0131 \u2013 2019"},"content":{"rendered":"\n<p><a href=\"https:\/\/www.imm.az\/exp\/sob%C9%99l%C9%99rin-illik-hesabati-2020\/\">2020<\/a> | 2019<a href=\"https:\/\/www.imm.az\/exp\/sob%c9%99l%c9%99rin-illik-hesabati-2019\/\"> <\/a>| <a href=\"https:\/\/www.imm.az\/exp\/?page_id=21756\">2018<\/a> | <a href=\"https:\/\/www.imm.az\/exp\/?page_id=15381\">2017<\/a> | <a href=\"https:\/\/www.imm.az\/exp\/?page_id=9495\">2016<\/a> | <a href=\"https:\/\/www.imm.az\/exp\/?page_id=2893\">2015<\/a> |\u00a0<a href=\"https:\/\/www.imm.az\/exp\/?page_id=6201\">2014<\/a>\u00a0|<\/p>\n\n\n\n<p>\u015e\u00f6b\u0259l\u0259r<\/p>\n\n\n\n<ul><li> <ul><li><a href=\"https:\/\/www.imm.az\/exp\/wp-content\/uploads\/2019\/12\/2019-illik-hesabat.pdf\">Funksional analiz \u015f\u00f6b\u0259si<\/a><\/li><li><a href=\"https:\/\/www.imm.az\/exp\/wp-content\/uploads\/2019\/12\/AZRA-Illik_hesabat-05.11.2019QISA.pdf\">Riyazi analiz \u015f\u00f6b\u0259si<\/a><\/li><li><a href=\"https:\/\/www.imm.az\/exp\/wp-content\/uploads\/2019\/12\/Hesabat-2019-illik.pdf\">Funksiyalar n\u0259z\u0259riyy\u0259si \u015f\u00f6b\u0259si<\/a><\/li><li><a href=\"https:\/\/www.imm.az\/exp\/wp-content\/uploads\/2019\/12\/Diftenlik-hesabat-2019-az.pdf\">Diferensial t\u0259nlikl\u0259r \u015f\u00f6b\u0259si<\/a><\/li><li><a href=\"https:\/\/www.imm.az\/exp\/wp-content\/uploads\/2019\/12\/Hesabat-illik-2019-az.pdf\">Riyazi fizika t\u0259nlikl\u0259ri \u015f\u00f6b\u0259si<\/a><\/li><li><a href=\"https:\/\/www.imm.az\/exp\/wp-content\/uploads\/2019\/12\/DNHA-Annual-Report-2019-AZERBAIJAN.pdf\">Qeyri-harmonik analiz \u015f\u00f6b\u0259si<\/a><\/li><li><a href=\"https:\/\/www.imm.az\/exp\/wp-content\/uploads\/2019\/12\/2019-illik-az.pdf\">Elastiklik v\u0259 plastiklik n\u0259z\u0259riyy\u0259si \u015f\u00f6b\u0259si<\/a><\/li><li><a href=\"https:\/\/www.imm.az\/exp\/wp-content\/uploads\/2019\/11\/hesabat-2019-illik-q\u0131sa.pdf\">Dal\u011fa dinamikas\u0131 \u015f\u00f6b\u0259si<\/a><\/li><li><a href=\"https:\/\/www.imm.az\/exp\/wp-content\/uploads\/2020\/01\/s\u00fcr\u00fcnc\u0259klik-hasabat-2019-illik.pdf\">S\u00fcr\u00fcnc\u0259klik n\u0259z\u0259riyy\u0259si \u015f\u00f6b\u0259si<\/a><\/li><li><a href=\"https:\/\/www.imm.az\/exp\/wp-content\/uploads\/2019\/10\/HESABAT_MAYE_QAZ_MEXAN\u0130KASI_PANAHOV_2019_AZ.pdf\">Maye v\u0259 qaz mexanikas\u0131 \u015f\u00f6b\u0259si<\/a><\/li><li><a href=\"https:\/\/www.imm.az\/exp\/wp-content\/uploads\/2019\/12\/HRI_hesabat_ILLIK_2019.pdf\">Hesablama riyaziyyat\u0131 v\u0259 informatika \u015f\u00f6b\u0259si<\/a><\/li><li><a href=\"https:\/\/www.imm.az\/exp\/wp-content\/uploads\/2019\/12\/hesabat-2019-cebr.pdf\">C\u0259br v\u0259 riyazi m\u0259ntiq \u015f\u00f6b\u0259si<\/a><\/li><li><a href=\"https:\/\/www.imm.az\/exp\/wp-content\/uploads\/2019\/12\/\u201cT\u0259dbiqi-riyaziyyat-\u015f\u00f6b\u0259sinin-2019-cu-ilin-illik-hesabat\u0131.pdf\">T\u0259tbiqi riyaziyyat \u015f\u00f6b\u0259si<\/a><\/li><li><a href=\"https:\/\/www.imm.az\/exp\/wp-content\/uploads\/2019\/12\/2019-hesabat-azerb.-esas.pdf\">Optimal idar\u0259etm\u0259 \u015f\u00f6b\u0259si<\/a><\/li><li><a href=\"https:\/\/www.imm.az\/exp\/wp-content\/uploads\/2019\/11\/HESABAT_YEKUN_2019_BEYNELXALQ_ELAQELER_AZERI_RUS_ENG.pdf\">Beyn\u0259lxalq \u0259laq\u0259l\u0259r \u015f\u00f6b\u0259si<\/a><\/li><li><a href=\"https:\/\/www.imm.az\/exp\/wp-content\/uploads\/2019\/12\/illik_2019_Ictimaiyyetle_elaqeler-\u043a\u043e\u043f\u0438\u044f.pdf\">\u0130ctimaiyy\u0259tl\u0259 \u0259laq\u0259l\u0259r \u015f\u00f6b\u0259si<\/a><\/li><li><a href=\"https:\/\/www.imm.az\/exp\/wp-content\/uploads\/2019\/12\/az.pdf\">Riyaziyyat v\u0259 Mexanika institutunun kitabxanas\u0131<\/a><\/li><li><a href=\"https:\/\/www.imm.az\/exp\/wp-content\/uploads\/2019\/12\/az\u0418\u0441\u043f\u0440\u0430\u0432\u043b\u0435\u043d\u043d\u044b\u0439-Hesabat-ETI\u015e-illik-2019.pdf\">Elmi \u2013texniki informasiya \u015f\u00f6b\u0259si<\/a><\/li><li><a href=\"https:\/\/www.imm.az\/exp\/wp-content\/uploads\/2019\/10\/Tehsil-shobesi.pdf\">T\u0259hsil \u015f\u00f6b\u0259si<\/a><\/li><li><a href=\"https:\/\/www.imm.az\/exp\/wp-content\/uploads\/2019\/12\/AZERB_Lab_Elmi-Teshkilati-Fealiyyet.pdf\">Siqnallar\u0131n emal\u0131n\u0131n riyazi probleml\u0259ri laboratoriyas\u0131 <\/a><\/li><\/ul><\/li><\/ul>\n\n\n\n<p><strong>Jurnallar<\/strong> <\/p>\n\n\n\n<p><\/p>\n\n\n\n<ul><li> <a href=\"https:\/\/www.imm.az\/exp\/wp-content\/uploads\/2020\/07\/TRANSMECH_HESABAT_2019_AZ.docx\">Az\u0259rbaycan Milli Elml\u0259r Akademiyas\u0131n\u0131n X\u0259b\u0259rl\u0259ri, Mexanika&nbsp;burax\u0131l\u0131\u015f\u0131,<\/a> <a href=\"http:\/\/www.imm.az\/Shobe_hesabatlari\/Hesabat_illik_2018\/illik_2018_AMEA_xeberleri_mexanika.pdf\">fizika-texnika v\u0259 riyaziyyat elml\u0259ri<\/a>   <\/li><li>Az\u0259rbaycan Milli Elml\u0259r Akademiyas\u0131n\u0131n X\u0259b\u0259rl\u0259ri, Riyaziyyat burax\u0131l\u0131\u015f\u0131, fizika &#8211; riyaziyyat v\u0259 texnika eml\u0259ri b\u00f6lm\u0259si<\/li><li><a href=\"https:\/\/www.imm.az\/exp\/wp-content\/uploads\/2020\/07\/Jurnal-hesabat-azerbaycan-2019.doc\">Riyaziyyat v\u0259 M\u0259xanika \u0130nstitutunun&nbsp;\u018fs\u0259rl\u0259ri jurnal\u0131<\/a><\/li><li>Az\u0259rbaycan Riyaziyyat jurnal\u0131<\/li><\/ul>\n","protected":false},"excerpt":{"rendered":"<p>2020 | 2019 | 2018 | 2017 | 2016 | 2015 |\u00a02014\u00a0| \u015e\u00f6b\u0259l\u0259r Funksional analiz \u015f\u00f6b\u0259si Riyazi analiz \u015f\u00f6b\u0259si Funksiyalar n\u0259z\u0259riyy\u0259si \u015f\u00f6b\u0259si Diferensial t\u0259nlikl\u0259r \u015f\u00f6b\u0259si Riyazi fizika t\u0259nlikl\u0259ri \u015f\u00f6b\u0259si Qeyri-harmonik analiz \u015f\u00f6b\u0259si Elastiklik v\u0259 plastiklik n\u0259z\u0259riyy\u0259si \u015f\u00f6b\u0259si Dal\u011fa dinamikas\u0131 \u015f\u00f6b\u0259si S\u00fcr\u00fcnc\u0259klik n\u0259z\u0259riyy\u0259si \u015f\u00f6b\u0259si Maye v\u0259 qaz mexanikas\u0131 \u015f\u00f6b\u0259si Hesablama riyaziyyat\u0131 v\u0259 informatika \u015f\u00f6b\u0259si C\u0259br v\u0259 [&hellip;]<\/p>\n","protected":false},"author":6,"featured_media":0,"parent":0,"menu_order":0,"comment_status":"closed","ping_status":"closed","template":"","meta":{"footnotes":""},"_links":{"self":[{"href":"https:\/\/www.imm.az\/exp\/wp-json\/wp\/v2\/pages\/26492"}],"collection":[{"href":"https:\/\/www.imm.az\/exp\/wp-json\/wp\/v2\/pages"}],"about":[{"href":"https:\/\/www.imm.az\/exp\/wp-json\/wp\/v2\/types\/page"}],"author":[{"embeddable":true,"href":"https:\/\/www.imm.az\/exp\/wp-json\/wp\/v2\/users\/6"}],"replies":[{"embeddable":true,"href":"https:\/\/www.imm.az\/exp\/wp-json\/wp\/v2\/comments?post=26492"}],"version-history":[{"count":5,"href":"https:\/\/www.imm.az\/exp\/wp-json\/wp\/v2\/pages\/26492\/revisions"}],"predecessor-version":[{"id":33541,"href":"https:\/\/www.imm.az\/exp\/wp-json\/wp\/v2\/pages\/26492\/revisions\/33541"}],"wp:attachment":[{"href":"https:\/\/www.imm.az\/exp\/wp-json\/wp\/v2\/media?parent=26492"}],"curies":[{"name":"wp","href":"https:\/\/api.w.org\/{rel}","templated":true}]}}