{"id":2665,"date":"2014-06-27T16:49:25","date_gmt":"2014-06-27T11:49:25","guid":{"rendered":"http:\/\/www.imm.az\/exp\/?page_id=2665"},"modified":"2014-06-27T16:49:25","modified_gmt":"2014-06-27T11:49:25","slug":"%d0%bc%d0%b8%d1%80%d0%b7%d0%b0%d0%b7%d0%b0%d0%b4%d0%b5-%d0%b8%d1%80%d0%b0%d0%b4%d0%b0-%d1%85%d0%b0%d1%82%d0%b0%d0%bc-%d0%b3%d1%8b%d0%b7%d1%8b","status":"publish","type":"page","link":"https:\/\/www.imm.az\/exp\/%d1%81%d0%be%d1%82%d1%80%d1%83%d0%b4%d0%bd%d0%b8%d0%ba%d0%b8\/%d0%bc%d0%b8%d1%80%d0%b7%d0%b0%d0%b7%d0%b0%d0%b4%d0%b5-%d0%b8%d1%80%d0%b0%d0%b4%d0%b0-%d1%85%d0%b0%d1%82%d0%b0%d0%bc-%d0%b3%d1%8b%d0%b7%d1%8b\/","title":{"rendered":"\u041c\u0438\u0440\u0437\u0430\u0437\u0430\u0434\u0435 \u0418\u0440\u0430\u0434\u0430 \u0425\u0430\u0442\u0430\u043c \u0433\u044b\u0437\u044b"},"content":{"rendered":"<p><strong>\u0421\u043f\u0438\u0441\u043e\u043a \u043e\u0441\u043d\u043e\u0432\u043d\u044b\u0445 \u043d\u0430\u0443\u0447\u043d\u044b\u0445 \u0440\u0430\u0431\u043e\u0442 \u0437\u0430 \u043f\u043e\u0441\u043b\u0435\u0434\u043d\u0438\u0435 \u043f\u044f\u0442\u044c \u043b\u0435\u0442<\/strong><\/p>\n<ol>\n<li>\u041c\u0438\u0440\u0437\u0430\u0437\u0430\u0434\u0435.\u0418.\u0425., \u0413\u0435\u0439\u0434\u0430\u0440\u043e\u0432\u0430 \u041d.\u0413.\u0418\u043d\u0442\u0435\u043b\u043b\u0435\u043a\u0442\u0443\u0430\u043b\u044c\u043d\u043e-\u0438\u043d\u0444\u043e\u0440\u043c\u0430\u0446\u0438\u043e\u043d\u043d\u0430\u044f \u0441\u0438\u0441\u0442\u0435\u043c\u0430 \u0434\u0438\u0430\u0433\u043d\u043e\u0441\u0442\u0438\u043a\u0438 \u0438 \u043f\u0440\u043e\u0433\u043d\u043e\u0437\u0430 \u0437\u0430\u0431\u043e\u043b\u0435\u0432\u0430\u043d\u0438\u0439 \u0432 \u0443\u0440\u0433\u0435\u043d\u0442\u043d\u043e\u0439 \u0442\u0435\u0440\u0430\u043f\u0438\u0438 \u043d\u0430 \u043f\u0440\u0438\u043c\u0435\u0440\u0435\u00a0 \u043e\u0442\u0440\u0430\u0432\u043b\u0435\u043d\u0438\u044f \u0443\u0433\u0430\u0440\u043d\u044b\u043c \u0433\u0430\u0437\u043e\u043c. &#8211; \u041c\u0430\u0442\u0435\u0440\u0438\u0430\u043b\u044b 9-\u0439 \u041c\u0435\u0436\u0434. \u041c\u0435\u0436\u0434\u0438\u0441\u0446\u0438\u043f\u043b\u0438\u043d\u0430\u0440\u043d\u0430\u044f \u0448\u043a\u043e\u043b\u0430-\u043a\u043e\u043d\u0444. \u201c\u0421\u043e\u0432\u0440\u0435\u043c\u0435\u043d\u043d\u044b\u0435 \u043f\u0440\u043e\u0431\u043b\u0435\u043c\u044b \u043d\u0430\u0443\u043a\u0438 \u0438 \u043e\u0431\u0440\u0430\u0437\u043e\u0432\u0430\u043d\u0438\u044f\u201d\u00a0 \u0433.\u0425\u0430\u0440\u044c\u043a\u043e\u0432,30 \u0430\u043f\u0440\u0435\u043b\u044f-10 \u043c\u0430\u044f, 2009\u00a0 \u0441\u0442. 215-216<\/li>\n<li>Mirz\u0259zad\u0259.\u0130.H.,Heyd\u0259rova N.Q. Urgent terapiyada dioqnostika v\u0259 proqnozla\u015fd\u0131r-ma sisteminin m\u0259lumatlar bazas\u0131n\u0131n yarad\u0131lmas\u0131 &#8211; AMEA Elmi innoviasiyalar m\u0259rk\u0259zi IV elmi-praktiki seminar. Bak\u0131, 15 may 2009 s\u0259h. 129-130<\/li>\n<li>\u041c\u0438\u0440\u0437\u0430\u0437\u0430\u0434\u0435.\u0418.\u0425., \u0413\u0435\u0439\u0434\u0430\u0440\u043e\u0432\u0430 \u041d.\u0413.\u0411\u0430\u0437\u044b \u0434\u0430\u043d\u043d\u044b\u0445 \u0438\u043d\u0442\u0435\u043b\u043b\u0435\u043a\u0442\u0443\u0430\u043b\u044c\u043d\u043e-\u0438\u043d\u0444\u043e\u0440\u043c\u0430\u0446\u0438-\u043e\u043d\u043d\u043e\u0439 \u0441\u0438\u0441\u0442\u0435\u043c\u044b \u0434\u0438\u0430\u0433\u043d\u043e\u0441\u0442\u0438\u043a\u0438 \u0438 \u043f\u0440\u043e\u0433\u043d\u043e\u0437\u0430 \u0437\u0430\u0431\u043e\u043b\u0435\u0432\u0430\u043d\u0438\u0439 \u0432 \u0443\u0440\u0433\u0435\u043d\u0442\u043d\u043e\u0439 \u0442\u0435\u0440\u0430\u043f\u0438\u0438 \u043d\u0430 \u043f\u0440\u0438\u043c\u0435\u0440\u0435\u00a0 \u043e\u0442\u0440\u0430\u0432\u043b\u0435\u043d\u0438\u044f \u0443\u0433\u0430\u0440\u043d\u044b\u043c \u0433\u0430\u0437\u043e\u043c.- \u0421\u0431\u043e\u0440\u043d\u0438\u043a \u043d\u0430\u0443\u0447\u043d\u044b\u0445 \u0442\u0440\u0443\u0434\u043e\u0432 III \u041c\u0435\u0436\u0434\u0443\u043d\u0430-\u0440\u043e\u0434\u043d\u043e\u0433\u043e \u0441\u0438\u043c\u043f\u043e\u0437\u0438\u0443\u043c\u0430 \u0410\u0441\u0442\u0440\u0430\u0445\u0430\u043d\u044c, 10-15 \u0441\u0435\u043d\u0442\u044f\u0431\u0440\u044f 2009 \u0433. \u0441\u0442. 108-115<\/li>\n<li>Mirz\u0259zad\u0259.\u0130.H.,D\u0259m qaz\u0131ndan z\u0259h\u0259rl\u0259nm\u0259l\u0259r \u00fczr\u0259 intelektual-informasiya siste-minin i\u015fl\u0259nm\u0259si &#8211; AMEA jur. \u201cSpektral\u00a0 n\u0259z\u0259riyy\u0259 v\u0259 onun t\u0259tbiql\u0259ri\u201d \u201cAkademik F.Q.Maqsudovun 80 illik yubileyin\u0259 h\u0259sr olunmu\u015f Beyn\u0259lxalq konfrans\u201d. Bak\u0131. 2010 s\u0259h. 176-178<\/li>\n<li>Mirz\u0259zad\u0259.\u0130.H.,D\u0259m qaz\u0131ndan z\u0259h\u0259rl\u0259nm\u0259l\u0259r \u00fczr\u0259 intellektual sistemin bilikl\u0259r bazas\u0131 &#8211; AMEA Aspirantlar\u0131n\u0131n elmi konfrans\u0131n\u0131n materiallar\u0131 Bak\u0131 2010 may s\u0259h. 125-126<\/li>\n<li>Mirzazadeh.\u0130.Kh. \u0130ntelligent information system of monitoring, diagnosis and prognosis of diseases in urgent therapy using carbon monoxide poisoning as an example &#8211; The third international conference \u201cProblems of cybernetics and informatics\u201d Baku 2010. P 332-335<\/li>\n<li>Mirz\u0259zad\u0259.\u0130.H.,Abdullayeva G.G.Urgent terapiyada d\u0259m qaz\u0131ndan z\u0259h\u0259rl\u0259nm\u0259l\u0259r \u00fczr\u0259 diaqnostika sisteml\u0259ri &#8211; AMEA-n\u0131n \u201cX\u0259b\u0259rl\u0259ri\u201d.Bak\u0131. 2010 s\u0259h. 166-172<\/li>\n<li>\u041c\u0438\u0440\u0437\u0430\u0437\u0430\u0434\u0435.\u0418.\u0425., \u0413\u0435\u0439\u0434\u0430\u0440\u043e\u0432\u0430 \u041d.\u0413. \u0421\u0443\u043b\u0442\u0430\u043d\u043e\u0432\u0430 \u0414.\u0410. \u0414\u0438\u0444\u0444\u0435\u0440\u0435\u043d\u0446\u0438\u0430\u043b\u044c\u043d\u0430\u044f \u0434\u0438\u0430\u0433\u043d\u043e\u0441-\u0442\u0438\u043a\u0430 \u043a\u043e\u043c\u0430\u0442\u043e\u0437\u043d\u044b\u0445 \u0441\u043e\u0441\u0442\u043e\u044f\u043d\u0438\u0439 \u043f\u0440\u0438 \u043e\u0442\u0440\u0430\u0432\u043b\u0435\u043d\u0438\u0438 \u0443\u0433\u0430\u0440\u043d\u044b\u043c \u0433\u0430\u0437\u043e\u043c &#8211; \u041c\u0430\u0442\u0435\u0440\u0438\u0430\u043b\u044b 10-\u0439 \u041c\u0435\u0436\u0434. \u041c\u0435\u0436\u0434\u0438\u0441\u0446\u0438\u043f\u043b\u0438\u043d\u0430\u0440\u043d\u0430\u044f \u0448\u043a\u043e\u043b\u0430-\u043a\u043e\u043d\u0444. &lt;&lt;\u0421\u043e\u0432\u0440\u0435\u043c\u0435\u043d\u043d\u044b\u0435 \u043f\u0440\u043e\u0431\u043b\u0435\u043c\u044b \u043d\u0430\u0443\u043a\u0438 \u0438 \u043e\u0431\u0440\u0430\u0437\u043e\u0432\u0430\u043d\u0438\u044f&gt;&gt;, \u0433.\u0425\u0430\u0440\u044c\u043a\u043e\u0432,4-10 \u043d\u043e\u044f\u0431\u0440\u044f 2010. \u0441\u0442.289-290<\/li>\n<li>Mirz\u0259zad\u0259.\u0130.H.D\u0259m qaz\u0131ndan z\u0259h\u0259rl\u0259nm\u0259l\u0259r \u00fczr\u0259 diaqnostik informasiya sistemi &#8211; AMEA \u201cFunksional analiz v\u0259 onun t\u0259tbiql\u0259ri\u201d \u201cAkademik Z.\u0130.X\u0259lilovun 100-illik yubileyin\u0259 h\u0259sr olunmu\u015f Beyn\u0259lxalq konrans\u201d. Bak\u0131. 12-14 yanvar 2011 s\u0259h 275-278<\/li>\n<li>Mirz\u0259zad\u0259.\u0130.H. \u201cD\u0259m qaz\u0131\u201d diaqnostik intelektual-informasiya sistemi &#8211; Az\u0259rbaycan Texniki universiteti \u201cElmi \u0259s\u0259rl\u0259r\u201d 2011 \u21161 s\u0259h 15-19<\/li>\n<li>Mirz\u0259zad\u0259.\u0130.H. D\u0259m qaz\u0131n\u0131n\u00a0 diaqnostik intelektual-informasiya sistemi &#8211; AMEA Aspirantlar\u0131n\u0131n elmi konfrans\u0131n\u0131n materiallar\u0131 Bak\u0131 2011 s\u0259h 23-26<\/li>\n<li>Mirz\u0259zad\u0259.\u0130.H., Abdullayeva G.G., Na\u011f\u0131yev.R.H. D\u0259m qaz\u0131 il\u0259 z\u0259h\u0259rl\u0259nm\u0259nin monitorinq v\u0259 diaqnostikas\u0131n\u0131n intellektualinformasiya sistemi &#8211; Az\u0259rbaycan Respublikas\u0131 S\u0259hiyy\u0259 Nazirliyi \u201cSa\u011flaml\u0131q\u201d jurnal\u0131 s\u0259h.115-122 \u00a0Bak\u0131.2011<\/li>\n<li>Mirz\u0259zad\u0259.\u0130.H., \u0130mranov.F.B., Na\u011f\u0131yev.R.H.Atmosfer havas\u0131n\u0131n d\u0259m qaz\u0131ndan \u00e7irkl\u0259nm\u0259si &#8211; Az\u0259rbaycan Texniki Universiteti \u201cElmi \u018fs\u0259rl\u0259r\u201d s\u0259h. 88-90 Bak\u0131. 2012<\/li>\n<li>\u041c\u0438\u0440\u0437\u0430\u0437\u0430\u0434\u0435.\u0418.\u0425., \u0410\u0431\u0434\u0443\u043b\u043b\u0430\u0435\u0432\u0430.\u0413.\u0413., \u0413\u0443\u0440\u0431\u0430\u043d\u043e\u0432\u0430.\u041d.\u0425.,\u0413\u0435\u0439\u0434\u0430\u0440\u043e\u0432\u0430 \u041d.\u0413. \u0418\u043d\u0442\u0435\u043b-\u043b\u0435\u043a\u0442\u0443\u0430\u043b\u044c\u043d\u0430\u044f \u0441\u0438\u0441\u0442\u0435\u043c\u0430 \u0434\u0438\u0430\u0433\u043d\u043e\u0441\u0442\u0438\u043a\u0438 \u0438 \u043c\u043e\u043d\u0438\u0442\u043e\u0440\u0438\u043d\u0433\u0430 \u0432 \u0442\u043e\u043a\u0441\u0438\u043a\u043e\u043b\u043e\u0433\u0438\u0438 -12-\u044f \u041c\u0435\u0436-\u0434\u0443\u043d\u0430\u0440\u043e\u0434\u043d\u0430\u044f \u041c\u0435\u0436\u0434\u0438\u0441\u0446\u0438\u043f\u043b\u0438\u043d\u0430\u0440\u043d\u0430\u044f \u041d\u0430\u0443\u0447\u043d\u043e-\u041f\u0440\u0430\u043a\u0442\u0438\u0447\u0435\u0441\u043a\u0430\u044f \u0428\u043a\u043e\u043b\u0430-\u041a\u043e\u043d\u0444\u0435\u0440\u0435\u043d-\u0446\u0438\u044f \u0425\u0430\u0440\u044c\u043a\u043e\u0432 2012 \u0441\u0442.226-227<\/li>\n<li>\u041c\u0438\u0440\u0437\u0430\u0437\u0430\u0434\u0435.\u0418.\u0425., \u0410\u0431\u0434\u0443\u043b\u043b\u0430\u0435\u0432\u0430.\u0413.\u0413., \u0413\u0443\u0440\u0431\u0430\u043d\u043e\u0432\u0430.\u041d.\u0425.,\u0413\u0435\u0439\u0434\u0430\u0440\u043e\u0432\u0430 \u041d.\u0413. \u0421\u0438\u0441\u0442\u0435\u043c\u0430 \u00a0\u0434\u0438\u0430\u0433\u043d\u043e\u0441\u0442\u0438\u043a\u0438 \u0432 \u0443\u0440\u0433\u0435\u043d\u0442\u043d\u043e\u0439 \u0442\u0435\u0440\u0430\u043f\u0438\u0438 ( \u043d\u0430 \u043f\u0440\u0438\u043c\u0435\u0440\u0435 \u043e\u0442\u0440\u0430\u0432\u043b\u0435\u043d\u0438\u044f \u0443\u0433\u0430\u0440\u043d\u044b\u043c \u0433\u0430\u0437\u043e\u043c) &#8211; \u0421\u0431\u043e\u0440\u043d\u0438\u043a \u043d\u0430\u0443\u0447\u043d\u044b\u0445 \u0442\u0440\u0443\u0434\u043e\u0432 IV \u041c\u0435\u0436\u0434\u0443\u043d\u0430\u0440\u043e\u0434\u043d\u043e\u0433\u043e \u0441\u0438\u043c\u043f\u043e\u0437\u0438\u0443\u043c\u0430\u00a0\u00a0 \u0410\u0441\u0442\u0440\u0430\u0445\u0430\u043d\u044c 2012\u0441\u0442.8-11<\/li>\n<li>Mirz\u0259zad\u0259.\u0130.H., Abdullayeva G.G., Na\u011f\u0131yev.R.H. D\u0259m qaz\u0131 il\u0259 z\u0259h\u0259rl\u0259nm\u0259nin monitorinq v\u0259 diaqnostikas\u0131n\u0131n intelektual-informasiya sistemi &#8211; AMEA-n\u0131n \u201cX\u0259b\u0259rl\u0259ri\u201d. \u00a0Bak\u0131. 2012 s\u0259h. 10-19<\/li>\n<li>\u041c\u0438\u0440\u0437\u0430\u0437\u0430\u0434\u0435.\u0418.\u0425., \u0410\u0431\u0434\u0443\u043b\u043b\u0430\u0435\u0432\u0430.\u0413.\u0413., \u041a\u0443\u0440\u0431\u0430\u043d\u043e\u0432\u0430.\u041d.\u0425. \u0417\u0430\u0434\u0430\u0447\u0430 \u043e\u0440\u0433\u0430\u043d\u0438\u0437\u0430\u0446\u0438\u0438 \u043c\u043e\u043d\u0438\u0442\u043e\u0440\u0438\u043d\u0433\u0430 \u0432 \u0442\u043e\u043a\u0441\u0438\u043a\u043e\u043b\u043e\u0433\u0438\u0438 ( \u043d\u0430 \u043f\u0440\u0438\u043c\u0435\u0440\u0435 \u043e\u0442\u0440\u0430\u0432\u043b\u0435\u043d\u0438\u044f \u0443\u0433\u0430\u0440\u043d\u044b\u043c \u0433\u0430\u0437\u043e\u043c ) &#8211; 13-\u044f \u041c\u0435\u0436\u0434\u0443\u043d\u0430\u0440\u043e\u0434\u043d\u0430\u044f \u041c\u0435\u0436\u0434\u0438\u0441\u0446\u0438\u043f\u043b\u0438\u043d\u0430\u0440\u043d\u0430\u044f \u041d\u0430\u0443\u0447\u043d\u043e-\u041f\u0440\u0430\u043a\u0442\u0438\u0447\u0435\u0441\u043a\u0430\u044f \u0428\u043a\u043e\u043b\u0430-\u041a\u043e\u043d\u0444\u0435-\u0440\u0435\u043d\u0446\u0438\u044f \u041e\u0434\u0435\u0441\u0441\u0430 2013\u00a0 \u0441\u0442. 285-286<\/li>\n<li>\u041c\u0438\u0440\u0437\u0430\u0437\u0430\u0434\u0435.\u0418.\u0425. \u0420\u0430\u0437\u0440\u0430\u0431\u043e\u0442\u043a\u0430 \u043d\u0435\u0439\u0440\u043e\u043d\u043d\u043e\u0439 \u0441\u0435\u0442\u0438 \u0432 \u0434\u0438\u0430\u0433\u043d\u043e\u0441\u0442\u0438\u043a\u0435 \u043e\u0442\u0440\u0430\u0432\u043b\u0435\u043d\u0438\u0439 \u0443\u0433\u0430\u0440\u043d\u044b\u043c \u00a0\u0433\u0430\u0437\u043e\u043c &#8211; \u0130nternational Conference on Actual Problems of Mathematics and Informatics May 29-31, 2013 P.293-294<\/li>\n<li>\u041c\u0438\u0440\u0437\u0430\u0437\u0430\u0434\u0435.\u0418.\u0425., \u0410\u0431\u0434\u0443\u043b\u043b\u0430\u0435\u0432\u0430.\u0413.\u0413., \u0418\u043c\u0440\u0430\u043d\u043e\u0432 \u0424.\u0411. \u041e\u0440\u0433\u0430\u043d\u0438\u0437\u0430\u0446\u0438\u044f \u043c\u043e\u043d\u0438\u0442\u043e-\u0440\u0438\u043d\u0433\u0430 \u043f\u0440\u0438 \u0442\u043e\u043a\u0441\u0438\u0447\u043d\u044b\u0445 \u043e\u0442\u0440\u0430\u0432\u043b\u0435\u043d\u0438\u044f\u0445 &#8211; International Conference on Actual Problems of Mathematics and Informatics May 29-31, 2013 P.240-242<\/li>\n<li>Mirzazadeh.\u0130.Kh.,Abdullaeva.G.G., Naghizade.U.R., Naghiyev R.H. Intelligent Information System of Diagnosis and Monitoring Application in the emergency medical assistance for Poisonings by Toxic Substances &#8211; Journal of Health and\u00a0 Medical Informatics (JHMI)\u00a0 AB\u015e Los Angeles 2013 Vol.3.,Iss.2.<\/li>\n<li>\u041c\u0438\u0440\u0437\u0430\u0437\u0430\u0434\u0435.\u0418.\u0425., \u0410\u0431\u0434\u0443\u043b\u043b\u0430\u0435\u0432\u0430.\u0413.\u0413., \u041a\u0443\u0440\u0431\u0430\u043d\u043e\u0432\u0430.\u041d.\u0425. \u0418\u043d\u0442\u0435\u043b\u043b\u0435\u043a\u0442\u0443\u0430\u043b\u044c\u043d\u043e-\u0438\u043d-\u0444\u043e\u0440\u043c\u0430\u0446\u0438\u043e\u043d\u043d\u0430\u044f \u0441\u0438\u0441\u0442\u0435\u043c\u0430 \u0434\u0438\u0444\u0444\u0435\u0440\u0435\u043d\u0446\u0438\u0430\u043b\u044c\u043d\u043e\u0439 \u0434\u0438\u0430\u0433\u043d\u043e\u0441\u0442\u0438\u043a\u0438 \u043f\u0440\u0438 \u043e\u0442\u0440\u0430\u0432\u043b\u0435\u043d\u0438\u044f\u0445 \u0442\u043e\u043a\u0441\u0438\u0447\u0435\u0441\u043a\u0438\u043c\u0438 \u0432\u0435\u0449\u0435\u0441\u0442\u0432\u0430\u043c\u0438 (\u043d\u0430 \u043f\u0440\u0438\u043c\u0435\u0440\u0435 \u043e\u0442\u0440\u0430\u0432\u043b\u0435\u043d\u0438\u0439 \u0443\u0433\u0430\u0440\u043d\u044b\u043c \u0433\u0430\u0437\u043e\u043c). \u0418\u043d\u0444\u043e\u0440\u043c\u0430\u0446\u0438\u043e\u043d\u043d\u044b\u0435 \u0442\u0435\u0445\u043d\u043e\u043b\u043e\u0433\u0438\u0438. \u041c\u043e\u0441\u043a\u0432\u0430. 2013. \u21166<\/li>\n<\/ol>\n","protected":false},"excerpt":{"rendered":"<p>\u0421\u043f\u0438\u0441\u043e\u043a \u043e\u0441\u043d\u043e\u0432\u043d\u044b\u0445 \u043d\u0430\u0443\u0447\u043d\u044b\u0445 \u0440\u0430\u0431\u043e\u0442 \u0437\u0430 \u043f\u043e\u0441\u043b\u0435\u0434\u043d\u0438\u0435 \u043f\u044f\u0442\u044c \u043b\u0435\u0442 \u041c\u0438\u0440\u0437\u0430\u0437\u0430\u0434\u0435.\u0418.\u0425., \u0413\u0435\u0439\u0434\u0430\u0440\u043e\u0432\u0430 \u041d.\u0413.\u0418\u043d\u0442\u0435\u043b\u043b\u0435\u043a\u0442\u0443\u0430\u043b\u044c\u043d\u043e-\u0438\u043d\u0444\u043e\u0440\u043c\u0430\u0446\u0438\u043e\u043d\u043d\u0430\u044f \u0441\u0438\u0441\u0442\u0435\u043c\u0430 \u0434\u0438\u0430\u0433\u043d\u043e\u0441\u0442\u0438\u043a\u0438 \u0438 \u043f\u0440\u043e\u0433\u043d\u043e\u0437\u0430 \u0437\u0430\u0431\u043e\u043b\u0435\u0432\u0430\u043d\u0438\u0439 \u0432 \u0443\u0440\u0433\u0435\u043d\u0442\u043d\u043e\u0439 \u0442\u0435\u0440\u0430\u043f\u0438\u0438 \u043d\u0430 \u043f\u0440\u0438\u043c\u0435\u0440\u0435\u00a0 \u043e\u0442\u0440\u0430\u0432\u043b\u0435\u043d\u0438\u044f \u0443\u0433\u0430\u0440\u043d\u044b\u043c \u0433\u0430\u0437\u043e\u043c. &#8211; \u041c\u0430\u0442\u0435\u0440\u0438\u0430\u043b\u044b 9-\u0439 \u041c\u0435\u0436\u0434. \u041c\u0435\u0436\u0434\u0438\u0441\u0446\u0438\u043f\u043b\u0438\u043d\u0430\u0440\u043d\u0430\u044f \u0448\u043a\u043e\u043b\u0430-\u043a\u043e\u043d\u0444. \u201c\u0421\u043e\u0432\u0440\u0435\u043c\u0435\u043d\u043d\u044b\u0435 \u043f\u0440\u043e\u0431\u043b\u0435\u043c\u044b \u043d\u0430\u0443\u043a\u0438 \u0438 \u043e\u0431\u0440\u0430\u0437\u043e\u0432\u0430\u043d\u0438\u044f\u201d\u00a0 \u0433.\u0425\u0430\u0440\u044c\u043a\u043e\u0432,30 \u0430\u043f\u0440\u0435\u043b\u044f-10 \u043c\u0430\u044f, 2009\u00a0 \u0441\u0442. 215-216 Mirz\u0259zad\u0259.\u0130.H.,Heyd\u0259rova N.Q. Urgent terapiyada dioqnostika v\u0259 proqnozla\u015fd\u0131r-ma sisteminin m\u0259lumatlar bazas\u0131n\u0131n yarad\u0131lmas\u0131 &#8211; AMEA Elmi [&hellip;]<\/p>\n","protected":false},"author":6,"featured_media":0,"parent":2339,"menu_order":0,"comment_status":"open","ping_status":"open","template":"","meta":{"footnotes":""},"_links":{"self":[{"href":"https:\/\/www.imm.az\/exp\/wp-json\/wp\/v2\/pages\/2665"}],"collection":[{"href":"https:\/\/www.imm.az\/exp\/wp-json\/wp\/v2\/pages"}],"about":[{"href":"https:\/\/www.imm.az\/exp\/wp-json\/wp\/v2\/types\/page"}],"author":[{"embeddable":true,"href":"https:\/\/www.imm.az\/exp\/wp-json\/wp\/v2\/users\/6"}],"replies":[{"embeddable":true,"href":"https:\/\/www.imm.az\/exp\/wp-json\/wp\/v2\/comments?post=2665"}],"version-history":[{"count":1,"href":"https:\/\/www.imm.az\/exp\/wp-json\/wp\/v2\/pages\/2665\/revisions"}],"predecessor-version":[{"id":2666,"href":"https:\/\/www.imm.az\/exp\/wp-json\/wp\/v2\/pages\/2665\/revisions\/2666"}],"up":[{"embeddable":true,"href":"https:\/\/www.imm.az\/exp\/wp-json\/wp\/v2\/pages\/2339"}],"wp:attachment":[{"href":"https:\/\/www.imm.az\/exp\/wp-json\/wp\/v2\/media?parent=2665"}],"curies":[{"name":"wp","href":"https:\/\/api.w.org\/{rel}","templated":true}]}}