{"id":2679,"date":"2014-06-27T17:01:26","date_gmt":"2014-06-27T12:01:26","guid":{"rendered":"http:\/\/www.imm.az\/exp\/?page_id=2679"},"modified":"2014-06-27T17:01:26","modified_gmt":"2014-06-27T12:01:26","slug":"%d0%bc%d1%83%d1%81%d0%b0%d0%b5%d0%b2-%d1%85%d0%b0%d1%81%d0%b0%d0%b9-%d0%b8%d0%b1%d1%80%d0%b0%d0%b3%d0%b8%d0%bc-%d0%be%d0%b3%d0%bb%d1%8b","status":"publish","type":"page","link":"https:\/\/www.imm.az\/exp\/%d1%81%d0%be%d1%82%d1%80%d1%83%d0%b4%d0%bd%d0%b8%d0%ba%d0%b8\/%d0%bc%d1%83%d1%81%d0%b0%d0%b5%d0%b2-%d1%85%d0%b0%d1%81%d0%b0%d0%b9-%d0%b8%d0%b1%d1%80%d0%b0%d0%b3%d0%b8%d0%bc-%d0%be%d0%b3%d0%bb%d1%8b\/","title":{"rendered":"\u041c\u0443\u0441\u0430\u0435\u0432 \u0425\u0430\u0441\u0430\u0439 \u0418\u0431\u0440\u0430\u0433\u0438\u043c \u043e\u0433\u043b\u044b"},"content":{"rendered":"<p><strong>\u0421\u043f\u0438\u0441\u043e\u043a \u043e\u0441\u043d\u043e\u0432\u043d\u044b\u0445 \u043d\u0430\u0443\u0447\u043d\u044b\u0445 \u0440\u0430\u0431\u043e\u0442 \u0437\u0430 \u043f\u043e\u0441\u043b\u0435\u0434\u043d\u0438\u0435 \u043f\u044f\u0442\u044c \u043b\u0435\u0442<\/strong><\/p>\n<ol>\n<li>\u041e\u043f\u0440\u0435\u0434\u0435\u043b\u0435\u043d\u0438\u0435 \u043c\u043e\u043c\u0435\u043d\u0442\u043e\u0432 \u0447\u0435\u0440\u0435\u0437 \u043e\u0441\u043d\u043e\u0432\u043d\u0443\u044e \u043a\u043e\u043c\u043f\u043b\u0435\u043a\u0441\u043d\u0443\u044e \u0444\u0443\u043d\u043a\u0446\u0438\u044e. \u041c\u043e\u0441\u043a\u043e\u0432\u0441\u043a\u0438\u0439 \u0433\u043e\u0441\u0443\u0434\u0430\u0440\u0441\u0442\u0432\u0435\u043d\u043d\u044b\u0439 \u043e\u0442\u043a\u0440\u044b\u0442\u044b\u0439 \u0443\u043d\u0438\u0432\u0435\u0440\u0441\u0438\u0442\u0435\u0442, 2009 \u21163. \u0441\u0442\u0440. 20-22.<\/li>\n<li>Sferik \u00f6rt\u00fckl\u0259rd\u0259 s\u0259rh\u0259ddin s\u0259m\u0259rililiyi. Bak\u0131 Odlar yurdu Universiteti \u201cMexanika b\u00f6lm\u0259si\u201d. 2009 . \u211627 s\u0259h. 30-32.<\/li>\n<li>Nazik qab\u0131ql\u0131 \u00f6rt\u00fckl\u0259rd\u0259 b\u00f6y\u00fck \u0259yinti probleminin ara\u015fd\u0131r\u0131lmas\u0131. \u0130n\u015faat Universiteti \u201cN\u0259z\u0259ri v\u0259 t\u0259tbiqi Mexanika\u201d jurnal\u0131. 2010. \u21161. s\u0259h. 14-16.<\/li>\n<li>Nazik divarl\u0131 silindrik \u00f6rt\u00fcy\u00fcn enin\u0259 istiqam\u0259td\u0259 \u0259m\u0259l\u0259 g\u0259l\u0259n momentin t\u0259yini. \u0130n\u015faat Universiteti \u201cN\u0259z\u0259ri v\u0259 t\u0259tbiqi Mexanika\u201d jurnal\u0131. 2010. \u21161. s\u0259h. 27-29<\/li>\n<li>Nazik qab\u0131ql\u0131 silindirik \u00f6rt\u00fcy\u00fcn m\u00f6hk\u0259mliyi. \u0130n\u015faat Universiteti \u201cN\u0259z\u0259ri v\u0259 t\u0259tbiqi Mexanika\u201d jurnal\u0131. 2010. \u21163. s\u0259h. 27-29<\/li>\n<li>\u0412\u044b\u0440\u0430\u0436\u0435\u043d\u0438\u0435 \u0443\u0441\u0438\u043b\u0438\u0439 \u0446\u0438\u043b\u0438\u043d\u0434\u0440\u0438\u0447\u0435\u0441\u043a\u0438\u0445 \u043e\u0431\u043e\u043b\u043e\u0447\u0435\u043a \u043d\u0435 \u043a\u0440\u0443\u0433\u043e\u0432\u043e\u0433\u043e \u043e\u0447\u0435\u0440\u0442\u0430\u043d\u0438\u044f \u0447\u0435\u0440\u0435\u0437 \u043e\u0441\u043d\u043e\u0432\u044b \u0444\u0443\u043d\u043a\u0446\u0438\u0438 \u041d\u043e\u0432\u043e\u0436\u0438\u043b\u043e\u0432\u0430. \u041c\u043e\u0441\u043a\u0432\u0430 \u00ab\u041c\u0413\u041e\u0423 &#8211; \u043d\u043e\u0432\u044b\u0435 \u0442\u0435\u0445\u043d\u043e\u043b\u043e\u0433\u0438\u0438\u00bb 2011. \u21162. \u0441\u0442\u0440. 13-15<\/li>\n<li>M\u0259hlulla doldurulmu\u015f silindrik d\u0259mir-beton \u00e7\u0259n\u0259 t\u0259sir ed\u0259n normal q\u00fcvv\u0259nin hesabat\u0131. Neft Akademiyas\u0131 \u201cMa\u015f\u0131nqay\u0131rma\u201d jurnal\u0131. 2011.\u00a0 \u21162. 37-40.<\/li>\n<li>Silindrik \u00f6rt\u00fckl\u0259r n\u0259z\u0259riyy\u0259sind\u0259ki fiziki t\u0259nlikl\u0259rin ara\u015fd\u0131r\u0131lmas\u0131. Ma\u015f\u0131nqay\u0131rma\u201d jurnal\u0131. 2011.\u00a0 \u21163. 80-83.<\/li>\n<li>Nazik qab\u0131ql\u0131 silindrik \u00f6rt\u00fcy\u00fcn m\u00f6hk\u0259mliyinin ara\u015fd\u0131r\u0131lmas\u0131. \u0130n\u015faat Universiteti \u201cN\u0259z\u0259ri v\u0259 t\u0259tbiqi Mexanika\u201d jurnal\u0131 2011. \u21163. s\u0259h. 3-5<\/li>\n<li>\u0413\u0440\u0430\u043d\u0438\u0447\u043d\u044b\u0435 \u0443\u0441\u043b\u043e\u0432\u0438\u044f \u043d\u0430 \u043f\u0440\u044f\u043c\u043e\u043b\u0438\u043d\u0435\u0439\u043d\u044b\u0435 \u043a\u0440\u0430\u044f \u043e\u0431\u043e\u043b\u043e\u0447\u043a\u0438. \u041c\u043e\u0441\u043a\u0432\u0430 \u00ab\u041c\u0413\u041e\u0423 &#8211; \u043d\u043e\u0432\u044b\u0435 \u0442\u0435\u0445\u043d\u043e\u043b\u043e\u0433\u0438\u0438\u00bb. 2012. \u21161. \u0441\u0442\u0440. 7-10.<\/li>\n<li>Qal\u0131nl\u0131\u011f\u0131 nazik olan \u00f6rt\u00fckl\u0259r n\u0259z\u0259riyy\u0259si haqq\u0131nda. \u0130n\u015faat Universiteti \u201cN\u0259z\u0259ri v\u0259 t\u0259tbiqi Mexanika\u201d jurnal\u0131 2012. \u21162. s\u0259h. 63-65.<\/li>\n<li>\u041f\u0440\u0438\u0431\u043b\u0438\u0436\u0435\u043d\u043d\u043e\u0439 \u043c\u0435\u0442\u043e\u0434 \u0440\u0435\u0448\u0435\u043d\u0438\u044f \u0441\u0438\u0441\u0442\u0435\u043c\u044b \u0443\u0440\u0430\u0432\u043d\u0435\u043d\u0438\u0435 \u043f\u043e\u043b\u043e\u0433\u0438\u0445 \u043e\u0431\u043e\u043b\u043e\u0447\u0435\u043a. Texniki Universitet \u201celmi \u0259s\u0259rl\u0259r. Fundamental elml\u0259r\u201d. 2013. \u21161. s\u0259h. 87-89.<\/li>\n<\/ol>\n","protected":false},"excerpt":{"rendered":"<p>\u0421\u043f\u0438\u0441\u043e\u043a \u043e\u0441\u043d\u043e\u0432\u043d\u044b\u0445 \u043d\u0430\u0443\u0447\u043d\u044b\u0445 \u0440\u0430\u0431\u043e\u0442 \u0437\u0430 \u043f\u043e\u0441\u043b\u0435\u0434\u043d\u0438\u0435 \u043f\u044f\u0442\u044c \u043b\u0435\u0442 \u041e\u043f\u0440\u0435\u0434\u0435\u043b\u0435\u043d\u0438\u0435 \u043c\u043e\u043c\u0435\u043d\u0442\u043e\u0432 \u0447\u0435\u0440\u0435\u0437 \u043e\u0441\u043d\u043e\u0432\u043d\u0443\u044e \u043a\u043e\u043c\u043f\u043b\u0435\u043a\u0441\u043d\u0443\u044e \u0444\u0443\u043d\u043a\u0446\u0438\u044e. \u041c\u043e\u0441\u043a\u043e\u0432\u0441\u043a\u0438\u0439 \u0433\u043e\u0441\u0443\u0434\u0430\u0440\u0441\u0442\u0432\u0435\u043d\u043d\u044b\u0439 \u043e\u0442\u043a\u0440\u044b\u0442\u044b\u0439 \u0443\u043d\u0438\u0432\u0435\u0440\u0441\u0438\u0442\u0435\u0442, 2009 \u21163. \u0441\u0442\u0440. 20-22. Sferik \u00f6rt\u00fckl\u0259rd\u0259 s\u0259rh\u0259ddin s\u0259m\u0259rililiyi. Bak\u0131 Odlar yurdu Universiteti \u201cMexanika b\u00f6lm\u0259si\u201d. 2009 . \u211627 s\u0259h. 30-32. Nazik qab\u0131ql\u0131 \u00f6rt\u00fckl\u0259rd\u0259 b\u00f6y\u00fck \u0259yinti probleminin ara\u015fd\u0131r\u0131lmas\u0131. \u0130n\u015faat Universiteti \u201cN\u0259z\u0259ri v\u0259 t\u0259tbiqi Mexanika\u201d jurnal\u0131. 2010. \u21161. s\u0259h. 14-16. [&hellip;]<\/p>\n","protected":false},"author":6,"featured_media":0,"parent":2339,"menu_order":0,"comment_status":"open","ping_status":"open","template":"","meta":{"footnotes":""},"_links":{"self":[{"href":"https:\/\/www.imm.az\/exp\/wp-json\/wp\/v2\/pages\/2679"}],"collection":[{"href":"https:\/\/www.imm.az\/exp\/wp-json\/wp\/v2\/pages"}],"about":[{"href":"https:\/\/www.imm.az\/exp\/wp-json\/wp\/v2\/types\/page"}],"author":[{"embeddable":true,"href":"https:\/\/www.imm.az\/exp\/wp-json\/wp\/v2\/users\/6"}],"replies":[{"embeddable":true,"href":"https:\/\/www.imm.az\/exp\/wp-json\/wp\/v2\/comments?post=2679"}],"version-history":[{"count":1,"href":"https:\/\/www.imm.az\/exp\/wp-json\/wp\/v2\/pages\/2679\/revisions"}],"predecessor-version":[{"id":2680,"href":"https:\/\/www.imm.az\/exp\/wp-json\/wp\/v2\/pages\/2679\/revisions\/2680"}],"up":[{"embeddable":true,"href":"https:\/\/www.imm.az\/exp\/wp-json\/wp\/v2\/pages\/2339"}],"wp:attachment":[{"href":"https:\/\/www.imm.az\/exp\/wp-json\/wp\/v2\/media?parent=2679"}],"curies":[{"name":"wp","href":"https:\/\/api.w.org\/{rel}","templated":true}]}}