{"id":2682,"date":"2014-06-27T17:04:12","date_gmt":"2014-06-27T12:04:12","guid":{"rendered":"http:\/\/www.imm.az\/exp\/?page_id=2682"},"modified":"2014-06-27T17:04:12","modified_gmt":"2014-06-27T12:04:12","slug":"%d0%bd%d0%b0%d0%b3%d0%b8%d0%b5%d0%b2-%d0%b3%d0%b0%d1%81%d0%b0%d0%bd-%d0%b0%d0%bb%d0%b8","status":"publish","type":"page","link":"https:\/\/www.imm.az\/exp\/%d1%81%d0%be%d1%82%d1%80%d1%83%d0%b4%d0%bd%d0%b8%d0%ba%d0%b8\/%d0%bd%d0%b0%d0%b3%d0%b8%d0%b5%d0%b2-%d0%b3%d0%b0%d1%81%d0%b0%d0%bd-%d0%b0%d0%bb%d0%b8\/","title":{"rendered":"\u041d\u0430\u0433\u0438\u0435\u0432 \u0413\u0430\u0441\u0430\u043d \u0410\u043b\u0438"},"content":{"rendered":"<p><strong>\u0421\u043f\u0438\u0441\u043e\u043a \u043e\u0441\u043d\u043e\u0432\u043d\u044b\u0445 \u043d\u0430\u0443\u0447\u043d\u044b\u0445 \u0440\u0430\u0431\u043e\u0442 \u0437\u0430 \u043f\u043e\u0441\u043b\u0435\u0434\u043d\u0438\u0435 \u043f\u044f\u0442\u044c \u043b\u0435\u0442<\/strong><\/p>\n<ol start=\"1\">\n<li>\u0410.\u0413.\u041d\u0430\u0433\u0438\u0435\u0432, \u0424.\u0411.\u0418\u043c\u0440\u0430\u043d\u043e\u0432, \u0413.\u0410.\u041d\u0430\u0433\u0438\u0435\u0432. \u041a\u043e\u0440\u0440\u0435\u043b\u044f\u0446\u0438\u0438 \u043c\u0435\u0436\u0434\u0443 \u043a\u0430\u0440\u0442\u043e\u0433\u0440\u0430\u0444\u0438\u0447\u0435\u0441\u043a\u0438\u043c\u0438 \u0434\u0430\u043d\u043d\u044b\u043c\u0438 \u043e\u0447\u0435\u0440\u0442\u0430\u043d\u0438\u0439 \u043c\u043e\u0440\u0441\u043a\u0438\u0445 \u0431\u0435\u0440\u0435\u0433\u043e\u0432 \u0438 \u0432\u0435\u0440\u043e\u044f\u0442\u043d\u043e\u0441\u0442\u043d\u044b\u043c\u0438 \u0445\u0430\u0440\u0430\u043a\u0442\u0435\u0440\u0438\u0441\u0442\u0438\u043a\u0430\u043c\u0438 \u043a\u043b\u0438\u043c\u0430\u0442\u0438\u0447\u0435\u0441\u043a\u043e\u0433\u043e \u0432\u0435\u0442\u0440\u0430. \/\/ \u0410\u041c\u0415\u0410- nin M\u0259ruz\u0259l\u0259ri, N-4, Bak\u0131 2007, s\u0259h 10-14.<\/li>\n<li>\u0410.\u0413. \u041d\u0430\u0433\u0438\u0435\u0432, \u0424.\u0411. \u0418\u043c\u0440\u0430\u043d\u043e\u0432, \u0413.\u0410. \u041d\u0430\u0433\u0438\u0435\u0432. \u0421\u043e\u0432\u0440\u0435\u043c\u0435\u043d\u043d\u044b\u0435 \u0442\u0440\u0430\u043d\u0441\u0433\u0440\u0435\u0441\u0441\u0438\u0438 \u0431\u0435\u0440\u0435\u0433\u043e\u0432 \u041a\u0430\u0441\u043f\u0438\u044f \u0438 \u0438\u0445 \u0441\u0432\u044f\u0437\u044c \u0441 \u0444\u043e\u043d\u043e\u0432\u044b\u043c\u0438 \u0432\u0435\u0442\u0440\u043e\u0432\u044b\u043c\u0438 \u0445\u0430\u0440\u0430\u043a\u0442\u0435\u0440\u0438\u0441\u0442\u0438\u043a\u0430\u043c\u0438 \u0440\u0435\u0433\u0438\u043e\u043d\u0430. \/\/ \u0410\u041c\u0415\u0410- nin M\u0259ruz\u0259l\u0259ri. N-5, Bak\u0131 2007, s\u0259h 27-32<\/li>\n<li>\u0130mranov F.B., Na\u011f\u0131yev H.\u018f. X\u0259z\u0259r d\u0259nizi sahill\u0259rind\u0259 transqresiya v\u0259ziyy\u0259tinin \u0259d\u0259di t\u0259hlili. \/\/ Riyaziyyat v\u0259 Mexanika \u00fczr\u0259 XIII Beyn\u0259lxalq konfrans\u0131n Materiallar\u0131. Baki-2007, s\u0259h. 82.<\/li>\n<li>F.B. \u0130mranov, V.V.Sadixov, H.\u018f. Na\u011f\u0131yev. X\u0259z\u0259rin Az\u0259rbaycan sektorunda k\u00fcl\u0259k intensivliyi spektrinin sahil x\u0259tti koordinatlarina n\u0259z\u0259r\u0259n paylanma funksiyas\u0131. \/\/ Riyaziyyat v\u0259 Mexanika \u00fczr\u0259 XIII Beyn\u0259lxalq konfrans\u0131n Materiallar\u0131. Baki-2007, s\u0259h.83.<\/li>\n<li>\u0421\u0430\u0434\u044b\u0445\u043e\u0432 \u0412.\u0412., \u041d\u0430\u0433\u0438\u0435\u0432 \u0413.\u0410. \u0423\u043f\u0440\u0430\u0432\u043b\u0435\u043d\u0438\u0435 \u043d\u0435\u043b\u0438\u043d\u0435\u0439\u043d\u044b\u043c\u0438 \u0434\u0438\u043d\u0430\u043c\u0438\u0447\u0435\u0441\u043a\u0438\u043c\u0438 \u0441\u0438\u0441\u0442\u0435\u043c\u0430\u043c\u0438 \u0442\u0440\u0435\u0442\u044c\u0435\u0433\u043e \u043f\u043e\u0440\u044f\u0434\u043a\u0430 \u0441 \u0430\u043d\u0438\u043c\u0430\u0446\u0438\u043e\u043d\u043d\u044b\u043c \u043f\u0440\u0435\u0434\u0441\u0442\u0430\u0432\u043b\u0435\u043d\u0438\u0435\u043c \u0433\u0440\u0430\u0444\u0438\u0447\u0435\u0441\u043a\u0438\u0445 \u043e\u0431\u0440\u0430\u0437\u043e\u0432 \u0432 \u043f\u0440\u043e\u0441\u0442\u0440\u0430\u043d\u0441\u0442\u0432\u0435 \u0441\u043e\u0441\u0442\u043e\u044f\u043d\u0438\u0439. \/\/ Az\u0259rbaycanda televiziyan\u0131n\u00a0 50, radionun 80 illiyin\u0259 h\u0259sr edilmi\u015f Beyn\u0259lxalq Elmi-Texniki konfrans\u0131n Materiallar\u0131. Bak\u0131-2007, S. 412-415.<\/li>\n<li>\u0130mranov F.B., Na\u011f\u0131yev H.\u018f. Reaktor- regenerator sisteml\u0259ri riyazi modell\u0259rind\u0259 S \u015f\u0259killi van-Herden as\u0131l\u0131l\u0131\u011f\u0131n\u0131n m\u00f6vcudlu\u011fu haqqinda. \/\/ SDU-nun ELM\u0130 X\u018fB\u018fRL\u018fR\u0130 Sumqay\u0131t-2008, N-1, s\u0259h 22-27.<\/li>\n<li>Na\u011f\u0131yev H. \u018f. Reaktor- regenerator sisteml\u0259ri riyazi\u00a0 modell\u0259rind\u0259 S-\u015f\u0259killi Van-Herden as\u0131l\u0131l\u0131\u011f\u0131n\u0131n\u00a0\u00a0 m\u00f6vcudlu\u011fu haqq\u0131nda. \u00a0\/\/ Aspirantlarin\u00a0 elmi konfrans\u0131, Bak\u0131,\u00a0 2010, S. 121-125.<\/li>\n<li>\u0418\u043c\u0440\u0430\u043d\u043e\u0432 \u0424.\u0411., \u041d\u0430\u0433\u0438\u0435\u0432 \u0413.\u0410. \u041a\u0430\u0447\u0435\u0441\u0442\u0432\u0435\u043d\u043d\u043e\u0435 \u0438\u0441\u0441\u043b\u0435\u0434\u043e\u0432\u0430\u043d\u0438\u0435 \u0442\u0435\u043f\u043b\u043e\u0432\u043e\u0439 \u0434\u0438\u043d\u0430\u043c\u0438\u043a\u0438 \u0440\u0435\u0430\u043a\u0446\u0438\u043e\u043d\u043d\u043e-\u0440\u0435\u0433\u0435\u043d\u0435\u0440\u0430\u0446\u0438\u043e\u043d\u043d\u044b\u0445 \u0441\u0438\u0441\u0442\u0435\u043c \u0441 \u0446\u0438\u0440\u043a\u0443\u043b\u0438\u0440\u0443\u044e\u0449\u0438\u043c \u043a\u0430\u0442\u0430\u043b\u0438\u0437\u0430\u0442\u043e\u0440\u043e\u043c \u0432 \u0442\u0440\u0435\u0445\u043c\u0435\u0440\u043d\u043e\u043c \u043f\u0440\u043e\u0441\u0442\u0440\u0430\u043d\u0441\u0442\u0432\u0435 \u0441\u043e\u0441\u0442\u043e\u044f\u043d\u0438\u0439. \/\/ \u0418\u0437\u0432\u0435\u0441\u0442\u0438\u044f. \u0412\u0443\u0437.-\u043e\u0432\u00a0 \u00ab\u0425\u0438\u043c\u0438\u044f \u0438 \u0445\u0438\u043c\u0438\u0447\u0435\u0441\u043a\u0430\u044f \u0442\u0435\u0445\u043d\u043e\u043b\u043e\u0433\u0438\u044f\u00bb,\u00a0 \u0433. \u0418\u0432\u0430\u043d\u043e\u0432\u043e, 2011, T. 54, \u21161, \u0441\u0442\u0440. 95-100<\/li>\n<li>\u041d\u0430\u0433\u0438\u0435\u0432 \u0410.\u0413., \u0418\u043c\u0440\u0430\u043d\u043e\u0432 \u0424.\u0411., \u041d\u0430\u0433\u0438\u0435\u0432 \u0413.\u0410. \u041c\u043d\u043e\u0433\u043e\u043b\u0438\u0441\u0442\u043e\u0432\u044b\u0439 \u0444\u0430\u0437\u043e\u0432\u044b\u0439 \u0441\u0442\u0435\u0440\u0435\u043e\u043f\u043e\u0440\u0442\u0440\u0435\u0442 \u0442\u0440\u0435\u0445\u043c\u0435\u0440\u043d\u043e\u0439 \u0434\u0438\u043d\u0430\u043c\u0438\u0447\u0435\u0441\u043a\u043e\u0439 \u0441\u0438\u0441\u0442\u0435\u043c\u044b \u0438 \u0432\u0438\u0437\u0443\u0430\u043b\u0438\u0437\u0430\u0446\u0438\u044f \u043f\u0440\u043e\u0446\u0435\u0441\u0441\u0430 \u0443\u043f\u0440\u0430\u0432\u043b\u0435\u043d\u0438\u044f \u043e\u0431\u044a\u0435\u043a\u0442\u0430\u043c\u0438 \u0441 \u043c\u043d\u043e\u0436\u0435\u0441\u0442\u0432\u0435\u043d\u043d\u043e\u0441\u0442\u044c\u044e \u0441\u0442\u0430\u0446\u0438\u043e\u043d\u0430\u0440\u043d\u044b\u0445 \u0441\u043e\u0441\u0442\u043e\u044f\u043d\u0438\u0439. \/\/\u00a0 \u0433.\u0420\u0438\u0433\u0430, \u00a0\u00ab\u0410\u0432\u0442\u043e\u043c\u0430\u0442\u0438\u043a\u0430 \u0438 \u0432\u044b\u0447\u0438\u0441\u043b\u0438\u0442\u0435\u043b\u044c\u043d\u0430\u044f \u0442\u0435\u0445\u043d\u0438\u043a\u0430\u00bb, \u21161, 2011, \u0441\u0442\u0440.18-29.<\/li>\n<li>Na\u011f\u0131yev H.\u018f. Vizual idar\u0259etm\u0259 konsepsiyasi il\u0259 \u0259laq\u0259dar dinamik sisteml\u0259rin cari koordinatlarinin\u00a0 faza f\u0259zasinin bir cazib\u0259 sah\u0259sind\u0259n dig\u0259rin\u0259 k\u00f6\u00e7\u00fcr\u00fclm\u0259 m\u0259s\u0259l\u0259si. \/\/ \u201cSumqay\u0131t D\u00f6vl\u0259t Universitetinin Elmi X\u0259b\u0259rl\u0259ri\u201d, cild 13, \u2116 3, 2013, S. 66-68.<\/li>\n<li>\u0410.\u0413.\u041d\u0430\u0433\u0438\u0435\u0432, \u0424.\u0411.\u0418\u043c\u0440\u0430\u043d\u043e\u0432, \u0413. \u0410.\u041d\u0430\u0433\u0438\u0435\u0432. \u041e\u0431 \u043e\u0442\u0434\u0435\u043b\u0438\u043c\u043e\u0441\u0442\u0438 \u043f\u0440\u043e\u0441\u0442\u0440\u0430\u043d\u0441\u0442\u0432\u0430 \u0432\u0445\u043e\u0434\u043e\u0432 \u0441\u0438\u0441\u0442\u0435\u043c \u0441 \u043c\u043d\u043e\u0436\u0435\u0441\u0442\u0432\u0435\u043d\u043d\u043e\u0441\u0442\u044c\u044e \u0430\u0442\u0442\u0440\u0430\u043a\u0442\u043e\u0440\u043e\u0432 \u043f\u043e \u043a\u0430\u0447\u0435\u0441\u0442\u0432\u0435\u043d\u043d\u043e \u043e\u0434\u043d\u043e\u0442\u0438\u043f\u043d\u044b\u043c \u0444\u0430\u0437\u043e\u0432\u044b\u043c \u043f\u043e\u0440\u0442\u0440\u0435\u0442\u0430\u043c \u0438 \u0440\u0435\u0448\u0435\u043d\u0438\u0435 \u0437\u0430\u0434\u0430\u0447\u0438 \u0430\u043f\u043f\u0440\u043e\u043a\u0441\u0438\u043c\u0430\u0446\u0438\u0438. \/\/ AMEA X\u0259b\u0259rl\u0259ri. \u0130nformatika v\u0259 idar\u0259etm\u0259 probleml\u0259ri. Bak\u0131 2013, cild XXXIII, \u2116 6. s\u0259h. 132-138.<\/li>\n<li>\u0418\u043c\u0440\u0430\u043d\u043e\u0432 \u0424.\u0411.,\u0421\u0430\u0434\u044b\u0445\u043e\u0432 \u0412.\u0412, \u0410\u0431\u0434\u0443\u043b\u043b\u0430\u0435\u0432 \u0410, \u0410\u0431\u0434\u0443\u043b\u043b\u0430\u0435\u0432 \u0410, \u041d\u0430\u0433\u0438\u0435\u0432 \u0413.\u0410. \u041e\u0431 \u043e\u0434\u043d\u043e\u043c \u0430\u043b\u0433\u043e\u0440\u0438\u0442\u043c\u0435 \u043e\u0431\u0440\u0430\u0431\u043e\u0442\u043a\u0438 \u043c\u0430\u0433\u043d\u0438\u0442\u043e\u0442\u0435\u043b\u043b\u0443\u0440\u0438\u0447\u0435\u0441\u043a\u0438\u0445 \u0441\u0438\u0433\u043d\u0430\u043b\u043e\u0432 \u0438 \u043f\u043e\u0441\u0442\u0440\u043e\u0435\u043d\u0438\u0435 \u0433\u043e\u0434\u043e\u0433\u0440\u0430\u0444\u043e\u0432. \u00a0\/\/ \u0410\u043a\u0442\u0443\u0430\u043b\u044c\u043d\u044b\u0435 \u043f\u0440\u043e\u0431\u043b\u0435\u043c\u044b \u043c\u0430\u0442\u0435\u043c\u0430\u0442\u0438\u043a\u0438 \u0438 \u0438\u043d\u0444\u043e\u0440\u043c\u0430\u0442\u0438\u043a\u0438. \u201c\u041c\u0435\u0436\u0434\u0443\u043d\u0430\u0440\u043e\u0434\u043d\u0430\u044f \u043a\u043e\u043d\u0444\u0435\u0440\u0435\u043d\u0446\u0438\u044f \u043f\u043e\u0441\u0432\u044f\u0449\u0451\u043d\u043d\u0430\u044f 90 \u043b\u0435\u0442\u0438\u044e \u0441\u043e \u0434\u043d\u044f \u0440\u043e\u0436\u0434\u0435\u043d\u0438\u044f \u0413\u0435\u0439\u0434\u0430\u0440\u0430 \u0410\u043b\u0438\u0435\u0432\u0430\u201d. \u0411\u0430\u043a\u0443 2013, \u0441\u0442\u0440. 237-238.<\/li>\n<li>F. B. \u0130mranov, H. \u018f. Na\u011f\u0131yev. Dinamik sisteml\u0259rin stasionar v\u0259ziyy\u0259tl\u0259rinin coxsayl\u0131l\u0131\u011f\u0131 v\u0259 geni\u015f diapazonda idar\u0259etm\u0259 problemi. \/\/ \u201cAMEA Riyaziyyat v\u0259 mexanikan\u0131n aktual probleml\u0259ri. RM\u0130-nin 55 illiyin\u0259 h\u0259sr olunmu\u015f beyn\u0259lxalq konfrans\u0131n materiallar\u0131.\u201d Bak\u0131 2014, s\u0259h 187-189.<\/li>\n<li>Na\u011f\u0131yev H.\u018f. Reaktor- regenerator \u0441\u0438\u0441teml\u0259rinin idar\u0259etm\u0259 y\u00f6n\u00fcml\u00fc riyazi modeli.\/\/ Akademik M. F. Na\u011f\u0131yevin 100-illik yubileyin\u0259 h\u0259sr olunmu\u015f elmi konfrans\u0131n\u0131n tezisl\u0259ri. Bak\u0131, 2008, S.313<\/li>\n<li>\u0424.\u0411.\u0418\u043c\u0440\u0430\u043d\u043e\u0432, \u0413.\u0410.\u041d\u0430\u0433\u0438\u0435\u0432 \u0423\u043f\u0440\u0430\u0432\u043b\u0435\u043d\u0438\u0435 \u043d\u0435\u043b\u0438\u043d\u0435\u0439\u043d\u044b\u043c\u0438 \u0441\u0438\u0441\u0442\u0435\u043c\u0430\u043c\u0438 \u0432 \u043f\u0440\u043e\u0441\u0442\u0440\u0430\u043d\u0441\u0442\u0432\u0435 \u0444\u0430\u0437\u043e\u0432\u044b\u0445\u00a0 \u043a\u043e\u043e\u0440\u0434\u0438\u043d\u0430\u0442 \u0441 \u043c\u0435\u043d\u044f\u044e\u0449\u0435\u0439\u0441\u044f \u043c\u0435\u0442\u0440\u0438\u043a\u043e\u0439. \/\/\u041c\u0430\u0442\u0435\u0440\u0438\u0430\u043b\u044b \u041c\u0435\u0436\u0434\u0443\u043d\u0430\u0440\u043e\u0434\u043d\u043e\u0433\u043e \u0441\u0438\u043c\u043f\u043e\u0437\u0438\u0443\u043c\u0430 \u00ab\u0423\u0440\u0430\u0432\u043d\u0435\u043d\u0438\u044f \u0441\u043c\u0435\u0448\u0430\u043d\u043d\u043e\u0433\u043e \u0442\u0438\u043f\u0430 \u0438 \u0440\u043e\u0434\u0441\u0442\u0432\u0435\u043d\u043d\u044b\u0435 \u043f\u0440\u043e\u0431\u043b\u0435\u043c\u044b \u0430\u043d\u0430\u043b\u0438\u0437\u0430 \u0438 \u0438\u043d\u0444\u043e\u0440\u043c\u0430\u0442\u0438\u043a\u0438\u00bb \u0433. \u041d\u0430\u043b\u044c\u0447\u0438\u043a- 2008, \u0421. 72-73.<\/li>\n<li>\u0130mranov F.B., Na\u011f\u0131yev \u018f.H. Qapal\u0131 s\u0259thl\u0259rin 3D qrafik t\u0259svirinin \u00fc\u00e7 \u00f6l\u00e7\u00fcl\u00fc d\u00fcy\u00fcn n\u00f6qt\u0259l\u0259ri matrisi \u0259sas\u0131nda qurulmas\u0131. \/\/ AMEA Riyaziyyat v\u0259 Mexanika \u0130nstitutunun 50 illiyin\u0259 h\u0259sr olunmu\u015f konfrans. Baki-2009, s\u0259h 167-168.<\/li>\n<li>Na\u011f\u0131yev H.\u018f.\u00a0 Neft krekinqi s\u0259naye qur\u011fusunun termiki rejiml\u0259rind\u0259 q\u0259zaya aparan dinamikan\u0131n erk\u0259n a\u015fkar edilm\u0259 m\u0259s\u0259l\u0259sin\u0259 dair. \/\/ AMEA Aspirantlar\u0131n elmi konfrans\u0131. 2009, s\u0259h. 88-89.<\/li>\n<li>\u0130mranov F.B., Na\u011f\u0131yev H.\u018f. \u00dc\u00e7 \u00f6l\u00e7\u00fcl\u00fc dinamiki sistemin faza stereo portreti v\u0259 qeyri x\u0259tti obyektl\u0259rin idar\u0259 olunma prosesinin vizualla\u015fd\u0131r\u0131lmas\u0131. \/\/ Spektral n\u0259z\u0259riyy\u0259 v\u0259 onun t\u0259dbiql\u0259ri Akademik F.Q. Maqsudovun 80 illik yubileyin\u0259 h\u0259cr olunmu\u015f Beyn\u0259lxalq konfrans. Bak\u0131-2010,\u00a0 s\u0259h. 184-185.<\/li>\n<li>Nagiyev A.G., \u0130mranov F.B., Nagiyev G.A. Multipage phase stereo a portrait of three-imensional dynamic system and visualisation of process of the control by movement. \/\/ PCI-2010, The third international conference problems of cybernetics and informatics. Bak\u0131-2010,\u00a0 s\u0259h. 77-81.<\/li>\n<li>Nagiyev H.A. Dynamic systems with multiplicity of stationary state and strategy of highly steady control. \/\/ AMEA Riyaziyyat v\u0259 Mexanika \u0130nstitutunun \u018fs\u0259rl\u0259ri, Bak\u0131, 2011, cild XXXV, s\u0259h.117-125<\/li>\n<li>Nagiev A. G., \u0130mranov F.B., Nagiev G. A. Separability of the parameter space of dynamical systems in terms of types of phase portraits \/\/ IV International conference \u201cProblems of cybernetics and informatics\u201d PC\u0130-2012, V.3, Baku, P.119-121.<\/li>\n<li>\u041d\u0430\u0433\u0438\u0435\u0432 \u0413.\u0410. \u041e\u0431 \u043e\u0434\u043d\u043e\u043c \u044d\u0444\u0444\u0435\u043a\u0442\u0438\u0432\u043d\u043e\u043c \u043c\u0435\u0442\u043e\u0434\u0435 \u043f\u043e\u0441\u0442\u0440\u043e\u0435\u043d\u0438\u0435 \u0444\u0430\u0437\u043e\u0432\u044b\u0445 \u043f\u043e\u0440\u0442\u0440\u0435\u0442\u043e\u0432 \u0432 \u0442\u0440\u0435\u0445\u043c\u0435\u0440\u043d\u044b\u0445 \u0434\u0438\u043d\u0430\u043c\u0438\u0447\u0435\u0441\u043a\u0438\u0445 \u0441\u0438\u0441\u0442\u0435\u043c. \/\/ \u0410\u043a\u0442\u0443\u0430\u043b\u044c\u043d\u044b\u0435 \u043f\u0440\u043e\u0431\u043b\u0435\u043c\u044b \u043c\u0430\u0442\u0435\u043c\u0430\u0442\u0438\u043a\u0438 \u0438 \u0438\u043d\u0444\u043e\u0440\u043c\u0430\u0442\u0438\u043a\u0438. \u201c\u041c\u0435\u0436\u0434\u0443\u043d\u0430\u0440\u043e\u0434\u043d\u0430\u044f \u043a\u043e\u043d\u0444\u0435\u0440\u0435\u043d\u0446\u0438\u044f \u043f\u043e\u0441\u0432\u044f\u0449\u0451\u043d\u043d\u0430\u044f 90 \u043b\u0435\u0442 \u0441\u043e \u0434\u043d\u044f \u0440\u043e\u0436\u0434\u0435\u043d\u0438\u044f \u0413\u0435\u0439\u0434\u0430\u0440\u0430 \u0410\u043b\u0438\u0435\u0432\u0430\u201d. \u0411\u0430\u043a\u0443 2013, \u0441\u0442\u0440. 296-299<\/li>\n<li>\u0418\u043c\u0440\u0430\u043d\u043e\u0432 \u0424.\u0411., \u041d\u0430\u0433\u0438\u0435\u0432 \u0413.\u0410., \u041c\u0430\u0433\u0441\u0443\u0434\u043e\u0432\u0430 \u0422.\u0418. \u0421\u0442\u0435\u0440\u0435\u043e\u0433\u0440\u0430\u0444\u0438\u0447\u0435\u0441\u043a\u043e\u0435 \u043e\u0442\u043e\u0431\u0440\u0430\u0436\u0435\u043d\u0438\u0435 \u0442\u0440\u0435\u0445\u043c\u0435\u0440\u043d\u044b\u0445 \u043e\u0431\u044a\u0435\u043a\u0442\u043e\u0432 \u043f\u043e\u0441\u0440\u0435\u0434\u0441\u0442\u0432\u043e\u043c \u0444\u0443\u043d\u043a\u0446\u0438\u0438 \u201cview\u201d\u0432 \u0441\u0440\u0435\u0434\u0435 \u043f\u0440\u043e\u0433\u0440\u0430\u043c\u0438\u0440\u043e\u0432\u0430\u043d\u0438\u044f Matlab. \/\/ \u0410\u043a\u0442\u0443\u0430\u043b\u044c\u043d\u044b\u0435 \u043f\u0440\u043e\u0431\u043b\u0435\u043c\u044b \u043c\u0430\u0442\u0435\u043c\u0430\u0442\u0438\u043a\u0438 \u0438 \u0438\u043d\u0444\u043e\u0440\u043c\u0430\u0442\u0438\u043a\u0438. \u201c\u041c\u0435\u0436\u0434\u0443\u043d\u0430\u0440\u043e\u0434\u043d\u0430\u044f \u043a\u043e\u043d\u0444\u0435\u0440\u0435\u043d\u0446\u0438\u044f \u043f\u043e\u0441\u0432\u044f\u0449\u0451\u043d\u043d\u0430\u044f 90 \u043b\u0435\u0442 \u0441\u043e \u0434\u043d\u044f \u0440\u043e\u0436\u0434\u0435\u043d\u0438\u044f \u0413\u0435\u0439\u0434\u0430\u0440\u0430 \u0410\u043b\u0438\u0435\u0432\u0430 \u00ab\u0411\u0430\u043a\u0443 2013, \u0441\u0442\u0440.287-289.<\/li>\n<\/ol>\n","protected":false},"excerpt":{"rendered":"<p>\u0421\u043f\u0438\u0441\u043e\u043a \u043e\u0441\u043d\u043e\u0432\u043d\u044b\u0445 \u043d\u0430\u0443\u0447\u043d\u044b\u0445 \u0440\u0430\u0431\u043e\u0442 \u0437\u0430 \u043f\u043e\u0441\u043b\u0435\u0434\u043d\u0438\u0435 \u043f\u044f\u0442\u044c \u043b\u0435\u0442 \u0410.\u0413.\u041d\u0430\u0433\u0438\u0435\u0432, \u0424.\u0411.\u0418\u043c\u0440\u0430\u043d\u043e\u0432, \u0413.\u0410.\u041d\u0430\u0433\u0438\u0435\u0432. \u041a\u043e\u0440\u0440\u0435\u043b\u044f\u0446\u0438\u0438 \u043c\u0435\u0436\u0434\u0443 \u043a\u0430\u0440\u0442\u043e\u0433\u0440\u0430\u0444\u0438\u0447\u0435\u0441\u043a\u0438\u043c\u0438 \u0434\u0430\u043d\u043d\u044b\u043c\u0438 \u043e\u0447\u0435\u0440\u0442\u0430\u043d\u0438\u0439 \u043c\u043e\u0440\u0441\u043a\u0438\u0445 \u0431\u0435\u0440\u0435\u0433\u043e\u0432 \u0438 \u0432\u0435\u0440\u043e\u044f\u0442\u043d\u043e\u0441\u0442\u043d\u044b\u043c\u0438 \u0445\u0430\u0440\u0430\u043a\u0442\u0435\u0440\u0438\u0441\u0442\u0438\u043a\u0430\u043c\u0438 \u043a\u043b\u0438\u043c\u0430\u0442\u0438\u0447\u0435\u0441\u043a\u043e\u0433\u043e \u0432\u0435\u0442\u0440\u0430. \/\/ \u0410\u041c\u0415\u0410- nin M\u0259ruz\u0259l\u0259ri, N-4, Bak\u0131 2007, s\u0259h 10-14. \u0410.\u0413. \u041d\u0430\u0433\u0438\u0435\u0432, \u0424.\u0411. \u0418\u043c\u0440\u0430\u043d\u043e\u0432, \u0413.\u0410. \u041d\u0430\u0433\u0438\u0435\u0432. \u0421\u043e\u0432\u0440\u0435\u043c\u0435\u043d\u043d\u044b\u0435 \u0442\u0440\u0430\u043d\u0441\u0433\u0440\u0435\u0441\u0441\u0438\u0438 \u0431\u0435\u0440\u0435\u0433\u043e\u0432 \u041a\u0430\u0441\u043f\u0438\u044f \u0438 \u0438\u0445 \u0441\u0432\u044f\u0437\u044c \u0441 \u0444\u043e\u043d\u043e\u0432\u044b\u043c\u0438 \u0432\u0435\u0442\u0440\u043e\u0432\u044b\u043c\u0438 \u0445\u0430\u0440\u0430\u043a\u0442\u0435\u0440\u0438\u0441\u0442\u0438\u043a\u0430\u043c\u0438 \u0440\u0435\u0433\u0438\u043e\u043d\u0430. \/\/ \u0410\u041c\u0415\u0410- nin M\u0259ruz\u0259l\u0259ri. N-5, [&hellip;]<\/p>\n","protected":false},"author":6,"featured_media":0,"parent":2339,"menu_order":0,"comment_status":"open","ping_status":"open","template":"","meta":{"footnotes":""},"_links":{"self":[{"href":"https:\/\/www.imm.az\/exp\/wp-json\/wp\/v2\/pages\/2682"}],"collection":[{"href":"https:\/\/www.imm.az\/exp\/wp-json\/wp\/v2\/pages"}],"about":[{"href":"https:\/\/www.imm.az\/exp\/wp-json\/wp\/v2\/types\/page"}],"author":[{"embeddable":true,"href":"https:\/\/www.imm.az\/exp\/wp-json\/wp\/v2\/users\/6"}],"replies":[{"embeddable":true,"href":"https:\/\/www.imm.az\/exp\/wp-json\/wp\/v2\/comments?post=2682"}],"version-history":[{"count":1,"href":"https:\/\/www.imm.az\/exp\/wp-json\/wp\/v2\/pages\/2682\/revisions"}],"predecessor-version":[{"id":2683,"href":"https:\/\/www.imm.az\/exp\/wp-json\/wp\/v2\/pages\/2682\/revisions\/2683"}],"up":[{"embeddable":true,"href":"https:\/\/www.imm.az\/exp\/wp-json\/wp\/v2\/pages\/2339"}],"wp:attachment":[{"href":"https:\/\/www.imm.az\/exp\/wp-json\/wp\/v2\/media?parent=2682"}],"curies":[{"name":"wp","href":"https:\/\/api.w.org\/{rel}","templated":true}]}}