{"id":26925,"date":"2019-09-11T11:44:27","date_gmt":"2019-09-11T07:44:27","guid":{"rendered":"http:\/\/www.imm.az\/exp\/?page_id=26925"},"modified":"2019-10-31T11:27:56","modified_gmt":"2019-10-31T07:27:56","slug":"t%c9%99tbiqi-riyaziyyat-sob%c9%99sinin-aparici-elmi-iscisi-texnika-uzr%c9%99-f%c9%99ls%c9%99f%c9%99-doktoru-dosent-irad%c9%99-mirz%c9%99zad%c9%99nin-55-yasi-munasib%c9%99til%c9%99-t%c9%99brik-ed","status":"publish","type":"page","link":"https:\/\/www.imm.az\/exp\/t%c9%99tbiqi-riyaziyyat-sob%c9%99sinin-aparici-elmi-iscisi-texnika-uzr%c9%99-f%c9%99ls%c9%99f%c9%99-doktoru-dosent-irad%c9%99-mirz%c9%99zad%c9%99nin-55-yasi-munasib%c9%99til%c9%99-t%c9%99brik-ed\/","title":{"rendered":"&#8220;T\u0259tbiqi Riyaziyyat&#8221; \u015f\u00f6b\u0259sinin apar\u0131c\u0131 elmi i\u015f\u00e7isi, texnika \u00fczr\u0259 f\u0259ls\u0259f\u0259 doktoru, dosent \u0130rad\u0259 Mirz\u0259zad\u0259nin 55 ya\u015f\u0131 m\u00fcnasib\u0259til\u0259 t\u0259brik edirik!"},"content":{"rendered":"\n<div class=\"wp-block-image\"><figure class=\"alignleft is-resized\"><a href=\"https:\/\/www.imm.az\/exp\/wp-content\/uploads\/2017\/02\/Tamilla-Hasanova65.jpg\"><img loading=\"lazy\" decoding=\"async\" src=\"https:\/\/www.imm.az\/exp\/wp-content\/uploads\/2019\/10\/NMT_8631-2-1024x683.jpg\" alt=\"\" class=\"wp-image-26979\" width=\"239\" height=\"158\" srcset=\"https:\/\/www.imm.az\/exp\/wp-content\/uploads\/2019\/10\/NMT_8631-2-1024x683.jpg 1024w, https:\/\/www.imm.az\/exp\/wp-content\/uploads\/2019\/10\/NMT_8631-2-300x200.jpg 300w, https:\/\/www.imm.az\/exp\/wp-content\/uploads\/2019\/10\/NMT_8631-2-768x512.jpg 768w\" sizes=\"(max-width: 239px) 100vw, 239px\" \/><\/a><\/figure><\/div>\n\n\n\n<p style=\"text-align:center\"><p style=\"text-align:justify\"> AMEA-n\u0131n Riyaziyyat v\u0259 Mexanika \u0130nstitutunun &#8220;T\u0259tbiqi Riyaziyyat&#8221; \u015f\u00f6b\u0259sinin apar\u0131c\u0131 elmi i\u015f\u00e7isi, texnika \u00fczr\u0259 f\u0259ls\u0259f\u0259 doktoru,&nbsp;<a href=\"https:\/\/az.wikipedia.org\/wiki\/Dosent\">dosent<\/a><strong> <\/strong><strong>\u0130rad\u0259 H\u0259t\u0259m q\u0131z\u0131 Mirz\u0259zad\u0259nin<\/strong> 55 ya\u015f\u0131 tamam olur.\u018fziz v\u0259 h\u00f6rm\u0259tli \u0130rad\u0259 xan\u0131m!\nAz\u0259rbaycan Milli Elml\u0259r Akademiyas\u0131 Riyaziyyat v\u0259 Mexanika \u0130nstitutunun kollektivi v\u0259 \u015f\u0259xs\u0259n \u00f6z ad\u0131mdan Sizi anadan olman\u0131z\u0131n 55-illiyi m\u00fcnasib\u0259ti il\u0259 \u00fcr\u0259kd\u0259n t\u0259brik edir\u0259m.\n<\/p><\/p>\n\n\n\n<p style=\"text-align:justify\">Mirz\u0259zad\u0259 \u0130rad\u0259 H\u0259t\u0259m q\u0131z\u0131 11 avqust\n1964-c\u00fc ild\u0259 Az\u0259rbaycan Respublikas\u0131nda Bak\u0131 \u015f\u0259h\u0259rind\u0259 anadan \u043elmu\u015fdur.1981-ci ild\u0259 Yasamal rayonu 20-sayl\u0131 orta m\u0259kt\u0259bini\nbitirmi\u015fdir\u015f. 1981-ci ild\u0259 \u00c7.\u0130ld\u0131r\u0131m ad\u0131na Az\u0259rbaycan Politexnik \u0130nstitutunun\n(indiki Az\u0259rbaycan Texniki Universiteti) &#8220;Ma\u015f\u0131n qay\u0131rma&#8221; fakult\u0259sin\u0259\nda\u0445il \u043elmu\u015f, 1987-ci ild\u0259 t\u0259hsilini\nba\u015fa vurmu\u015fdur. 2008-ci ild\u0259 Milli Elml\u0259r Akademiyas\u0131n\u0131n &#8220;Riyaziyyat v\u0259 Me\u0445anika&#8221; \u0130nstitutunda dissertant t\u0259yin olunmu\u015fdur.2014-c\u00fc ild\u0259\n&#8220;Toksiki madd\u0259l\u0259rl\u0259 z\u0259h\u0259rl\u0259nm\u0259l\u0259rin diaqnostika v\u0259 monitorinqi \u00fc\u00e7\u00fcn\nintellektual-informasiya sisteminin izl\u0259nm\u0259si(d\u0259m qaz\u0131 timsal\u0131nda)&#8221;\nm\u00f6vzusunda texnika \u00fczr\u0259 f\u0259ls\u0259f\u0259 doktoru elmi d\u0259r\u0259c\u0259si almaq \u00fc\u00e7\u00fcn dissertasiyan\u0131\nm\u00fcdafi\u0259 etmi\u015fdir. 14 oktyabr 2016-c\u0131 il tarixli(Protokol\u211621-k) q\u0259rar\u0131 il\u0259\nsistemli analiz,idar\u0259etm\u0259 v\u0259 informasiyan\u0131n i\u015fl\u0259nm\u0259si ixtisas\u0131 \u00fczr\u0259 dosent elmi\nad\u0131 verilmi\u015fdir. AMEA-n\u0131n Riyaziyyat v\u0259 Mexanika institutunda 1985-ci ild\u0259n\nb\u00f6y\u00fck m\u00fch\u0259ndis, m\u00fch\u0259ndis-proqramla\u015fd\u0131r\u0131c\u0131, elmi i\u015f\u00e7i, b\u00f6y\u00fck elmi i\u015f\u00e7i i\u015fl\u0259yib.\n01.04.2017-ci ild\u0259n \u201cT\u0259tbiqi riyaziyyat\u201d \u015f\u00f6b\u0259sind\u0259 apar\u0131c\u0131 elmi i\u015f\u00e7i i\u015fl\u0259yir.<\/p>\n\n\n\n<p>Hal-haz\u0131rda \u0130rad\u0259 xan\u0131m RM\u0130-nin\nH\u0130K-nin s\u0259dr v\u0259zif\u0259sind\u0259\n\u00e7al\u0131\u015f\u0131r. Onun 45 elmi i\u015fi n\u00fcfuzlu jurnallarda \u00e7apdan \u00e7\u0131xm\u0131\u015fd\u0131r.<br>\n\u0130nstitutun kollektivi \u0130rad\u0259 xan\u0131m\u0131 55 ya\u015f\u0131 tamam olmas\u0131 m\u00fcnasib\u0259til\u0259 t\u0259brik edir, ona insan h\u0259yat\u0131 \u00fc\u00e7\u00fcn \u0259n d\u0259y\u0259rli nem\u0259t olan can sa\u011fl\u0131\u011f\u0131, uzun \u00f6m\u00fcr, elmi f\u0259aliyy\u0259tind\u0259 m\u00fcv\u0259ff\u0259qiyy\u0259tl\u0259r arzulay\u0131r.\n<\/p>\n\n\n\n<p><em>\u00a9 B\u00fct\u00fcn h\u00fcquqlar qorunur. X\u0259b\u0259rl\u0259rd\u0259n istifad\u0259 ed\u0259rk\u0259n www.imm.az sayt\u0131na istinad z\u0259ruridir.<\/em><\/p>\n","protected":false},"excerpt":{"rendered":"<p>AMEA-n\u0131n Riyaziyyat v\u0259 Mexanika \u0130nstitutunun &#8220;T\u0259tbiqi Riyaziyyat&#8221; \u015f\u00f6b\u0259sinin apar\u0131c\u0131 elmi i\u015f\u00e7isi, texnika \u00fczr\u0259 f\u0259ls\u0259f\u0259 doktoru,&nbsp;dosent \u0130rad\u0259 H\u0259t\u0259m q\u0131z\u0131 Mirz\u0259zad\u0259nin 55 ya\u015f\u0131 tamam olur.\u018fziz v\u0259 h\u00f6rm\u0259tli \u0130rad\u0259 xan\u0131m! Az\u0259rbaycan Milli Elml\u0259r Akademiyas\u0131 Riyaziyyat v\u0259 Mexanika \u0130nstitutunun kollektivi v\u0259 \u015f\u0259xs\u0259n \u00f6z ad\u0131mdan Sizi anadan olman\u0131z\u0131n 55-illiyi m\u00fcnasib\u0259ti il\u0259 \u00fcr\u0259kd\u0259n t\u0259brik edir\u0259m. Mirz\u0259zad\u0259 \u0130rad\u0259 H\u0259t\u0259m q\u0131z\u0131 11 avqust [&hellip;]<\/p>\n","protected":false},"author":6,"featured_media":0,"parent":0,"menu_order":0,"comment_status":"closed","ping_status":"closed","template":"","meta":{"footnotes":""},"_links":{"self":[{"href":"https:\/\/www.imm.az\/exp\/wp-json\/wp\/v2\/pages\/26925"}],"collection":[{"href":"https:\/\/www.imm.az\/exp\/wp-json\/wp\/v2\/pages"}],"about":[{"href":"https:\/\/www.imm.az\/exp\/wp-json\/wp\/v2\/types\/page"}],"author":[{"embeddable":true,"href":"https:\/\/www.imm.az\/exp\/wp-json\/wp\/v2\/users\/6"}],"replies":[{"embeddable":true,"href":"https:\/\/www.imm.az\/exp\/wp-json\/wp\/v2\/comments?post=26925"}],"version-history":[{"count":6,"href":"https:\/\/www.imm.az\/exp\/wp-json\/wp\/v2\/pages\/26925\/revisions"}],"predecessor-version":[{"id":32691,"href":"https:\/\/www.imm.az\/exp\/wp-json\/wp\/v2\/pages\/26925\/revisions\/32691"}],"wp:attachment":[{"href":"https:\/\/www.imm.az\/exp\/wp-json\/wp\/v2\/media?parent=26925"}],"curies":[{"name":"wp","href":"https:\/\/api.w.org\/{rel}","templated":true}]}}