{"id":2704,"date":"2014-06-27T17:25:26","date_gmt":"2014-06-27T12:25:26","guid":{"rendered":"http:\/\/www.imm.az\/exp\/?page_id=2704"},"modified":"2014-06-27T17:25:26","modified_gmt":"2014-06-27T12:25:26","slug":"%d1%80%d0%b0%d1%81%d1%83%d0%bb%d0%be%d0%b2%d0%b0-%d0%bd%d0%b0%d0%b7%d0%b8%d0%bb%d1%8f-%d0%b1%d0%b8%d0%bb%d0%b0%d0%bb","status":"publish","type":"page","link":"https:\/\/www.imm.az\/exp\/%d1%81%d0%be%d1%82%d1%80%d1%83%d0%b4%d0%bd%d0%b8%d0%ba%d0%b8\/%d1%80%d0%b0%d1%81%d1%83%d0%bb%d0%be%d0%b2%d0%b0-%d0%bd%d0%b0%d0%b7%d0%b8%d0%bb%d1%8f-%d0%b1%d0%b8%d0%bb%d0%b0%d0%bb\/","title":{"rendered":"\u0420\u0430\u0441\u0443\u043b\u043e\u0432\u0430 \u041d\u0430\u0437\u0438\u043b\u044f \u0411\u0438\u043b\u0430\u043b"},"content":{"rendered":"<p><strong>\u0421\u043f\u0438\u0441\u043e\u043a \u043e\u0441\u043d\u043e\u0432\u043d\u044b\u0445 \u043d\u0430\u0443\u0447\u043d\u044b\u0445 \u0440\u0430\u0431\u043e\u0442 \u0437\u0430 \u043f\u043e\u0441\u043b\u0435\u0434\u043d\u0438\u0435 \u043f\u044f\u0442\u044c \u043b\u0435\u0442<br \/>\n<\/strong><\/p>\n<ol>\n<li>Nazile B.Rassoulova.The Propagation of Star-Shaped Brittle Cracks. Trans. of ASME, Journal of Appl. Mech. v. 77, July 2010, p. 044502-1 to 044502-5 The article &#8220;Top 10 Most Downloaded Articles in&#8221;,2011-2010, in 6th in the 1st place.<\/li>\n<li>\u0420\u0430\u0441\u0443\u043b\u043e\u0432\u0430 \u041d.\u0411., \u0428\u0430\u043c\u0438\u043b\u043e\u0432\u0430 \u0413.\u0420. \u0418\u0441\u0441\u043b\u0435\u0434\u043e\u0432\u0430\u043d\u0438\u044f \u043a\u0430\u0441\u0430\u0442\u0435\u043b\u044c\u043d\u043e\u0433\u043e \u0443\u0434\u0430\u0440\u0430 \u043f\u043e \u0442\u043e\u0440\u0446\u0443 \u043f\u043e\u043b\u0443\u0431\u0435\u0441\u043a\u043e\u043d\u0435\u0447\u043d\u0435\u0433\u043e \u043f\u0440\u044f\u043c\u043e\u0443\u0433\u043e\u043b\u044c\u043d\u043e\u0433\u043e \u0431\u0440\u0443\u0441\u0430. Mexanika v\u0259 Ma\u015f\u0131nqay\u0131rma. 2011, \u21162,\u0441\u0442\u0440.103-108<\/li>\n<li>\u0420\u0430\u0441\u0443\u043b\u043e\u0432\u0430 \u041d.\u0411., \u0428\u0430\u043c\u0438\u043b\u043e\u0432\u0430 \u0413.\u0420. \u0418\u0441\u0441\u043b\u0435\u0434\u043e\u0432\u0430\u043d\u0438\u044f \u043a\u0430\u0441\u0430\u0442\u0435\u043b\u044c\u043d\u043e\u0433\u043e \u0443\u0434\u0430\u0440\u0430 \u043f\u043e \u0442\u043e\u0440\u0446\u0443 \u043f\u043e\u043b\u0443\u0431\u0435\u0441\u043a\u043e\u043d\u0435\u0447\u043d\u0435\u0433\u043e \u043f\u0440\u044f\u043c\u043e\u0443\u0433\u043e\u043b\u044c\u043d\u043e\u0433\u043e \u0431\u0440\u0443\u0441\u0430. \u041d\u0430\u0443\u0447\u043d\u044b\u0435 \u0442\u0440\u0443\u0434\u044b \u0410\u0437\u0435\u0440\u0431\u0430\u0439\u0434\u0436\u0430\u043d\u0441\u043a\u043e\u0439 \u0413\u043e\u0441\u0443\u0434\u0430\u0440\u0441\u0442\u0432\u0435\u043d\u043d\u043e\u0439 \u043c\u043e\u0440\u0441\u043a\u043e\u0439 \u0410\u043a\u0430\u0434\u0435\u043c\u0438\u0438 \u21162,2012 \u0441\u0442\u0440.44-48<\/li>\n<\/ol>\n","protected":false},"excerpt":{"rendered":"<p>\u0421\u043f\u0438\u0441\u043e\u043a \u043e\u0441\u043d\u043e\u0432\u043d\u044b\u0445 \u043d\u0430\u0443\u0447\u043d\u044b\u0445 \u0440\u0430\u0431\u043e\u0442 \u0437\u0430 \u043f\u043e\u0441\u043b\u0435\u0434\u043d\u0438\u0435 \u043f\u044f\u0442\u044c \u043b\u0435\u0442 Nazile B.Rassoulova.The Propagation of Star-Shaped Brittle Cracks. Trans. of ASME, Journal of Appl. Mech. v. 77, July 2010, p. 044502-1 to 044502-5 The article &#8220;Top 10 Most Downloaded Articles in&#8221;,2011-2010, in 6th in the 1st place. \u0420\u0430\u0441\u0443\u043b\u043e\u0432\u0430 \u041d.\u0411., \u0428\u0430\u043c\u0438\u043b\u043e\u0432\u0430 \u0413.\u0420. \u0418\u0441\u0441\u043b\u0435\u0434\u043e\u0432\u0430\u043d\u0438\u044f \u043a\u0430\u0441\u0430\u0442\u0435\u043b\u044c\u043d\u043e\u0433\u043e \u0443\u0434\u0430\u0440\u0430 \u043f\u043e \u0442\u043e\u0440\u0446\u0443 \u043f\u043e\u043b\u0443\u0431\u0435\u0441\u043a\u043e\u043d\u0435\u0447\u043d\u0435\u0433\u043e \u043f\u0440\u044f\u043c\u043e\u0443\u0433\u043e\u043b\u044c\u043d\u043e\u0433\u043e [&hellip;]<\/p>\n","protected":false},"author":6,"featured_media":0,"parent":2339,"menu_order":0,"comment_status":"open","ping_status":"open","template":"","meta":{"footnotes":""},"_links":{"self":[{"href":"https:\/\/www.imm.az\/exp\/wp-json\/wp\/v2\/pages\/2704"}],"collection":[{"href":"https:\/\/www.imm.az\/exp\/wp-json\/wp\/v2\/pages"}],"about":[{"href":"https:\/\/www.imm.az\/exp\/wp-json\/wp\/v2\/types\/page"}],"author":[{"embeddable":true,"href":"https:\/\/www.imm.az\/exp\/wp-json\/wp\/v2\/users\/6"}],"replies":[{"embeddable":true,"href":"https:\/\/www.imm.az\/exp\/wp-json\/wp\/v2\/comments?post=2704"}],"version-history":[{"count":1,"href":"https:\/\/www.imm.az\/exp\/wp-json\/wp\/v2\/pages\/2704\/revisions"}],"predecessor-version":[{"id":2705,"href":"https:\/\/www.imm.az\/exp\/wp-json\/wp\/v2\/pages\/2704\/revisions\/2705"}],"up":[{"embeddable":true,"href":"https:\/\/www.imm.az\/exp\/wp-json\/wp\/v2\/pages\/2339"}],"wp:attachment":[{"href":"https:\/\/www.imm.az\/exp\/wp-json\/wp\/v2\/media?parent=2704"}],"curies":[{"name":"wp","href":"https:\/\/api.w.org\/{rel}","templated":true}]}}