{"id":2711,"date":"2014-06-27T17:29:20","date_gmt":"2014-06-27T12:29:20","guid":{"rendered":"http:\/\/www.imm.az\/exp\/?page_id=2711"},"modified":"2014-06-27T17:29:20","modified_gmt":"2014-06-27T12:29:20","slug":"%d1%80%d0%b0%d1%81%d1%83%d0%bb%d0%be%d0%b2-%d0%bc%d1%83%d0%b1%d0%b0%d1%80%d0%b8%d0%b7-%d0%b1%d0%b8%d0%bb%d0%b0%d0%bb","status":"publish","type":"page","link":"https:\/\/www.imm.az\/exp\/%d1%81%d0%be%d1%82%d1%80%d1%83%d0%b4%d0%bd%d0%b8%d0%ba%d0%b8\/%d1%80%d0%b0%d1%81%d1%83%d0%bb%d0%be%d0%b2-%d0%bc%d1%83%d0%b1%d0%b0%d1%80%d0%b8%d0%b7-%d0%b1%d0%b8%d0%bb%d0%b0%d0%bb\/","title":{"rendered":"\u0420\u0430\u0441\u0443\u043b\u043e\u0432 \u041c\u0443\u0431\u0430\u0440\u0438\u0437 \u0411\u0438\u043b\u0430\u043b"},"content":{"rendered":"<p><strong>\u0421\u043f\u0438\u0441\u043e\u043a \u043e\u0441\u043d\u043e\u0432\u043d\u044b\u0445 \u043d\u0430\u0443\u0447\u043d\u044b\u0445 \u0440\u0430\u0431\u043e\u0442 \u0437\u0430 \u043f\u043e\u0441\u043b\u0435\u0434\u043d\u0438\u0435 \u043f\u044f\u0442\u044c \u043b\u0435\u0442<\/strong><\/p>\n<ol>\n<li>\u0420\u0430\u0441\u0443\u043b\u043e\u0432 \u041c.\u0411. \u0413\u0443\u043b\u0433\u0430\u0437\u043b\u0438 \u0410.\u0421., \u0418\u0441\u0430\u0439\u0435\u0432 \u0414.\u0418. \u041f\u0440\u0438\u043c\u0435\u043d\u0435\u043d\u0438\u0435 \u0442\u0435\u043e\u0440\u0435\u043c\u044b \u041c\u043e\u0440\u0438\u0441\u0430-\u041b\u0435\u0432\u0438 \u043f\u043b\u043e\u0441\u043a\u0438\u043c \u0437\u0430\u0434\u0430\u0447\u0430\u043c \u0432\u044f\u0437\u043a\u043e\u043f\u043b\u0430\u0441\u0442\u0438\u0447\u043d\u043e\u0441\u0442\u0438. Prof.\u0130.A. B\u0259xtiyarovun 80 illik yubileyin\u0259 h\u0259sr olunmu\u015f elmi konfrans\u0131n materiallar\u0131 Bak\u0131-2008 s.97-102<\/li>\n<li>\u0420\u0430\u0441\u0443\u043b\u043e\u0432 \u041c.\u0411., \u041c\u0430\u043c\u0435\u0434\u043e\u0432 \u0425.\u00a0 \u0420\u0430\u0441\u043f\u0440\u043e\u0441\u0442\u0440\u0430\u043d\u0435\u043d\u0438\u044f \u0442\u0435\u043c\u043f\u0435\u0440\u0430\u0442\u0443\u0440\u0430 \u0432 \u0442\u0440\u0435\u0445\u0441\u043b\u043e\u0439\u043d\u043e\u0439 \u0441\u0440\u0435\u0434\u0435. \u0422\u0435\u043e\u0440. \u0438 \u043f\u0440\u0438\u043a\u043b.\u043c\u0435\u0445. \u21163, \u0411\u0430\u043a\u04432010<\/li>\n<li>\u0420\u0430\u0441\u0443\u043b\u043e\u0432 \u041c.\u0411. \u041e\u0434\u043d\u043e\u0440\u043e\u0434\u043d\u043e\u0435 \u0440\u0435\u0448\u0435\u043d\u0438\u0435 \u043f\u043b\u043e\u0441\u043a\u0438\u0445 \u0437\u0430\u0434\u0430\u0447 \u0435\u043b\u0430\u0441\u0442\u043e\u0434\u0438\u043d\u0430\u043c\u0438\u043a\u0438. N\u0259z\u0259ri t\u0259tbiqi mexanika \u2116 3-4, s\u0259h. 108-111.Baku 2012.<\/li>\n<\/ol>\n","protected":false},"excerpt":{"rendered":"<p>\u0421\u043f\u0438\u0441\u043e\u043a \u043e\u0441\u043d\u043e\u0432\u043d\u044b\u0445 \u043d\u0430\u0443\u0447\u043d\u044b\u0445 \u0440\u0430\u0431\u043e\u0442 \u0437\u0430 \u043f\u043e\u0441\u043b\u0435\u0434\u043d\u0438\u0435 \u043f\u044f\u0442\u044c \u043b\u0435\u0442 \u0420\u0430\u0441\u0443\u043b\u043e\u0432 \u041c.\u0411. \u0413\u0443\u043b\u0433\u0430\u0437\u043b\u0438 \u0410.\u0421., \u0418\u0441\u0430\u0439\u0435\u0432 \u0414.\u0418. \u041f\u0440\u0438\u043c\u0435\u043d\u0435\u043d\u0438\u0435 \u0442\u0435\u043e\u0440\u0435\u043c\u044b \u041c\u043e\u0440\u0438\u0441\u0430-\u041b\u0435\u0432\u0438 \u043f\u043b\u043e\u0441\u043a\u0438\u043c \u0437\u0430\u0434\u0430\u0447\u0430\u043c \u0432\u044f\u0437\u043a\u043e\u043f\u043b\u0430\u0441\u0442\u0438\u0447\u043d\u043e\u0441\u0442\u0438. Prof.\u0130.A. B\u0259xtiyarovun 80 illik yubileyin\u0259 h\u0259sr olunmu\u015f elmi konfrans\u0131n materiallar\u0131 Bak\u0131-2008 s.97-102 \u0420\u0430\u0441\u0443\u043b\u043e\u0432 \u041c.\u0411., \u041c\u0430\u043c\u0435\u0434\u043e\u0432 \u0425.\u00a0 \u0420\u0430\u0441\u043f\u0440\u043e\u0441\u0442\u0440\u0430\u043d\u0435\u043d\u0438\u044f \u0442\u0435\u043c\u043f\u0435\u0440\u0430\u0442\u0443\u0440\u0430 \u0432 \u0442\u0440\u0435\u0445\u0441\u043b\u043e\u0439\u043d\u043e\u0439 \u0441\u0440\u0435\u0434\u0435. \u0422\u0435\u043e\u0440. \u0438 \u043f\u0440\u0438\u043a\u043b.\u043c\u0435\u0445. \u21163, \u0411\u0430\u043a\u04432010 \u0420\u0430\u0441\u0443\u043b\u043e\u0432 \u041c.\u0411. \u041e\u0434\u043d\u043e\u0440\u043e\u0434\u043d\u043e\u0435 \u0440\u0435\u0448\u0435\u043d\u0438\u0435 \u043f\u043b\u043e\u0441\u043a\u0438\u0445 \u0437\u0430\u0434\u0430\u0447 \u0435\u043b\u0430\u0441\u0442\u043e\u0434\u0438\u043d\u0430\u043c\u0438\u043a\u0438. N\u0259z\u0259ri t\u0259tbiqi [&hellip;]<\/p>\n","protected":false},"author":6,"featured_media":0,"parent":2339,"menu_order":0,"comment_status":"open","ping_status":"open","template":"","meta":{"footnotes":""},"_links":{"self":[{"href":"https:\/\/www.imm.az\/exp\/wp-json\/wp\/v2\/pages\/2711"}],"collection":[{"href":"https:\/\/www.imm.az\/exp\/wp-json\/wp\/v2\/pages"}],"about":[{"href":"https:\/\/www.imm.az\/exp\/wp-json\/wp\/v2\/types\/page"}],"author":[{"embeddable":true,"href":"https:\/\/www.imm.az\/exp\/wp-json\/wp\/v2\/users\/6"}],"replies":[{"embeddable":true,"href":"https:\/\/www.imm.az\/exp\/wp-json\/wp\/v2\/comments?post=2711"}],"version-history":[{"count":1,"href":"https:\/\/www.imm.az\/exp\/wp-json\/wp\/v2\/pages\/2711\/revisions"}],"predecessor-version":[{"id":2712,"href":"https:\/\/www.imm.az\/exp\/wp-json\/wp\/v2\/pages\/2711\/revisions\/2712"}],"up":[{"embeddable":true,"href":"https:\/\/www.imm.az\/exp\/wp-json\/wp\/v2\/pages\/2339"}],"wp:attachment":[{"href":"https:\/\/www.imm.az\/exp\/wp-json\/wp\/v2\/media?parent=2711"}],"curies":[{"name":"wp","href":"https:\/\/api.w.org\/{rel}","templated":true}]}}