{"id":27146,"date":"2019-09-11T12:03:40","date_gmt":"2019-09-11T08:03:40","guid":{"rendered":"http:\/\/www.imm.az\/exp\/?page_id=27146"},"modified":"2019-11-01T12:05:45","modified_gmt":"2019-11-01T08:05:45","slug":"maye-v%c9%99-qaz-mexanikasi-sob%c9%99sinin-mudiri-amea-nin-muxbir-uzvu-qeylani-p%c9%99nahovun-65-yasi-munasib%c9%99til%c9%99-t%c9%99brik-edirik","status":"publish","type":"page","link":"https:\/\/www.imm.az\/exp\/maye-v%c9%99-qaz-mexanikasi-sob%c9%99sinin-mudiri-amea-nin-muxbir-uzvu-qeylani-p%c9%99nahovun-65-yasi-munasib%c9%99til%c9%99-t%c9%99brik-edirik\/","title":{"rendered":"\u201cMaye v\u0259 qaz mexanikas\u0131\u201d \u015f\u00f6b\u0259sinin m\u00fcdiri, AMEA-n\u0131n m\u00fcxbir \u00fczv\u00fc Qeylani P\u0259nahovun 65 ya\u015f\u0131 m\u00fcnasib\u0259til\u0259 t\u0259brik edirik!"},"content":{"rendered":"\n<div class=\"wp-block-image\"><figure class=\"alignleft\"><img loading=\"lazy\" decoding=\"async\" width=\"150\" height=\"206\" src=\"https:\/\/www.imm.az\/exp\/wp-content\/uploads\/2019\/11\/p1bvchk98tvrvt0pc4n2kv49t4.jpg\" alt=\"\" class=\"wp-image-27145\"\/><\/figure><\/div>\n\n\n\n<p style=\"text-align: justify\">Riyaziyyat v\u0259\nMexanika \u0130nstitutunun Maye v\u0259 qaz mexanikas\u0131 \u015f\u00f6b\u0259sinin m\u00fcdiri, AMEA-n\u0131n m\u00fcxbir\n\u00fczv\u00fc Qeylani Minhac o\u011flu P\u0259nahovun 65 ya\u015f\u0131 tamam oldu.<\/p>\n\n\n\n<p style=\"text-align: justify\">Qusar\nrayonunun \u018fn\u0131x k\u0259ndind\u0259n anadan olan Qeylani P\u0259nahov Az\u0259rbaycan D\u00f6vl\u0259t Neft v\u0259\nKimya \u0130nstitutunu \u201cDa\u011f m\u00fch\u0259ndisi\u201d ixtisas\u0131 \u00fczr\u0259 bitirib, Da\u011f\u0131stan geoloji\nekspedisiyas\u0131nda f\u0259aliyy\u0259t g\u00f6st\u0259rib, daha sonra Ukraynada T\u0259hl\u00fck\u0259sizlik\nTexnikas\u0131 \u0130nstitutunda b\u00f6y\u00fck m\u00fch\u0259ndis v\u0259zif\u0259sind\u0259 \u00e7al\u0131\u015f\u0131b. 1979-1988-ci ill\u0259rd\u0259\no, Az\u0259rbaycan Neft v\u0259 Kimya \u0130nstitutunda ki\u00e7ik elmi i\u015f\u00e7i v\u0259 ba\u015f elmi i\u015f\u00e7i v\u0259zif\u0259l\u0259rind\u0259\ni\u015fl\u0259yib, 1986-c\u0131 ild\u0259 namiz\u0259dlik, 1996-c\u0131 ild\u0259 is\u0259 doktorluq dissertasiyalar\u0131n\u0131\nm\u00fcdafi\u0259 edib v\u0259 2014-c\u00fc ild\u0259 \u201cMexanika\u201d ixtisas\u0131 \u00fczr\u0259 AMEA-n\u0131n m\u00fcxbir \u00fczv\u00fc\nse\u00e7ilib.<\/p>\n\n\n\n<p style=\"text-align: justify\">Alim 1988-ci\nild\u0259n Riyaziyyat v\u0259 Mexanika \u0130nstitutunun Neft v\u0259 qaz\u0131n qeyri-x\u0259tti mexanikas\u0131\n\u015f\u00f6b\u0259sind\u0259 b\u00f6y\u00fck elmi i\u015f\u00e7i v\u0259zif\u0259sind\u0259 \u00e7al\u0131\u015f\u0131b, 1999-2002-ci ill\u0259rd\u0259 institutda\nMaye v\u0259 qaz ax\u0131nlar\u0131nda fiziki mexaniki prosesl\u0259r laboratoriyas\u0131n\u0131n r\u0259hb\u0259ri i\u015fl\u0259yib,\n2002-ci ild\u0259n is\u0259 Maye v\u0259 qaz mexanikas\u0131 \u015f\u00f6b\u0259sinin m\u00fcdiridir.<\/p>\n\n\n\n<p style=\"text-align: justify\">Qeylani P\u0259nahov\npedaqoji f\u0259aliyy\u0259tl\u0259 d\u0259 m\u0259\u015f\u011ful olub, 1996-2002-ci ill\u0259r \u0259rzind\u0259 Az\u0259rbaycan Neft\nAkademiyas\u0131nda professor v\u0259zif\u0259sind\u0259 i\u015fl\u0259yib, bir s\u0131ra f\u0259nl\u0259rd\u0259n m\u00fchazir\u0259l\u0259r\noxuyub.<\/p>\n\n\n\n<p style=\"text-align: justify\">Alim t\u0259r\u0259find\u0259n\nm\u00fcxt\u0259lif m\u0259hlullar\u0131n s\u00fcz\u00fclm\u0259si prosesind\u0259 hidrodinamik m\u0259s\u0259l\u0259l\u0259rd\u0259\nelektrokinetik effektl\u0259rin n\u0259z\u0259r\u0259 al\u0131nmas\u0131n\u0131n vacibliyi g\u00f6st\u0259rilib, dispers\nsisteml\u0259ri ax\u0131nlar\u0131nda qapanma mexanizmi verilib, neftqaz\u00e7\u0131xartmada prosesl\u0259ri\nt\u0259nziml\u0259m\u0259k \u00fc\u00e7\u00fcn reokimy\u0259vi \u0259m\u0259l\u0259g\u0259lm\u0259l\u0259rin m\u00fc\u0259yy\u0259n termobarik \u015f\u0259raitd\u0259 rolu\na\u00e7\u0131qlan\u0131b. O, h\u0259m\u00e7inin bir s\u0131ra t\u0259nziml\u0259n\u0259 bil\u0259n \u00f6zl\u00fc-elastik t\u0259rkibl\u0259r \u00fc\u00e7\u00fcn t\u0259klifl\u0259r\nverib ki, bunlar\u0131n \u0259sas\u0131nda m\u00fcv\u0259ff\u0259qiyy\u0259tl\u0259 t\u0259tbiq olunan s\u0259nay\u0259\ntexnologiyalar\u0131 yarad\u0131l\u0131b. Bu texnologiyalar haz\u0131rda Az\u0259rbaycan, Rusiya, AB\u015e,\n\u00c7in v\u0259 Vyetnamda t\u0259tbiq olunur. Bundan \u0259lav\u0259 o, mayel\u0259rin s\u0259rh\u0259dind\u0259 yaranan\nfluktuasiyan\u0131n t\u0259nziml\u0259nm\u0259sinin lokal t\u0259zyiq vasit\u0259sil\u0259 m\u00fcmk\u00fcnl\u00fcy\u00fcn\u00fc g\u00f6st\u0259r\u0259r\u0259k\nyeni texnoloji metod ir\u0259li s\u00fcr\u00fcb. <\/p>\n\n\n\n<p style=\"text-align: justify\">AMEA-n\u0131n\nm\u00fcxbir \u00fczv\u00fc Qeylani P\u0259nahov iki y\u00fcz\u0259 yax\u0131n elmi m\u0259qal\u0259nin m\u00fc\u0259llifidir ki,\nonlardan 55-i Rusiya Federasiyas\u0131n\u0131n v\u0259 Az\u0259rbaycan Respublikas\u0131n\u0131n patentini\nal\u0131b, Rusiya Federasiyas\u0131 \u0130xtiralar Akademiyas\u0131n\u0131n v\u0259 Rusiya T\u0259bi\u0259t Elml\u0259ri Akademiyas\u0131n\u0131n\nh\u0259qiqi xarici \u00fczv\u00fcd\u00fcr.<\/p>\n\n\n\n<p style=\"text-align: justify\">Alim elm sah\u0259sind\u0259ki\nnailiyy\u0259tl\u0259rin\u0259 g\u00f6r\u0259 akademik V.Vernadski ad\u0131na f\u0259xri g\u00fcm\u00fc\u015f medal\u0131, Rusiya T\u0259bi\u0259t\nElml\u0259ri Akademiyas\u0131n\u0131n F\u0259xri ni\u015fan\u0131, AMEA-n\u0131n F\u0259xri f\u0259rman\u0131, Akademik Azad Mirz\u0259canzad\u0259\nad\u0131na g\u00fcm\u00fc\u015f medalla t\u0259ltif edilib.<\/p>\n","protected":false},"excerpt":{"rendered":"<p>Riyaziyyat v\u0259 Mexanika \u0130nstitutunun Maye v\u0259 qaz mexanikas\u0131 \u015f\u00f6b\u0259sinin m\u00fcdiri, AMEA-n\u0131n m\u00fcxbir \u00fczv\u00fc Qeylani Minhac o\u011flu P\u0259nahovun 65 ya\u015f\u0131 tamam oldu. Qusar rayonunun \u018fn\u0131x k\u0259ndind\u0259n anadan olan Qeylani P\u0259nahov Az\u0259rbaycan D\u00f6vl\u0259t Neft v\u0259 Kimya \u0130nstitutunu \u201cDa\u011f m\u00fch\u0259ndisi\u201d ixtisas\u0131 \u00fczr\u0259 bitirib, Da\u011f\u0131stan geoloji ekspedisiyas\u0131nda f\u0259aliyy\u0259t g\u00f6st\u0259rib, daha sonra Ukraynada T\u0259hl\u00fck\u0259sizlik Texnikas\u0131 \u0130nstitutunda b\u00f6y\u00fck m\u00fch\u0259ndis v\u0259zif\u0259sind\u0259 \u00e7al\u0131\u015f\u0131b. [&hellip;]<\/p>\n","protected":false},"author":6,"featured_media":0,"parent":0,"menu_order":0,"comment_status":"closed","ping_status":"closed","template":"","meta":{"footnotes":""},"_links":{"self":[{"href":"https:\/\/www.imm.az\/exp\/wp-json\/wp\/v2\/pages\/27146"}],"collection":[{"href":"https:\/\/www.imm.az\/exp\/wp-json\/wp\/v2\/pages"}],"about":[{"href":"https:\/\/www.imm.az\/exp\/wp-json\/wp\/v2\/types\/page"}],"author":[{"embeddable":true,"href":"https:\/\/www.imm.az\/exp\/wp-json\/wp\/v2\/users\/6"}],"replies":[{"embeddable":true,"href":"https:\/\/www.imm.az\/exp\/wp-json\/wp\/v2\/comments?post=27146"}],"version-history":[{"count":2,"href":"https:\/\/www.imm.az\/exp\/wp-json\/wp\/v2\/pages\/27146\/revisions"}],"predecessor-version":[{"id":27148,"href":"https:\/\/www.imm.az\/exp\/wp-json\/wp\/v2\/pages\/27146\/revisions\/27148"}],"wp:attachment":[{"href":"https:\/\/www.imm.az\/exp\/wp-json\/wp\/v2\/media?parent=27146"}],"curies":[{"name":"wp","href":"https:\/\/api.w.org\/{rel}","templated":true}]}}