{"id":2741,"date":"2014-06-30T13:12:25","date_gmt":"2014-06-30T08:12:25","guid":{"rendered":"http:\/\/www.imm.az\/exp\/?page_id=2741"},"modified":"2014-06-30T13:12:25","modified_gmt":"2014-06-30T08:12:25","slug":"%d1%81a%d0%b4%d1%8b%d1%85o%d0%b2-%d0%b2%d1%83%d0%b3%d0%b0%d1%80-%d0%b2%d0%b0%d0%b3%d0%b8%d1%84","status":"publish","type":"page","link":"https:\/\/www.imm.az\/exp\/%d1%81%d0%be%d1%82%d1%80%d1%83%d0%b4%d0%bd%d0%b8%d0%ba%d0%b8\/%d1%81a%d0%b4%d1%8b%d1%85o%d0%b2-%d0%b2%d1%83%d0%b3%d0%b0%d1%80-%d0%b2%d0%b0%d0%b3%d0%b8%d1%84\/","title":{"rendered":"\u0421a\u0434\u044b\u0445o\u0432 \u0412\u0443\u0433\u0430\u0440 \u0412\u0430\u0433\u0438\u0444"},"content":{"rendered":"<p><strong>\u0421\u043f\u0438\u0441\u043e\u043a \u043e\u0441\u043d\u043e\u0432\u043d\u044b\u0445 \u043d\u0430\u0443\u0447\u043d\u044b\u0445 \u0440\u0430\u0431\u043e\u0442 \u0437\u0430 \u043f\u043e\u0441\u043b\u0435\u0434\u043d\u0438\u0435 \u043f\u044f\u0442\u044c \u043b\u0435\u0442<\/strong><\/p>\n<ol>\n<li>Mathematical modeling of a mechanical CVT system to optimize its design. AzTU-nun Aspirant v\u0259 G\u0259nc T\u0259dqiqatc\u0131lar\u0131n\u0131n Elmi-Texniki Konfrans\u0131. 2002 Bak\u0131, s.115-117.<\/li>\n<li>Matematicheskoe transient simulation of the dynamics of the system for transmitting rotary motion on the variator. Az\u0259rbaycan Respublikas\u0131 &#8220;T\u0259hsil&#8221; c\u0259miyy\u0259ti &#8220;Bilgi&#8221; d\u0259rgisi, Texnika, \u2116 March 2002 Bak\u0131, s.25-29.<\/li>\n<li>Assessment taking into account the wear mechanisms operating conditions BFN. AzTU-nun Aspirant v\u0259 G\u0259nc T\u0259dqiqat\u00e7\u0131lar\u0131n\u0131n Elmi-Texniki Konfrans\u0131 .2003 Bak\u0131, s.169-172.<\/li>\n<li>Model Study of the frequency characteristics of the wear konstruktsiys mechanical variator. Proceedings of the higher technical educational institutions of Azerbaijan \u2116 6 (22), 2002 Baku, p. 27-30<\/li>\n<li>Statistical evaluation of the frequency properties of the change in gear ratio variator using the autocorrelation function. &#8220;Heyd\u0259r \u018fliyev v\u0259 Az\u0259rbaycanda Elmi-Texniki T\u0259r\u0259qqi&#8221; m\u00f6vzusunda professor-m\u00fc\u0259llim hey\u0259tinin v\u0259 aspirantlar\u0131n\u0131n elmi-praktiki konfrans\u0131.II hiss\u0259 2003 Bak\u0131-Elm s. 109-110<\/li>\n<li>Simulation of the wear of the friction with the management variator &#8220;Friction and Wear&#8221;, Volume 24, \u2116 4, 2003 Minsk, p. 363-370.<\/li>\n<li>Tribological evaluation of nominal dynamic environments with variable speed controlled mechanisms, &#8220;Friction and Wear&#8221;, Volume 25, \u2116 1,2004 Minsk. s. 29-34<\/li>\n<li>Variatorlu idar\u0259 olunan mexanizml\u0259rinin konstruktiv parametrl\u0259rinin triboloji kriteriyaya g\u00f6r\u0259 optimalla\u015fd\u0131rma m\u0259s\u0259l\u0259si. Aspirant v\u0259 G\u0259nc t\u0259dqiqat\u00e7\u0131lar\u0131n elmi-texniki konfrans\u0131, I hiss\u0259 2004, Bak\u0131 s.213-215<\/li>\n<li>Multi-criteria synthesis of friction elements of the variator in the optimal design. &#8220;Bilgi&#8221; d\u0259rgisi &#8220;Texnika&#8221; jurnal\u0131, \u2116 4 (21) 2004, Bak\u0131, T\u0259hsil, s.42-49<\/li>\n<li>Model Study of the frequency characteristics of the actuators with controlled friction transmission. AzTU-nun Elmi \u018fs\u0259rl\u0259ri, XIII cild, \u2116 4,2004 Bak\u0131 s.45-49<\/li>\n<li>The solution of the model problem with the CVT control mechanisms in the class of dynamical systems with rigid links Sumgayyt Dyuvlyat University &#8220;Elmi Hyabyarlyari&#8221; Tyabiyat byulmyasi, 2007, \u2116 1, S. 96-100.<\/li>\n<li>The objectives of management in a changing metric phase kordinaty. &#8220;The use of mathematics tasks and information technology,&#8221; Proceedings of the Conference, 26-27, 2007, pp. 17-18.<\/li>\n<li>The distribution function of the intensity spectrum of the wind on the coast Kaspiya.XII International Conference on Mathematics and Mechanics matrialov.<\/li>\n<\/ol>\n","protected":false},"excerpt":{"rendered":"<p>\u0421\u043f\u0438\u0441\u043e\u043a \u043e\u0441\u043d\u043e\u0432\u043d\u044b\u0445 \u043d\u0430\u0443\u0447\u043d\u044b\u0445 \u0440\u0430\u0431\u043e\u0442 \u0437\u0430 \u043f\u043e\u0441\u043b\u0435\u0434\u043d\u0438\u0435 \u043f\u044f\u0442\u044c \u043b\u0435\u0442 Mathematical modeling of a mechanical CVT system to optimize its design. AzTU-nun Aspirant v\u0259 G\u0259nc T\u0259dqiqatc\u0131lar\u0131n\u0131n Elmi-Texniki Konfrans\u0131. 2002 Bak\u0131, s.115-117. Matematicheskoe transient simulation of the dynamics of the system for transmitting rotary motion on the variator. Az\u0259rbaycan Respublikas\u0131 &#8220;T\u0259hsil&#8221; c\u0259miyy\u0259ti &#8220;Bilgi&#8221; d\u0259rgisi, Texnika, \u2116 March 2002 [&hellip;]<\/p>\n","protected":false},"author":6,"featured_media":0,"parent":2339,"menu_order":0,"comment_status":"open","ping_status":"open","template":"","meta":{"footnotes":""},"_links":{"self":[{"href":"https:\/\/www.imm.az\/exp\/wp-json\/wp\/v2\/pages\/2741"}],"collection":[{"href":"https:\/\/www.imm.az\/exp\/wp-json\/wp\/v2\/pages"}],"about":[{"href":"https:\/\/www.imm.az\/exp\/wp-json\/wp\/v2\/types\/page"}],"author":[{"embeddable":true,"href":"https:\/\/www.imm.az\/exp\/wp-json\/wp\/v2\/users\/6"}],"replies":[{"embeddable":true,"href":"https:\/\/www.imm.az\/exp\/wp-json\/wp\/v2\/comments?post=2741"}],"version-history":[{"count":1,"href":"https:\/\/www.imm.az\/exp\/wp-json\/wp\/v2\/pages\/2741\/revisions"}],"predecessor-version":[{"id":2742,"href":"https:\/\/www.imm.az\/exp\/wp-json\/wp\/v2\/pages\/2741\/revisions\/2742"}],"up":[{"embeddable":true,"href":"https:\/\/www.imm.az\/exp\/wp-json\/wp\/v2\/pages\/2339"}],"wp:attachment":[{"href":"https:\/\/www.imm.az\/exp\/wp-json\/wp\/v2\/media?parent=2741"}],"curies":[{"name":"wp","href":"https:\/\/api.w.org\/{rel}","templated":true}]}}