{"id":2749,"date":"2014-06-30T13:41:42","date_gmt":"2014-06-30T08:41:42","guid":{"rendered":"http:\/\/www.imm.az\/exp\/?page_id=2749"},"modified":"2014-06-30T13:59:37","modified_gmt":"2014-06-30T08:59:37","slug":"%d1%81%d0%b0%d0%b4%d1%8b%d0%b3%d0%be%d0%b2%d0%b0-%d1%81%d0%b0%d0%b1%d0%b8%d0%bd%d0%b0-%d1%80%d0%b0%d0%b3%d0%b8%d0%b1","status":"publish","type":"page","link":"https:\/\/www.imm.az\/exp\/%d1%81%d0%be%d1%82%d1%80%d1%83%d0%b4%d0%bd%d0%b8%d0%ba%d0%b8\/%d1%81%d0%b0%d0%b4%d1%8b%d0%b3%d0%be%d0%b2%d0%b0-%d1%81%d0%b0%d0%b1%d0%b8%d0%bd%d0%b0-%d1%80%d0%b0%d0%b3%d0%b8%d0%b1\/","title":{"rendered":"\u0421\u0430\u0434\u044b\u0433\u043e\u0432\u0430 \u0421\u0430\u0431\u0438\u043d\u0430 \u0420\u0430\u0433\u0438\u0431"},"content":{"rendered":"<p><strong>\u0421\u043f\u0438\u0441\u043e\u043a \u043e\u0441\u043d\u043e\u0432\u043d\u044b\u0445 \u043d\u0430\u0443\u0447\u043d\u044b\u0445 \u0440\u0430\u0431\u043e\u0442 \u0437\u0430 \u043f\u043e\u0441\u043b\u0435\u0434\u043d\u0438\u0435 \u043f\u044f\u0442\u044c \u043b\u0435\u0442<\/strong><\/p>\n<ol>\n<li>\u0411\u0438\u043b\u0430\u043b\u043e\u0432 \u0411.\u0422.,\u00a0 \u0421\u0430\u0434\u044b\u0433\u043e\u0432\u0430 \u0421.\u0420. \u041e\u0431 \u00a0\u043e\u0434\u043d\u043e\u043c\u00a0 \u043e\u0431\u043e\u0431\u0449\u0435\u043d\u0438\u0438 \u0442\u0435\u043e\u0440\u0435\u043c\u044b \u041a\u0430\u0442\u043e . \u041c\u0430\u0442\u0435\u0440. \u043c\u0435\u0436\u0434. \u043a\u043e\u043d\u0444. \u043f\u043e \u0430\u0441\u0442\u0440., \u0444\u0438\u0437. \u0438 \u043c\u0430\u0442., \u043f\u043e\u0441\u0432\u044f\u0449. \u041c\u0435\u0436\u0434. \u0433\u043e\u0434\u0443 \u0410\u0441\u0442\u0440., \u041d\u0430\u0445\u0438\u0447\u0435\u0432\u0430\u043d, 2009, \u0441.58-59<\/li>\n<li>\u0421\u0430\u0434\u044b\u0433\u043e\u0432\u0430 \u0421.\u0420.\u00a0 \u041e \u0431\u0430\u0437\u0438\u0441\u043d\u043e\u0441\u0442\u0438 \u0431\u043b\u0438\u0437\u043a\u0438\u0445 \u0441\u0438\u0441\u0442\u0435\u043c. \u0422\u0435\u0437\u0438\u0441\u044b \u043c\u0435\u0436\u0434. \u043a\u043e\u043d\u0444. \u043f\u043e\u0441\u0432\u044f\u0449., 100 \u043b\u0435\u0442\u0438\u044e\u00a0 \u041c.\u041c.\u0411\u043e\u0433\u043e\u043b\u044e\u0431\u043e\u0432\u0430, \u0423\u043a\u0440\u0430\u0438\u043d\u0430, \u041a\u0438\u0435\u0432, 2009, \u0441\u0435\u043d\u0442\u044f\u0431\u0440\u044c, \u0441. 112-114<\/li>\n<li>\u0411\u0438\u043b\u0430\u043b\u043e\u0432 \u0411.\u0422.,\u00a0 \u0421\u0430\u0434\u044b\u0433\u043e\u0432\u0430 \u0421.\u0420. \u041e \u0432\u043e\u0437\u043c\u0443\u0449\u0435\u043d\u0438\u044f\u0445 \u0431\u0430\u0437\u0438\u0441\u043e\u0432\u00a0\u00a0\u00a0 \u0431\u0430\u043d\u0430\u0445\u043e\u0432\u044b\u0445 \u043f\u0440\u043e\u0441\u0442\u0440\u0430\u043d\u0441\u0442\u0432. \u0422\u0435\u0437\u0438\u0441\u044b \u043c\u0435\u0436\u0434. \u043a\u043e\u043d\u0444. \u043f\u043e\u0441\u0432\u044f\u0449. 80\u043b. \u0430\u043a\u0430\u0434. \u0424.\u0413.\u041c\u0430\u043a\u0441\u0443\u0434\u043e\u0432\u0430, \u0418\u041c\u041c \u041d\u0410\u041d \u0410\u0437., \u0411\u0430\u043a\u0443, 2010, c.106-107<\/li>\n<li>\u0411\u0438\u043b\u0430\u043b\u043e\u0432 \u0411.\u0422.,\u00a0 \u0421\u0430\u0434\u044b\u0433\u043e\u0432\u0430 \u0421.\u0420. \u041e \u0432\u043e\u0437\u043c\u0443\u0449\u0435\u043d\u0438\u044f\u0445 \u0431\u0430\u0437\u0438\u0441\u043e\u0432 \u0438\u0437 \u0434\u0432\u043e\u0439\u043d\u044b\u0445 \u0441\u0438\u0441\u0442\u0435\u043c .\u00a0 Mathematical Analysis, Differential Equations and their Applications. 15-20\/09\/2010, Bulgaria<\/li>\n<li>\u0411\u0438\u043b\u0430\u043b\u043e\u0432 \u0411.\u0422., \u0421\u0430\u0434\u044b\u0433\u043e\u0432\u0430\u00a0 \u0421.\u0420.\u00a0\u00a0\u00a0 \u041e \u0432\u043e\u0437\u043c\u0443\u0449\u0435\u043d\u0438\u044f\u0445 \u0431\u0430\u0437\u0438\u0441\u043e\u0432\u00a0\u00a0\u00a0\u00a0 \u0431\u0430\u043d\u0430\u0445\u043e\u0432\u044b\u0445\u00a0 \u043f\u0440\u043e\u0441\u0442\u0440\u0430\u043d\u0441\u0442\u0432. Trans. of\u00a0 IMM of\u00a0 NASA., \u00a0vol. XXX, \u21161, 2010, p. 53-60<\/li>\n<li>Sadigova S.R.\u00a0\u00a0 On basicity of close systems. Proc. of\u00a0 IMM of\u00a0 NAS of Az., vol. XXXII(XL), 2010, pp. 189-192<\/li>\n<li>Bilalov B.T., Sadigova S.R.\u00a0 Perturbation of double bases of\u00a0 Banach spaces and some generalizations of the systems of exponents, cosines and sines systems of exponents. Math\u00a0 Analysis, Differential\u00a0 Equations and\u00a0\u00a0 Application, Bulgaria, P. 58 &#8211; 72 , 2010<\/li>\n<li>\u042d\u043c\u0438\u043d\u043e\u0432\u00a0 \u041c.\u0421., \u0421\u0430\u0434\u044b\u0433\u043e\u0432\u0430 \u0421.\u0420. \u00a0\u041e\u0431 \u043e\u0434\u043d\u043e\u043c \u043e\u0431\u043e\u0431\u0449\u0435\u043d\u0438\u0438 \u0441\u0438\u0441\u0442\u0435\u043c \u0438\u0437 \u044d\u043a\u0441\u043f\u043e\u043d\u0435\u043d\u0442, \u043a\u043e\u0441\u0438\u043d\u0443\u0441\u043e\u0432 \u0438 \u0441\u0438\u043d\u0443\u0441\u043e\u0432. \u00ab\u0415\u0441\u0442\u0435\u0441\u0442\u0432\u0435\u043d\u043d\u044b\u0435 \u0438 \u0442\u0435\u0445\u043d\u0438\u0447\u0435\u0441\u043a\u0438\u0435\u00a0 \u043d\u0430\u0443\u043a\u0438\u00bb , \u0420\u043e\u0441\u0441\u0438\u044f, \u041c\u043e\u0441\u043a\u0432\u0430, \u2116 5, 2010, \u0441.36-47<\/li>\n<li>Muradov T.R. Sadigova S.R. On a Banach generalization of Kato theorem on basicity of close systems. Proc. Of\u00a0 IMM of NASA, 2010,v. XXXIII (XLI), pp.137-140<\/li>\n<li>Sadigova S.R., Guseynov T.S. On unitary and binary systems in Banach spaces. Trans. of\u00a0 NAS of Az., 2010, vol.XXX, \u21167, pp. 57-64<\/li>\n<li>\u0411\u0438\u043b\u0430\u043b\u043e\u0432 \u0411.\u0422.,\u00a0 \u0421\u0430\u0434\u044b\u0433\u043e\u0432\u0430 \u0421.\u0420. \u041e \u0432\u043e\u0437\u043c\u0443\u0449\u0435\u043d\u0438\u044f\u0445 \u0434\u0432\u043e\u0439\u043d\u044b\u0445 \u0431\u0430\u0437\u0438\u0441\u043e\u0432. \u041c\u0430\u0442\u0435\u0440\u0438\u0430\u043b\u044b \u041c\u0435\u0436\u0434\u0443\u043d\u0430\u0440\u043e\u0434\u043d\u043e\u0439 \u043a\u043e\u043d\u0444\u0435\u0440\u0435\u043d\u0446\u0438\u0438, \u043f\u043e\u0441\u0432\u044f\u0449\u0435\u043d\u043d\u043e\u0439 100-\u043b\u0435\u0442\u0438\u044e \u0430\u043a\u0430\u0434. \u0417.\u0418.\u0425\u0430\u043b\u0438\u043b\u043e\u0432\u0430, \u0411\u0430\u043a\u0443, 2011, \u0441. 76-78<\/li>\n<li>Bilalov B.T., Sadigova S.R. On basicity of systems from Faber generalized polynomials. The 4th Congress of the Turkic World Mathematical Society (TWMS) Baku, Azerbaijan, 1-3 July, 2011, p.52<\/li>\n<li>\u0413\u043e\u0434\u0436\u0430\u0435\u0432 \u042d.\u041c., \u0421\u0430\u0434\u044b\u0433\u043e\u0432\u0430 \u0421.\u0420. \u041e\u0431 \u043e\u0434\u043d\u043e\u043c \u043e\u0431\u043e\u0431\u0449\u0435\u043d\u0438\u0438 \u0441\u0438\u0441\u0442\u0435\u043c \u0438\u0437 \u044d\u043a\u0441\u043f\u043e\u043d\u0435\u043d\u0442,\u00a0 \u043e\u0441\u0438\u043d\u0443\u0441\u043e\u0432 \u0438 \u0441\u0438\u043d\u0443\u0441\u043e\u0432. \u041c\u0430\u0442\u0435\u0440\u0438\u0430\u043b\u044b \u041c\u0435\u0436\u0434\u0443\u043d\u0430\u0440\u043e\u0434\u043d\u043e\u0439 \u043a\u043e\u043d\u0444\u0435\u0440\u0435\u043d\u0446\u0438\u0438, \u043f\u043e\u0441\u0432\u044f\u0449\u0435\u043d\u043d\u043e\u0439 100-\u043b\u0435\u0442\u0438\u044e \u0430\u043a\u0430\u0434. \u0417.\u0418.\u0425\u0430\u043b\u0438\u043b\u043e\u0432\u0430, \u0411\u0430\u043a\u0443, 2011, \u0441.102-105<\/li>\n<li>Bilalov B.T., Sadigova S.R. Double bases in Banach spaces. p-systems of exponents, cosines and sines.\u00a0 \u0412\u0441\u0435\u0440\u043e\u0441\u0441\u0438\u0439\u0441\u043a\u0430\u044f \u041d\u0430\u0443\u0447\u043d\u0430\u044f \u041a\u043e\u043d\u0444\u0435\u0440\u0435\u043d\u0446\u0438\u044f \u00a0\u00ab\u0414\u0438\u0444\u0444\u0435\u0440\u0435\u043d\u0446\u0438\u0430\u043b\u044c\u043d\u044b\u0435 \u0423\u0440\u0430\u0432\u043d\u0435\u043d\u0438\u044f \u0438 \u0438\u0445 \u043f\u0440\u0438\u043b\u043e\u0436\u0435\u043d\u0438\u044f\u00bb \u0441 \u043c\u0435\u0436\u0434\u0443\u043d\u0430\u0440\u043e\u0434\u043d\u044b\u043c \u0443\u0447\u0430\u0441\u0442\u0438\u0435\u043c 27 &#8211; 30 \u0438\u044e\u043d\u044f 2011 \u0433. \u0421\u0442\u0435\u0440\u043b\u0438\u0442\u0430\u043c\u0430\u043a<\/li>\n<li>Bilalov B.T., Sadigova S.R. P-systems of exponents, cosines and sines. \u0421\u043f\u0435\u043a\u0442\u0440\u0430\u043b\u044c\u043d\u0430\u044f \u0442\u0435\u043e\u0440\u0438\u044f \u043e\u043f\u0435\u0440\u0430\u0442\u043e\u0440\u043e\u0432 \u0438 \u0435\u0435 \u043f\u0440\u0438\u043b\u043e\u0436\u0435\u043d\u0438\u044f. \u041c\u0430\u0442\u0435\u0440\u0438\u0430\u043b\u044b \u041c\u0435\u0436\u0434\u0443\u043d\u0430\u0440\u043e\u0434\u043d\u043e\u0439 \u043a\u043e\u043d\u0444\u0435\u0440\u0435\u043d\u0446\u0438\u0438, \u043f\u043e\u0441\u0432\u044f\u0449\u0435\u043d\u043d\u043e\u0439 \u043f\u0430\u043c\u044f\u0442\u0438 \u043f\u0440\u043e\u0444\u0435\u0441\u0441\u043e\u0440\u0430 \u0410.\u0413.\u041a\u043e\u0441\u0442\u044e\u0447\u0435\u043d\u043a\u043e, \u0423\u0444\u0430, \u0420\u0418\u0426 \u0411\u0430\u0448\u0413\u0423, 2011, \u0441.20<\/li>\n<li>Bilalov B.T., Sadigova S.R.\u00a0 P-systems of exponents, cosines and sines. \u201cContinuum mechanics and related problems of analysis\u201d Dedicated to the 120-th birthday anniversary of academician\u00a0 N. Muskhelishvili September 9-14, 2011, Tbilisi, Georgia, p.115<\/li>\n<li>Sadigova S.R. On one method for establishing a basis from double systems of exponentials. Applied Mathematics Letters, Elsevier, v.24, Issue 12, December 2011, pp. 1969-1972<\/li>\n<li>Bilalov B.T., Sadigova S.R., Mamedova Z.V.\u00a0 The space of coefficients in a linear topological space.\u00a0 Journal of Mathematics Research, Vol. 4, No. 6, December 2012, pp. 83-88, doi:10.5539\/jmr.v4n6p83<\/li>\n<li>Bilalov B.T., Guliyeva F.A., Sadigova S.R. On the space of coefficients in the intuitionistic fuzzy normed\u00a0 spaces. International Conference Mathematical Analysis, Differential Equations and Their Applications, 04-09 September, 2012, pp.27, Mersin, Turkey<\/li>\n<li>Sad\u0131qova\u00a0 S.R. Lebeq\u00a0 f\u0259zalar\u0131nda bazisl\u0259rin b\u0259zi suallar\u0131. Riyaziyyat\u00a0 \u00fczr\u0259 f\u0259ls\u0259f\u0259 doktoru elmi d\u0259r\u0259c\u0259si almaq \u00fc\u00e7\u00fcn t\u0259qdim olunmu\u015f dissertasiya, Bak\u0131, Az\u0259rbaycan, 2012, 22 s\u0259h. (Avtoreferat)<\/li>\n<li>Muradov T.R., Sadigova S.R. On basicity of double\u00a0 systems in Banach spaces. Journal of Contemporary Applied Mathematics, dedicated to Abdeljalil\u00a0 Nachoui, Expert in inverse problems, vol. 2, No1, 2012, pp. 8-14<\/li>\n<li>\u0421\u0430\u0434\u044b\u0433\u043e\u0432\u0430\u00a0 \u0421.\u0420., \u0413\u0443\u043b\u0438\u0435\u0432\u0430 \u0410.A. \u041e \u0431\u0430\u0437\u0438\u0441\u0430\u0445 \u0432 \u043f\u0440\u043e\u0441\u0442\u0440\u0430\u043d\u0441\u0442\u0432\u0430\u0445 \u0442\u0438\u043f\u0430 Morrey. Riyaziyyat\u0131n t\u0259tbiqi m\u0259s\u0259l\u0259l\u0259ri v\u0259 yeni informasiya texnologiyalar\u0131, II Respublika Elmi Konfrans\u0131, Sumqay\u0131t, 27-28 noyabr, 2012<\/li>\n<li>Bilalov B.T., Sadigova S.R. On the space of coefficients in topological spaces. International J. of Math. Sci. &amp; Engg. Appls. (IJMSEA) ISSN 0973-9424, Vol. 7 No. I (January, 2013), pp. 353-362<\/li>\n<li>Bilalov B.T., Sadigova S.R. Frame properties of degenerate system of exponents in Hardy classes. International Conference on Actual Problems of Mathematics and Informatics, dedicated to the 90th Anniversary of Heydar Aliyev and organized by the Azerbaijan Mathematical Society, will be held on 29-31 May, 2013, in Baku, Azerbaijan, p. 24<\/li>\n<li>Ahmedov T.M., Sadigova S.R. On Exponential Bases In . International Conference on Actual Problems of Mathematics and Informatics, 29-31 May, 2013, Baku, Azerbaijan, p. 4<\/li>\n<li>Sadigova S.R., Mamedova Z.V. Frames from Cosines with the Degenerate Coefficients. American Journal of Applied Mathematics and Statistics, 2013, Vol. 1, No. 3, pp. 36-40<\/li>\n<\/ol>\n","protected":false},"excerpt":{"rendered":"<p>\u0421\u043f\u0438\u0441\u043e\u043a \u043e\u0441\u043d\u043e\u0432\u043d\u044b\u0445 \u043d\u0430\u0443\u0447\u043d\u044b\u0445 \u0440\u0430\u0431\u043e\u0442 \u0437\u0430 \u043f\u043e\u0441\u043b\u0435\u0434\u043d\u0438\u0435 \u043f\u044f\u0442\u044c \u043b\u0435\u0442 \u0411\u0438\u043b\u0430\u043b\u043e\u0432 \u0411.\u0422.,\u00a0 \u0421\u0430\u0434\u044b\u0433\u043e\u0432\u0430 \u0421.\u0420. \u041e\u0431 \u00a0\u043e\u0434\u043d\u043e\u043c\u00a0 \u043e\u0431\u043e\u0431\u0449\u0435\u043d\u0438\u0438 \u0442\u0435\u043e\u0440\u0435\u043c\u044b \u041a\u0430\u0442\u043e . \u041c\u0430\u0442\u0435\u0440. \u043c\u0435\u0436\u0434. \u043a\u043e\u043d\u0444. \u043f\u043e \u0430\u0441\u0442\u0440., \u0444\u0438\u0437. \u0438 \u043c\u0430\u0442., \u043f\u043e\u0441\u0432\u044f\u0449. \u041c\u0435\u0436\u0434. \u0433\u043e\u0434\u0443 \u0410\u0441\u0442\u0440., \u041d\u0430\u0445\u0438\u0447\u0435\u0432\u0430\u043d, 2009, \u0441.58-59 \u0421\u0430\u0434\u044b\u0433\u043e\u0432\u0430 \u0421.\u0420.\u00a0 \u041e \u0431\u0430\u0437\u0438\u0441\u043d\u043e\u0441\u0442\u0438 \u0431\u043b\u0438\u0437\u043a\u0438\u0445 \u0441\u0438\u0441\u0442\u0435\u043c. \u0422\u0435\u0437\u0438\u0441\u044b \u043c\u0435\u0436\u0434. \u043a\u043e\u043d\u0444. \u043f\u043e\u0441\u0432\u044f\u0449., 100 \u043b\u0435\u0442\u0438\u044e\u00a0 \u041c.\u041c.\u0411\u043e\u0433\u043e\u043b\u044e\u0431\u043e\u0432\u0430, \u0423\u043a\u0440\u0430\u0438\u043d\u0430, \u041a\u0438\u0435\u0432, 2009, \u0441\u0435\u043d\u0442\u044f\u0431\u0440\u044c, \u0441. 112-114 \u0411\u0438\u043b\u0430\u043b\u043e\u0432 \u0411.\u0422.,\u00a0 \u0421\u0430\u0434\u044b\u0433\u043e\u0432\u0430 [&hellip;]<\/p>\n","protected":false},"author":6,"featured_media":0,"parent":2339,"menu_order":0,"comment_status":"open","ping_status":"open","template":"","meta":{"footnotes":""},"_links":{"self":[{"href":"https:\/\/www.imm.az\/exp\/wp-json\/wp\/v2\/pages\/2749"}],"collection":[{"href":"https:\/\/www.imm.az\/exp\/wp-json\/wp\/v2\/pages"}],"about":[{"href":"https:\/\/www.imm.az\/exp\/wp-json\/wp\/v2\/types\/page"}],"author":[{"embeddable":true,"href":"https:\/\/www.imm.az\/exp\/wp-json\/wp\/v2\/users\/6"}],"replies":[{"embeddable":true,"href":"https:\/\/www.imm.az\/exp\/wp-json\/wp\/v2\/comments?post=2749"}],"version-history":[{"count":3,"href":"https:\/\/www.imm.az\/exp\/wp-json\/wp\/v2\/pages\/2749\/revisions"}],"predecessor-version":[{"id":2754,"href":"https:\/\/www.imm.az\/exp\/wp-json\/wp\/v2\/pages\/2749\/revisions\/2754"}],"up":[{"embeddable":true,"href":"https:\/\/www.imm.az\/exp\/wp-json\/wp\/v2\/pages\/2339"}],"wp:attachment":[{"href":"https:\/\/www.imm.az\/exp\/wp-json\/wp\/v2\/media?parent=2749"}],"curies":[{"name":"wp","href":"https:\/\/api.w.org\/{rel}","templated":true}]}}