{"id":28656,"date":"2019-12-16T11:43:04","date_gmt":"2019-12-16T07:43:04","guid":{"rendered":"http:\/\/www.imm.az\/exp\/?page_id=28656"},"modified":"2019-12-16T11:43:05","modified_gmt":"2019-12-16T07:43:05","slug":"annual-report-of-the-departments-2018-2","status":"publish","type":"page","link":"https:\/\/www.imm.az\/exp\/annual-report-of-the-departments-2018-2\/","title":{"rendered":"Annual report of the departments \u2013 2018"},"content":{"rendered":"<p>| <a href=\"\/exp\/?page_id=27094&amp;lang=en\">2019<\/a> | 2018 | <a href=\"\/exp\/?page_id=15383&amp;lang=en\">2017<\/a> | <a title=\"Annual report of the departments \u2013 2016\" href=\"\/exp\/?page_id=9501&amp;lang=en\">2016<\/a> | <a href=\"\/exp\/?page_id=2946&amp;lang=en\">2015<\/a> | <a href=\"\/exp\/?page_id=6230&amp;lang=en\">2014<\/a> |<\/p>\n<p><span style=\"font-family: 'arial black', sans-serif; color: #275c91;\">Departments<\/span><\/p>\n<ul>\n<li style=\"list-style-type: none;\">\n<ul>\n<li><a href=\"http:\/\/www.imm.az\/Shobe_hesabatlari\/Hesabat_illik_2018\/illik_2018_Funksional_analiz_en.pdf\">Department of \u201cFunctional analysis\u201d<\/a><\/li>\n<li><a href=\"http:\/\/www.imm.az\/Shobe_hesabatlari\/Hesabat_illik_2018\/illik_2018_Riyazi_analiz_en.pdf\">Department of \u201cMathematical analysis\u201d<\/a><\/li>\n<li><a href=\"http:\/\/www.imm.az\/Shobe_hesabatlari\/Hesabat_illik_2018\/illik_2018_funksiyalar_nezeriyyesi_en.pdf\">Department of \u201cTheory of functions\u201d<\/a><\/li>\n<li><a href=\"http:\/\/www.imm.az\/Shobe_hesabatlari\/Hesabat_illik_2018\/illik_2018_diftenlk_en.pdf\">Department of \u201cDifferential equations\u201d<\/a><\/li>\n<li><a href=\"http:\/\/www.imm.az\/Shobe_hesabatlari\/Hesabat_illik_2018\/illik_2018_riyazi_fizika_tenlikleri_en.pdf\">Department of \u201cEquations of mathematical physics\u201d<\/a><\/li>\n<li><a href=\"http:\/\/www.imm.az\/Shobe_hesabatlari\/Hesabat_illik_2018\/illik_2018_Qeyri-harmonik_analiz_en.pdf\">Department of \u201cNon-harmonic analysis\u201d<\/a><\/li>\n<li><a href=\"http:\/\/www.imm.az\/Shobe_hesabatlari\/Hesabat_illik_2018\/illik_2018_Elastiklik_Plastiklik_en.pdf\">Department of \u201cTheory of elasticity and plasticity\u201d<\/a><\/li>\n<li><a href=\"http:\/\/www.imm.az\/Shobe_hesabatlari\/Hesabat_illik_2018\/illik_2018_dalga_dinamikasi_en.pdf\">Department of \u201cWave dynamics\u201d<\/a><\/li>\n<li><a href=\"http:\/\/www.imm.az\/Shobe_hesabatlari\/Hesabat_illik_2018\/illik_2018_surunceklik_nezeriyyesi_en.pdf\">Department of \u201cTheory of creeping\u201d<\/a><\/li>\n<li><a href=\"http:\/\/www.imm.az\/Shobe_hesabatlari\/Hesabat_illik_2018\/illik_2018_Maye_qaz_en.pdf\">Department of \u201cFluid Mechanics\u201d<\/a><\/li>\n<li><a href=\"http:\/\/www.imm.az\/Shobe_hesabatlari\/Hesabat_illik_2018\/illik_2018_HRI_en.pdf\">Department of \u201cComputing mathematics and information science\u201d<\/a><\/li>\n<li>Department of \u201cAlgebra and mathematical logic\u201d<\/li>\n<li><a href=\"http:\/\/www.imm.az\/Shobe_hesabatlari\/Hesabat_illik_2018\/illik_2018_Tetbiqi_riyaziyyat_en.pdf\">Department of \u201cApplied mathematics\u201d<\/a><\/li>\n<li><a href=\"http:\/\/www.imm.az\/Shobe_hesabatlari\/Hesabat_illik_2018\/illik_2018_Optimal_idaraetme_en.pdf\">Department of \u201cOptimal control\u201d<\/a><\/li>\n<li><a href=\"http:\/\/www.imm.az\/Shobe_hesabatlari\/Hesabat_illik_2018\/illik_2018_Beynelxalq_elaqeler_en.pdf\">Department of \u201cInternational relations\u201d<\/a><\/li>\n<li><a href=\"http:\/\/www.imm.az\/Shobe_hesabatlari\/Hesabat_illik_2018\/illik_2018_Ictimaiyyetle_elaqeler_en.pdf\">Department \u201cPublic relations\u201d<\/a><\/li>\n<li><a href=\"http:\/\/www.imm.az\/Shobe_hesabatlari\/Hesabat_illik_2018\/illik_2018_Kitabxana_en.pdf\">Library of the institute of Mechanics of NASA<\/a><\/li>\n<li><a href=\"http:\/\/www.imm.az\/Shobe_hesabatlari\/Hesabat_illik_2018\/\/illik_2018_elmi-texniki_informasiya_en.pdf\">Department of \u201cScientific-Technical information\u201d<\/a><\/li>\n<li><a href=\"http:\/\/www.imm.az\/Shobe_hesabatlari\/Hesabat_illik_2018\/illik_2018_tehsil_en.pdf\">Department of \u201cEducation\u201d<\/a><\/li>\n<li><a href=\"http:\/\/www.imm.az\/Shobe_hesabatlari\/Hesabat_illik_2018\/illik_2018_Siqnallar\u0131n emal\u0131n\u0131n riyazi probleml\u0259ri lab_en.pdf\">Laboratory of Mathematical Problems of Signal Processing<\/a><\/li>\n<\/ul>\n<\/li>\n<\/ul>\n<p><span style=\"font-family: 'arial black', sans-serif; color: #275c91;\">Journals<\/span><\/p>\n<ul>\n<li style=\"list-style-type: none;\">\n<ul>\n<li><a href=\"http:\/\/www.imm.az\/Shobe_hesabatlari\/Hesabat_illik_2018\/illik_2018_AMEA_xeberleri_riyaziyyat_en.pdf\">Transactions of Azerbaijan National Academy of Science, issue mathematics, series of physico -technical and mathematical sciences<\/a><\/li>\n<li><a href=\"http:\/\/www.imm.az\/Shobe_hesabatlari\/Hesabat_illik_2018\/illik_2018_RMI_eserler_en.pdf\">\u201cProceedings of the Institute of Mathematics and Mechanics of NASA\u201d&nbsp;&nbsp;journal<\/a><\/li>\n<li><a href=\"http:\/\/www.imm.az\/Shobe_hesabatlari\/Hesabat_illik_2017\/illik_2017_AzJM_en.pdf\">Azerbaijan Journal of Mathematics<\/a><\/li>\n<li><a href=\"http:\/\/www.imm.az\/Shobe_hesabatlari\/Hesabat_illik_2018\/illik_2018_AMEA_xeberleri_mexanika_en.pdf\">Transactions of Azerbaijan National Academy of Science, issue mechanics, series of<\/a><\/li>\n<\/ul>\n<\/li>\n<\/ul>\n","protected":false},"excerpt":{"rendered":"<p>| 2019 | 2018 | 2017 | 2016 | 2015 | 2014 | Departments Department of \u201cFunctional analysis\u201d Department of \u201cMathematical analysis\u201d Department of \u201cTheory of functions\u201d Department of \u201cDifferential equations\u201d Department of \u201cEquations of mathematical physics\u201d Department of \u201cNon-harmonic analysis\u201d Department of \u201cTheory of elasticity and plasticity\u201d Department of \u201cWave dynamics\u201d Department of \u201cTheory [&hellip;]<\/p>\n","protected":false},"author":6,"featured_media":0,"parent":0,"menu_order":0,"comment_status":"closed","ping_status":"closed","template":"","meta":{"footnotes":""},"_links":{"self":[{"href":"https:\/\/www.imm.az\/exp\/wp-json\/wp\/v2\/pages\/28656"}],"collection":[{"href":"https:\/\/www.imm.az\/exp\/wp-json\/wp\/v2\/pages"}],"about":[{"href":"https:\/\/www.imm.az\/exp\/wp-json\/wp\/v2\/types\/page"}],"author":[{"embeddable":true,"href":"https:\/\/www.imm.az\/exp\/wp-json\/wp\/v2\/users\/6"}],"replies":[{"embeddable":true,"href":"https:\/\/www.imm.az\/exp\/wp-json\/wp\/v2\/comments?post=28656"}],"version-history":[{"count":1,"href":"https:\/\/www.imm.az\/exp\/wp-json\/wp\/v2\/pages\/28656\/revisions"}],"predecessor-version":[{"id":28657,"href":"https:\/\/www.imm.az\/exp\/wp-json\/wp\/v2\/pages\/28656\/revisions\/28657"}],"wp:attachment":[{"href":"https:\/\/www.imm.az\/exp\/wp-json\/wp\/v2\/media?parent=28656"}],"curies":[{"name":"wp","href":"https:\/\/api.w.org\/{rel}","templated":true}]}}