{"id":2891,"date":"2014-07-10T09:24:47","date_gmt":"2014-07-10T04:24:47","guid":{"rendered":"http:\/\/www.imm.az\/exp\/?page_id=2891"},"modified":"2021-01-08T11:33:43","modified_gmt":"2021-01-08T07:33:43","slug":"sob%c9%99l%c9%99rin-yarim-illik-hesabati-2015","status":"publish","type":"page","link":"https:\/\/www.imm.az\/exp\/sob%c9%99l%c9%99rin-yarim-illik-hesabati-2015\/","title":{"rendered":"Yar\u0131millik hesabat &#8211; 2015"},"content":{"rendered":"<p><a href=\"https:\/\/www.imm.az\/exp\/yarimillik-hesabat-2020\/\">2020<\/a> | <a href=\"https:\/\/www.imm.az\/exp\/yarimillik-hesabat-2019\/\">2019 <\/a>| <a href=\"https:\/\/www.imm.az\/exp\/?page_id=19785\">2018<\/a> | <a href=\"https:\/\/www.imm.az\/exp\/?page_id=13736\">2017<\/a>\u00a0| <a href=\"https:\/\/www.imm.az\/exp\/?page_id=8664\">2016<\/a> |\u00a02015\u00a0|\u00a0<a href=\"https:\/\/www.imm.az\/exp\/?page_id=5285\">2014<\/a>\u00a0|<\/p>\n<ul>\n<li><a href=\"..\/..\/Shobe_hesabatlari\/Hesabat_I_yarimillik_2015\/I_yarimillik_2015_Funksional_analiz.pdf\" target=\"_blank\" rel=\"noopener noreferrer\">Funksional analiz \u015f\u00f6b\u0259si<\/a><\/li>\n<li><a href=\"..\/..\/Shobe_hesabatlari\/Hesabat_I_yarimillik_2015\/I_yarimillik_2015_Riyazi_analiz.pdf\" target=\"_blank\" rel=\"noopener noreferrer\">Riyazi analiz \u015f\u00f6b\u0259si<\/a><\/li>\n<li><a href=\"..\/..\/Shobe_hesabatlari\/Hesabat_I_yarimillik_2015\/I_yarimillik_2015_funksiyalar_nezeriyyesi.pdf\" target=\"_blank\" rel=\"noopener noreferrer\">Funksiyalar n\u0259z\u0259riyy\u0259si \u015f\u00f6b\u0259si<\/a><\/li>\n<li><a href=\"..\/..\/Shobe_hesabatlari\/Hesabat_I_yarimillik_2015\/I_yarimillik_2015_diftenlik.pdf\" target=\"_blank\" rel=\"noopener noreferrer\">Diferensial t\u0259nlikl\u0259r \u015f\u00f6b\u0259si<\/a><\/li>\n<li><a href=\"..\/..\/Shobe_hesabatlari\/Hesabat_I_yarimillik_2015\/I_yarimillik_2015_riyazi_fizika_tenlikleri.pdf\" target=\"_blank\" rel=\"noopener noreferrer\">Riyazi fizika t\u0259nlikl\u0259ri \u015f\u00f6b\u0259si<\/a><\/li>\n<li><a href=\"..\/..\/Shobe_hesabatlari\/Hesabat_I_yarimillik_2015\/I_yarimillik_2015_Qeyri-harmonik_analiz.pdf\" target=\"_blank\" rel=\"noopener noreferrer\">Qeyri harmonik analiz \u015f\u00f6b\u0259si<\/a><\/li>\n<li><a href=\"..\/..\/Shobe_hesabatlari\/Hesabat_I_yarimillik_2015\/I_yarimillik_2015_Elastiklik_Plastiklik.pdf\" target=\"_blank\" rel=\"noopener noreferrer\">Elastiklik v\u0259 plastiklik n\u0259z\u0259riyy\u0259si \u015f\u00f6b\u0259si<\/a><\/li>\n<li><a href=\"..\/..\/Shobe_hesabatlari\/Hesabat_I_yarimillik_2015\/I_yarimillik_2015_dalga_dinamikasi.pdf\" target=\"_blank\" rel=\"noopener noreferrer\">Dal\u011fa dinamikas\u0131 \u015f\u00f6b\u0259si<\/a><\/li>\n<li><a href=\"..\/..\/Shobe_hesabatlari\/Hesabat_I_yarimillik_2015\/I_yarimillik_2015_surunceklik_nezeriyyesi.pdf\" target=\"_blank\" rel=\"noopener noreferrer\">S\u00fcr\u00fcnc\u0259klik n\u0259z\u0259riyy\u0259si \u015f\u00f6b\u0259si<\/a><\/li>\n<li><a href=\"..\/..\/Shobe_hesabatlari\/Hesabat_I_yarimillik_2015\/I_yarimillik_2015_Maye_qaz.pdf\" target=\"_blank\" rel=\"noopener noreferrer\">Maye v\u0259 qaz mexanikas\u0131 \u015f\u00f6b\u0259si<\/a><\/li>\n<li>Hesablama riyaziyyat\u0131 v\u0259 informatika \u015f\u00f6b\u0259si<\/li>\n<li><a href=\"..\/..\/Shobe_hesabatlari\/Hesabat_I_yarimillik_2015\/I_yarimillik_2015_cebr_riyazi_mentiq.pdf\" target=\"_blank\" rel=\"noopener noreferrer\">C\u0259br v\u0259 riyazi m\u0259ntiq \u015f\u00f6b\u0259si<\/a><\/li>\n<li>T\u0259tbiqi riyaziyyat \u015f\u00f6b\u0259si<\/li>\n<li><a href=\"..\/..\/Shobe_hesabatlari\/Hesabat_I_yarimillik_2015\/I_yarimillik_2015_hesablama_texnikasi_lab.pdf\" target=\"_blank\" rel=\"noopener noreferrer\">Hesablama texnikas\u0131\u00a0vasit\u0259l\u0259ri laboratoriyas\u0131<\/a><\/li>\n<li>Az\u0259rbaycan Milli Elml\u0259r Akademiyas\u0131n\u0131n X\u0259b\u0259rl\u0259ri\u00a0jurnal\u0131<\/li>\n<li><a href=\"..\/..\/Shobe_hesabatlari\/Hesabat_I_yarimillik_2015\/I_yarimillik_2015_RMI_eserleri.pdf\" target=\"_blank\" rel=\"noopener noreferrer\">Riyaziyyat v\u0259 M\u0259xanika \u0130nstitutunun\u00a0\u018fs\u0259rl\u0259ri jurnal\u0131<\/a><\/li>\n<li><a href=\"..\/..\/Shobe_hesabatlari\/Hesabat_I_yarimillik_2015\/I_yarimillik_2015_AzJM.pdf\" target=\"_blank\" rel=\"noopener noreferrer\">Az\u0259rbaycan Riyaziyyat jurnal\u0131<\/a><\/li>\n<li><a href=\"..\/..\/Shobe_hesabatlari\/Hesabat_I_yarimillik_2015\/I_yarimillik_2015_Kitabxana.pdf\" target=\"_blank\" rel=\"noopener noreferrer\">Riyaziyyat v\u0259 Mexanika institutunun kitabxanas\u0131<\/a><\/li>\n<\/ul>\n","protected":false},"excerpt":{"rendered":"<p>2020 | 2019 | 2018 | 2017\u00a0| 2016 |\u00a02015\u00a0|\u00a02014\u00a0| Funksional analiz \u015f\u00f6b\u0259si Riyazi analiz \u015f\u00f6b\u0259si Funksiyalar n\u0259z\u0259riyy\u0259si \u015f\u00f6b\u0259si Diferensial t\u0259nlikl\u0259r \u015f\u00f6b\u0259si Riyazi fizika t\u0259nlikl\u0259ri \u015f\u00f6b\u0259si Qeyri harmonik analiz \u015f\u00f6b\u0259si Elastiklik v\u0259 plastiklik n\u0259z\u0259riyy\u0259si \u015f\u00f6b\u0259si Dal\u011fa dinamikas\u0131 \u015f\u00f6b\u0259si S\u00fcr\u00fcnc\u0259klik n\u0259z\u0259riyy\u0259si \u015f\u00f6b\u0259si Maye v\u0259 qaz mexanikas\u0131 \u015f\u00f6b\u0259si Hesablama riyaziyyat\u0131 v\u0259 informatika \u015f\u00f6b\u0259si C\u0259br v\u0259 riyazi m\u0259ntiq \u015f\u00f6b\u0259si [&hellip;]<\/p>\n","protected":false},"author":6,"featured_media":0,"parent":0,"menu_order":0,"comment_status":"open","ping_status":"open","template":"","meta":{"footnotes":""},"_links":{"self":[{"href":"https:\/\/www.imm.az\/exp\/wp-json\/wp\/v2\/pages\/2891"}],"collection":[{"href":"https:\/\/www.imm.az\/exp\/wp-json\/wp\/v2\/pages"}],"about":[{"href":"https:\/\/www.imm.az\/exp\/wp-json\/wp\/v2\/types\/page"}],"author":[{"embeddable":true,"href":"https:\/\/www.imm.az\/exp\/wp-json\/wp\/v2\/users\/6"}],"replies":[{"embeddable":true,"href":"https:\/\/www.imm.az\/exp\/wp-json\/wp\/v2\/comments?post=2891"}],"version-history":[{"count":5,"href":"https:\/\/www.imm.az\/exp\/wp-json\/wp\/v2\/pages\/2891\/revisions"}],"predecessor-version":[{"id":33553,"href":"https:\/\/www.imm.az\/exp\/wp-json\/wp\/v2\/pages\/2891\/revisions\/33553"}],"wp:attachment":[{"href":"https:\/\/www.imm.az\/exp\/wp-json\/wp\/v2\/media?parent=2891"}],"curies":[{"name":"wp","href":"https:\/\/api.w.org\/{rel}","templated":true}]}}