{"id":2895,"date":"2014-07-10T09:35:29","date_gmt":"2014-07-10T04:35:29","guid":{"rendered":"http:\/\/www.imm.az\/exp\/?page_id=2895"},"modified":"2019-02-18T15:05:02","modified_gmt":"2019-02-18T11:05:02","slug":"xarici-ezamiyy%c9%99tl%c9%99r","status":"publish","type":"page","link":"https:\/\/www.imm.az\/exp\/xarici-ezamiyy%c9%99tl%c9%99r\/","title":{"rendered":"Xarici ezamiyy\u0259tl\u0259r"},"content":{"rendered":"<p>\u2022 <a href=\"\/exp\/?page_id=23570\">Funksional analiz \u015f\u00f6b\u0259si<\/a><\/p>\n<p>\u2022 <a title=\"Riyazi analiz \u015f\u00f6b\u0259si \u2013 xarici ezamiyy\u0259tl\u0259r\" href=\"\/exp\/?page_id=2994\">Riyazi analiz \u015f\u00f6b\u0259si<\/a><\/p>\n<p>\u2022 <a title=\"Funksiyalar n\u0259z\u0259riyy\u0259si \u015f\u00f6b\u0259si\" href=\"\/exp\/?page_id=11481\">Funksiyalar n\u0259z\u0259riyy\u0259si \u015f\u00f6b\u0259si<\/a><\/p>\n<p>\u2022 <a title=\"Differensial t\u0259nlikl\u0259r \u015f\u00f6b\u0259si \u2013 xarici ezamiyy\u0259tl\u0259r\" href=\"\/exp\/?page_id=3136\">Differensial t\u0259nlikl\u0259r \u015f\u00f6b\u0259si<\/a><\/p>\n<p>\u2022 Riyazi fizika t\u0259nlikl\u0259ri \u015f\u00f6b\u0259si<\/p>\n<p>\u2022 <a title=\"Qeyri harmonik analiz \u015f\u00f6b\u0259si \u2013 xarici ezamiyy\u0259tl\u0259r\" href=\"\/exp\/?page_id=3141\">Qeyri harmonik analiz \u015f\u00f6b\u0259si<\/a><\/p>\n<p>\u2022 Elastiklik v\u0259 plastiklik n\u0259z\u0259riyy\u0259si \u015f\u00f6b\u0259si<\/p>\n<p>\u2022 Dal\u011fa dinamikasi \u015f\u00f6b\u0259si<\/p>\n<p>\u2022 S\u00fcr\u00fcnc\u0259klik n\u0259z\u0259riyy\u0259si \u015f\u00f6b\u0259si<\/p>\n<p>\u2022 <a title=\"Maye v\u0259 qaz mexanikasi \u015f\u00f6b\u0259si \u2013 xarici ezamiyy\u0259tl\u0259r\" href=\"\/exp\/?page_id=2957\">Maye v\u0259 qaz mexanikasi \u015f\u00f6b\u0259si<\/a><\/p>\n<p>\u2022 <a title=\"Hesablama riyaziyyati v\u0259 informatika \u015f\u00f6b\u0259si \u2013 xarici ezamiyy\u0259tl\u0259r\" href=\"\/exp\/?page_id=15160\">Hesablama riyaziyyati v\u0259 informatika \u015f\u00f6b\u0259si<\/a><\/p>\n<p>\u2022 <a title=\"C\u0259br v\u0259 riyazi m\u0259ntiq \u015f\u00f6b\u0259si \u2013 xarici ezamiyy\u0259tl\u0259r\" href=\"\/exp\/?page_id=2997\">C\u0259br v\u0259 riyazi m\u0259ntiq \u015f\u00f6b\u0259si<\/a><\/p>\n<p>\u2022 T\u0259tbiqi riyaziyyat \u015f\u00f6b\u0259si<\/p>\n<p>\u2022 <a href=\"\/exp\/?page_id=10753\">Elmi-Texniki \u0130nformasiya \u015f\u00f6b\u0259si<\/a><\/p>\n<p>\u2022 AMEA-n\u0131n X\u0259b\u0259rl\u0259ri v\u0259 RM\u0130-nin \u018fs\u0259rl\u0259ri jurnallar\u0131n\u0131n redaksiyas\u0131<\/p>\n","protected":false},"excerpt":{"rendered":"<p>\u2022 Funksional analiz \u015f\u00f6b\u0259si \u2022 Riyazi analiz \u015f\u00f6b\u0259si \u2022 Funksiyalar n\u0259z\u0259riyy\u0259si \u015f\u00f6b\u0259si \u2022 Differensial t\u0259nlikl\u0259r \u015f\u00f6b\u0259si \u2022 Riyazi fizika t\u0259nlikl\u0259ri \u015f\u00f6b\u0259si \u2022 Qeyri harmonik analiz \u015f\u00f6b\u0259si \u2022 Elastiklik v\u0259 plastiklik n\u0259z\u0259riyy\u0259si \u015f\u00f6b\u0259si \u2022 Dal\u011fa dinamikasi \u015f\u00f6b\u0259si \u2022 S\u00fcr\u00fcnc\u0259klik n\u0259z\u0259riyy\u0259si \u015f\u00f6b\u0259si \u2022 Maye v\u0259 qaz mexanikasi \u015f\u00f6b\u0259si \u2022 Hesablama riyaziyyati v\u0259 informatika \u015f\u00f6b\u0259si \u2022 C\u0259br v\u0259 [&hellip;]<\/p>\n","protected":false},"author":6,"featured_media":0,"parent":0,"menu_order":0,"comment_status":"open","ping_status":"open","template":"","meta":{"footnotes":""},"_links":{"self":[{"href":"https:\/\/www.imm.az\/exp\/wp-json\/wp\/v2\/pages\/2895"}],"collection":[{"href":"https:\/\/www.imm.az\/exp\/wp-json\/wp\/v2\/pages"}],"about":[{"href":"https:\/\/www.imm.az\/exp\/wp-json\/wp\/v2\/types\/page"}],"author":[{"embeddable":true,"href":"https:\/\/www.imm.az\/exp\/wp-json\/wp\/v2\/users\/6"}],"replies":[{"embeddable":true,"href":"https:\/\/www.imm.az\/exp\/wp-json\/wp\/v2\/comments?post=2895"}],"version-history":[{"count":7,"href":"https:\/\/www.imm.az\/exp\/wp-json\/wp\/v2\/pages\/2895\/revisions"}],"predecessor-version":[{"id":23578,"href":"https:\/\/www.imm.az\/exp\/wp-json\/wp\/v2\/pages\/2895\/revisions\/23578"}],"wp:attachment":[{"href":"https:\/\/www.imm.az\/exp\/wp-json\/wp\/v2\/media?parent=2895"}],"curies":[{"name":"wp","href":"https:\/\/api.w.org\/{rel}","templated":true}]}}