{"id":2957,"date":"2014-07-14T15:54:21","date_gmt":"2014-07-14T10:54:21","guid":{"rendered":"http:\/\/www.imm.az\/exp\/?page_id=2957"},"modified":"2019-04-17T12:48:32","modified_gmt":"2019-04-17T08:48:32","slug":"maye-v%c9%99-qaz-mexanikasi-sob%c9%99si-xarici-ezamiyy%c9%99tl%c9%99r","status":"publish","type":"page","link":"https:\/\/www.imm.az\/exp\/xarici-ezamiyy%c9%99tl%c9%99r\/maye-v%c9%99-qaz-mexanikasi-sob%c9%99si-xarici-ezamiyy%c9%99tl%c9%99r\/","title":{"rendered":"Maye v\u0259 qaz mexanikas\u0131 \u015f\u00f6b\u0259si &#8211; xarici ezamiyy\u0259tl\u0259r"},"content":{"rendered":"<ol>\n<li><a href=\"\/exp\/?p=24343\">Riyaziyyat v\u0259 Mexanika \u0130nstitutunun aliml\u0259ri elmi ezamiyy\u0259td\u0259 olublar<\/a><\/li>\n<li><a href=\"\/exp\/?p=18332\">Riyaziyyat v\u0259 Mexanika \u0130nstitutunun aliml\u0259ri \u00c7ind\u0259 ezamiyy\u0259td\u0259 olublar<\/a><\/li>\n<li><a href=\"\/exp\/?p=16465\">BEYN\u018fLXALQ TEXNOLOJ\u0130 BAZARLARDA AZ\u018fRBAYCAN \u0130NNOVAS\u0130YASI<\/a><\/li>\n<li style=\"text-align: justify;\"><a title=\"Riyaziyyat v\u0259 Mexanika institutunun \u0259m\u0259kda\u015flar\u0131 Pol\u015fa respublikas\u0131nda \u00abGeopetrol-2014\u00bb Beyn\u0259lxalq Elmi Konfransda i\u015ftirak etmi\u015fl\u0259r\" href=\"\/exp\/?p=3285\">Riyaziyyat v\u0259 Mexanika institutunun \u0259m\u0259kda\u015flar\u0131 Pol\u015fa respublikas\u0131nda \u00abGeopetrol-2014\u00bb Beyn\u0259lxalq Elmi Konfransda i\u015ftirak etmi\u015fl\u0259r.<\/a><\/li>\n<li style=\"text-align: justify;\"><a href=\"\/exp\/?p=2939\">\u0130yun ay\u0131n\u0131n 19-dan 3 iyul 2014-\u0259 kimi AMEA-n\u0131n m\u00fcxbir \u00fczv\u00fc, Riyaziyyat v\u0259 Mexanika \u0130nstitutunun maye ve qaz \u015f\u00f6b\u0259sinin m\u00fcdiri Qeylani P\u0259nahov v\u0259 \u015f\u00f6b\u0259nin \u0259m\u0259kda\u015f\u0131 Eldar Abbasov ezamiyy\u0259td\u0259 olmu\u015flar<\/a>.<\/li>\n<\/ol>\n","protected":false},"excerpt":{"rendered":"<p>Riyaziyyat v\u0259 Mexanika \u0130nstitutunun aliml\u0259ri elmi ezamiyy\u0259td\u0259 olublar Riyaziyyat v\u0259 Mexanika \u0130nstitutunun aliml\u0259ri \u00c7ind\u0259 ezamiyy\u0259td\u0259 olublar BEYN\u018fLXALQ TEXNOLOJ\u0130 BAZARLARDA AZ\u018fRBAYCAN \u0130NNOVAS\u0130YASI Riyaziyyat v\u0259 Mexanika institutunun \u0259m\u0259kda\u015flar\u0131 Pol\u015fa respublikas\u0131nda \u00abGeopetrol-2014\u00bb Beyn\u0259lxalq Elmi Konfransda i\u015ftirak etmi\u015fl\u0259r. \u0130yun ay\u0131n\u0131n 19-dan 3 iyul 2014-\u0259 kimi AMEA-n\u0131n m\u00fcxbir \u00fczv\u00fc, Riyaziyyat v\u0259 Mexanika \u0130nstitutunun maye ve qaz \u015f\u00f6b\u0259sinin m\u00fcdiri Qeylani P\u0259nahov [&hellip;]<\/p>\n","protected":false},"author":6,"featured_media":0,"parent":2895,"menu_order":0,"comment_status":"open","ping_status":"open","template":"","meta":{"footnotes":""},"_links":{"self":[{"href":"https:\/\/www.imm.az\/exp\/wp-json\/wp\/v2\/pages\/2957"}],"collection":[{"href":"https:\/\/www.imm.az\/exp\/wp-json\/wp\/v2\/pages"}],"about":[{"href":"https:\/\/www.imm.az\/exp\/wp-json\/wp\/v2\/types\/page"}],"author":[{"embeddable":true,"href":"https:\/\/www.imm.az\/exp\/wp-json\/wp\/v2\/users\/6"}],"replies":[{"embeddable":true,"href":"https:\/\/www.imm.az\/exp\/wp-json\/wp\/v2\/comments?post=2957"}],"version-history":[{"count":6,"href":"https:\/\/www.imm.az\/exp\/wp-json\/wp\/v2\/pages\/2957\/revisions"}],"predecessor-version":[{"id":24377,"href":"https:\/\/www.imm.az\/exp\/wp-json\/wp\/v2\/pages\/2957\/revisions\/24377"}],"up":[{"embeddable":true,"href":"https:\/\/www.imm.az\/exp\/wp-json\/wp\/v2\/pages\/2895"}],"wp:attachment":[{"href":"https:\/\/www.imm.az\/exp\/wp-json\/wp\/v2\/media?parent=2957"}],"curies":[{"name":"wp","href":"https:\/\/api.w.org\/{rel}","templated":true}]}}