{"id":29574,"date":"2020-01-21T13:15:26","date_gmt":"2020-01-21T09:15:26","guid":{"rendered":"http:\/\/www.imm.az\/exp\/?page_id=29574"},"modified":"2020-01-21T13:15:27","modified_gmt":"2020-01-21T09:15:27","slug":"diferensial-t%c9%99nlikl%c9%99r-sob%c9%99sinin-bas-elmi-iscisi-fizika-riyaziyyat-elml%c9%99ri-doktoru-professor-m%c9%99mm%c9%99d-bayramoglunu-80-yasi-munasib%c9%99til%c9%99-t%c9%99","status":"publish","type":"page","link":"https:\/\/www.imm.az\/exp\/diferensial-t%c9%99nlikl%c9%99r-sob%c9%99sinin-bas-elmi-iscisi-fizika-riyaziyyat-elml%c9%99ri-doktoru-professor-m%c9%99mm%c9%99d-bayramoglunu-80-yasi-munasib%c9%99til%c9%99-t%c9%99\/","title":{"rendered":"\u201cDiferensial t\u0259nlikl\u0259r\u201d \u015f\u00f6b\u0259sinin ba\u015f elmi i\u015f\u00e7isi, fizika-riyaziyyat elml\u0259ri doktoru, professor M\u0259mm\u0259d Bayramo\u011flunu 80 ya\u015f\u0131 m\u00fcnasib\u0259til\u0259 t\u0259brik edirik!"},"content":{"rendered":"\n<div class=\"wp-block-image\"><figure class=\"alignleft size-large\"><img loading=\"lazy\" decoding=\"async\" width=\"164\" height=\"236\" src=\"https:\/\/www.imm.az\/exp\/wp-content\/uploads\/2020\/01\/Ekran-Al\u0131nt\u0131s\u0131-1.png\" alt=\"\" class=\"wp-image-29577\"\/><\/figure><\/div>\n\n\n\n<p class=\"has-text-align-justify\">AMEA-n\u0131n Riyaziyyat v\u0259 Mexanika \u0130nstitutunun \u201cDiferensial\nt\u0259nlikl\u0259r\u201d \u015f\u00f6b\u0259sinin ba\u015f elmi i\u015f\u00e7isi, fizika-riyaziyyat\nelml\u0259ri doktoru, professor M\u0259mm\u0259d Bayramo\u011flunu 80 ya\u015f\u0131 tamam olur.<\/p>\n\n\n\n<p><strong>\u018fziz v\u0259\nh\u00f6rm\u0259tli M\u0259mm\u0259d m\u00fc\u0259llim!<\/strong><\/p>\n\n\n\n<p style=\"text-align: justify\"> Sizi yar\u0131m\u0259srd\u0259n \u00e7ox i\u015fl\u0259diyiniz Az\u0259rbaycan Milli Elml\u0259r Akademiyas\u0131n\u0131n Riyaziyyat v\u0259 Mexanika \u0130nstitutunun \u0259m\u0259kda\u015flar\u0131 v\u0259 \u015f\u0259xs\u0259n \u00f6z ad\u0131mdan anadan olman\u0131z\u0131n 80 illiyi m\u00fcnasib\u0259til\u0259 s\u0259mimi q\u0259lbd\u0259n t\u0259brik edir, elm v\u0259 t\u0259hsil sah\u0259sind\u0259 f\u0259aliyy\u0259tinizd\u0259 daha b\u00f6y\u00fck u\u011furlar arzulay\u0131ram.\nSiz 1962-ci ild\u0259 V.\u0130. Lenin ad\u0131na Az\u0259rbaycan Pedaqoji \u0130nstitutunun riyaziyyat ixtisas\u0131 \u00fczr\u0259 fizika-riyaziyyat fak\u00fclt\u0259sini f\u0259rql\u0259nm\u0259 diplomu il\u0259 bitirmi\u015f, h\u0259min vaxt Murmansk vilay\u0259tinin Kandalak\u015fa \u015f\u0259h\u0259rind\u0259 ordu s\u0131ralar\u0131nda h\u0259rbi xidm\u0259t etmisiniz. 1964-c\u00fc ild\u0259 iki ay \u0259vv\u0259l ordudan t\u0259rxis edildikd\u0259n sonra Az\u0259rbaycan SSR Elml\u0259r Akademiyas\u0131n\u0131n Riyaziyyat v\u0259 Mexanika \u0130nstitutunun \u0259yani aspiranturas\u0131na q\u0259bul olunmu\u015f,  1969-cu ild\u0259 akademikl\u0259r F\u0259ram\u0259z Maqsudov v\u0259 Mirabbas Qas\u0131movun r\u0259hb\u0259rlikl\u0259ri il\u0259 \u201c\u00d6z-\u00f6z\u00fcn\u0259 qo\u015fma v\u0259 qo\u015fma olmayan b\u0259zi diferensial operatorlar\u0131n spektral xass\u0259l\u0259ri\u201d m\u00f6vzusunda namiz\u0259dlik, 1987-ci ild\u0259 G\u00fcrc\u00fcstan EA-n\u0131n A.Razmadze ad\u0131na Riyaziyyat \u0130nstitutunda &#8220;\u0412\u043e\u043f\u0440\u043e\u0441\u044b \u0441\u043f\u0435\u043a\u0442\u0440\u0430\u043b\u044c\u043d\u043e\u0439 \u0442\u0435\u043e\u0440\u0438\u0438 \u0434\u0438\u0444\u0444\u0435\u0440\u0435\u043d\u0446\u0438\u0430\u043b\u044c\u043d\u043e-\u043e\u043f\u0435\u0440\u0430\u0442\u043e\u0440\u043d\u044b\u0445 \u0443\u0440\u0430\u0432\u043d\u0435\u043d\u0438\u0439&#8221; m\u00f6vzusunda Diferensial t\u0259nlikl\u0259r v\u0259 Riyazi analiz ixtisaslar\u0131 \u00fczr\u0259 doktorluq dissertasiya i\u015fini m\u00fcv\u0259ff\u0259qiyy\u0259tl\u0259 m\u00fcdafi\u0259 etmisiniz.\nSizin Az\u0259rbaycanda v\u0259 T\u00fcrkiy\u0259d\u0259 yeti\u015fdirdiyiniz t\u0259l\u0259b\u0259l\u0259rinizin bir ne\u00e7\u0259si elml\u0259r doktoru v\u0259 professor kimi m\u00fcxt\u0259lif universitetl\u0259rd\u0259 v\u0259 elmi m\u00fc\u0259ssis\u0259l\u0259rd\u0259 f\u0259aliyy\u0259t g\u00f6st\u0259rirl\u0259r. 10-dan art\u0131q doktorluq, 50-d\u0259n \u00e7ox namiz\u0259dlik dissertasiyalar\u0131na opponentlik etmi\u015f, \u00e7oxsayl\u0131 dissertasiyalar\u0131n r\u0259smi r\u0259y\u00e7isi olmusunuz.\nH\u00f6rm\u0259tli M\u0259mm\u0259d m\u00fc\u0259llim!  Siz g\u00f6rk\u0259mli alim, g\u00f6z\u0259l insan, xeyirxah dost, qay\u011f\u0131ke\u015f m\u00fc\u0259llim v\u0259 s\u0259mimi ail\u0259 ba\u015f\u00e7\u0131s\u0131 kimi riyaziyyat elmind\u0259 se\u00e7il\u0259n v\u0259 h\u00f6rm\u0259t edil\u0259n alim v\u0259 \u015f\u0259xsiyy\u0259tl\u0259rd\u0259n birisiniz.\nBu g\u00fcn Sizin 80 ya\u015f\u0131n\u0131z tamam olur. 80 ya\u015f insan \u00f6mr\u00fcn\u00fcn el\u0259 bir m\u0259rh\u0259l\u0259sidir ki, insan ist\u0259r-ist\u0259m\u0259z ke\u00e7diyi h\u0259yat yoluna n\u0259z\u0259r sal\u0131r, bu d\u00f6vrd\u0259 \u0259ld\u0259 etdiyi nailiyy\u0259tl\u0259ri yada sal\u0131r.  Siz xo\u015fb\u0259xt insans\u0131z ki, bu m\u00fcdd\u0259td\u0259 g\u00f6rd\u00fcy\u00fcn\u00fcz i\u015fl\u0259rin xalqa v\u0259 mill\u0259t\u0259 xeyirli oldu\u011funun \u015fahidisiniz. Siz xalq i\u00e7\u0259risind\u0259 b\u00f6y\u00fck h\u00f6rm\u0259t v\u0259 ehtiram qazanm\u0131\u015f tan\u0131nm\u0131\u015f a\u011fsaqqal alimsiniz.\nSiz Az\u0259rbaycanda diferensial operatorlar\u0131n spektral n\u0259z\u0259riyy\u0259si m\u0259kt\u0259bini yaratm\u0131\u015f, akademik Mirabbas Qas\u0131movun layiqli varisi v\u0259 davam\u00e7\u0131s\u0131s\u0131n\u0131z. Spektral analizin bir \u00e7ox istiqam\u0259tl\u0259rind\u0259 ald\u0131\u011f\u0131n\u0131z elmi n\u0259tic\u0259l\u0259r ke\u00e7mi\u015f Sovetl\u0259r birliyinin g\u00f6rk\u0259mli aliml\u0259ri Lenin m\u00fckafat\u0131 laureat\u0131, professor Boris Moiseyevi\u00e7 Levitan, akademik Vladimir Aleksandrovi\u00e7 Mar\u00e7enko, professor Anatoliy Qordeyevi\u00e7 Kostyu\u00e7enko, akademik Vladimir Aleksandrovi\u00e7 \u0130lyin, akademik Muxtarbay Otelbayev v\u0259 ba\u015fqalar\u0131 t\u0259r\u0259find\u0259n y\u00fcks\u0259k qiym\u0259tl\u0259ndirilmi\u015fdir.\n\u00c7ox h\u00f6rm\u0259tli M\u0259mm\u0259d m\u00fc\u0259llim! Sizi bu \u015fanl\u0131 yubileyiniz m\u00fcnasib\u0259til\u0259 Az\u0259rbaycan Milli Elml\u0259r Akademiyas\u0131n\u0131n Riyaziyyat v\u0259 Mexanika \u0130nstitutunun kollektivi ad\u0131ndan bir daha \u00fcr\u0259kd\u0259n t\u0259brik edir, Siz\u0259 m\u00f6hk\u0259m cansa\u011fl\u0131\u011f\u0131, uzun \u00f6m\u00fcr, riyaziyyat elminin v\u0259 t\u0259hsilinin inki\u015faf\u0131 yolunda g\u00f6st\u0259ridiyniz s\u0259m\u0259r\u0259li v\u0259 m\u0259qs\u0259dy\u00f6nl\u00fc f\u0259aliyy\u0259tinizd\u0259 yeni-yeni nailiyy\u0259tl\u0259r arzulay\u0131r\u0131q.\n\nRiyaziyyat v\u0259 Mexanika \u0130nstitutunun direktoru,\nAMEA-n\u0131n m\u00fcxbir \u00fczv\u00fc, professor Misir M\u0259rdanov\n<\/p>\n","protected":false},"excerpt":{"rendered":"<p>AMEA-n\u0131n Riyaziyyat v\u0259 Mexanika \u0130nstitutunun \u201cDiferensial t\u0259nlikl\u0259r\u201d \u015f\u00f6b\u0259sinin ba\u015f elmi i\u015f\u00e7isi, fizika-riyaziyyat elml\u0259ri doktoru, professor M\u0259mm\u0259d Bayramo\u011flunu 80 ya\u015f\u0131 tamam olur. \u018fziz v\u0259 h\u00f6rm\u0259tli M\u0259mm\u0259d m\u00fc\u0259llim! Sizi yar\u0131m\u0259srd\u0259n \u00e7ox i\u015fl\u0259diyiniz Az\u0259rbaycan Milli Elml\u0259r Akademiyas\u0131n\u0131n Riyaziyyat v\u0259 Mexanika \u0130nstitutunun \u0259m\u0259kda\u015flar\u0131 v\u0259 \u015f\u0259xs\u0259n \u00f6z ad\u0131mdan anadan olman\u0131z\u0131n 80 illiyi m\u00fcnasib\u0259til\u0259 s\u0259mimi q\u0259lbd\u0259n t\u0259brik edir, elm v\u0259 t\u0259hsil [&hellip;]<\/p>\n","protected":false},"author":6,"featured_media":0,"parent":0,"menu_order":0,"comment_status":"closed","ping_status":"closed","template":"","meta":{"footnotes":""},"_links":{"self":[{"href":"https:\/\/www.imm.az\/exp\/wp-json\/wp\/v2\/pages\/29574"}],"collection":[{"href":"https:\/\/www.imm.az\/exp\/wp-json\/wp\/v2\/pages"}],"about":[{"href":"https:\/\/www.imm.az\/exp\/wp-json\/wp\/v2\/types\/page"}],"author":[{"embeddable":true,"href":"https:\/\/www.imm.az\/exp\/wp-json\/wp\/v2\/users\/6"}],"replies":[{"embeddable":true,"href":"https:\/\/www.imm.az\/exp\/wp-json\/wp\/v2\/comments?post=29574"}],"version-history":[{"count":2,"href":"https:\/\/www.imm.az\/exp\/wp-json\/wp\/v2\/pages\/29574\/revisions"}],"predecessor-version":[{"id":29579,"href":"https:\/\/www.imm.az\/exp\/wp-json\/wp\/v2\/pages\/29574\/revisions\/29579"}],"wp:attachment":[{"href":"https:\/\/www.imm.az\/exp\/wp-json\/wp\/v2\/media?parent=29574"}],"curies":[{"name":"wp","href":"https:\/\/api.w.org\/{rel}","templated":true}]}}