{"id":29582,"date":"2020-01-21T13:25:56","date_gmt":"2020-01-21T09:25:56","guid":{"rendered":"http:\/\/www.imm.az\/exp\/?page_id=29582"},"modified":"2020-01-21T13:47:09","modified_gmt":"2020-01-21T09:47:09","slug":"optimal-idar%c9%99etm%c9%99-sob%c9%99sinin-bas-elmi-iscisi-f-r-e-d-prof-telman-m%c9%99likovun-70-yasi-munasib%c9%99ti-il%c9%99-t%c9%99brik-edirik","status":"publish","type":"page","link":"https:\/\/www.imm.az\/exp\/optimal-idar%c9%99etm%c9%99-sob%c9%99sinin-bas-elmi-iscisi-f-r-e-d-prof-telman-m%c9%99likovun-70-yasi-munasib%c9%99ti-il%c9%99-t%c9%99brik-edirik\/","title":{"rendered":"\u201cOptimal idar\u0259etm\u0259\u201d \u015f\u00f6b\u0259sinin ba\u015f elmi i\u015f\u00e7isi f.-r.e.d., prof. Telman M\u0259likovun 70 ya\u015f\u0131 m\u00fcnasib\u0259ti il\u0259 t\u0259brik edirik!"},"content":{"rendered":"\n<div class=\"wp-block-image\"><figure class=\"alignleft size-large is-resized\"><img loading=\"lazy\" decoding=\"async\" src=\"https:\/\/www.imm.az\/exp\/wp-content\/uploads\/2020\/01\/download.jpg\" alt=\"\" class=\"wp-image-29583\" width=\"159\" height=\"143\"\/><\/figure><\/div>\n\n\n\n<p class=\"has-text-align-justify\">Riyaziyyat\nv\u0259 Mexanika \u0130nstitutunun \u201cOptimal idar\u0259etm\u0259\u201d \u015f\u00f6b\u0259sinin ba\u015f elmi i\u015f\u00e7isi <em>f.-r.e.d., prof. <\/em><strong>Telman Qulu o\u011flu M\u0259likovun <\/strong>70 ya\u015f\u0131 tamam\nolur. <strong><\/strong><\/p>\n\n\n<p class=\"has-text-align-justify\" style=\"text-align: justify;\">M\u0259likov Telman Qulu o\u011flu 5 yanvar 1950-ci ild\u0259 Bak\u0131 \u015f\u0259h\u0259rind\u0259 anadan olmu\u015fdur. <a href=\"https:\/\/az.wikipedia.org\/wiki\/1972\">1972<\/a>-ci ild\u0259 Az\u0259rbaycan D\u00f6vl\u0259t Universitetinin (indiki&nbsp;<a href=\"https:\/\/az.wikipedia.org\/wiki\/BDU\">BDU<\/a>) Mexanika-riyaziyyat fak\u00fclt\u0259sini f\u0259rql\u0259nm\u0259 diplomu il\u0259 bitirmi\u015f, h\u0259min ild\u0259 t\u0259yinatla indiki&nbsp;<a href=\"https:\/\/az.wikipedia.org\/wiki\/G%C9%99nc%C9%99_D%C3%B6vl%C9%99t_Universiteti\">G\u0259nc\u0259 D\u00f6vl\u0259t Universitetin\u0259<\/a>&nbsp;m\u00fc\u0259llim g\u00f6nd\u0259rilmi\u015fdir. 1972-1975-ci illl\u0259rd\u0259 BDU-nun Aspirant\u0131 olmu\u015fdu. <a href=\"https:\/\/az.wikipedia.org\/wiki\/1976\">1976<\/a>&#8211;<a href=\"https:\/\/az.wikipedia.org\/wiki\/1977\">1977<\/a>-ci ill\u0259rd\u0259 G\u0259nc\u0259 D\u00f6vl\u0259t Universitetind\u0259 i\u015fl\u0259mi\u015fdir. 1977-ci ild\u0259n 2013-c\u00fc il\u0259d\u0259k Az\u0259rbaycan Texnologiya Universitetind\u0259 (G\u0259nc\u0259 \u015f\u0259h\u0259ri) i\u015fl\u0259mi\u015fdi. 1990-c\u0131 ild\u0259n 2005-ci il\u0259d\u0259k Ali riyaziyyat kafedras\u0131n\u0131n m\u00fcdiri olmu\u015fdu. 11.01.2000-ci ild\u0259n 13.03.2013-cu il\u0259d\u0259k universitetin rektor v\u0259zif\u0259sini icra etmi\u015fdir. 2014-c\u00fc ild\u0259n &nbsp;AMEA-n\u0131n Riyaziyyat v\u0259 Mexanika \u0130nstitunda i\u015fl\u0259yir.<\/p>\n\n\n<p class=\"has-text-align-justify\" style=\"text-align: justify;\">T.Q.M\u0259likov 1972-ci ild\u0259 ADU-nun aspiranturas\u0131na daxil olmu\u015f, 1976-c\u0131 ild\u0259 \u00abB\u0259zi optimal sisteml\u0259rd\u0259 m\u0259xsusi prosesl\u0259rin t\u0259dqiqi\u00bb m\u00f6vzusunda 01.01.02-\u00abDiferensial v\u0259 inteqral t\u0259nlikl\u0259r\u00bb ixtisas\u0131 \u00fczr\u0259 namiz\u0259dlik dissertasiyas\u0131 m\u00fcdafi\u0259 ed\u0259r\u0259k fizika-riyaziyyat elml\u0259ri namiz\u0259di alimlik d\u0259r\u0259c\u0259si alm\u0131\u015fd\u0131r.<\/p>\n\n\n\n<p class=\"has-text-align-justify\" style=\"text-align: justify;\">Professor T.Q.M\u0259likov 2005-ci ild\u0259 01.01.09 &#8211; \u00abDiskret riyaziyyat v\u0259 riyazi kibernetika\u00bb ixtisas\u0131 \u00fczr\u0259 \u00abB\u0259zi optimal idar\u0259 m\u0259s\u0259l\u0259l\u0259rind\u0259 optimall\u0131q \u00fc\u00e7\u00fcn z\u0259ruri \u015f\u0259rtl\u0259r\u00bb m\u00f6vzusunda doktorluq dissertasiyas\u0131 m\u00fcdafi\u0259 ed\u0259r\u0259k fizika-riyaziyyat elml\u0259ri doktoru alimlik d\u0259r\u0259c\u0259si alm\u0131\u015fd\u0131r.<\/p>\n\n\n\n<p class=\"has-text-align-justify\" style=\"text-align: justify;\">T.Q.M\u0259likov 1992-ci ild\u0259n professordur. Professor\nT.Q.M\u0259likov&nbsp;<a href=\"https:\/\/az.wikipedia.org\/wiki\/Qo%C5%9Fqar_%C6%8Fhm%C9%99dov\">AMEA-n\u0131n m\u00fcxbir \u00fczv\u00fc Q.T.\u018fhm\u0259dovun Respublikam\u0131zda\nyaratd\u0131\u011f\u0131 optimal idar\u0259 m\u0259kt\u0259binin davam\u00e7\u0131lar\u0131ndan biridir.<\/a>&nbsp;T.Q.M\u0259likov adi diferensial, t\u0259nlikl\u0259r,\ninteqrodiferensial t\u0259nlikl\u0259r, Qursa-Darbu v\u0259 meyl ed\u0259n arqumentli t\u0259nlikl\u0259rl\u0259\nt\u0259svir olunan prosesl\u0259rd\u0259 optimall\u0131q \u00fc\u00e7\u00fcn birinci t\u0259rtib v\u0259 y\u00fcks\u0259k t\u0259rtib\nz\u0259ruri \u015f\u0259rtl\u0259r almaq \u00fc\u00e7\u00fcn yeni \u00fcsull\u0430r t\u0259klif etmi\u015fdir. Onun t\u0259klif etdiyi\n\u00fcsull\u0430r son vaxtlara q\u0259d\u0259r ara\u015fd\u0131r\u0131lmas\u0131 m\u00fcmk\u00fcn olmayan bir \u00e7ox m\u0259s\u0259l\u0259l\u0259rd\u0259\n(m\u0259s\u0259l\u0259n, neytral tip t\u0259nlikl\u0259rl\u0259 t\u0259svir olunan prosesl\u0259rd\u0259) optimall\u0131q \u00fc\u00e7\u00fcn\nPontryaqinin maksimum prinsipi tipli z\u0259ruri \u015f\u0259rtl\u0259r v\u0259 m\u00fcxt\u0259lif m\u0259nalarda\nm\u0259xsusi idar\u0259l\u0259rin optimall\u0131\u011f\u0131 \u00fc\u00e7\u00fcn z\u0259ruri \u015f\u0259rtl\u0259r alma\u011fa imkan verir.\nT.Q.M\u0259likov 90-dan \u00e7ox elmi m\u0259qal\u0259nin o c\u00fcml\u0259d\u0259n 3 d\u0259rs v\u0259saitinin, 3\nmonoqrafiyan\u0131n, 10-dan \u00e7ox ixtira v\u0259 patentin m\u00fc\u0259llifidir. Elmi \u0259s\u0259rl\u0259ri Rusiya\nFederasiyas\u0131, AB\u015e, B\u00f6y\u00fck Britaniya v\u0259 s. \u00f6lk\u0259l\u0259rinin, el\u0259c\u0259 de Respublikam\u0131z\u0131n\ntan\u0131nm\u0131\u015f elmi jurnallar\u0131nda d\u0259rc olunmu\u015fdur.<\/p>\n\n\n\n<p>Professor T.Q.M\u0259likov bir ne\u00e7\u0259 elmi t\u0259dqiqat\u00e7\u0131n\u0131n elmi\nr\u0259hb\u0259ri v\u0259&nbsp;<a href=\"https:\/\/az.wikipedia.org\/wiki\/%C4%B0lqar_M%C9%99mm%C9%99dov_(riyaziyyat%C3%A7%C4%B1)\">bir n\u0259f\u0259r t\u0259dqiqat\u00e7\u0131n\u0131n doktorluq i\u015fi \u00fczr\u0259 elmi\nm\u0259sl\u0259h\u0259t\u00e7i<\/a>&nbsp;olmu\u015fdur.<\/p>\n\n\n\n<p class=\"has-text-align-justify\" style=\"text-align: justify;\">Professor M\u0259likov Telman Qulu o\u011flu 2002-ci ild\u0259\nt\u0259hsild\u0259 qazand\u0131\u011f\u0131 nailiyy\u0259tl\u0259r\u0259 g\u00f6r\u0259 Fransan\u0131n S\u0259nayey\u0259 Yard\u0131m Assosiasiyas\u0131n\u0131n\n\u201cQ\u0131z\u0131l Medal\u201d\u0131 il\u0259 t\u0259ltif olunmu\u015fdur.<\/p>\n\n\n\n<p class=\"has-text-align-justify\" style=\"text-align: justify;\"><a href=\"https:\/\/az.wikipedia.org\/wiki\/Az%C9%99rbaycan_Milli_Elml%C9%99r_Akademiyas%C4%B1\">Az\u0259rbaycan Milli Elml\u0259r\nAkademiyas\u0131<\/a>&nbsp;Kibernetika\n\u0130nstitutunun 01.01.09 \u00abDiskret riyaziyyat v\u0259 riyazi kibernetika\u00bb ixtisas\u0131 \u00fczr\u0259\nelml\u0259r doktorlar\u0131 v\u0259 elml\u0259r namiz\u0259dl\u0259ri m\u00fcdafi\u0259 \u015furas\u0131n\u0131n \u00fczv\u00fcd\u00fcr.\n\n\u0130nstitutun kollektivi Telman\nm\u00fc\u0259llimi 70 ya\u015f\u0131 tamam olmas\u0131 m\u00fcnasib\u0259til\u0259 t\u0259brik edir, ona insan h\u0259yat\u0131 \u00fc\u00e7\u00fcn\n\u0259n d\u0259y\u0259rli olan nem\u0259t olan can sa\u011fl\u0131\u011f\u0131, uzun \u00f6m\u00fcr, elmi f\u0259aliyy\u0259tind\u0259\nm\u00fcv\u0259ff\u0259qiyy\u0259tl\u0259r arzulay\u0131r. \n\n\n\n<\/p>\n\n\n\n<p><\/p>\n","protected":false},"excerpt":{"rendered":"<p>Riyaziyyat v\u0259 Mexanika \u0130nstitutunun \u201cOptimal idar\u0259etm\u0259\u201d \u015f\u00f6b\u0259sinin ba\u015f elmi i\u015f\u00e7isi f.-r.e.d., prof. Telman Qulu o\u011flu M\u0259likovun 70 ya\u015f\u0131 tamam olur. M\u0259likov Telman Qulu o\u011flu 5 yanvar 1950-ci ild\u0259 Bak\u0131 \u015f\u0259h\u0259rind\u0259 anadan olmu\u015fdur. 1972-ci ild\u0259 Az\u0259rbaycan D\u00f6vl\u0259t Universitetinin (indiki&nbsp;BDU) Mexanika-riyaziyyat fak\u00fclt\u0259sini f\u0259rql\u0259nm\u0259 diplomu il\u0259 bitirmi\u015f, h\u0259min ild\u0259 t\u0259yinatla indiki&nbsp;G\u0259nc\u0259 D\u00f6vl\u0259t Universitetin\u0259&nbsp;m\u00fc\u0259llim g\u00f6nd\u0259rilmi\u015fdir. 1972-1975-ci illl\u0259rd\u0259 BDU-nun Aspirant\u0131 [&hellip;]<\/p>\n","protected":false},"author":6,"featured_media":0,"parent":0,"menu_order":0,"comment_status":"closed","ping_status":"closed","template":"","meta":{"footnotes":""},"_links":{"self":[{"href":"https:\/\/www.imm.az\/exp\/wp-json\/wp\/v2\/pages\/29582"}],"collection":[{"href":"https:\/\/www.imm.az\/exp\/wp-json\/wp\/v2\/pages"}],"about":[{"href":"https:\/\/www.imm.az\/exp\/wp-json\/wp\/v2\/types\/page"}],"author":[{"embeddable":true,"href":"https:\/\/www.imm.az\/exp\/wp-json\/wp\/v2\/users\/6"}],"replies":[{"embeddable":true,"href":"https:\/\/www.imm.az\/exp\/wp-json\/wp\/v2\/comments?post=29582"}],"version-history":[{"count":5,"href":"https:\/\/www.imm.az\/exp\/wp-json\/wp\/v2\/pages\/29582\/revisions"}],"predecessor-version":[{"id":29594,"href":"https:\/\/www.imm.az\/exp\/wp-json\/wp\/v2\/pages\/29582\/revisions\/29594"}],"wp:attachment":[{"href":"https:\/\/www.imm.az\/exp\/wp-json\/wp\/v2\/media?parent=29582"}],"curies":[{"name":"wp","href":"https:\/\/api.w.org\/{rel}","templated":true}]}}