{"id":2994,"date":"2014-07-17T14:43:24","date_gmt":"2014-07-17T09:43:24","guid":{"rendered":"http:\/\/www.imm.az\/exp\/?page_id=2994"},"modified":"2018-12-03T14:30:48","modified_gmt":"2018-12-03T10:30:48","slug":"riyazi-analiz-sob%c9%99si-xarici-ezamiyy%c9%99tl%c9%99r","status":"publish","type":"page","link":"https:\/\/www.imm.az\/exp\/xarici-ezamiyy%c9%99tl%c9%99r\/riyazi-analiz-sob%c9%99si-xarici-ezamiyy%c9%99tl%c9%99r\/","title":{"rendered":"Riyazi analiz \u015f\u00f6b\u0259si &#8211; xarici ezamiyy\u0259tl\u0259r"},"content":{"rendered":"<ol>\n<li><a href=\"\/exp\/?p=21643\">Az\u0259rbaycan\u0131n riyaziyyat\u00e7\u0131 aliml\u0259ri Moskvada beyn\u0259lxalq konfransda i\u015ftirak edibl\u0259r<\/a><\/li>\n<li><a href=\"\/exp\/?p=18767\">Aliml\u0259rimiz \u201cHarmonik analiz v\u0259 operatorlar n\u0259z\u0259riyy\u0259sinin m\u00fcasir metodlar\u0131, probleml\u0259ri v\u0259 t\u0259tbiql\u0259ri VIII\u201d adl\u0131 beyn\u0259lxalq konfransda i\u015ftirak edibl\u0259r<\/a><\/li>\n<li style=\"text-align: justify;\"><a href=\"\/exp\/?page_id=9993\">Riyazi analiz \u015f\u00f6b\u0259sinin m\u00fcdiri, AMEA-n\u0131n m\u00fcxbir \u00fczv\u00fc, prof. Vaqif S. Quliyev &#8220;Sobolev Reading&#8221; beyn\u0259lxalq konfrans\u0131nda &#8220;invite lecturer&#8221; (d\u0259v\u0259tli m\u0259ruz\u0259\u00e7i) qismind\u0259 \u00e7\u0131x\u0131\u015f etmi\u015fdir<\/a><\/li>\n<li style=\"text-align: justify;\"><a href=\"\/exp\/?page_id=8758\">AMEA-n\u0131n m\u00fcxbir \u00fczv\u00fc, prof. Vaqif Sabir o\u011flu Quliyev T\u00fcrkiy\u0259nin Ahi Evran Universitetind\u0259 ke\u00e7iril\u0259n of Analysis and its Applications (\u0130CAA) beyn\u0259lxalq konfransda \u00e7\u0131x\u0131\u015f edib<\/a><\/li>\n<li style=\"text-align: justify;\"><a href=\"\/exp\/?p=7865\">AMEA-n\u0131n m\u00fcxbir \u00fczv\u00fc, professor Vaqif Sabir o\u011flu Quliyev, r.e.d. R\u00f6v\u015f\u0259n B\u0259nd\u0259liyev v\u0259 e.i. F\u0259tayi \u0130sayev 17.03.2016-04.04.2016 tarixl\u0259rind\u0259 T\u00fcrkiy\u0259nin Ankara Universitetind\u0259 elmi ezamiyy\u0259td\u0259 olmu\u015flar<\/a><\/li>\n<li style=\"text-align: justify;\"><a href=\"\/exp\/?page_id=7479\">AMEA-n\u0131n m\u00fcxbir \u00fczvi, professor Vaqif Quliyev v\u0259 dos. M\u00fcbariz Hac\u0131b\u0259yov 23.01.2016-01.02.2016 tarixl\u0259rind\u0259 T\u00fcrkiy\u0259d\u0259 elmi ezamiyy\u0259td\u0259 olmu\u015flar<\/a><\/li>\n<li style=\"text-align: justify;\"><a href=\"\/exp\/?p=6944\">Professor Vaqif Guliyev, dos. Elman \u0130brahimov, r.\u00fc.f.d. Mehriban \u00d6m\u0259rova T\u00fcrkiy\u0259d\u0259 elmi ezamiyy\u0259td\u0259 olmu\u015flar<\/a><\/li>\n<li style=\"text-align: justify;\"><a href=\"\/exp\/?page_id=6459\">Riyazi analiz \u015f\u00f6b\u0259sinin m\u00fcdiri, AMEA-n\u0131n m\u00fcxbir \u00fczvi, f.-r.e.d., prof. Vaqif Guliyev T\u00fcrkiy\u0259nin Ahi Evran Universitetind\u0259 ezamiyy\u0259td\u0259 olmu\u015fdur<\/a><\/li>\n<li style=\"text-align: justify;\"><a href=\"\/exp\/?page_id=5909\">Prof. V.S. Guliyev Rusiyan\u0131n Steklov ad\u0131na Riyaziyyat \u0130nstitutunda akad. S.M. Nikolskinin 110 illik yubileyin\u0259 h\u0259sr olunmu\u015f beyn\u0259lxalq elmi konfransda i\u015ftirak etmi\u015fdir.<\/a><\/li>\n<li style=\"text-align: justify;\"><a href=\"\/exp\/?p=5450\">Riyazi analiz \u015f\u00f6b\u0259sinin m\u00fcdiri, AMEA-n\u0131n m\u00fcxbir \u00fczvi, f.-r.e.d., prof. Vaqif Guliyev T\u00fcrkiy\u0259nin Y\u0131ld\u0131z Texnik Universitetind\u0259 ezamiyy\u0259td\u0259 olmu\u015fdur<\/a><\/li>\n<li style=\"text-align: justify;\"><a title=\"\u201cQafqaz \u00f6lk\u0259l\u0259rinin riyaziyyat c\u0259miyy\u0259tl\u0259rinin konfrans\u0131\u201d adl\u0131 beyn\u0259lxalq konfrasda Az\u0259rbaycan\u0131 AMEA Riyaziyyat v\u0259 Mexanika \u0130nstitutunun aliml\u0259ri t\u0259msil edibl\u0259r\" href=\"\/exp\/?p=3055\">&#8220;Qafqaz \u00f6lk\u0259l\u0259rinin riyaziyyat c\u0259miyy\u0259tl\u0259rinin konfrans\u0131\u201d adl\u0131 beyn\u0259lxalq konfrasda Az\u0259rbaycan\u0131 AMEA Riyaziyyat v\u0259 Mexanika \u0130nstitutunun aliml\u0259ri t\u0259msil edibl\u0259r<\/a><\/li>\n<li style=\"text-align: justify;\"><a href=\"\/exp\/?p=2812\">AMEA-n\u0131n m\u00fcxbir \u00fczvi, AMEA Riyaziyyat v\u0259 Mexanika \u0130nstitutunun riyazi analiz \u015f\u00f6b\u0259sinin m\u00fcdiri, f.-r.e.d., prof. Vaqif Guliyev Padova Universitetind\u0259 \u201cDoctor of Philosophy\u201d Mathematics m\u00fcdafi\u0259 komissiyas\u0131nda opponent kimi i\u015ftirak etmi\u015fdir.<\/a><\/li>\n<li style=\"text-align: justify;\"><a href=\"\/exp\/?p=2246\">Riyaziyyat v\u0259 Mexanika \u0130nstitutunun riyazi analiz \u015f\u00f6b\u0259sinin apar\u0131c\u0131 elmi i\u015f\u00e7isi, riyaziyyat \u00fczr\u0259 f\u0259ls\u0259f\u0259 doktoru R\u00f6v\u015f\u0259n B\u0259nd\u0259liyev 27 may-3 iyun tarixl\u0259rind\u0259 Rusiyan\u0131n Novorossiysk \u015f\u0259h\u0259rind\u0259 ke\u00e7iril\u0259n &#8220;Fourier series and its applications&#8221; adl\u0131 Beyn\u0259lxalq konfransda i\u015ftirak etmi\u015fdir.<\/a><\/li>\n<li style=\"text-align: justify;\"><a href=\"\/exp\/?p=2069\">RM\u0130-nin \u201cRiyazi analiz\u201d \u015f\u00f6b\u0259sinin m\u00fcdiri, f.-r.e.d., prof. Vaqif S.Guliyev T\u00fcrkiy\u0259nin Dumlupinar Universiteti v\u0259 Ahi Evran Universitetind\u0259 elmi ezamiyy\u0259td\u0259 olmu\u015fdur.<\/a><\/li>\n<\/ol>\n","protected":false},"excerpt":{"rendered":"<p>Az\u0259rbaycan\u0131n riyaziyyat\u00e7\u0131 aliml\u0259ri Moskvada beyn\u0259lxalq konfransda i\u015ftirak edibl\u0259r Aliml\u0259rimiz \u201cHarmonik analiz v\u0259 operatorlar n\u0259z\u0259riyy\u0259sinin m\u00fcasir metodlar\u0131, probleml\u0259ri v\u0259 t\u0259tbiql\u0259ri VIII\u201d adl\u0131 beyn\u0259lxalq konfransda i\u015ftirak edibl\u0259r Riyazi analiz \u015f\u00f6b\u0259sinin m\u00fcdiri, AMEA-n\u0131n m\u00fcxbir \u00fczv\u00fc, prof. Vaqif S. Quliyev &#8220;Sobolev Reading&#8221; beyn\u0259lxalq konfrans\u0131nda &#8220;invite lecturer&#8221; (d\u0259v\u0259tli m\u0259ruz\u0259\u00e7i) qismind\u0259 \u00e7\u0131x\u0131\u015f etmi\u015fdir AMEA-n\u0131n m\u00fcxbir \u00fczv\u00fc, prof. Vaqif Sabir o\u011flu Quliyev [&hellip;]<\/p>\n","protected":false},"author":6,"featured_media":0,"parent":2895,"menu_order":0,"comment_status":"open","ping_status":"open","template":"","meta":{"footnotes":""},"_links":{"self":[{"href":"https:\/\/www.imm.az\/exp\/wp-json\/wp\/v2\/pages\/2994"}],"collection":[{"href":"https:\/\/www.imm.az\/exp\/wp-json\/wp\/v2\/pages"}],"about":[{"href":"https:\/\/www.imm.az\/exp\/wp-json\/wp\/v2\/types\/page"}],"author":[{"embeddable":true,"href":"https:\/\/www.imm.az\/exp\/wp-json\/wp\/v2\/users\/6"}],"replies":[{"embeddable":true,"href":"https:\/\/www.imm.az\/exp\/wp-json\/wp\/v2\/comments?post=2994"}],"version-history":[{"count":6,"href":"https:\/\/www.imm.az\/exp\/wp-json\/wp\/v2\/pages\/2994\/revisions"}],"predecessor-version":[{"id":21658,"href":"https:\/\/www.imm.az\/exp\/wp-json\/wp\/v2\/pages\/2994\/revisions\/21658"}],"up":[{"embeddable":true,"href":"https:\/\/www.imm.az\/exp\/wp-json\/wp\/v2\/pages\/2895"}],"wp:attachment":[{"href":"https:\/\/www.imm.az\/exp\/wp-json\/wp\/v2\/media?parent=2994"}],"curies":[{"name":"wp","href":"https:\/\/api.w.org\/{rel}","templated":true}]}}