{"id":2997,"date":"2014-07-17T14:45:37","date_gmt":"2014-07-17T09:45:37","guid":{"rendered":"http:\/\/www.imm.az\/exp\/?page_id=2997"},"modified":"2019-07-11T12:18:12","modified_gmt":"2019-07-11T08:18:12","slug":"c%c9%99br-v%c9%99-riyazi-m%c9%99ntiq-sob%c9%99si-xarici-ezamiyy%c9%99tl%c9%99r","status":"publish","type":"page","link":"https:\/\/www.imm.az\/exp\/xarici-ezamiyy%c9%99tl%c9%99r\/c%c9%99br-v%c9%99-riyazi-m%c9%99ntiq-sob%c9%99si-xarici-ezamiyy%c9%99tl%c9%99r\/","title":{"rendered":"C\u0259br v\u0259 riyazi m\u0259ntiq \u015f\u00f6b\u0259si &#8211; xarici ezamiyy\u0259tl\u0259r"},"content":{"rendered":"<ol>\n<li><a href=\"\/exp\/?p=25349\">Riyaziyyat v\u0259 Mexanika \u0130nstitutunun alimi beyn\u0259lxalq konfransda i\u015ftirak edib<\/a><\/li>\n<li style=\"text-align: justify;\"><a title=\"\u201cC\u0259br v\u0259 riyazi m\u0259ntiq\u201d \u015f\u00f6b\u0259sinin m\u00fcdiri \u018fli Babayev Rusiya Elml\u0259r Akademiyas\u0131n\u0131n V.A.Steklov ad\u0131na Riyaziyyat \u0130ntitutunun Sankt-Peterburq filial\u0131nda seminarda \u201cN\u0259sir\u0259ddin Tusinin riyazi \u0259s\u0259rl\u0259ri haqq\u0131nda\u201d m\u00f6vzusunda m\u0259ruz\u0259 etmi\u015fdir\" href=\"\/exp\/?p=5129\">&#8220;C\u0259br v\u0259 riyazi m\u0259ntiq&#8221; \u015f\u00f6b\u0259sinin m\u00fcdiri \u018fli Babayev Rusiya Elml\u0259r Akademiyas\u0131n\u0131n V.A.Steklov ad\u0131na Riyaziyyat \u0130ntitutunun Sankt-Peterburq filial\u0131nda seminarda &#8220;N\u0259sir\u0259ddin Tusinin riyazi \u0259s\u0259rl\u0259ri haqq\u0131nda&#8221; m\u00f6vzusunda m\u0259ruz\u0259 etmi\u015fdir.<\/a><\/li>\n<li style=\"text-align: justify;\"><a href=\"\/exp\/?p=2592\">C\u0259br v\u0259 riyazi m\u0259ntiq \u015f\u00f6b\u0259sinin ba\u015f elmi i\u015f\u00e7isi, professor Yuriy Turovskiy elmi ezamiyy\u0259t\u0259 d\u0259v\u0259t olunub.<\/a><\/li>\n<\/ol>\n","protected":false},"excerpt":{"rendered":"<p>Riyaziyyat v\u0259 Mexanika \u0130nstitutunun alimi beyn\u0259lxalq konfransda i\u015ftirak edib &#8220;C\u0259br v\u0259 riyazi m\u0259ntiq&#8221; \u015f\u00f6b\u0259sinin m\u00fcdiri \u018fli Babayev Rusiya Elml\u0259r Akademiyas\u0131n\u0131n V.A.Steklov ad\u0131na Riyaziyyat \u0130ntitutunun Sankt-Peterburq filial\u0131nda seminarda &#8220;N\u0259sir\u0259ddin Tusinin riyazi \u0259s\u0259rl\u0259ri haqq\u0131nda&#8221; m\u00f6vzusunda m\u0259ruz\u0259 etmi\u015fdir. C\u0259br v\u0259 riyazi m\u0259ntiq \u015f\u00f6b\u0259sinin ba\u015f elmi i\u015f\u00e7isi, professor Yuriy Turovskiy elmi ezamiyy\u0259t\u0259 d\u0259v\u0259t olunub.<\/p>\n","protected":false},"author":6,"featured_media":0,"parent":2895,"menu_order":0,"comment_status":"open","ping_status":"open","template":"","meta":{"footnotes":""},"_links":{"self":[{"href":"https:\/\/www.imm.az\/exp\/wp-json\/wp\/v2\/pages\/2997"}],"collection":[{"href":"https:\/\/www.imm.az\/exp\/wp-json\/wp\/v2\/pages"}],"about":[{"href":"https:\/\/www.imm.az\/exp\/wp-json\/wp\/v2\/types\/page"}],"author":[{"embeddable":true,"href":"https:\/\/www.imm.az\/exp\/wp-json\/wp\/v2\/users\/6"}],"replies":[{"embeddable":true,"href":"https:\/\/www.imm.az\/exp\/wp-json\/wp\/v2\/comments?post=2997"}],"version-history":[{"count":5,"href":"https:\/\/www.imm.az\/exp\/wp-json\/wp\/v2\/pages\/2997\/revisions"}],"predecessor-version":[{"id":25434,"href":"https:\/\/www.imm.az\/exp\/wp-json\/wp\/v2\/pages\/2997\/revisions\/25434"}],"up":[{"embeddable":true,"href":"https:\/\/www.imm.az\/exp\/wp-json\/wp\/v2\/pages\/2895"}],"wp:attachment":[{"href":"https:\/\/www.imm.az\/exp\/wp-json\/wp\/v2\/media?parent=2997"}],"curies":[{"name":"wp","href":"https:\/\/api.w.org\/{rel}","templated":true}]}}