{"id":31463,"date":"2020-04-29T19:20:49","date_gmt":"2020-04-29T15:20:49","guid":{"rendered":"http:\/\/www.imm.az\/exp\/?page_id=31463"},"modified":"2024-06-12T08:26:33","modified_gmt":"2024-06-12T04:26:33","slug":"members-of-the-dissertation-council-2","status":"publish","type":"page","link":"https:\/\/www.imm.az\/exp\/members-of-the-dissertation-council-2\/","title":{"rendered":"Members of the Dissertation Council"},"content":{"rendered":"<div class=\"table-responsive\">\n<table>\n<thead>\n<tr>\n<th>\u2116<\/th>\n<th>Ad\u0131, atas\u0131n\u0131n ad\u0131, soyad\u0131<\/th>\n<th>Elmi d\u0259r\u0259c\u0259si, \u015eurada ixtisas\u0131n\u0131n \u015fifri<\/th>\n<\/tr>\n<\/thead>\n<tbody>\n<tr>\n<td>1<\/td>\n<td>Mardanov Misir Jumail oglu<br \/>\nchairman<\/td>\n<td>corr. member of ANAS, prof. 1214.01<\/td>\n<\/tr>\n<tr>\n<td>2<\/td>\n<td>Akhundov Adalat Yavuz oglu<br \/>\nco-chairman<\/td>\n<td>doct. phys. math.sci., prof. 1211.01<\/td>\n<\/tr>\n<tr>\n<td>3<\/td>\n<td>Guliyev Abdurrahim Farman scien.secr.<\/td>\n<td>cand. phys. math. sci. 1211.01<\/td>\n<\/tr>\n<tr>\n<td>4<\/td>\n<td>Aslanov Hamidulla Istrafil<\/td>\n<td>doct. phys. math.sci., prof. 1202.01<\/td>\n<\/tr>\n<tr>\n<td>5<\/td>\n<td>Aydazadeh Kamil Rajab<\/td>\n<td>corr. member of ANAS, prof. \u00a01214.01<\/td>\n<\/tr>\n<tr>\n<td>6<\/td>\n<td>Bilalov Bilal Telman oglu<\/td>\n<td>corr. member of ANAS, prof. 1202.01<\/td>\n<\/tr>\n<tr>\n<td>7<\/td>\n<td>Bandaliyev Rovshan Alifaga<\/td>\n<td>doct. phys. math.sci., doc. 1202.01<\/td>\n<\/tr>\n<tr>\n<td>8<\/td>\n<td>Mustafayev Heybatgulu Safar<\/td>\n<td>doct. phys. math.sci., prof. 1202.01<\/td>\n<\/tr>\n<tr>\n<td>9<\/td>\n<td>Huseynov Hidayat Mahammad<\/td>\n<td>doct. phys. math.sci., prof. 1202.01<\/td>\n<\/tr>\n<tr>\n<td>10<\/td>\n<td>Iskenderov Nizameddin Shirin oglu<\/td>\n<td>doct. phys. math.sci., prof. 1211.01<\/td>\n<\/tr>\n<tr>\n<td>11<\/td>\n<td>Kerimov Nazim Bakhish<\/td>\n<td>doct. phys. math.sci., prof. 1211.01<\/td>\n<\/tr>\n<tr>\n<td>12<\/td>\n<td>Mammadov Yusif Abulfat<\/td>\n<td>acad. of ANAS, prof. 1211.01<\/td>\n<\/tr>\n<tr>\n<td>13<\/td>\n<td>Najafov Alik Malik<\/td>\n<td>doct. phys. math.sci., prof. 1202.01<\/td>\n<\/tr>\n<tr>\n<td>14<\/td>\n<td>Guliyev Hamlet Farman oglu<\/td>\n<td>doct. phys. math.sci., prof. 1214.01<\/td>\n<\/tr>\n<tr>\n<td>15<\/td>\n<td>Gasymov Yusif Soltan<\/td>\n<td>doct. phys. math.sci. 1214.01<\/td>\n<\/tr>\n<tr>\n<td>16<\/td>\n<td>Gurbanov Veli Maharram<\/td>\n<td>doct. phys. math.sci., prof. 1211.01<\/td>\n<\/tr>\n<tr>\n<td>17<\/td>\n<td>Sadygov Misreddin Allahverdi<\/td>\n<td>doct. phys. math.sci., prof. 1214.01<\/td>\n<\/tr>\n<tr>\n<td>18<\/td>\n<td>Yusubov Shakir Shykhy<\/td>\n<td>doct. phys. math.sci., doc. 1214.01<\/td>\n<\/tr>\n<\/tbody>\n<\/table>\n<\/div>\n","protected":false},"excerpt":{"rendered":"<p>\u2116 Ad\u0131, atas\u0131n\u0131n ad\u0131, soyad\u0131 Elmi d\u0259r\u0259c\u0259si, \u015eurada ixtisas\u0131n\u0131n \u015fifri 1 Mardanov Misir Jumail oglu chairman corr. member of ANAS, prof. 1214.01 2 Akhundov Adalat Yavuz oglu co-chairman doct. phys. math.sci., prof. 1211.01 3 Guliyev Abdurrahim Farman scien.secr. cand. phys. math. sci. 1211.01 4 Aslanov Hamidulla Istrafil doct. phys. math.sci., prof. 1202.01 5 Aydazadeh Kamil [&hellip;]<\/p>\n","protected":false},"author":6,"featured_media":0,"parent":0,"menu_order":0,"comment_status":"open","ping_status":"open","template":"","meta":{"footnotes":""},"_links":{"self":[{"href":"https:\/\/www.imm.az\/exp\/wp-json\/wp\/v2\/pages\/31463"}],"collection":[{"href":"https:\/\/www.imm.az\/exp\/wp-json\/wp\/v2\/pages"}],"about":[{"href":"https:\/\/www.imm.az\/exp\/wp-json\/wp\/v2\/types\/page"}],"author":[{"embeddable":true,"href":"https:\/\/www.imm.az\/exp\/wp-json\/wp\/v2\/users\/6"}],"replies":[{"embeddable":true,"href":"https:\/\/www.imm.az\/exp\/wp-json\/wp\/v2\/comments?post=31463"}],"version-history":[{"count":2,"href":"https:\/\/www.imm.az\/exp\/wp-json\/wp\/v2\/pages\/31463\/revisions"}],"predecessor-version":[{"id":213279,"href":"https:\/\/www.imm.az\/exp\/wp-json\/wp\/v2\/pages\/31463\/revisions\/213279"}],"wp:attachment":[{"href":"https:\/\/www.imm.az\/exp\/wp-json\/wp\/v2\/media?parent=31463"}],"curies":[{"name":"wp","href":"https:\/\/api.w.org\/{rel}","templated":true}]}}