{"id":31993,"date":"2020-07-04T22:10:43","date_gmt":"2020-07-04T18:10:43","guid":{"rendered":"http:\/\/www.imm.az\/exp\/?page_id=31993"},"modified":"2021-01-12T18:27:53","modified_gmt":"2021-01-12T14:27:53","slug":"sob%c9%99l%c9%99rin-illik-hesabati-2020","status":"publish","type":"page","link":"https:\/\/www.imm.az\/exp\/sob%c9%99l%c9%99rin-illik-hesabati-2020\/","title":{"rendered":"\u015e\u00f6b\u0259l\u0259rin illik hesabat\u0131 \u2013 2020"},"content":{"rendered":"\n<p>2020 | <a href=\"https:\/\/www.imm.az\/exp\/sob%c9%99l%c9%99rin-illik-hesabati-2019\/\">2019 <\/a>| <a href=\"https:\/\/www.imm.az\/exp\/?page_id=21756\">2018<\/a> | <a href=\"https:\/\/www.imm.az\/exp\/?page_id=15381\">2017<\/a> | <a href=\"https:\/\/www.imm.az\/exp\/?page_id=9495\">2016<\/a> | <a href=\"https:\/\/www.imm.az\/exp\/?page_id=2893\">2015<\/a> |&nbsp;<a href=\"https:\/\/www.imm.az\/exp\/?page_id=6201\">2014<\/a>&nbsp;| <\/p>\n\n\n\n<p> \u015e\u00f6b\u0259l\u0259r <\/p>\n\n\n\n<ul><li><a href=\"https:\/\/www.imm.az\/exp\/wp-content\/uploads\/2020\/12\/2020ILLIK-HESABAT.pdf\">Funksional analiz \u015f\u00f6b\u0259si<\/a><\/li><li><a href=\"https:\/\/www.imm.az\/exp\/wp-content\/uploads\/2021\/01\/Az_RA-Illik_hesabat2020-QSA.pdf\">Riyazi analiz \u015f\u00f6b\u0259si<\/a><\/li><li><a href=\"https:\/\/www.imm.az\/exp\/wp-content\/uploads\/2020\/12\/Hesabat-2020.pdf\">Funksiyalar n\u0259z\u0259riyy\u0259si \u015f\u00f6b\u0259si<\/a><\/li><li><a href=\"https:\/\/www.imm.az\/exp\/wp-content\/uploads\/2020\/12\/DiftenlikHesabat-2020Az.pdf\">Diferensial t\u0259nlikl\u0259r \u015f\u00f6b\u0259si<\/a><\/li><li><a href=\"https:\/\/www.imm.az\/exp\/wp-content\/uploads\/2020\/12\/Hesabat-llik-2020-az.pdf\">Riyazi fizika t\u0259nlikl\u0259ri \u015f\u00f6b\u0259si<\/a><\/li><li><a href=\"https:\/\/www.imm.az\/exp\/wp-content\/uploads\/2021\/01\/DNHA-Annual-Report-2020_-AZERBAIJAN.pdf\">Qeyri-harmonik analiz \u015f\u00f6b\u0259si<\/a><\/li><li><a href=\"https:\/\/www.imm.az\/exp\/wp-content\/uploads\/2020\/12\/2020-illik-hesabat-az.pdf\">Elastiklik v\u0259 plastiklik n\u0259z\u0259riyy\u0259si \u015f\u00f6b\u0259si<\/a><\/li><li><a href=\"https:\/\/www.imm.az\/exp\/wp-content\/uploads\/2020\/12\/hesabat-2020-1-illik.pdf\">Dal\u011fa dinamikas\u0131 \u015f\u00f6b\u0259si<\/a><\/li><li><a href=\"https:\/\/www.imm.az\/exp\/wp-content\/uploads\/2020\/12\/srncklik_2020_hasabat_az.pdf\">S\u00fcr\u00fcnc\u0259klik n\u0259z\u0259riyy\u0259si \u015f\u00f6b\u0259si<\/a><\/li><li><a href=\"https:\/\/www.imm.az\/exp\/wp-content\/uploads\/2020\/12\/HESABAT_YEKUN_ILLIK_PANAHOV_2020_AZE.pdf\">Maye v\u0259 qaz mexanikas\u0131 \u015f\u00f6b\u0259si<\/a><\/li><li><a href=\"https:\/\/www.imm.az\/exp\/wp-content\/uploads\/2021\/01\/AZ_Hasan2020.pdf\">Hesablama riyaziyyat\u0131 v\u0259 informatika \u015f\u00f6b\u0259si<\/a><\/li><li><a href=\"https:\/\/www.imm.az\/exp\/wp-content\/uploads\/2020\/12\/hesabat-2020-cebr.pdf\">C\u0259br v\u0259 riyazi m\u0259ntiq \u015f\u00f6b\u0259si<\/a><\/li><li><a href=\"https:\/\/www.imm.az\/exp\/wp-content\/uploads\/2020\/12\/T\u0259dbiqi-riyaziyyat-sob\u0259sinin-2020-i-ilin-illik-hesabati-rus-dilinde.pdf\">T\u0259tbiqi riyaziyyat \u015f\u00f6b\u0259si<\/a><\/li><li><a href=\"https:\/\/www.imm.az\/exp\/wp-content\/uploads\/2021\/01\/1.-Optimal-idaretm-Hesabat-2020-az.pdf\">Optimal idar\u0259etm\u0259 \u015f\u00f6b\u0259si<\/a><\/li><li><a href=\"https:\/\/www.imm.az\/exp\/wp-content\/uploads\/2020\/12\/HESABAT_BES_2020_AZ.pdf\">Beyn\u0259lxalq \u0259laq\u0259l\u0259r \u015f\u00f6b\u0259si<\/a><\/li><li><a href=\"https:\/\/www.imm.az\/exp\/wp-content\/uploads\/2020\/12\/Illik-hesabat.pdf\">\u0130ctimaiyy\u0259tl\u0259 \u0259laq\u0259l\u0259r \u015f\u00f6b\u0259si<\/a><\/li><li>Riyaziyyat v\u0259 Mexanika institutunun kitabxanas\u0131<\/li><li><a href=\"https:\/\/www.imm.az\/exp\/wp-content\/uploads\/2020\/12\/azET-llik-hesabat-2020-.pdf\">Elmi \u2013texniki informasiya \u015f\u00f6b\u0259si<\/a><\/li><li><a href=\"https:\/\/www.imm.az\/exp\/wp-content\/uploads\/2021\/01\/hesabat-illik-az.pdf\">T\u0259hsil \u015f\u00f6b\u0259si<\/a><\/li><li><a href=\"https:\/\/www.imm.az\/exp\/wp-content\/uploads\/2021\/01\/AZERB_Lab_Elmi-Teshkilati-Fealiyyet.pdf\">Siqnallar\u0131n emal\u0131n\u0131n riyazi probleml\u0259ri laboratoriyas\u0131 <\/a><\/li><\/ul>\n\n\n\n<p> <strong>Jurnallar<\/strong>  <\/p>\n\n\n\n<ul><li> <a href=\"https:\/\/www.imm.az\/exp\/wp-content\/uploads\/2020\/12\/TRANSMECH_HESABAT_2020_AZ.pdf\">Az\u0259rbaycan Milli Elml\u0259r Akademiyas\u0131n\u0131n X\u0259b\u0259rl\u0259ri, Mexanika&nbsp;burax\u0131l\u0131\u015f\u0131, fizika-texnika v\u0259 riyaziyyat elml\u0259ri<\/a>   <\/li><li><a href=\"https:\/\/www.imm.az\/exp\/wp-content\/uploads\/2020\/12\/Az_llik-Hesabat_TRANSACTIONS-2020.pdf\">Az\u0259rbaycan Milli Elml\u0259r Akademiyas\u0131n\u0131n X\u0259b\u0259rl\u0259ri, Riyaziyyat burax\u0131l\u0131\u015f\u0131, fizika &#8211; riyaziyyat v\u0259 texnika eml\u0259ri b\u00f6lm\u0259si<\/a><\/li><li><a href=\"https:\/\/www.imm.az\/exp\/wp-content\/uploads\/2020\/12\/Jurnal-hesabat-az-2020.pdf\">Riyaziyyat v\u0259 M\u0259xanika \u0130nstitutunun&nbsp;\u018fs\u0259rl\u0259ri jurnal\u0131<\/a><\/li><li><a href=\"https:\/\/www.imm.az\/exp\/wp-content\/uploads\/2021\/01\/Az_Azerbaijan-Journal-of-Mathematics_2020.pdf\">Az\u0259rbaycan Riyaziyyat jurnal\u0131<\/a><\/li><\/ul>\n","protected":false},"excerpt":{"rendered":"<p>2020 | 2019 | 2018 | 2017 | 2016 | 2015 |&nbsp;2014&nbsp;| \u015e\u00f6b\u0259l\u0259r Funksional analiz \u015f\u00f6b\u0259si Riyazi analiz \u015f\u00f6b\u0259si Funksiyalar n\u0259z\u0259riyy\u0259si \u015f\u00f6b\u0259si Diferensial t\u0259nlikl\u0259r \u015f\u00f6b\u0259si Riyazi fizika t\u0259nlikl\u0259ri \u015f\u00f6b\u0259si Qeyri-harmonik analiz \u015f\u00f6b\u0259si Elastiklik v\u0259 plastiklik n\u0259z\u0259riyy\u0259si \u015f\u00f6b\u0259si Dal\u011fa dinamikas\u0131 \u015f\u00f6b\u0259si S\u00fcr\u00fcnc\u0259klik n\u0259z\u0259riyy\u0259si \u015f\u00f6b\u0259si Maye v\u0259 qaz mexanikas\u0131 \u015f\u00f6b\u0259si Hesablama riyaziyyat\u0131 v\u0259 informatika \u015f\u00f6b\u0259si C\u0259br v\u0259 [&hellip;]<\/p>\n","protected":false},"author":6,"featured_media":0,"parent":0,"menu_order":0,"comment_status":"closed","ping_status":"closed","template":"","meta":{"footnotes":""},"_links":{"self":[{"href":"https:\/\/www.imm.az\/exp\/wp-json\/wp\/v2\/pages\/31993"}],"collection":[{"href":"https:\/\/www.imm.az\/exp\/wp-json\/wp\/v2\/pages"}],"about":[{"href":"https:\/\/www.imm.az\/exp\/wp-json\/wp\/v2\/types\/page"}],"author":[{"embeddable":true,"href":"https:\/\/www.imm.az\/exp\/wp-json\/wp\/v2\/users\/6"}],"replies":[{"embeddable":true,"href":"https:\/\/www.imm.az\/exp\/wp-json\/wp\/v2\/comments?post=31993"}],"version-history":[{"count":6,"href":"https:\/\/www.imm.az\/exp\/wp-json\/wp\/v2\/pages\/31993\/revisions"}],"predecessor-version":[{"id":33655,"href":"https:\/\/www.imm.az\/exp\/wp-json\/wp\/v2\/pages\/31993\/revisions\/33655"}],"wp:attachment":[{"href":"https:\/\/www.imm.az\/exp\/wp-json\/wp\/v2\/media?parent=31993"}],"curies":[{"name":"wp","href":"https:\/\/api.w.org\/{rel}","templated":true}]}}