{"id":32468,"date":"2020-10-14T22:41:51","date_gmt":"2020-10-14T18:41:51","guid":{"rendered":"http:\/\/www.imm.az\/exp\/?page_id=32468"},"modified":"2020-12-29T11:43:50","modified_gmt":"2020-12-29T07:43:50","slug":"yarimillik-hesabat-2020","status":"publish","type":"page","link":"https:\/\/www.imm.az\/exp\/yarimillik-hesabat-2020\/","title":{"rendered":"Yar\u0131millik hesabat \u2013 2020"},"content":{"rendered":"\n<p>2020 | <a href=\"https:\/\/www.imm.az\/exp\/yarimillik-hesabat-2019\/\">2019 <\/a>| <a href=\"\/exp\/?page_id=19785\">2018<\/a> | <a href=\"\/exp\/?page_id=13736\">2017<\/a>&nbsp;| <a href=\"\/exp\/?page_id=8664\">2016<\/a> |&nbsp;<a href=\"\/exp\/?page_id=2891\">2015<\/a>&nbsp;|&nbsp;<a href=\"\/exp\/?page_id=5285\">2014<\/a>&nbsp;|<\/p>\n\n\n\n<p>\u015e\u00f6b\u0259l\u0259r<\/p>\n\n\n\n<ul><li> <ul><li><a href=\"https:\/\/www.imm.az\/exp\/wp-content\/uploads\/2020\/12\/2020-yarimillik-hesabat.pdf\">Funksional analiz \u015f\u00f6b\u0259si<\/a><\/li><li><a href=\"https:\/\/www.imm.az\/exp\/wp-content\/uploads\/2019\/11\/AzRA-Yar\u0131mIllik_hesabat-25.06.2019.pdf\">R<\/a><a href=\"https:\/\/www.imm.az\/exp\/wp-content\/uploads\/2020\/11\/Riyazi-analiz.pdf\">iyazi analiz \u015f\u00f6b\u0259si<\/a><\/li><li><a href=\"https:\/\/www.imm.az\/exp\/wp-content\/uploads\/2020\/11\/Funksiyalar-n\u0259z\u0259riyy\u0259si.pdf\">Funksiyalar n\u0259z\u0259riyy\u0259si \u015f\u00f6b\u0259si<\/a><\/li><li><a href=\"https:\/\/www.imm.az\/exp\/wp-content\/uploads\/2020\/11\/Diferensial-t\u0259nlikl\u0259r.pdf\">Diferensial t\u0259nlikl\u0259r \u015f\u00f6b\u0259si<\/a><\/li><li><a href=\"https:\/\/www.imm.az\/exp\/wp-content\/uploads\/2020\/11\/R\u0130YAZ\u0130-F\u0130Z\u0130KA-T\u018fNL\u0130KL\u018fR\u0130.pdf\">Riyazi fizika t\u0259nlikl\u0259ri \u015f\u00f6b\u0259si<\/a><\/li><li><a href=\"https:\/\/www.imm.az\/exp\/wp-content\/uploads\/2020\/11\/Qeyri-harmonik-analiz.pdf\">Qeyri harmonik analiz \u015f\u00f6b\u0259si<\/a><\/li><li><a href=\"https:\/\/www.imm.az\/exp\/wp-content\/uploads\/2020\/11\/Elastiklik-v\u0259-plastiklik-n\u0259z\u0259riyy\u0259si.pdf\">Elastiklik v\u0259 plastiklik n\u0259z\u0259riyy\u0259si \u015f\u00f6b\u0259si<\/a><\/li><li><a href=\"https:\/\/www.imm.az\/exp\/wp-content\/uploads\/2020\/11\/Dal\u011fa-dinamikas\u0131.pdf\">Dal\u011fa dinamikas\u0131 \u015f\u00f6b\u0259si<\/a><\/li><li><a href=\"https:\/\/www.imm.az\/exp\/wp-content\/uploads\/2020\/11\/Dal\u011fa-dinamikas\u0131.pdf\">S\u00fcr\u00fcnc\u0259klik n<\/a><a href=\"https:\/\/www.imm.az\/exp\/wp-content\/uploads\/2020\/01\/s\u00fcr\u00fcnc\u0259klik-2019-yar\u0131millik-azeri.pdf\">\u0259z\u0259riyy\u0259<\/a><a href=\"https:\/\/www.imm.az\/exp\/wp-content\/uploads\/2020\/11\/S\u00fcr\u00fcnc\u0259klik-n\u0259z\u0259riyy\u0259si.pdf\">si \u015f\u00f6b\u0259si<\/a><\/li><li><a href=\"https:\/\/www.imm.az\/exp\/wp-content\/uploads\/2020\/11\/Maye-v\u0259-qaz-mexanikas\u0131.pdf\">Maye v\u0259 qaz mexanikas\u0131 \u015f\u00f6b\u0259si<\/a><\/li><li><a href=\"https:\/\/www.imm.az\/exp\/wp-content\/uploads\/2020\/11\/Hesablama-riyaziyyat\u0131-v\u0259-informatika.pdf\">Hesablama riyaziyyat\u0131 v\u0259 informatika \u015f\u00f6b\u0259si<\/a><\/li><li><a href=\"https:\/\/www.imm.az\/exp\/wp-content\/uploads\/2020\/12\/hesabat-yarimillik-2020.pdf\">C\u0259br v\u0259 riyazi m\u0259ntiq \u015f\u00f6b\u0259si<\/a><\/li><li><a href=\"https:\/\/www.imm.az\/exp\/wp-content\/uploads\/2020\/11\/T\u0259tbiqi-Riyaziyyat.pdf\">T\u0259tbiqi riyaziyyat \u015f\u00f6b\u0259si<\/a><\/li><li><a href=\"https:\/\/www.imm.az\/exp\/wp-content\/uploads\/2020\/11\/Optimal-\u0130dar\u0259etm\u0259.pdf\">Optimal idar\u0259etm\u0259 \u015f\u00f6b\u0259si<\/a><\/li><li>Riyaziyyat v\u0259 Mexanika institutunun kitabxanas\u0131<\/li><li><a href=\"https:\/\/www.imm.az\/exp\/wp-content\/uploads\/2020\/12\/az-Hesabat-ETI-yarmillik-2020.pdf\">Elmi \u2013texniki informasiya \u015f\u00f6b\u0259si<\/a><\/li><li><a href=\"https:\/\/www.imm.az\/exp\/wp-content\/uploads\/2019\/11\/az-1.pdf\">Beyn\u0259lxalq \u0259laq\u0259l\u0259r \u015f\u00f6b\u0259si<\/a><\/li><li><a href=\"https:\/\/www.imm.az\/exp\/wp-content\/uploads\/2020\/12\/Hesabat-yarimillik.pdf\">\u0130ctimaiyy\u0259tl\u0259 \u0259laq\u0259l\u0259r \u015f\u00f6b\u0259si<\/a><\/li><li><a href=\"https:\/\/www.imm.az\/exp\/wp-content\/uploads\/2020\/12\/YARIM-ILLIK-2020.pdf\">T\u0259hsil \u015f\u00f6b\u0259si<\/a><\/li><li><a href=\"https:\/\/www.imm.az\/exp\/wp-content\/uploads\/2020\/11\/Siqnallar\u0131n-emal\u0131n\u0131n-riyazi-probleml\u0259ri.pdf\">\u201cSiqnallar\u0131n emal\u0131n\u0131n riyazi probleml\u0259ri\u201d laboratoriyas\u0131 <\/a><\/li><\/ul><\/li><\/ul>\n\n\n\n<p>Jurnallar<\/p>\n\n\n\n<ul><li><a href=\"https:\/\/www.imm.az\/exp\/wp-content\/uploads\/2020\/12\/Az_Yarimillik-Hesabat_TRANSACTIONS-2020.pdf\">Az\u0259rbaycan Milli Elml\u0259r Akademiyas\u0131n\u0131n X\u0259b\u0259rl\u0259ri, Riyaziyyat burax\u0131l\u0131\u015f\u0131,\u00a0 fizika-riyaziyyat v\u0259 texnika elml\u0259ri b\u00f6lm\u0259si<\/a><\/li><li><a href=\"https:\/\/www.imm.az\/exp\/wp-content\/uploads\/2020\/12\/Jurnal-hesabat-2020-I-yarmil-jurnal.pdf\">Riyaziyyat v\u0259 M\u0259xanika \u0130nstitutunun\u00a0\u018fs\u0259rl\u0259ri jurnal\u0131<\/a><\/li><li>Az\u0259rbaycan Riyaziyyat jurnal\u0131<\/li><li><a href=\"https:\/\/www.imm.az\/exp\/wp-content\/uploads\/2020\/12\/HESABAT_BES_2020_I_YARIMILLIK_AZ.pdf\">Az\u0259rbaycan Milli Elml\u0259r Akademiyas\u0131n\u0131n X\u0259b\u0259rl\u0259ri, Mexanika\u00a0burax\u0131l\u0131\u015f\u0131,<br>fizika-riyaziyyat v\u0259 texnika elml\u0259ri b\u00f6lm\u0259si<\/a><\/li><\/ul>\n","protected":false},"excerpt":{"rendered":"<p>2020 | 2019 | 2018 | 2017&nbsp;| 2016 |&nbsp;2015&nbsp;|&nbsp;2014&nbsp;| \u015e\u00f6b\u0259l\u0259r Funksional analiz \u015f\u00f6b\u0259si Riyazi analiz \u015f\u00f6b\u0259si Funksiyalar n\u0259z\u0259riyy\u0259si \u015f\u00f6b\u0259si Diferensial t\u0259nlikl\u0259r \u015f\u00f6b\u0259si Riyazi fizika t\u0259nlikl\u0259ri \u015f\u00f6b\u0259si Qeyri harmonik analiz \u015f\u00f6b\u0259si Elastiklik v\u0259 plastiklik n\u0259z\u0259riyy\u0259si \u015f\u00f6b\u0259si Dal\u011fa dinamikas\u0131 \u015f\u00f6b\u0259si S\u00fcr\u00fcnc\u0259klik n\u0259z\u0259riyy\u0259si \u015f\u00f6b\u0259si Maye v\u0259 qaz mexanikas\u0131 \u015f\u00f6b\u0259si Hesablama riyaziyyat\u0131 v\u0259 informatika \u015f\u00f6b\u0259si C\u0259br v\u0259 riyazi m\u0259ntiq [&hellip;]<\/p>\n","protected":false},"author":6,"featured_media":0,"parent":0,"menu_order":0,"comment_status":"closed","ping_status":"closed","template":"","meta":{"footnotes":""},"_links":{"self":[{"href":"https:\/\/www.imm.az\/exp\/wp-json\/wp\/v2\/pages\/32468"}],"collection":[{"href":"https:\/\/www.imm.az\/exp\/wp-json\/wp\/v2\/pages"}],"about":[{"href":"https:\/\/www.imm.az\/exp\/wp-json\/wp\/v2\/types\/page"}],"author":[{"embeddable":true,"href":"https:\/\/www.imm.az\/exp\/wp-json\/wp\/v2\/users\/6"}],"replies":[{"embeddable":true,"href":"https:\/\/www.imm.az\/exp\/wp-json\/wp\/v2\/comments?post=32468"}],"version-history":[{"count":5,"href":"https:\/\/www.imm.az\/exp\/wp-json\/wp\/v2\/pages\/32468\/revisions"}],"predecessor-version":[{"id":33331,"href":"https:\/\/www.imm.az\/exp\/wp-json\/wp\/v2\/pages\/32468\/revisions\/33331"}],"wp:attachment":[{"href":"https:\/\/www.imm.az\/exp\/wp-json\/wp\/v2\/media?parent=32468"}],"curies":[{"name":"wp","href":"https:\/\/api.w.org\/{rel}","templated":true}]}}