{"id":32592,"date":"2020-11-02T11:55:33","date_gmt":"2020-11-02T07:55:33","guid":{"rendered":"http:\/\/www.imm.az\/exp\/?page_id=32592"},"modified":"2020-11-02T12:09:47","modified_gmt":"2020-11-02T08:09:47","slug":"gork%c9%99mli-riyaziyyatci-alim-qabil-%c9%99liyevi-85-illik-yubileyi-munasib%c9%99til%c9%99-t%c9%99brik-edirik","status":"publish","type":"page","link":"https:\/\/www.imm.az\/exp\/gork%c9%99mli-riyaziyyatci-alim-qabil-%c9%99liyevi-85-illik-yubileyi-munasib%c9%99til%c9%99-t%c9%99brik-edirik\/","title":{"rendered":"G\u00f6rk\u0259mli riyaziyyat\u00e7\u0131 alim Qabil \u018fliyevi 85 illik yubileyi m\u00fcnasib\u0259til\u0259 t\u0259brik edirik!"},"content":{"rendered":"\n<p><\/p>\n\n\n\n<div class=\"wp-block-image\"><figure class=\"alignleft size-large is-resized\"><img loading=\"lazy\" decoding=\"async\" src=\"https:\/\/www.imm.az\/exp\/wp-content\/uploads\/2020\/11\/Qabil-m..jpg\" alt=\"\" class=\"wp-image-32596\" width=\"226\" height=\"169\"\/><\/figure><\/div>\n\n\n\n<p class=\"has-text-align-justify\"> Bu g\u00fcn <a href=\"https:\/\/az.wikipedia.org\/w\/index.php?title=T%C9%99tbiqi_Riyaziyyat&amp;action=edit&amp;redlink=1\">T\u0259tbiqi Riyaziyyat<\/a>&nbsp;\u015f\u00f6b\u0259sinin m\u00fcdiri, professor&nbsp;<strong>Qabil \u018fliyevin 85<\/strong> ya\u015f\u0131 tamam olur. \u018fliyev Qabil Q\u0259ribxan o\u011flu 1935-ci il fevral\u0131n 18-d\u0259 Az\u0259rbaycan Respublikas\u0131 Bak\u0131 \u015f\u0259h\u0259rind\u0259 anadan olmu\u015fdur. 1962-ci ild\u0259 Kirov ad\u0131na Az\u0259rbaycan D\u00f6vl\u0259t Universisetinin (indiki Bak\u0131 D\u00f6vl\u0259t Universiteti) mexanika-riyaziyyat fakult\u0259sini bitirmi\u015fdir. 1963-1966-c\u0131 ill\u0259rd\u0259 AMEA Riyaziyyat v\u0259 mexanika institutunun aspirant\u0131 olmu\u015fdur, 1966-c\u0131 ild\u0259 akademik A.A.\u0130lyu\u015finin r\u0259hb\u0259rliyi alt\u0131nda &#8220;\u0423\u0441\u0442\u043e\u0439\u0447\u0438\u0432\u043e\u0441\u0442\u044c \u043d\u0435\u043b\u0438\u043d\u0435\u0439\u043d\u043e \u0443\u043f\u0440\u0443\u0433\u0438\u0445 \u0430\u0440\u043c\u0438\u0440\u043e\u0432\u0430\u043d\u043d\u044b\u0445 \u0446\u0438\u043b\u0438\u043d\u0434\u0440\u0438\u0447\u0435\u0441\u043a\u0438\u0445 \u043e\u0431\u043e\u043b\u043e\u0447\u0435\u043a \u043f\u0440\u0438 \u043d\u0430\u0442\u044f\u0436\u0435\u043d\u0438\u0438 \u0441\u0432\u044f\u0437\u0435\u0439&#8221; m\u00f6vzusunda AMEA Riyaziyyat v\u0259 Mexanika Elmi \u015furas\u0131nda elml\u0259r namiz\u0259di elmi d\u0259r\u0259c\u0259sini almaq \u00fc\u00e7\u00fcn dissertasiyan\u0131 m\u00fcdafi\u0259 etmi\u015fdir.1967-1979-cu ill\u0259rd\u0259 M.V.Lomonosov ad\u0131na Moskva D\u00f6vl\u0259t Universitetinin doktorant\u0131 olmu\u015f v\u0259 1980-ci ild\u0259 &#8220;\u0422\u0435\u043e\u0440\u0435\u0442\u0438\u0447\u0435\u0441\u043a\u0438\u0435 \u043e\u0441\u043d\u043e\u0432\u044b \u0433\u0438\u0431\u043a\u0438\u0445 \u043d\u0435\u043c\u0435\u0442\u0430\u043b\u043b\u0438\u0447\u0435\u0441\u043a\u0438\u0445 \u0442\u0440\u0443\u0431 \u043d\u0430 \u043e\u0441\u043d\u043e\u0432\u0435 \u0432\u043e\u043b\u043e\u043a\u043d\u0438\u0441\u0442\u044b\u0445 \u0441\u0442\u0440\u0443\u043a\u0442\u0443\u0440 \u0438 \u0438\u0445 \u043f\u0440\u0438\u043b\u043e\u0436\u0435\u043d\u0438\u0435&#8221; m\u00f6vzusunda, akademik A.A.\u0130lyu\u015finin r\u0259hb\u0259rliyi alt\u0131nda M.V.Lomonosov ad\u0131na Moskva D\u00f6vl\u0259t Universitetinin Elmi \u015furas\u0131nda doktorluq dissertasiyan\u0131 m\u00fcdafi\u0259 etmi\u015fdir. <\/p>\n\n\n\n<p class=\"has-text-align-justify\">1966-2019-cu ill\u0259rd\u0259 elmi f\u0259aliyy\u0259tl\u0259 m\u0259\u015f\u011ful\nolan prof. \u018fliyev G.G. 150-d\u0259n \u00e7ox elmi m\u0259qal\u0259, o c\u00fcml\u0259d\u0259n 12 monoqrafiya (7\nxaricd\u0259: Amerika, Almaniya v\u0259 T\u00fcrkiy\u0259); Xaricd\u0259 18 m\u0259qal\u0259 (2 &#8211; Amerika, 3 &#8211;\nRusiya, 1 &#8211; Hindistan, 1 &#8211; Pol\u015fa, 12 &#8211; T\u00fcrkiy\u0259); 8 apar\u0131c\u0131 \u00f6lk\u0259d\u0259 (Amerika,\nB\u00f6y\u00fck Britaniya, Fransa, Almaniya, Yaponiya, \u0130taliya, \u0130sve\u00e7, Hindistan) 17 beyn\u0259lxalq\npatent v\u0259 SSR\u0130-nin 28-d\u0259n \u00e7ox m\u00fc\u0259lliflik s\u0259n\u0259di.<\/p>\n\n\n\n<p class=\"has-text-align-justify\">2010\u2013cu\nild\u0259 Az\u0259rbaycan Milli\nElml\u0259r Akademiyas\u0131 R\u0259yas\u0259t Hey\u0259tinin F\u0259xri F\u0259rman\u0131, 1984-c\u00fc\nild\u0259 SSR\u0130 ixtira\u00e7\u0131s\u0131 F\u0259xri\nd\u00f6\u015f ni\u015fan\u0131, 2002-ci ild\u0259T\u00fcrkiy\u0259 Respublikas\u0131n\u0131n Prezidenti \u018fhm\u0259d Necd\u0259t Sezerin\nt\u0259\u015f\u0259kk\u00fcr\u00fc, 2013-c\u00fc ild\u0259\nAvropa n\u0259\u015fr M\u0259tbu Evi t\u0259r\u0259find\u0259n &#8220;\u018fn yax\u015f\u0131 v\u0259t\u0259np\u0259rv\u0259r t\u0259dqiqat\u00e7\u0131\nAlim&#8221; q\u0131z\u0131l medal\u0131 il\u0259 t\u0259ltif olunub, 2016-c\u0131 ild\u0259 Rusiya Federasiya T\u0259bi\u0259t\nElml\u0259rinin Birlikl\u0259ri Akademiyas\u0131n\u0131n m\u00fcxbir \u00fczv\u00fc se\u00e7ilmi\u015fdir, 2016-c\u0131 ild\u0259 Rusiya Federasiya T\u0259bi\u0259t\nElml\u0259rinin Birlikl\u0259ri Akademiyas\u0131n\u0131n B\u00f6y\u00fck Pyotr ordeni il\u0259 t\u0259ltif olunub,\n2017-ci ild\u0259 Az\u0259rbaycan\nk\u00fctl\u0259bi informasiya H\u0259mkarlar \u0130ttifaq\u0131 t\u0259r\u0259find\u0259n &#8220;\u0130lin Alimi&#8221; medal\u0131\nil\u0259 t\u0259ltif olunub.<\/p>\n\n\n\n<p class=\"has-text-align-justify\">Az\u0259rbaycan Respublikas\u0131n\u0131n Prezidenti\nyan\u0131nda Ali Attestasiya Komissiyas\u0131n\u0131n Riyaziyyat v\u0259 Mexanika elml\u0259ri \u00fczr\u0259\nekspert \u015furas\u0131n\u0131n s\u0259dr m\u00fcavini, AMEA-n\u0131n RM\u0130-nin n\u0259zdind\u0259ki doktorluq dissertasiya \u015furas\u0131n\u0131n\n\u00fczv\u00fcd\u00fcr.<\/p>\n\n\n\n<p class=\"has-text-align-justify\">1961-ci ild\u0259n indiy\u0259 kimi AMEA-n\u0131n Riyaziyyat v\u0259\nMexanika \u0130nstitutunda i\u015fl\u0259yir.1985-ci ild\u0259n professordur. Hal haz\u0131rda&nbsp;<a href=\"https:\/\/az.wikipedia.org\/w\/index.php?title=T%C9%99tbiqi_Riyaziyyat&amp;action=edit&amp;redlink=1\">T\u0259tbiqi Riyaziyyat<\/a>&nbsp;\u015f\u00f6b\u0259sinin m\u00fcdiridir.<\/p>\n\n\n\n<p>Professor <strong>Qabil \u018fliyevi<\/strong><strong> <\/strong><strong>85<\/strong><strong> illik <\/strong><strong>yubileyi <\/strong>m\u00fcnasib\u0259til\u0259\nt\u0259brik edir, ona m\u00f6hk\u0259m can sa\u011fl\u0131\u011f\u0131, elmi f\u0259aliyy\u0259tind\u0259 u\u011furlar arzu edirik!<\/p>\n","protected":false},"excerpt":{"rendered":"<p>Bu g\u00fcn T\u0259tbiqi Riyaziyyat&nbsp;\u015f\u00f6b\u0259sinin m\u00fcdiri, professor&nbsp;Qabil \u018fliyevin 85 ya\u015f\u0131 tamam olur. \u018fliyev Qabil Q\u0259ribxan o\u011flu 1935-ci il fevral\u0131n 18-d\u0259 Az\u0259rbaycan Respublikas\u0131 Bak\u0131 \u015f\u0259h\u0259rind\u0259 anadan olmu\u015fdur. 1962-ci ild\u0259 Kirov ad\u0131na Az\u0259rbaycan D\u00f6vl\u0259t Universisetinin (indiki Bak\u0131 D\u00f6vl\u0259t Universiteti) mexanika-riyaziyyat fakult\u0259sini bitirmi\u015fdir. 1963-1966-c\u0131 ill\u0259rd\u0259 AMEA Riyaziyyat v\u0259 mexanika institutunun aspirant\u0131 olmu\u015fdur, 1966-c\u0131 ild\u0259 akademik A.A.\u0130lyu\u015finin r\u0259hb\u0259rliyi alt\u0131nda &#8220;\u0423\u0441\u0442\u043e\u0439\u0447\u0438\u0432\u043e\u0441\u0442\u044c [&hellip;]<\/p>\n","protected":false},"author":6,"featured_media":0,"parent":0,"menu_order":0,"comment_status":"closed","ping_status":"closed","template":"","meta":{"footnotes":""},"_links":{"self":[{"href":"https:\/\/www.imm.az\/exp\/wp-json\/wp\/v2\/pages\/32592"}],"collection":[{"href":"https:\/\/www.imm.az\/exp\/wp-json\/wp\/v2\/pages"}],"about":[{"href":"https:\/\/www.imm.az\/exp\/wp-json\/wp\/v2\/types\/page"}],"author":[{"embeddable":true,"href":"https:\/\/www.imm.az\/exp\/wp-json\/wp\/v2\/users\/6"}],"replies":[{"embeddable":true,"href":"https:\/\/www.imm.az\/exp\/wp-json\/wp\/v2\/comments?post=32592"}],"version-history":[{"count":5,"href":"https:\/\/www.imm.az\/exp\/wp-json\/wp\/v2\/pages\/32592\/revisions"}],"predecessor-version":[{"id":32611,"href":"https:\/\/www.imm.az\/exp\/wp-json\/wp\/v2\/pages\/32592\/revisions\/32611"}],"wp:attachment":[{"href":"https:\/\/www.imm.az\/exp\/wp-json\/wp\/v2\/media?parent=32592"}],"curies":[{"name":"wp","href":"https:\/\/api.w.org\/{rel}","templated":true}]}}