{"id":32624,"date":"2020-11-02T12:25:52","date_gmt":"2020-11-02T08:25:52","guid":{"rendered":"http:\/\/www.imm.az\/exp\/?page_id=32624"},"modified":"2020-11-02T12:25:52","modified_gmt":"2020-11-02T08:25:52","slug":"funksional-analiz-sob%c9%99sinin-mudiri-fizika-riyaziyyat-elml%c9%99ri-doktoru-professor-h%c9%99midulla-aslanovun-70-yasi-munasib%c9%99ti-il%c9%99-t%c9%99brik-edirik","status":"publish","type":"page","link":"https:\/\/www.imm.az\/exp\/funksional-analiz-sob%c9%99sinin-mudiri-fizika-riyaziyyat-elml%c9%99ri-doktoru-professor-h%c9%99midulla-aslanovun-70-yasi-munasib%c9%99ti-il%c9%99-t%c9%99brik-edirik\/","title":{"rendered":"\u201cFunksional analiz\u201d \u015f\u00f6b\u0259sinin m\u00fcdiri, fizika-riyaziyyat elml\u0259ri doktoru, professor H\u0259midulla Aslanovun 70 ya\u015f\u0131 m\u00fcnasib\u0259ti il\u0259 t\u0259brik edirik!"},"content":{"rendered":"\n<div class=\"wp-block-image\"><figure class=\"alignleft size-large is-resized\"><img loading=\"lazy\" decoding=\"async\" src=\"https:\/\/www.imm.az\/exp\/wp-content\/uploads\/2020\/11\/NMT_1861-1024x683.jpg\" alt=\"\" class=\"wp-image-32625\" width=\"253\" height=\"168\" srcset=\"https:\/\/www.imm.az\/exp\/wp-content\/uploads\/2020\/11\/NMT_1861-1024x683.jpg 1024w, https:\/\/www.imm.az\/exp\/wp-content\/uploads\/2020\/11\/NMT_1861-300x200.jpg 300w, https:\/\/www.imm.az\/exp\/wp-content\/uploads\/2020\/11\/NMT_1861-768x512.jpg 768w, https:\/\/www.imm.az\/exp\/wp-content\/uploads\/2020\/11\/NMT_1861-1536x1024.jpg 1536w, https:\/\/www.imm.az\/exp\/wp-content\/uploads\/2020\/11\/NMT_1861-2048x1365.jpg 2048w\" sizes=\"(max-width: 253px) 100vw, 253px\" \/><\/figure><\/div>\n\n\n\n<p class=\"has-text-align-justify\">H\u0259midulla \u0130srafil o\u011flu Aslanov &#8211; 1950-ci ild\u0259 \u015eamax\u0131\nrayonunun C\u0259yirli k\u0259ndind\u0259 anadan olmu\u015fdur. 1967-ci ild\u0259 Bak\u0131 D\u00f6vl\u0259t\nUniversitetinin \u201cMexanika &#8211; riyaziyyat\u201d fak\u00fclt\u0259sin\u0259 daxil olmu\u015f, 1972-ci ild\u0259\nh\u0259min fak\u00fclt\u0259ni f\u0259rql\u0259nm\u0259 diplomu il\u0259 bitirmi\u015fdir. 1976-c\u0131 ild\u0259 namiz\u0259dlik,\n1996-c\u0131 ild\u0259 is\u0259 doktorluq dissertasiyas\u0131n\u0131 m\u00fcdafi\u0259 etmi\u015fdir. 1997-ci ild\u0259\nprofessor elmi adini &nbsp;alm\u0131\u015fd\u0131r. Differensial operatorlar\u0131n spectral\nn\u0259z\u0259riyy\u0259si sah\u0259sind\u0259 tan\u0131nm\u0131\u015f m\u00fct\u0259x\u0259ssisdir, 165-d\u0259n art\u0131q elmi \u0259s\u0259rin\nm\u00fc\u0259llifidir. 25-d\u0259n art\u0131q m\u0259qal\u0259si is\u0259 xaricd\u0259 \u00e7ap edilmi\u015fdir. \u201cAdi\ndifferensial t\u0259nlikl\u0259r v\u0259 riyazi fizika t\u0259nlikl\u0259ri\u201d, \u201c\u00c7oxd\u0259yi\u015f\u0259nli funksiyalar,\n\u00e7oxqat, \u0259yrix\u0259tli v\u0259 s\u0259th inteqralllar\u0131\u201d, \u201cMeydan n\u0259z\u0259riyy\u0259sinin elementl\u0259ri\u201d,\n\u201c\u0130nteqral t\u0259nlikl\u0259r, t\u0259qribi h\u0259ll \u00fcsullar\u0131, EHM-d\u0259 t\u0259tbiql\u0259ri\u201d, \u201cRiyazi fizika\nt\u0259nlikl\u0259rinin \u015f\u0259b\u0259k\u0259 \u00fcs\u00fcl\u00fc il\u0259 h\u0259lli\u201d, \u201c\u0130nteqral \u00e7evrilm\u0259l\u0259r n\u0259z\u0259riyy\u0259sinin\nelementl\u0259ri\u201d, \u201cFunksional-analiz\u201d, \u201cFunksiyalar n\u0259z\u0259riyy\u0259si v\u0259 funksional\nanaliz\u201d d\u0259rs v\u0259saitl\u0259rinin m\u00fc\u0259llifidir. 1994-1995-ci ill\u0259rd\u0259 \u0130ran \u0130slam\nRespublikas\u0131n\u0131n T\u0259briz Universitetin\u0259 d\u0259v\u0259t olunmu\u015f, m\u00fc&nbsp; hazir\u0259l\u0259r oxumu\u015fdur. 45 ild\u0259n art\u0131q m\u00fcdd\u0259td\u0259\nXank\u0259ndi Pedaqoji \u0130nstitutunda , Az\u0259rbaycan Texniki Universitetind\u0259 , Bak\u0131\nQ\u0131zlar Universitetind\u0259 , Bak\u0131 D\u00f6vl\u0259t Universitetind\u0259 v\u0259 Bak\u0131 M\u00fch\u0259ndisl\u0259r Universitetind\u0259\ni\u015fl\u0259m\u0259\u015fdir. 2006-c\u0131 ild\u0259n Az\u0259rbaycan Milli Elml\u0259r Akademiyas\u0131&nbsp; Riyaziyyat v\u0259 Mexanika \u0130nstitutunda \u201cfunksional\nanaliz\u201d \u015f\u00f6b\u0259sinin m\u00fcdiri v\u0259zif\u0259sind\u0259 \u00e7al\u0131\u015f\u0131r. Fizika \u2013 riyaziyyat elml\u0259ri\ndoktoru, professordur. 2018-ci ild\u0259n Rusiya T\u0259bi\u0259t Elml\u0259ri Akademiyas\u0131n\u0131n\nxarici \u00fczv\u00fc se\u00e7ilmi\u015fdir.<\/p>\n\n\n\n<p class=\"has-text-align-justify\">\u0130nstitutun kollektivi H\u0259midulla m\u00fc\u0259llimi 70 ya\u015f\u0131 tamam\nolmas\u0131 m\u00fcnasib\u0259til\u0259 t\u0259brik edir, ona insan h\u0259yat\u0131 \u00fc\u00e7\u00fcn \u0259n d\u0259y\u0259rli &nbsp;nem\u0259t olan can sa\u011fl\u0131\u011f\u0131, uzun \u00f6m\u00fcr, elmi\nf\u0259aliyy\u0259tind\u0259 m\u00fcv\u0259ff\u0259qiyy\u0259tl\u0259r arzulay\u0131r.<\/p>\n","protected":false},"excerpt":{"rendered":"<p>H\u0259midulla \u0130srafil o\u011flu Aslanov &#8211; 1950-ci ild\u0259 \u015eamax\u0131 rayonunun C\u0259yirli k\u0259ndind\u0259 anadan olmu\u015fdur. 1967-ci ild\u0259 Bak\u0131 D\u00f6vl\u0259t Universitetinin \u201cMexanika &#8211; riyaziyyat\u201d fak\u00fclt\u0259sin\u0259 daxil olmu\u015f, 1972-ci ild\u0259 h\u0259min fak\u00fclt\u0259ni f\u0259rql\u0259nm\u0259 diplomu il\u0259 bitirmi\u015fdir. 1976-c\u0131 ild\u0259 namiz\u0259dlik, 1996-c\u0131 ild\u0259 is\u0259 doktorluq dissertasiyas\u0131n\u0131 m\u00fcdafi\u0259 etmi\u015fdir. 1997-ci ild\u0259 professor elmi adini &nbsp;alm\u0131\u015fd\u0131r. Differensial operatorlar\u0131n spectral n\u0259z\u0259riyy\u0259si sah\u0259sind\u0259 tan\u0131nm\u0131\u015f m\u00fct\u0259x\u0259ssisdir, [&hellip;]<\/p>\n","protected":false},"author":6,"featured_media":0,"parent":0,"menu_order":0,"comment_status":"closed","ping_status":"closed","template":"","meta":{"footnotes":""},"_links":{"self":[{"href":"https:\/\/www.imm.az\/exp\/wp-json\/wp\/v2\/pages\/32624"}],"collection":[{"href":"https:\/\/www.imm.az\/exp\/wp-json\/wp\/v2\/pages"}],"about":[{"href":"https:\/\/www.imm.az\/exp\/wp-json\/wp\/v2\/types\/page"}],"author":[{"embeddable":true,"href":"https:\/\/www.imm.az\/exp\/wp-json\/wp\/v2\/users\/6"}],"replies":[{"embeddable":true,"href":"https:\/\/www.imm.az\/exp\/wp-json\/wp\/v2\/comments?post=32624"}],"version-history":[{"count":2,"href":"https:\/\/www.imm.az\/exp\/wp-json\/wp\/v2\/pages\/32624\/revisions"}],"predecessor-version":[{"id":32627,"href":"https:\/\/www.imm.az\/exp\/wp-json\/wp\/v2\/pages\/32624\/revisions\/32627"}],"wp:attachment":[{"href":"https:\/\/www.imm.az\/exp\/wp-json\/wp\/v2\/media?parent=32624"}],"curies":[{"name":"wp","href":"https:\/\/api.w.org\/{rel}","templated":true}]}}