{"id":33823,"date":"2021-01-18T13:29:26","date_gmt":"2021-01-18T09:29:26","guid":{"rendered":"http:\/\/www.imm.az\/exp\/?page_id=33823"},"modified":"2021-01-18T13:29:27","modified_gmt":"2021-01-18T09:29:27","slug":"riyazi-analiz-sob%c9%99sinin-bas-elmi-iscisi-elman-ibrahimovun-75-yasi-munasib%c9%99ti-il%c9%99-t%c9%99brik-edirik","status":"publish","type":"page","link":"https:\/\/www.imm.az\/exp\/riyazi-analiz-sob%c9%99sinin-bas-elmi-iscisi-elman-ibrahimovun-75-yasi-munasib%c9%99ti-il%c9%99-t%c9%99brik-edirik\/","title":{"rendered":"\u201cRiyazi analiz\u201d \u015f\u00f6b\u0259sinin ba\u015f elmi i\u015f\u00e7isi Elman \u0130brahimovun 75 ya\u015f\u0131 m\u00fcnasib\u0259ti il\u0259 t\u0259brik edirik!"},"content":{"rendered":"\n<div class=\"wp-block-image\"><figure class=\"alignleft\"><a href=\"https:\/\/www.imm.az\/exp\/2021\/01\/14\/elman-cavansir-oglu-ibrahimov-75\/p1b758g2o11m7ukribum103b1q5f4\/\"><img loading=\"lazy\" decoding=\"async\" width=\"154\" height=\"187\" src=\"https:\/\/www.imm.az\/exp\/wp-content\/uploads\/2021\/01\/p1b758g2o11m7ukribum103b1q5f4.jpg\" alt=\"\" class=\"wp-image-33742\"\/><\/a><\/figure><\/div>\n\n\n\n<p>Elman Cavan\u015fir o\u011flu \u0130brahimov 1946-c\u0131 ild\u0259 Az\u0259rbaycan Respublikas\u0131n\u0131n Z\u0259ngilan rayonunda anadan olmu\u015fdur. 1970-ci ill\u0259rd\u0259 V.\u0130. Lenin ad\u0131na Az\u0259rbaycan D\u00f6vl\u0259t Pedaqoji \u0130nstitutunun Riyaziyyat fak\u00fclt\u0259sini f\u0259rql\u0259nm\u0259 diplomu il\u0259 bitirib v\u0259 h\u0259min institutun \u201cHesablama riyaziyyat\u0131 v\u0259 ehtimal n\u0259z\u0259riyy\u0259si\u201d kafedras\u0131nda laborant v\u0259zif\u0259sind\u0259 i\u015fl\u0259yib. 1970-1971-ci ill\u0259rd\u0259 SSR\u0130 ordu s\u0131ralar\u0131nda qulluq etmi\u015fdir. Ordu s\u0131ralar\u0131ndan qay\u0131dandan sonra h\u0259min kafedrada 1971-1977-ci il\u0259 q\u0259d\u0259r assistent v\u0259zif\u0259sind\u0259 i\u015fl\u0259yib.<\/p>\n\n\n\n<p>1975-ci ild\u0259 \u201cSfera \u00fcz\u0259rind\u0259 \u00fcmuml\u0259\u015fmi\u015f funksiyalar sinfi v\u0259 ultrasferik s\u0131ralar\u0131n c\u0259ml\u0259nm\u0259si\u201d m\u00f6vzusunda namiz\u0259dlik, AMEA Riyaziyyat v\u0259 Mexanika \u0130nstitutunda \u201cQeqenbauer diferensial operatorunun do\u011furdu\u011fu harmonik analizin b\u0259zi aspektl\u0259ri haqq\u0131nda\u201d m\u00f6vzusunda 1202.01-Analiz v\u0259 funksional analiz ixtisas\u0131nda elml\u0259r doktoru dissertasiyalar\u0131n\u0131 m\u00fcdafi\u0259 etmi\u015fdir.<\/p>\n\n\n\n<p>1977-1978-ci ill\u0259rd\u0259 \u00c7.\u0130ld\u0131r\u0131m ad\u0131na Az\u0259rbaycan Politexnik \u0130nstitutunun hesablama m\u0259rk\u0259sind\u0259 riyazi-proqramla\u015fd\u0131r\u0131c\u0131 v\u0259zif\u0259sind\u0259 i\u015fl\u0259yib.<\/p>\n\n\n\n<p>1978-1984-c\u00fc ill\u0259rd\u0259 Az\u0259rbaycan D\u00f6vl\u0259t Neft Akademiyas\u0131n\u0131n \u201cAli riyaziyyat\u201d kafedras\u0131nda ba\u015f m\u00fc\u0259llim v\u0259 1954-2015 il\u0259 q\u0259d\u0259r dosent v\u0259zif\u0259sind\u0259 i\u015fl\u0259mi\u015fdir.<\/p>\n\n\n\n<p>2015-ci ild\u0259n AMEA Riyaziyyat v\u0259 Mexanika \u0130nstitutunun \u201cRiyazi analiz\u201d \u015f\u00f6b\u0259sind\u0259 apar\u0131c\u0131 elmi i\u015f\u00e7i, hal-haz\u0131rda ba\u015f elmi i\u015f\u00e7i v\u0259zif\u0259sind\u0259 i\u015fl\u0259yir. \u0130nstitututun elmi seminar\u0131nda f\u0259al i\u015ftirak edir.<\/p>\n\n\n\n<p>O, 37 elmi i\u015fin, onlardan 34 m\u0259qal\u0259 v\u0259 3 tezisin m\u00fc\u0259llifidir. 25 m\u0259qal\u0259si xarici n\u00fcfuzlu jurnallarda d\u0259rc olunub: Journal of Mathematical Analysis and Applications, \u0410nalysis Mathematics, Georgian Mathematical Journal, Journal Mathematical Study, &nbsp;Mathematical Notes v\u0259&nbsp; s..<\/p>\n\n\n\n<p>Elman \u0130brahimov ED 1.04 dissertasiya \u015furas\u0131n\u0131n n\u0259zdind\u0259ki 1202.01-Analiz v\u0259 funksional analiz ixtisas\u0131 elmi tematik seminar\u0131n \u00fczv\u00fcd\u00fcr. O, bir ne\u00e7\u0259 Beyn\u0259lxalq konfranslar\u0131n i\u015ftirak\u00e7\u0131s\u0131 olmu\u015fdur.<\/p>\n\n\n\n<p>\u0130nstitutun kollektivi Elman m\u00fc\u0259llimi 75 ya\u015f\u0131 tamam olmas\u0131 m\u00fcnasib\u0259til\u0259 t\u0259brik edir, ona insan h\u0259yat\u0131 \u00fc\u00e7\u00fcn \u0259n d\u0259y\u0259rli olan nem\u0259t olan can sa\u011fl\u0131\u011f\u0131, uzun \u00f6m\u00fcr, elmi f\u0259aliyy\u0259tind\u0259 m\u00fcv\u0259ff\u0259qiyy\u0259tl\u0259r arzulay\u0131r.<\/p>\n","protected":false},"excerpt":{"rendered":"<p>Elman Cavan\u015fir o\u011flu \u0130brahimov 1946-c\u0131 ild\u0259 Az\u0259rbaycan Respublikas\u0131n\u0131n Z\u0259ngilan rayonunda anadan olmu\u015fdur. 1970-ci ill\u0259rd\u0259 V.\u0130. Lenin ad\u0131na Az\u0259rbaycan D\u00f6vl\u0259t Pedaqoji \u0130nstitutunun Riyaziyyat fak\u00fclt\u0259sini f\u0259rql\u0259nm\u0259 diplomu il\u0259 bitirib v\u0259 h\u0259min institutun \u201cHesablama riyaziyyat\u0131 v\u0259 ehtimal n\u0259z\u0259riyy\u0259si\u201d kafedras\u0131nda laborant v\u0259zif\u0259sind\u0259 i\u015fl\u0259yib. 1970-1971-ci ill\u0259rd\u0259 SSR\u0130 ordu s\u0131ralar\u0131nda qulluq etmi\u015fdir. Ordu s\u0131ralar\u0131ndan qay\u0131dandan sonra h\u0259min kafedrada 1971-1977-ci il\u0259 q\u0259d\u0259r [&hellip;]<\/p>\n","protected":false},"author":6,"featured_media":0,"parent":0,"menu_order":0,"comment_status":"closed","ping_status":"closed","template":"","meta":{"footnotes":""},"_links":{"self":[{"href":"https:\/\/www.imm.az\/exp\/wp-json\/wp\/v2\/pages\/33823"}],"collection":[{"href":"https:\/\/www.imm.az\/exp\/wp-json\/wp\/v2\/pages"}],"about":[{"href":"https:\/\/www.imm.az\/exp\/wp-json\/wp\/v2\/types\/page"}],"author":[{"embeddable":true,"href":"https:\/\/www.imm.az\/exp\/wp-json\/wp\/v2\/users\/6"}],"replies":[{"embeddable":true,"href":"https:\/\/www.imm.az\/exp\/wp-json\/wp\/v2\/comments?post=33823"}],"version-history":[{"count":1,"href":"https:\/\/www.imm.az\/exp\/wp-json\/wp\/v2\/pages\/33823\/revisions"}],"predecessor-version":[{"id":33824,"href":"https:\/\/www.imm.az\/exp\/wp-json\/wp\/v2\/pages\/33823\/revisions\/33824"}],"wp:attachment":[{"href":"https:\/\/www.imm.az\/exp\/wp-json\/wp\/v2\/media?parent=33823"}],"curies":[{"name":"wp","href":"https:\/\/api.w.org\/{rel}","templated":true}]}}