{"id":35037,"date":"2021-03-30T15:24:38","date_gmt":"2021-03-30T11:24:38","guid":{"rendered":"http:\/\/www.imm.az\/exp\/?page_id=35037"},"modified":"2021-03-30T15:25:38","modified_gmt":"2021-03-30T11:25:38","slug":"amea-nin-x%c9%99b%c9%99rl%c9%99ri-imm-%c9%99s%c9%99rl%c9%99ri-jurnallari-redaksiyasinin-mudiri-esmira-%c9%99liyevanin-65-yasi-munasib%c9%99ti-il%c9%99-t%c9%99brik","status":"publish","type":"page","link":"https:\/\/www.imm.az\/exp\/amea-nin-x%c9%99b%c9%99rl%c9%99ri-imm-%c9%99s%c9%99rl%c9%99ri-jurnallari-redaksiyasinin-mudiri-esmira-%c9%99liyevanin-65-yasi-munasib%c9%99ti-il%c9%99-t%c9%99brik\/","title":{"rendered":"\u201cAMEA-n\u0131n X\u0259b\u0259rl\u0259ri\u201d, \u201c\u0130MM \u018fs\u0259rl\u0259ri\u201d jurnallar\u0131 redaksiyas\u0131n\u0131n m\u00fcdiri Esmira \u018fliyevan\u0131n 65 ya\u015f\u0131 m\u00fcnasib\u0259ti il\u0259 t\u0259brik edirik"},"content":{"rendered":"\n<div class=\"wp-block-image\"><figure class=\"alignleft size-large is-resized\"><img loading=\"lazy\" decoding=\"async\" src=\"https:\/\/www.imm.az\/exp\/wp-content\/uploads\/2021\/03\/IMG_20210215_112415_372.jpg\" alt=\"\" class=\"wp-image-35038\" width=\"185\" height=\"185\" srcset=\"https:\/\/www.imm.az\/exp\/wp-content\/uploads\/2021\/03\/IMG_20210215_112415_372.jpg 960w, https:\/\/www.imm.az\/exp\/wp-content\/uploads\/2021\/03\/IMG_20210215_112415_372-300x300.jpg 300w, https:\/\/www.imm.az\/exp\/wp-content\/uploads\/2021\/03\/IMG_20210215_112415_372-150x150.jpg 150w, https:\/\/www.imm.az\/exp\/wp-content\/uploads\/2021\/03\/IMG_20210215_112415_372-768x768.jpg 768w\" sizes=\"(max-width: 185px) 100vw, 185px\" \/><\/figure><\/div>\n\n\n\n<p>\u018fliyeva Esmira T\u0259l\u0259t q\u0131z\u0131 15 fevral 1956-c\u0131 ild\u0259 Az\u0259rbaycan Respublikas\u0131n\u0131n B\u0259rd\u0259 rayonunda anadan olmu\u015fdur. 1972-ci ild\u0259 Bak\u0131 \u015f\u0259h\u0259rind\u0259 240 sayl\u0131 orta m\u0259kt\u0259bi bitirmi\u015fdir.<\/p>\n\n\n\n<p><\/p>\n\n\n\n<p><\/p>\n\n\n\n<p>1972-1976-c\u0131 ill\u0259rd\u0259 Az\u0259rbaycan Pedaqoji Xarici Dill\u0259r \u0130nstitutun ingilis dili fak\u00fclt\u0259sind\u0259 t\u0259hsil alm\u0131\u015fd\u0131r.<\/p>\n\n\n\n<p>1977-ci ild\u0259n bug\u00fcn\u0259 kimi Riyaziyyat v\u0259 Mexanika \u0130nstitutunda fasil\u0259siz olaraq \u00e7al\u0131\u015f\u0131r.<\/p>\n\n\n\n<p>H\u00f6rm\u0259tli Esmira xan\u0131m! Siz y\u00fcks\u0259k insani keyfiyy\u0259tl\u0259rinizl\u0259, d\u0259rin daxili m\u0259d\u0259niyy\u0259tinizl\u0259 \u00fcnsiyy\u0259td\u0259 olan h\u0259r bir insan\u0131n Siz\u0259 qar\u015f\u0131 olan b\u00f6y\u00fck h\u00f6rm\u0259tini v\u0259 ehtiram\u0131n\u0131 qazanm\u0131s\u0131n\u0131z. E. \u018fliyevaya xas olan insanp\u0259rv\u0259rlik, \u0259m\u0259ksev\u0259rlik, h\u0259ssasl\u0131q v\u0259 qay\u011f\u0131ke\u015flik kimi n\u0259cib insani keyfiyy\u0259tl\u0259r 40 ild\u0259n art\u0131q \u00e7al\u0131\u015fd\u0131\u011f\u0131 kollektivd\u0259 ona b\u00f6y\u00fck h\u00f6rm\u0259t v\u0259 r\u0259\u011fb\u0259t qazand\u0131rm\u0131\u015fd\u0131r.<\/p>\n\n\n\n<p><em>\u0130nstitutun kollektivi Esmira xan\u0131m\u0131 65 ya\u015f\u0131 tamam olmas\u0131 m\u00fcnasib\u0259til\u0259 t\u0259brik edir, ona insan h\u0259yat\u0131 \u00fc\u00e7\u00fcn \u0259n d\u0259y\u0259rli nem\u0259t olan can sa\u011fl\u0131\u011f\u0131, u\u011furlu h\u0259yat yolu, sevincli g\u00fcnl\u0259r arzulay\u0131r.<\/em><\/p>\n","protected":false},"excerpt":{"rendered":"<p>\u018fliyeva Esmira T\u0259l\u0259t q\u0131z\u0131 15 fevral 1956-c\u0131 ild\u0259 Az\u0259rbaycan Respublikas\u0131n\u0131n B\u0259rd\u0259 rayonunda anadan olmu\u015fdur. 1972-ci ild\u0259 Bak\u0131 \u015f\u0259h\u0259rind\u0259 240 sayl\u0131 orta m\u0259kt\u0259bi bitirmi\u015fdir. 1972-1976-c\u0131 ill\u0259rd\u0259 Az\u0259rbaycan Pedaqoji Xarici Dill\u0259r \u0130nstitutun ingilis dili fak\u00fclt\u0259sind\u0259 t\u0259hsil alm\u0131\u015fd\u0131r. 1977-ci ild\u0259n bug\u00fcn\u0259 kimi Riyaziyyat v\u0259 Mexanika \u0130nstitutunda fasil\u0259siz olaraq \u00e7al\u0131\u015f\u0131r. H\u00f6rm\u0259tli Esmira xan\u0131m! Siz y\u00fcks\u0259k insani keyfiyy\u0259tl\u0259rinizl\u0259, d\u0259rin daxili [&hellip;]<\/p>\n","protected":false},"author":6,"featured_media":0,"parent":0,"menu_order":0,"comment_status":"closed","ping_status":"closed","template":"","meta":{"footnotes":""},"_links":{"self":[{"href":"https:\/\/www.imm.az\/exp\/wp-json\/wp\/v2\/pages\/35037"}],"collection":[{"href":"https:\/\/www.imm.az\/exp\/wp-json\/wp\/v2\/pages"}],"about":[{"href":"https:\/\/www.imm.az\/exp\/wp-json\/wp\/v2\/types\/page"}],"author":[{"embeddable":true,"href":"https:\/\/www.imm.az\/exp\/wp-json\/wp\/v2\/users\/6"}],"replies":[{"embeddable":true,"href":"https:\/\/www.imm.az\/exp\/wp-json\/wp\/v2\/comments?post=35037"}],"version-history":[{"count":2,"href":"https:\/\/www.imm.az\/exp\/wp-json\/wp\/v2\/pages\/35037\/revisions"}],"predecessor-version":[{"id":35040,"href":"https:\/\/www.imm.az\/exp\/wp-json\/wp\/v2\/pages\/35037\/revisions\/35040"}],"wp:attachment":[{"href":"https:\/\/www.imm.az\/exp\/wp-json\/wp\/v2\/media?parent=35037"}],"curies":[{"name":"wp","href":"https:\/\/api.w.org\/{rel}","templated":true}]}}