{"id":36677,"date":"2021-06-20T13:19:35","date_gmt":"2021-06-20T09:19:35","guid":{"rendered":"http:\/\/www.imm.az\/exp\/?page_id=36677"},"modified":"2021-06-20T13:19:36","modified_gmt":"2021-06-20T09:19:36","slug":"amea-riyaziyyat-v%c9%99-mexanika-institutunun-riyazi-fizika-t%c9%99nlikl%c9%99ri-sob%c9%99sinin-aparici-elmi-iscisi-dosent-elcin-m%c9%99mm%c9%99dovu-55-yasi-munasib%c9%99til%c9%99","status":"publish","type":"page","link":"https:\/\/www.imm.az\/exp\/amea-riyaziyyat-v%c9%99-mexanika-institutunun-riyazi-fizika-t%c9%99nlikl%c9%99ri-sob%c9%99sinin-aparici-elmi-iscisi-dosent-elcin-m%c9%99mm%c9%99dovu-55-yasi-munasib%c9%99til%c9%99\/","title":{"rendered":"AMEA Riyaziyyat v\u0259 Mexanika \u0130nstitutunun \u201cRiyazi fizika t\u0259nlikl\u0259ri\u201d \u015f\u00f6b\u0259sinin  apar\u0131c\u0131 elmi i\u015f\u00e7isi, dosent  El\u00e7in M\u0259mm\u0259dovu 55 ya\u015f\u0131 m\u00fcnasib\u0259til\u0259 t\u0259brik edirik!"},"content":{"rendered":"\n<div class=\"wp-block-image\"><figure class=\"alignleft size-large is-resized\"><img decoding=\"async\" src=\"https:\/\/www.imm.az\/exp\/wp-content\/uploads\/2021\/06\/IMG-20210604-WA0038-4-1024x768.jpg\" alt=\"\" class=\"wp-image-36678\" width=\"-244\" height=\"-183\" srcset=\"https:\/\/www.imm.az\/exp\/wp-content\/uploads\/2021\/06\/IMG-20210604-WA0038-4-1024x768.jpg 1024w, https:\/\/www.imm.az\/exp\/wp-content\/uploads\/2021\/06\/IMG-20210604-WA0038-4-300x225.jpg 300w, https:\/\/www.imm.az\/exp\/wp-content\/uploads\/2021\/06\/IMG-20210604-WA0038-4-768x576.jpg 768w, https:\/\/www.imm.az\/exp\/wp-content\/uploads\/2021\/06\/IMG-20210604-WA0038-4.jpg 1280w\" sizes=\"(max-width: 1024px) 100vw, 1024px\" \/><\/figure><\/div>\n\n\n\n<p>Dosent El\u00e7in Musa o\u011flu M\u0259mm\u0259dov 1966-ci ild\u0259 Tovuz rayonunun \u018flib\u0259yli k\u0259ndind\u0259 anadan olub. 1983-c\u00fc ild\u0259 Az\u0259rbaycan D\u00f6vl\u0259t Universitetinin&nbsp;(Bak\u0131 D\u00f6vl\u0259t Universiteti) mexanika-riyaz\u0131yyat fak\u00fclt\u0259sin\u0259 dax\u0131l olub v\u0259 1990-c\u0131 ild\u0259 Universiteti Riyaz\u0131yyat\u00e7\u0131, riyaziyyat m\u00fc\u0259llimi ixtisas\u0131 \u00fczr\u0259 f\u0259rql\u0259nm\u0259 diplomu il\u0259 bitirm\u0131\u015fd\u0131r. 1984-1986-c\u0131 ill\u0259rd\u0259 Belarusun Brest \u015f\u0259h\u0259rind\u0259 Sovet Ordusu s\u0131ralar\u0131nda xidm\u0259t edib.<br>1990-c\u0131 ild\u0259 Bak\u0131 D\u00f6vl\u0259t Universitetini bitirdikd\u0259n s\u0259nra t\u0259yinatla AMEA Riyaziyyat v\u0259 Mexanika institutunun n\u0259zdind\u0259ki X\u00fcsusi Konstruktor b\u00fcrosuna g\u0259nc m\u00fct\u0259x\u0259ssis kimi i\u015f\u0259 ba\u015flam\u0131\u015fd\u0131r.1992-ci ilin mart\u0131ndan Riyaziyyat v\u0259 Mexanika institutunun \u201cRiyazi proqramla\u015fd\u0131rma v\u0259 riyazi modell\u0259\u015fdirm\u0259 \u015f\u00f6b\u0259sin\u0259\u201d ba\u015f laborant v\u0259zif\u0259sin\u0259 i\u015f\u0259 q\u0259bul olunmu\u015fdur, 1994-2011-ci ill\u0259rd\u0259 \u201cDiferensial t\u0259nlikl\u0259rin keyfiyy\u0259t n\u0259z\u0259riyy\u0259si\u201d, \u201cQeyri-x\u0259tti anal\u0131z\u201d \u015f\u00f6b\u0259l\u0259rind\u0259 ki\u00e7ik elmi i\u015fci, elmi i\u015f\u00e7i,b\u00f6y\u00fck elmi i\u015f\u00e7i, 2012-ci ild\u0259n is\u0259 \u201cRiyazi fizika t\u0259nlikl\u0259ri\u201d\u015f\u00f6b\u0259sind\u0259 \u00e7al\u0131\u015f\u0131r v\u0259 haz\u0131rda h\u0259min \u015f\u00f6b\u0259nin apar\u0131c\u0131 elmi i\u015f\u00e7isidir.<br>1993-1996-c\u0131 ill\u0259rd\u0259 Riyaz\u0131yyat v\u0259 Mexan\u0131ka \u0130nstitutunda Diferensial t\u0259nlikl\u0259r ixtisas\u0131 \u00fczr\u0259 dissertanturan\u0131 oxuyub.<br>1997-c\u0131 ild\u0259 Diferensial&nbsp; t\u0259nlikl\u0259r ixtisas\u0131&nbsp; \u00fczr\u0259&nbsp; \u201cQeyri-x\u0259tti s\u0259rh\u0259d \u015f\u0259rtl\u0259ri il\u0259 verilmi\u015f bir sinif psevdohiperbolik t\u0259nikl\u0259rin h\u0259ll\u0259rinin qlobal x\u00fcsusiyy\u0259tl\u0259rinin t\u0259dqiqi\u201d&nbsp; m\u00f6vzusunda&nbsp; namiz\u0259dlik&nbsp; disertasiyas\u0131n\u0131 m\u00fcdafi\u0259&nbsp; edib, 1998-ci ild\u0259 fizika-riyaz\u0131yyat elml\u0259ri namiz\u0259di alimlik d\u0259r\u0259c\u0259sini alm\u0131\u015fd\u0131r.<br>2020-ci&nbsp; ild\u0259n Riyaziyyat v\u0259 Mexanika \u0130nstitutunda&nbsp; apar\u0131c\u0131 elmi&nbsp; i\u015f\u00e7i&nbsp; v\u0259zif\u0259sind\u0259&nbsp; \u00e7al\u0131\u015f\u0131r. O, Respublikada v\u0259 xarici \u00f6lk\u0259l\u0259rd\u0259 ke\u00e7iril\u0259n elmi konfranslarda f\u0259al i\u015ftirak edir. 50-d\u0259n&nbsp; \u00e7ox&nbsp; elmi&nbsp; \u0259s\u0259rin,&nbsp; 1 d\u0259rs&nbsp; v\u0259saitinin m\u00fc\u0259llifidir.<br>M\u00fcxt\u0259lif ill\u0259rd\u0259 bir s\u0131ra orta (6 N-li m\u0259kt\u0259b-lisey, Z\u0259ngi liseyi v\u0259 s.) v\u0259 ali m\u0259kt\u0259bl\u0259rd\u0259 (Bak\u0131 D\u00f6vl\u0259t Universiteti) pedaqoji f\u0259aliyy\u0259tl\u0259 m\u0259\u015f\u011ful olub. O, 2002-ci ild\u0259n 2007-ci il\u0259d\u0259k Bak\u0131 D\u00f6vl\u0259t Universitetinin \u201cT\u0259tbiqi riyaz\u0131yyat v\u0259 Kibernetika\u201d fak\u00fclt\u0259sind\u0259, 2008-ci ild\u0259n \u201cKitabxan\u00e7\u0131l\u0131q informasiya\u201d fak\u00fclt\u0259sind\u0259 informatika y\u00f6n\u00fcml\u00fc f\u0259nnl\u0259rd\u0259n saathesab\u0131 \u0259sasla d\u0259rs aparm\u0131\u015fd\u0131r v\u0259 haz\u0131rda h\u0259min fak\u00fclt\u0259nin \u0259v\u0259z\u00e7ilikl\u0259 0,5 \u015ftat dosentidir.<br>O, \u00f6z n\u00fcmun\u0259vi davran\u0131\u015f\u0131, y\u00fcks\u0259k \u0259xlaqi keyfiyy\u0259tl\u0259ri il\u0259 kollektivin h\u00f6rm\u0259tini qazanm\u0131\u015fd\u0131r. Qay\u011f\u0131ke\u015f insan, g\u00f6z\u0259l ail\u0259 ba\u015f\u00e7\u0131s\u0131d\u0131r.<br>Riyaziyyat v\u0259 Mexanika \u0130nstitutunun kollektivi El\u00e7in m\u00fc\u0259llimi 55 ya\u015f\u0131n\u0131n tamam olmas\u0131 m\u00fcnasib\u0259til\u0259 t\u0259brik edir, ona h\u0259yatda \u0259n \u015firin nem\u0259t olan can sa\u011fl\u0131\u011f\u0131, u\u011furlu h\u0259yat yolu, sevincli g\u00fcnl\u0259r elmi i\u015fl\u0259rind\u0259 yeni-yeni m\u00fcv\u0259ff\u0259qiyy\u0259tl\u0259r arzulay\u0131r.<\/p>\n","protected":false},"excerpt":{"rendered":"<p>Dosent El\u00e7in Musa o\u011flu M\u0259mm\u0259dov 1966-ci ild\u0259 Tovuz rayonunun \u018flib\u0259yli k\u0259ndind\u0259 anadan olub. 1983-c\u00fc ild\u0259 Az\u0259rbaycan D\u00f6vl\u0259t Universitetinin&nbsp;(Bak\u0131 D\u00f6vl\u0259t Universiteti) mexanika-riyaz\u0131yyat fak\u00fclt\u0259sin\u0259 dax\u0131l olub v\u0259 1990-c\u0131 ild\u0259 Universiteti Riyaz\u0131yyat\u00e7\u0131, riyaziyyat m\u00fc\u0259llimi ixtisas\u0131 \u00fczr\u0259 f\u0259rql\u0259nm\u0259 diplomu il\u0259 bitirm\u0131\u015fd\u0131r. 1984-1986-c\u0131 ill\u0259rd\u0259 Belarusun Brest \u015f\u0259h\u0259rind\u0259 Sovet Ordusu s\u0131ralar\u0131nda xidm\u0259t edib.1990-c\u0131 ild\u0259 Bak\u0131 D\u00f6vl\u0259t Universitetini bitirdikd\u0259n s\u0259nra t\u0259yinatla AMEA [&hellip;]<\/p>\n","protected":false},"author":6,"featured_media":0,"parent":0,"menu_order":0,"comment_status":"closed","ping_status":"closed","template":"","meta":{"footnotes":""},"_links":{"self":[{"href":"https:\/\/www.imm.az\/exp\/wp-json\/wp\/v2\/pages\/36677"}],"collection":[{"href":"https:\/\/www.imm.az\/exp\/wp-json\/wp\/v2\/pages"}],"about":[{"href":"https:\/\/www.imm.az\/exp\/wp-json\/wp\/v2\/types\/page"}],"author":[{"embeddable":true,"href":"https:\/\/www.imm.az\/exp\/wp-json\/wp\/v2\/users\/6"}],"replies":[{"embeddable":true,"href":"https:\/\/www.imm.az\/exp\/wp-json\/wp\/v2\/comments?post=36677"}],"version-history":[{"count":1,"href":"https:\/\/www.imm.az\/exp\/wp-json\/wp\/v2\/pages\/36677\/revisions"}],"predecessor-version":[{"id":36679,"href":"https:\/\/www.imm.az\/exp\/wp-json\/wp\/v2\/pages\/36677\/revisions\/36679"}],"wp:attachment":[{"href":"https:\/\/www.imm.az\/exp\/wp-json\/wp\/v2\/media?parent=36677"}],"curies":[{"name":"wp","href":"https:\/\/api.w.org\/{rel}","templated":true}]}}