{"id":36966,"date":"2021-07-15T12:41:49","date_gmt":"2021-07-15T08:41:49","guid":{"rendered":"http:\/\/www.imm.az\/exp\/?page_id=36966"},"modified":"2021-07-15T12:41:52","modified_gmt":"2021-07-15T08:41:52","slug":"%c9%99limirz%c9%99yeva-v%c9%99fa-xanimi-50-yasi-munasib%c9%99til%c9%99-t%c9%99brik-edirik","status":"publish","type":"page","link":"https:\/\/www.imm.az\/exp\/%c9%99limirz%c9%99yeva-v%c9%99fa-xanimi-50-yasi-munasib%c9%99til%c9%99-t%c9%99brik-edirik\/","title":{"rendered":"\u018flimirz\u0259yeva V\u0259fa xan\u0131m\u0131 50 ya\u015f\u0131 m\u00fcnasib\u0259til\u0259 t\u0259brik edirik!"},"content":{"rendered":"\n<div class=\"wp-block-image\"><figure class=\"alignleft size-large is-resized\"><img loading=\"lazy\" decoding=\"async\" src=\"https:\/\/www.imm.az\/exp\/wp-content\/uploads\/2021\/07\/C18CDEA1-93DF-4516-9F9E-49D2E833DF1C-1-1024x768.jpeg\" alt=\"\" class=\"wp-image-36967\" width=\"187\" height=\"139\" srcset=\"https:\/\/www.imm.az\/exp\/wp-content\/uploads\/2021\/07\/C18CDEA1-93DF-4516-9F9E-49D2E833DF1C-1-1024x768.jpeg 1024w, https:\/\/www.imm.az\/exp\/wp-content\/uploads\/2021\/07\/C18CDEA1-93DF-4516-9F9E-49D2E833DF1C-1-300x225.jpeg 300w, https:\/\/www.imm.az\/exp\/wp-content\/uploads\/2021\/07\/C18CDEA1-93DF-4516-9F9E-49D2E833DF1C-1-768x576.jpeg 768w, https:\/\/www.imm.az\/exp\/wp-content\/uploads\/2021\/07\/C18CDEA1-93DF-4516-9F9E-49D2E833DF1C-1-1536x1152.jpeg 1536w, https:\/\/www.imm.az\/exp\/wp-content\/uploads\/2021\/07\/C18CDEA1-93DF-4516-9F9E-49D2E833DF1C-1.jpeg 1600w\" sizes=\"(max-width: 187px) 100vw, 187px\" \/><\/figure><\/div>\n\n\n\n<p>\u018flimirz\u0259yeva V\u0259fa F\u0259rhad q\u0131z\u0131 15 iyul 1971-ci ild\u0259 Q\u0259b\u0259l\u0259 \u015f\u0259h\u0259rind\u0259 anadan olmu\u015fdur.1978-ci ild\u0259 Bak\u0131 \u015f\u0259h\u0259rind\u0259 20 sayl\u0131 orta m\u0259kt\u0259bin birinci sinifin\u0259 getmi\u015f, 1988-ci ild\u0259 h\u0259min m\u0259kt\u0259bi bitirmi\u015fdir.<\/p>\n\n\n\n<p>1993-c\u00fc ild\u0259 Az\u0259rbaycan EA-n\u0131n Riyaziyyat v\u0259 Mexanika \u0130nstitutunda m\u00fchasib v\u0259zif\u0259sind\u0259 \u00e7al\u0131\u015fma\u011fa ba\u015flam\u0131\u015fd\u0131r.<\/p>\n\n\n\n<p>1998 \u2013 1999-cu ill\u0259rd\u0259 D\u00f6vl\u0259t \u018fmlak Komit\u0259sind\u0259 m\u0259sl\u0259h\u0259t\u00e7i v\u0259zif\u0259sind\u0259 i\u015fl\u0259mi\u015fdir.<\/p>\n\n\n\n<p>2000-ci ilind\u0259n hal-haz\u0131rk\u0131 vaxta kimi Riyaziyyat v\u0259 Mexanika \u0130nstitutunda i\u015fl\u0259yir.<\/p>\n\n\n\n<p>V\u0259fa \u018flimirz\u0259yevaya xas olan insanp\u0259rv\u0259rlik, \u0259m\u0259ksev\u0259rlik, h\u0259ssasl\u0131q v\u0259 qay\u011f\u0131ke\u015flik kimi n\u0259cib insani keyfiyy\u0259tl\u0259r cal\u0131\u015fd\u0131\u011f\u0131 kollektivd\u0259 ona b\u00f6y\u00fck h\u00f6rm\u0259t&nbsp; qazand\u0131rm\u0131\u015fd\u0131r.<\/p>\n\n\n\n<p>\u0130nstitutun kollektivi V\u0259fa xan\u0131m\u0131 50 ya\u015f\u0131 tamam olmas\u0131 m\u00fcnas\u0131b\u0259t\u0131l\u0259 t\u0259brik edir, ona h\u0259yat\u0131nda \u0259n d\u0259y\u0259rl\u0131 nem\u0259t olan can sa\u011fl\u0131\u011f\u0131, sevinc dolu g\u00fcnl\u0259r arzulay\u0131r.<\/p>\n","protected":false},"excerpt":{"rendered":"<p>\u018flimirz\u0259yeva V\u0259fa F\u0259rhad q\u0131z\u0131 15 iyul 1971-ci ild\u0259 Q\u0259b\u0259l\u0259 \u015f\u0259h\u0259rind\u0259 anadan olmu\u015fdur.1978-ci ild\u0259 Bak\u0131 \u015f\u0259h\u0259rind\u0259 20 sayl\u0131 orta m\u0259kt\u0259bin birinci sinifin\u0259 getmi\u015f, 1988-ci ild\u0259 h\u0259min m\u0259kt\u0259bi bitirmi\u015fdir. 1993-c\u00fc ild\u0259 Az\u0259rbaycan EA-n\u0131n Riyaziyyat v\u0259 Mexanika \u0130nstitutunda m\u00fchasib v\u0259zif\u0259sind\u0259 \u00e7al\u0131\u015fma\u011fa ba\u015flam\u0131\u015fd\u0131r. 1998 \u2013 1999-cu ill\u0259rd\u0259 D\u00f6vl\u0259t \u018fmlak Komit\u0259sind\u0259 m\u0259sl\u0259h\u0259t\u00e7i v\u0259zif\u0259sind\u0259 i\u015fl\u0259mi\u015fdir. 2000-ci ilind\u0259n hal-haz\u0131rk\u0131 vaxta kimi Riyaziyyat [&hellip;]<\/p>\n","protected":false},"author":6,"featured_media":0,"parent":0,"menu_order":0,"comment_status":"closed","ping_status":"closed","template":"","meta":{"footnotes":""},"_links":{"self":[{"href":"https:\/\/www.imm.az\/exp\/wp-json\/wp\/v2\/pages\/36966"}],"collection":[{"href":"https:\/\/www.imm.az\/exp\/wp-json\/wp\/v2\/pages"}],"about":[{"href":"https:\/\/www.imm.az\/exp\/wp-json\/wp\/v2\/types\/page"}],"author":[{"embeddable":true,"href":"https:\/\/www.imm.az\/exp\/wp-json\/wp\/v2\/users\/6"}],"replies":[{"embeddable":true,"href":"https:\/\/www.imm.az\/exp\/wp-json\/wp\/v2\/comments?post=36966"}],"version-history":[{"count":2,"href":"https:\/\/www.imm.az\/exp\/wp-json\/wp\/v2\/pages\/36966\/revisions"}],"predecessor-version":[{"id":36969,"href":"https:\/\/www.imm.az\/exp\/wp-json\/wp\/v2\/pages\/36966\/revisions\/36969"}],"wp:attachment":[{"href":"https:\/\/www.imm.az\/exp\/wp-json\/wp\/v2\/media?parent=36966"}],"curies":[{"name":"wp","href":"https:\/\/api.w.org\/{rel}","templated":true}]}}