{"id":37939,"date":"2021-11-01T15:13:20","date_gmt":"2021-11-01T11:13:20","guid":{"rendered":"http:\/\/www.imm.az\/exp\/?page_id=37939"},"modified":"2021-11-01T15:13:21","modified_gmt":"2021-11-01T11:13:21","slug":"funksiyalar-n%c9%99z%c9%99riyy%c9%99si-sob%c9%99sinin-mudiri-riyaziyyat-elml%c9%99ri-doktoru-vuqar-ismayilovu-50-yasi-munasib%c9%99ti-il%c9%99-t%c9%99brik-edirik","status":"publish","type":"page","link":"https:\/\/www.imm.az\/exp\/funksiyalar-n%c9%99z%c9%99riyy%c9%99si-sob%c9%99sinin-mudiri-riyaziyyat-elml%c9%99ri-doktoru-vuqar-ismayilovu-50-yasi-munasib%c9%99ti-il%c9%99-t%c9%99brik-edirik\/","title":{"rendered":"\u201cFunksiyalar n\u0259z\u0259riyy\u0259si\u201d \u015f\u00f6b\u0259sinin m\u00fcdiri, riyaziyyat elml\u0259ri doktoru V\u00fcqar \u0130smay\u0131lovu 50 ya\u015f\u0131 m\u00fcnasib\u0259ti il\u0259 t\u0259brik edirik!"},"content":{"rendered":"\n<div class=\"wp-block-image\"><figure class=\"alignleft size-large is-resized\"><img loading=\"lazy\" decoding=\"async\" src=\"https:\/\/www.imm.az\/exp\/wp-content\/uploads\/2021\/11\/20210929_111024-1024x768.jpg\" alt=\"\" class=\"wp-image-37940\" width=\"208\" height=\"156\" srcset=\"https:\/\/www.imm.az\/exp\/wp-content\/uploads\/2021\/11\/20210929_111024-1024x768.jpg 1024w, https:\/\/www.imm.az\/exp\/wp-content\/uploads\/2021\/11\/20210929_111024-300x225.jpg 300w, https:\/\/www.imm.az\/exp\/wp-content\/uploads\/2021\/11\/20210929_111024-768x576.jpg 768w, https:\/\/www.imm.az\/exp\/wp-content\/uploads\/2021\/11\/20210929_111024-1536x1152.jpg 1536w, https:\/\/www.imm.az\/exp\/wp-content\/uploads\/2021\/11\/20210929_111024-2048x1536.jpg 2048w\" sizes=\"(max-width: 208px) 100vw, 208px\" \/><\/figure><\/div>\n\n\n\n<p>AMEA Riyaziyyat v\u0259 Mexanika \u0130nstitutunun \u201cFunksiyalar n\u0259z\u0259riyy\u0259si\u201d \u015f\u00f6b\u0259sinin m\u00fcdiri, respublikam\u0131zda v\u0259 onun h\u00fcdudlar\u0131ndan k\u0259narda riyaziyyat elminin inki\u015faf\u0131na qiym\u0259tli t\u00f6hf\u0259l\u0259r vermi\u015f\u00a0<strong>V\u00fcqar \u0130smay\u0131lovun<\/strong>\u00a0anadan olmas\u0131n\u0131n 50 ili\u00a0 tamam olur.<\/p>\n\n\n\n<p><strong>V\u00fcqar Elman o\u011flu \u0130smay\u0131lov<\/strong>&nbsp;26 sentyabr 1971-ci ild\u0259 Az\u0259rbaycan Respublikas\u0131n\u0131n Salyan \u015f\u0259h\u0259rind\u0259 anadan olmu\u015fdur. 1988-1993 c\u00fc ill\u0259rd\u0259 Bak\u0131 D\u00f6vl\u0259t Universitetinin mexanika-riyaziyyat fak\u00fclt\u0259sind\u0259 ali t\u0259hsil alm\u0131\u015fd\u0131r. 1995-1998-ci ill\u0259rd\u0259 AMEA Riyaziyyat v\u0259 Mexanika \u0130nstitutunun \u0259yani aspiranturas\u0131nda t\u0259hsilini davam etdirmi\u015fdir. 2000-ci ild\u0259 \u201cD\u0259yi\u015f\u0259nl\u0259rinin say\u0131 az olan funksiyalar\u0131n c\u0259mi il\u0259 yax\u0131nla\u015fma\u201d adl\u0131 namiz\u0259dlik dissertasiyas\u0131n\u0131, 2014-c\u00fc ild\u0259 is\u0259 \u201cQeyd edilmi\u015f istiqam\u0259tli ridge funksiyalarla yax\u0131nla\u015fma\u201d m\u00f6vzusunda doktorluq dissertasiyas\u0131n\u0131 m\u00fcdafi\u0259 etmi\u015fdir. 1997-ci ild\u0259n 2013-c\u00fc il\u0259 kimi AMEA Riyaziyyat v\u0259 Mexanika \u0130nstitutunun (RM\u0130) ki\u00e7ik elmi i\u015f\u00e7isi, elmi i\u015f\u00e7isi, b\u00f6y\u00fck elmi i\u015f\u00e7isi, apar\u0131c\u0131 elmi i\u015f\u00e7isi v\u0259zif\u0259l\u0259rini icra etmi\u015fdir. 2007 v\u0259 2008-ci ill\u0259rd\u0259&nbsp;<strong><a href=\"https:\/\/en.wikipedia.org\/wiki\/Technion_%E2%80%93_Israel_Institute_of_Technology\">Texnion \u2013 \u0130srail Texnologiya \u0130nstitutunun<\/a><\/strong>&nbsp;riyaziyyat b\u00f6lm\u0259sind\u0259 \u201cd\u0259v\u0259tli alim\u201d (<strong><a href=\"https:\/\/en.wikipedia.org\/wiki\/Visiting_scholar\">visiting scholar<\/a><\/strong>) v\u0259zif\u0259sind\u0259 \u00e7al\u0131\u015fm\u0131\u015fd\u0131r. 2013-c\u00fc ild\u0259n AMEA RM\u0130-nin \u201cFunksiyalar n\u0259z\u0259riyy\u0259si\u201d \u015f\u00f6b\u0259sinin m\u00fcdiridir. AMEA Riyaziyyat v\u0259 Mexanika \u0130nstitutunun elmi \u015furas\u0131n\u0131n \u00fczv\u00fcd\u00fcr. 2014-c\u00fc ild\u0259n \u201cProceedings of the Institute of Mathematics and Mechanics, NAS of Azerbaijan\u201d jurnal\u0131n\u0131n m\u0259sul redaktorudur. Bundan \u0259lav\u0259 \u201cAzerbaijan Journal of Mathematics\u201d, \u201cTransactions of the Institute of Mathematics and Mechanics, NAS of Azerbaijan\u201d jurnallar\u0131n\u0131n redaksiya hey\u0259tinin \u00fczv\u00fcd\u00fcr. 2017-ci ild\u0259 V\u00fcqar \u0130smay\u0131lov&nbsp;<strong><a href=\"https:\/\/az.wikipedia.org\/wiki\/Oksford_Universiteti\">Oksford Universitetin\u0259<\/a><\/strong>&nbsp;d\u0259v\u0259t alm\u0131\u015f v\u0259 h\u0259min universitetd\u0259 \u201cRepresentation of C(X) as a sum of its subalgebras and some applications\u201d m\u00f6vzusunda m\u00fchazir\u0259 oxumu\u015fdur.<\/p>\n\n\n\n<p>Institutun r\u0259hb\u0259rliyi v\u0259 kollektivi 50 illik yubileyi m\u00fcnasib\u0259til\u0259 V\u00fcqar \u0130smay\u0131lovu s\u0259mimi q\u0259lbd\u0259n t\u0259brik edir, ona m\u00f6hk\u0259m can sa\u011fl\u0131\u011f\u0131, uzun \u00f6m\u00fcr, elmi f\u0259aliyy\u0259tind\u0259 yeni-yeni n\u0259aliyy\u0259tl\u0259r arzulay\u0131r.<\/p>\n","protected":false},"excerpt":{"rendered":"<p>AMEA Riyaziyyat v\u0259 Mexanika \u0130nstitutunun \u201cFunksiyalar n\u0259z\u0259riyy\u0259si\u201d \u015f\u00f6b\u0259sinin m\u00fcdiri, respublikam\u0131zda v\u0259 onun h\u00fcdudlar\u0131ndan k\u0259narda riyaziyyat elminin inki\u015faf\u0131na qiym\u0259tli t\u00f6hf\u0259l\u0259r vermi\u015f\u00a0V\u00fcqar \u0130smay\u0131lovun\u00a0anadan olmas\u0131n\u0131n 50 ili\u00a0 tamam olur. V\u00fcqar Elman o\u011flu \u0130smay\u0131lov&nbsp;26 sentyabr 1971-ci ild\u0259 Az\u0259rbaycan Respublikas\u0131n\u0131n Salyan \u015f\u0259h\u0259rind\u0259 anadan olmu\u015fdur. 1988-1993 c\u00fc ill\u0259rd\u0259 Bak\u0131 D\u00f6vl\u0259t Universitetinin mexanika-riyaziyyat fak\u00fclt\u0259sind\u0259 ali t\u0259hsil alm\u0131\u015fd\u0131r. 1995-1998-ci ill\u0259rd\u0259 AMEA Riyaziyyat v\u0259 [&hellip;]<\/p>\n","protected":false},"author":6,"featured_media":0,"parent":0,"menu_order":0,"comment_status":"closed","ping_status":"closed","template":"","meta":{"footnotes":""},"_links":{"self":[{"href":"https:\/\/www.imm.az\/exp\/wp-json\/wp\/v2\/pages\/37939"}],"collection":[{"href":"https:\/\/www.imm.az\/exp\/wp-json\/wp\/v2\/pages"}],"about":[{"href":"https:\/\/www.imm.az\/exp\/wp-json\/wp\/v2\/types\/page"}],"author":[{"embeddable":true,"href":"https:\/\/www.imm.az\/exp\/wp-json\/wp\/v2\/users\/6"}],"replies":[{"embeddable":true,"href":"https:\/\/www.imm.az\/exp\/wp-json\/wp\/v2\/comments?post=37939"}],"version-history":[{"count":1,"href":"https:\/\/www.imm.az\/exp\/wp-json\/wp\/v2\/pages\/37939\/revisions"}],"predecessor-version":[{"id":37941,"href":"https:\/\/www.imm.az\/exp\/wp-json\/wp\/v2\/pages\/37939\/revisions\/37941"}],"wp:attachment":[{"href":"https:\/\/www.imm.az\/exp\/wp-json\/wp\/v2\/media?parent=37939"}],"curies":[{"name":"wp","href":"https:\/\/api.w.org\/{rel}","templated":true}]}}