{"id":40342,"date":"2022-04-15T11:38:14","date_gmt":"2022-04-15T07:38:14","guid":{"rendered":"https:\/\/www.imm.az\/exp\/?page_id=40342"},"modified":"2022-04-15T11:38:24","modified_gmt":"2022-04-15T07:38:24","slug":"huseynova-elmira-xanimi-55-yasi-munasib%c9%99til%c9%99-t%c9%99brik-edirik","status":"publish","type":"page","link":"https:\/\/www.imm.az\/exp\/huseynova-elmira-xanimi-55-yasi-munasib%c9%99til%c9%99-t%c9%99brik-edirik\/","title":{"rendered":"H\u00fcseynova Elmira xan\u0131m\u0131 55 ya\u015f\u0131 m\u00fcnasib\u0259til\u0259 t\u0259brik edirik!"},"content":{"rendered":"\n<div class=\"wp-block-image\"><figure class=\"alignleft size-large is-resized\"><img loading=\"lazy\" decoding=\"async\" src=\"https:\/\/www.imm.az\/exp\/wp-content\/uploads\/2022\/04\/129648592_2800060373585238_1357446648769284480_n-298x300-1.jpg\" alt=\"\" width=\"175\" height=\"176\"\/><\/figure><\/div>\n\n\n\n<p>H\u00fcseynova Elmira H\u0259s\u0259n q\u0131z\u0131 09 yanvar 1967-ci ild\u0259 G\u00fcrc\u00fcstan Respublikas\u0131n\u0131n Qardabani rayonunun A\u011ft\u0259hl\u0259 k\u0259ndind\u0259 anadan olmu\u015fdur.<\/p>\n\n\n\n<p>1986-1989 ill\u0259rd\u0259 Az\u0259rbaycan Xalq T\u0259s\u0259rr\u00fcfat\u0131 \u0130nstitutunun, M\u00fchasibat u\u00e7otu v\u0259 t\u0259s\u0259rr\u00fcfat f\u0259aliyy\u0259tinin t\u0259hlili, fak\u00fclt\u0259sinin \u201cIqtisad\u00e7\u0131 m\u00fchasib\u201d ixtisas\u0131 \u00fczr\u0259 t\u0259hsil alm\u0131\u015fd\u0131r.<\/p>\n\n\n\n<p>1990-1997-ci ill\u0259rd\u0259 G\u00fcrc\u00fcstan Respublikas\u0131nda m\u00fchasib kimi \u00e7al\u0131\u015fm\u0131\u015f, 2003-c\u00fc ild\u0259n bug\u00fcn\u0259 kimi Riyaziyyat v\u0259 Mexanika \u0130nstitutunda (2003-2014-c\u00fc il\u0259 kimi \u201cFunksional analiz\u201d \u015f\u00f6b\u0259sind\u0259 ba\u015f laborant, 2014-c\u00fc ild\u0259n hal-haz\u0131rda \u201cS\u0259n\u0259dl\u0259rl\u0259 i\u015f\u201d \u015f\u00f6b\u0259sinin m\u00fcdiri) fasil\u0259siz olaraq \u00e7al\u0131\u015f\u0131r.<\/p>\n\n\n\n<p>H\u00f6rm\u0259tli Elmira xan\u0131m y\u00fcks\u0259k insani keyfiyy\u0259tl\u0259riyl\u0259, d\u0259rin daxili m\u0259d\u0259niyy\u0259tiyl\u0259 \u00fcnsiyy\u0259td\u0259 olan h\u0259r bir insan\u0131n \u00f6z\u00fcn\u0259 qar\u015f\u0131 olan b\u00f6y\u00fck h\u00f6rm\u0259tini v\u0259 ehtiram\u0131n\u0131 qazan\u0131b. E. H\u00fcseynovaya xas olan insanp\u0259rv\u0259rlik, \u0259m\u0259ksev\u0259rlik, h\u0259ssasl\u0131q v\u0259 qay\u011f\u0131ke\u015flik kimi n\u0259cib insani keyfiyy\u0259tl\u0259r \u00e7al\u0131\u015fd\u0131\u011f\u0131 kollektivd\u0259 ona b\u00f6y\u00fck h\u00f6rm\u0259t v\u0259 r\u0259\u011fb\u0259t qazand\u0131rm\u0131\u015fd\u0131r.<\/p>\n\n\n\n<p>\u0130nstitutun kollektivi Elmira xan\u0131m\u0131 55 ya\u015f\u0131 tamam olmas\u0131 m\u00fcnas\u0131b\u0259t\u0131l\u0259 t\u0259brik edir, ona h\u0259yat\u0131nda \u0259n d\u0259y\u0259rli nem\u0259t olan can sa\u011fl\u0131\u011f\u0131, sevinc dolu g\u00fcnl\u0259r arzulay\u0131r!<\/p>\n","protected":false},"excerpt":{"rendered":"<p>H\u00fcseynova Elmira H\u0259s\u0259n q\u0131z\u0131 09 yanvar 1967-ci ild\u0259 G\u00fcrc\u00fcstan Respublikas\u0131n\u0131n Qardabani rayonunun A\u011ft\u0259hl\u0259 k\u0259ndind\u0259 anadan olmu\u015fdur. 1986-1989 ill\u0259rd\u0259 Az\u0259rbaycan Xalq T\u0259s\u0259rr\u00fcfat\u0131 \u0130nstitutunun, M\u00fchasibat u\u00e7otu v\u0259 t\u0259s\u0259rr\u00fcfat f\u0259aliyy\u0259tinin t\u0259hlili, fak\u00fclt\u0259sinin \u201cIqtisad\u00e7\u0131 m\u00fchasib\u201d ixtisas\u0131 \u00fczr\u0259 t\u0259hsil alm\u0131\u015fd\u0131r. 1990-1997-ci ill\u0259rd\u0259 G\u00fcrc\u00fcstan Respublikas\u0131nda m\u00fchasib kimi \u00e7al\u0131\u015fm\u0131\u015f, 2003-c\u00fc ild\u0259n bug\u00fcn\u0259 kimi Riyaziyyat v\u0259 Mexanika \u0130nstitutunda (2003-2014-c\u00fc il\u0259 kimi \u201cFunksional analiz\u201d [&hellip;]<\/p>\n","protected":false},"author":6,"featured_media":0,"parent":0,"menu_order":0,"comment_status":"closed","ping_status":"closed","template":"","meta":{"footnotes":""},"_links":{"self":[{"href":"https:\/\/www.imm.az\/exp\/wp-json\/wp\/v2\/pages\/40342"}],"collection":[{"href":"https:\/\/www.imm.az\/exp\/wp-json\/wp\/v2\/pages"}],"about":[{"href":"https:\/\/www.imm.az\/exp\/wp-json\/wp\/v2\/types\/page"}],"author":[{"embeddable":true,"href":"https:\/\/www.imm.az\/exp\/wp-json\/wp\/v2\/users\/6"}],"replies":[{"embeddable":true,"href":"https:\/\/www.imm.az\/exp\/wp-json\/wp\/v2\/comments?post=40342"}],"version-history":[{"count":3,"href":"https:\/\/www.imm.az\/exp\/wp-json\/wp\/v2\/pages\/40342\/revisions"}],"predecessor-version":[{"id":40346,"href":"https:\/\/www.imm.az\/exp\/wp-json\/wp\/v2\/pages\/40342\/revisions\/40346"}],"wp:attachment":[{"href":"https:\/\/www.imm.az\/exp\/wp-json\/wp\/v2\/media?parent=40342"}],"curies":[{"name":"wp","href":"https:\/\/api.w.org\/{rel}","templated":true}]}}